{"id":13651,"date":"2024-09-12T17:44:49","date_gmt":"2024-09-12T15:44:49","guid":{"rendered":"https:\/\/www.hirondelle.org\/?page_id=13651"},"modified":"2025-11-26T15:53:38","modified_gmt":"2025-11-26T14:53:38","slug":"humanitarian-crises","status":"publish","type":"page","link":"https:\/\/www.hirondelle.org\/en\/our-areas-of-expertise\/humanitarian-crises","title":{"rendered":"Humanitarian crises"},"content":{"rendered":"\n<div class=\"wp-block-columns is-layout-flex wp-container-core-columns-is-layout-9d6595d7 wp-block-columns-is-layout-flex\">\n<div class=\"wp-block-column is-layout-flow wp-block-column-is-layout-flow\" style=\"flex-basis:33.33%\">\n<figure class=\"wp-block-pullquote\"><blockquote><p><em><em>In humanitarian crisis situations, information in and of itself is a vital need<\/em>.<\/em><br><br><em><em>Professional media cover major security incidents and carry out fact checks to counter rumours<\/em><\/em>.<br><\/p><\/blockquote><\/figure>\n<\/div>\n\n\n\n<div class=\"wp-block-column is-layout-flow wp-block-column-is-layout-flow\" style=\"flex-basis:66.66%\">\n<figure class=\"wp-block-image alignright size-large is-resized\"><img loading=\"lazy\" decoding=\"async\" width=\"1024\" height=\"858\" src=\"https:\/\/www.hirondelle.org\/wp-content\/uploads\/2024\/09\/banner-crise-humanitaire-1024x858.jpg\" alt=\"\u00a9Florent Vergnes - Des journalistes de Nadiya TV interviewent une b\u00e9n\u00e9ficiaire de l'aide alimentaire, \u00e0 Pervoma\u00efskyi\" class=\"wp-image-11830\" style=\"width:402px;height:auto\" srcset=\"https:\/\/www.hirondelle.org\/wp-content\/uploads\/2024\/09\/banner-crise-humanitaire-1024x858.jpg 1024w, https:\/\/www.hirondelle.org\/wp-content\/uploads\/2024\/09\/banner-crise-humanitaire-300x252.jpg 300w, https:\/\/www.hirondelle.org\/wp-content\/uploads\/2024\/09\/banner-crise-humanitaire-768x644.jpg 768w, https:\/\/www.hirondelle.org\/wp-content\/uploads\/2024\/09\/banner-crise-humanitaire-1536x1288.jpg 1536w, https:\/\/www.hirondelle.org\/wp-content\/uploads\/2024\/09\/banner-crise-humanitaire-1000x838.jpg 1000w, https:\/\/www.hirondelle.org\/wp-content\/uploads\/2024\/09\/banner-crise-humanitaire.jpg 1590w\" sizes=\"auto, (max-width: 1024px) 100vw, 1024px\" \/><figcaption class=\"wp-element-caption\">\u00a9Florent Vergnes Journalists from Nadiya TV interview a food bank user in Pervomaiskyi<\/figcaption><\/figure>\n\n\n\n<p>Fondation Hirondelle has more than 30 years of media experience in humanitarian crisis situations such as those currently ongoing in the Democratic Republic of Congo, the Central African Republic, Mali and Ukraine; and in the past in places including South Sudan, Liberia and Kosovo. We evaluate the media landscape and the information needs of the local population in order to rapidly provide appropriate and efficient support according to the evolving conditions of the crisis. Based on these evaluations, we provide support to general interest media in the country, or, alternatively, we create new media outlets. Our projects in humanitarian situations are based on the humanitarian-development-peace nexus approach.<\/p>\n\n\n\n<p>Fondation Hirondelle can implement multimedia solutions from a local to global scale by supporting or creating radio stations, production studios linked to our networks of radio and TV partner stations, and dedicated websites; and by managing social media related to these.<\/p>\n\n\n\n<p>Fondation Hirondelle interventions in humanitarian crisis situations take a twofold approach:<\/p>\n\n\n\n<ol start=\"1\" class=\"wp-block-list\">\n<li>Media as a response to the need for public service information:<br><br>We practice local journalism, producing and broadcasting public service messages in local languages to affected populations on topics such as food, health, displacement of populations, security, humanitarian justice and human rights.<br><\/li>\n<\/ol>\n\n\n\n<ol start=\"2\" class=\"wp-block-list\">\n<li>Media as a response to the need for dialogue and expression:<br><br>Interactive media programs that promote dialogue and give local populations a voice allow people to put their distress and needs into words, thereby helping to respond to psychological pain and reduce suffering. They also promote a bottom-up flow of information by giving affected people input into how humanitarian aid is provided, thereby strengthening their participation.<\/li>\n<\/ol>\n<\/div>\n<\/div>\n\n\n\n<h3 class=\"wp-block-heading\">ExAmples OF MEDIA PROJECTS<br><\/h3>\n\n\n\n<div class=\"wp-block-group has-global-padding is-layout-constrained wp-block-group-is-layout-constrained\">\n<h4 class=\"wp-block-heading\"><strong>Ukraine<\/strong><\/h4>\n\n\n\n<figure class=\"wp-block-image alignright size-full is-resized\"><img loading=\"lazy\" decoding=\"async\" width=\"919\" height=\"659\" src=\"https:\/\/www.hirondelle.org\/wp-content\/uploads\/2024\/09\/box-ukraine.jpg\" alt=\"\" class=\"wp-image-10993\" style=\"width:357px;height:auto\" srcset=\"https:\/\/www.hirondelle.org\/wp-content\/uploads\/2024\/09\/box-ukraine.jpg 919w, https:\/\/www.hirondelle.org\/wp-content\/uploads\/2024\/09\/box-ukraine-300x215.jpg 300w, https:\/\/www.hirondelle.org\/wp-content\/uploads\/2024\/09\/box-ukraine-768x551.jpg 768w\" sizes=\"auto, (max-width: 919px) 100vw, 919px\" \/><\/figure>\n\n\n\n<p>Since March 2022, Fondation Hirondelle and its local partner, the Institute for Regional Press and Information (IRMI), has been implementing a multidimensional project to support Ukrainian media. The goal is to provide people in the occupied territories and internally displaced people (in the east and south-east) with access to reliable information about public interest, humanitarian and social subjects, as well as content addressing war crime justice. The project also seeks to maintain media coverage of international human rights violations through Ukrainian journalists\u2019 coverage of war crime trials, in particular of the most serious crimes.<\/p>\n\n\n\n<p><a href=\"https:\/\/www.hirondelle.org\/en\/our-work\/projects\/geographic\/europe\/ukraine\">Learn more about the project<\/a><\/p>\n<\/div>\n\n\n\n<div class=\"wp-block-group has-global-padding is-layout-constrained wp-block-group-is-layout-constrained\">\n<figure class=\"wp-block-image alignleft size-full is-resized\"><img loading=\"lazy\" decoding=\"async\" width=\"1200\" height=\"861\" src=\"https:\/\/www.hirondelle.org\/wp-content\/uploads\/2024\/09\/box-mali-2.jpg\" alt=\"\" class=\"wp-image-10729\" style=\"width:368px;height:auto\" srcset=\"https:\/\/www.hirondelle.org\/wp-content\/uploads\/2024\/09\/box-mali-2.jpg 1200w, https:\/\/www.hirondelle.org\/wp-content\/uploads\/2024\/09\/box-mali-2-300x215.jpg 300w, https:\/\/www.hirondelle.org\/wp-content\/uploads\/2024\/09\/box-mali-2-1024x735.jpg 1024w, https:\/\/www.hirondelle.org\/wp-content\/uploads\/2024\/09\/box-mali-2-768x551.jpg 768w, https:\/\/www.hirondelle.org\/wp-content\/uploads\/2024\/09\/box-mali-2-1000x718.jpg 1000w\" sizes=\"auto, (max-width: 1200px) 100vw, 1200px\" \/><\/figure>\n\n\n\n<h4 class=\"wp-block-heading\">Mali<\/h4>\n\n\n\n<p>In 2024, around 7.1 million people, or 1 in 3 Malians, were in need of humanitarian aid and protection. In this complex situation, mis- and disinformation are rife. Studio Tamani is the country&#8217;s only independent media outlet with national coverage. The station has a network of 85 radio and TV stations, and is widely followed on social media and through its website. Since 2023, Studio Tamani has been broadcasting a 1\/2-hour humanitarian current affairs programme twice a week in French and Bambara.<br><br><a href=\"https:\/\/www.hirondelle.org\/en\/our-work\/projects\/geographic\/africa\/mali\">Learn more about the project<\/a><br><br><br><\/p>\n<\/div>\n\n\n\n<div class=\"wp-block-group has-global-padding is-layout-constrained wp-block-group-is-layout-constrained\">\n<h4 class=\"wp-block-heading\"><br>Central African Republic<\/h4>\n\n\n\n<figure class=\"wp-block-image alignright size-full is-resized\"><img loading=\"lazy\" decoding=\"async\" width=\"919\" height=\"659\" src=\"https:\/\/www.hirondelle.org\/wp-content\/uploads\/2024\/09\/box-rca-2.jpg\" alt=\"\" class=\"wp-image-10732\" style=\"width:355px;height:auto\" srcset=\"https:\/\/www.hirondelle.org\/wp-content\/uploads\/2024\/09\/box-rca-2.jpg 919w, https:\/\/www.hirondelle.org\/wp-content\/uploads\/2024\/09\/box-rca-2-300x215.jpg 300w, https:\/\/www.hirondelle.org\/wp-content\/uploads\/2024\/09\/box-rca-2-768x551.jpg 768w\" sizes=\"auto, (max-width: 919px) 100vw, 919px\" \/><\/figure>\n\n\n\n<p>Created in 2000 by Fondation Hirondelle, Radio Ndeke Luka is the most listened-to radio station in the Central African Republic. With its team of around 100 people, the station produces and broadcasts a range of content including 13 daily news bulletins, debates, educational shows, entertainment, music and current affairs programmes. For almost 25 years, Radio Ndeke Luka has aimed to fulfil a public service function. Through its coverage and professionalism, it makes it possible to respond rapidly to humanitarian crises.<\/p>\n\n\n\n<p><a href=\"https:\/\/www.hirondelle.org\/en\/our-work\/projects\/geographic\/africa\/central-african-republic\">Learn more about the project<\/a><br><br><\/p>\n<\/div>\n\n\n\n<figure class=\"wp-block-image alignleft size-full is-resized\"><img loading=\"lazy\" decoding=\"async\" width=\"2560\" height=\"1707\" src=\"https:\/\/www.hirondelle.org\/wp-content\/uploads\/2025\/05\/20201122_155153_00351-scaled.jpg\" alt=\"\" class=\"wp-image-18775\" style=\"width:368px;height:auto\" srcset=\"https:\/\/www.hirondelle.org\/wp-content\/uploads\/2025\/05\/20201122_155153_00351-scaled.jpg 2560w, https:\/\/www.hirondelle.org\/wp-content\/uploads\/2025\/05\/20201122_155153_00351-300x200.jpg 300w, https:\/\/www.hirondelle.org\/wp-content\/uploads\/2025\/05\/20201122_155153_00351-768x512.jpg 768w, https:\/\/www.hirondelle.org\/wp-content\/uploads\/2025\/05\/20201122_155153_00351-1536x1024.jpg 1536w, https:\/\/www.hirondelle.org\/wp-content\/uploads\/2025\/05\/20201122_155153_00351-2048x1366.jpg 2048w\" sizes=\"auto, (max-width: 2560px) 100vw, 2560px\" \/><\/figure>\n\n\n\n<h4 class=\"wp-block-heading\">Burkina Faso<\/h4>\n\n\n\n<p>In 2023, the transitional government of Burkina Faso increased the defence budget to step up the fight against the threat of armed groups. The economic situation has worsened, with an inflation rate of 14.1%, the highest in West Africa. The country has fallen to 58th place in the Reporters Without Borders press freedom index. In this context, Studio Yafa wants to be at the heart of the daily lives of young people, women and vulnerable people, broadcasting series such as \u201cYafa celebrates women\u201d, \u201cYafa at school\u201d, \u201cYafa in the field\u201d, including features such as \u201cA reminder about dengue fever and measles\u201d.<br><br><a href=\"https:\/\/www.hirondelle.org\/en\/our-work\/projects\/geographic\/africa\/burkina-faso\">Voir le projet<\/a><br><br><br><\/p>\n\n\n\n<h3 class=\"wp-block-heading\">REFERENCE Documents<\/h3>\n\n\n\n<p>Fondation Hirondelle regularly holds discussions with its partners on the role media can play in humanitarian crises. For the ICRC, we have developed a <a href=\"https:\/\/www.hirondelle.org\/en\/our-guide-on-radio-communication-in-a-humanitarian-context-with-the-icrc\" target=\"_blank\" rel=\"noreferrer noopener\">guide \u00ab&nbsp;<em>Using Radio as a Means of Operational Communication and Community Outreach<\/em>&nbsp;\u00bb<\/a> and have also produced a <a href=\"\/wp-content\/uploads\/2024\/10\/FH_Plaq_HUMANITAIRE_FRA.pdf\" target=\"_blank\" rel=\"noreferrer noopener\"><\/a><a href=\"\/wp-content\/uploads\/2025\/01\/Humanitarian-crises_Fondation-Hirondelle.pdf\" target=\"_blank\" rel=\"noreferrer noopener\">reference document, &#8220;<em>Humanitarian Crises: How Media Can Help<\/em><\/a>&#8220;<\/p>\n\n\n\n<p>Read the June 2020 issue of <em>Mediation<\/em>:\u00a0<a href=\"\/en\/newsletters\/1183-the-vital-role-of-journalism-in-times-of-crisis-mediation-n-5-june-2020\" target=\"_blank\" rel=\"noreferrer noopener\">&#8220;<em>The vital role of journalism in times of crisis<\/em>&#8220;<\/a><br><br>On 8 October 2025, Fondation Hirondelle and VOICE organised a high-level workshop at the Belgian Ministry of Foreign Affairs to examine how disinformation and misinformation are reshaping humanitarian action. Around thirty experts from humanitarian organisations, European institutions, EU Member States and media-support actors gathered under the Chatham House Rule for an open and frank discussion on a challenge that is rapidly eroding the humanitarian space. Read the <a href=\"https:\/\/www.hirondelle.org\/wp-content\/uploads\/2025\/11\/Disinformation-in-Humanitarian-contexts.-Workshop-report-2.pdf\">report of the workshop \u201cDisinformation in humanitarian contexts: lessons learnt and ways forward.\u201d<\/a><br><\/p>\n\n\n\n<div class=\"wp-block-group p-3 backgroundedBlock--gray h-100 has-global-padding is-layout-constrained wp-block-group-is-layout-constrained\">\n<h4 class=\"wp-block-heading has-text-align-center\">Find out more about our research on these topics <a href=\"https:\/\/www.hirondelle.org\/en\/our-work\/knowledge-sharing\/research-and-learning#openDetail=criseshumanitaires\" target=\"_blank\" rel=\"noreferrer noopener\"><span style=\"text-decoration: underline;\">here<\/span><\/a><\/h4>\n<\/div>\n\n\n\n<h3 class=\"wp-block-heading\"><br>RELATED ARTICLES<\/h3>\n\n\n<div data-truc=\"list69d09a069f92b\" class=\"\"><div class=\"row list\"><div class=\"col-md-3 post d-flex align-items-stretch\"><article id=\"post-24073\" class=\"articleList-item post-24073  post\">\r\n\t<a class=\"post-thumb\" href=\"https:\/\/www.hirondelle.org\/en\/fondation-hirondelle-contributes-to-the-ifrcs-2026-world-disasters-report\" title=\"Fondation Hirondelle contributes to the IFRC\u2019s 2026 World Disasters Report\">\r\n\t\t<img loading=\"lazy\" decoding=\"async\" width=\"500\" height=\"250\" src=\"https:\/\/www.hirondelle.org\/wp-content\/uploads\/2026\/03\/3-scaled-e1773136036810-500x250.png\" class=\"d-block w-100 h-auto wp-post-image\" alt=\"\" \/>\t<\/a>\r\n\t\t<a class=\"post-title\" href=\"https:\/\/www.hirondelle.org\/en\/fondation-hirondelle-contributes-to-the-ifrcs-2026-world-disasters-report\" title=\"Fondation Hirondelle contributes to the IFRC\u2019s 2026 World Disasters Report\" rel=\"bookmark\">\r\n\t\tFondation Hirondelle contributes to the IFRC\u2019s 2026 World Disasters Report\t<\/a>\r\n\t<\/article><\/div><div class=\"col-md-3 post d-flex align-items-stretch\"><article id=\"post-23837\" class=\"articleList-item post-23837  post\">\r\n\t<a class=\"post-thumb\" href=\"https:\/\/www.hirondelle.org\/en\/fondation-hirondelle-at-the-ic-forum-in-geneva\" title=\"International Cooperation Forum in Geneva\">\r\n\t\t<img loading=\"lazy\" decoding=\"async\" width=\"500\" height=\"250\" src=\"https:\/\/www.hirondelle.org\/wp-content\/uploads\/2026\/03\/55119065095_f30dc40092_k-500x250.jpg\" class=\"d-block w-100 h-auto wp-post-image\" alt=\"\" \/>\t<\/a>\r\n\t\t<a class=\"post-title\" href=\"https:\/\/www.hirondelle.org\/en\/fondation-hirondelle-at-the-ic-forum-in-geneva\" title=\"International Cooperation Forum in Geneva\" rel=\"bookmark\">\r\n\t\tInternational Cooperation Forum in Geneva\t<\/a>\r\n\t<\/article><\/div><div class=\"col-md-3 post d-flex align-items-stretch\"><article id=\"post-21869\" class=\"articleList-item post-21869  post\">\r\n\t<a class=\"post-thumb\" href=\"https:\/\/www.hirondelle.org\/en\/information-a-vital-service-in-closed-contexts-fondation-hirondelles-new-publication-on-the-a-propos-magazine\" title=\"Information \u2014 A Vital Service in Closed Contexts &#8211; Fondation Hirondelle\u2019s new publication on the \u201cA propos\u201d magazine\">\r\n\t\t<img loading=\"lazy\" decoding=\"async\" width=\"389\" height=\"129\" src=\"https:\/\/www.hirondelle.org\/wp-content\/uploads\/2025\/01\/logo-koff.png\" class=\"d-block w-100 h-auto wp-post-image\" alt=\"\" srcset=\"https:\/\/www.hirondelle.org\/wp-content\/uploads\/2025\/01\/logo-koff.png 389w, https:\/\/www.hirondelle.org\/wp-content\/uploads\/2025\/01\/logo-koff-300x99.png 300w\" sizes=\"auto, (max-width: 389px) 100vw, 389px\" \/>\t<\/a>\r\n\t\t<a class=\"post-title\" href=\"https:\/\/www.hirondelle.org\/en\/information-a-vital-service-in-closed-contexts-fondation-hirondelles-new-publication-on-the-a-propos-magazine\" title=\"Information \u2014 A Vital Service in Closed Contexts &#8211; Fondation Hirondelle\u2019s new publication on the \u201cA propos\u201d magazine\" rel=\"bookmark\">\r\n\t\tInformation \u2014 A Vital Service in Closed Contexts &#8211; Fondation Hirondelle\u2019s new publication on the \u201cA propos\u201d magazine\t<\/a>\r\n\t<\/article><\/div><div class=\"col-md-3 post d-flex align-items-stretch\"><article id=\"post-21660\" class=\"articleList-item post-21660  post\">\r\n\t<a class=\"post-thumb\" href=\"https:\/\/www.hirondelle.org\/en\/beyond-messaging-and-debunking-information-integrity-starts-with-local-journalism\" title=\"Beyond messaging and debunking: information integrity starts with local journalism\">\r\n\t\t<img loading=\"lazy\" decoding=\"async\" width=\"500\" height=\"250\" src=\"https:\/\/www.hirondelle.org\/wp-content\/uploads\/2025\/12\/Fondation-Hirondelle_Bangui_radio-Ndekeluka_12.12.2023-9-e1765214733294-500x250.jpg\" class=\"d-block w-100 h-auto wp-post-image\" alt=\"\" \/>\t<\/a>\r\n\t\t<a class=\"post-title\" href=\"https:\/\/www.hirondelle.org\/en\/beyond-messaging-and-debunking-information-integrity-starts-with-local-journalism\" title=\"Beyond messaging and debunking: information integrity starts with local journalism\" rel=\"bookmark\">\r\n\t\tBeyond messaging and debunking: information integrity starts with local journalism\t<\/a>\r\n\t<\/article><\/div><\/div><\/div>\t<div class=\"text-center\">\r\n\t\t<a class=\"btn btn-fh-green\" href=\"https:\/\/www.hirondelle.org\/en\/tag\/expertise-humanitarian-crises\">See more articles<\/a>\r\n\t<\/div>\r\n\t","protected":false},"excerpt":{"rendered":"<p>In humanitarian crisis situations, information in and of itself is a vital need. Professional media cover major security incidents and carry out fact checks to counter rumours. Fondation Hirondelle has more than 30 years of media experience in humanitarian crisis situations such as those currently ongoing in the Democratic Republic of Congo, the Central African [&hellip;]<\/p>\n","protected":false},"author":9,"featured_media":0,"parent":13624,"menu_order":2,"comment_status":"closed","ping_status":"closed","template":"page-without-column.php","meta":{"_acf_changed":false,"footnotes":""},"class_list":["post-13651","page","type-page","status-publish","hentry"],"acf":[],"publishpress_future_action":{"enabled":false,"date":"2026-04-11 06:56:38","action":"change-status","newStatus":"draft","terms":[],"taxonomy":"translation_priority","extraData":[]},"publishpress_future_workflow_manual_trigger":{"enabledWorkflows":[]},"_links":{"self":[{"href":"https:\/\/www.hirondelle.org\/en\/wp-json\/wp\/v2\/pages\/13651","targetHints":{"allow":["GET"]}}],"collection":[{"href":"https:\/\/www.hirondelle.org\/en\/wp-json\/wp\/v2\/pages"}],"about":[{"href":"https:\/\/www.hirondelle.org\/en\/wp-json\/wp\/v2\/types\/page"}],"author":[{"embeddable":true,"href":"https:\/\/www.hirondelle.org\/en\/wp-json\/wp\/v2\/users\/9"}],"replies":[{"embeddable":true,"href":"https:\/\/www.hirondelle.org\/en\/wp-json\/wp\/v2\/comments?post=13651"}],"version-history":[{"count":16,"href":"https:\/\/www.hirondelle.org\/en\/wp-json\/wp\/v2\/pages\/13651\/revisions"}],"predecessor-version":[{"id":21530,"href":"https:\/\/www.hirondelle.org\/en\/wp-json\/wp\/v2\/pages\/13651\/revisions\/21530"}],"up":[{"embeddable":true,"href":"https:\/\/www.hirondelle.org\/en\/wp-json\/wp\/v2\/pages\/13624"}],"wp:attachment":[{"href":"https:\/\/www.hirondelle.org\/en\/wp-json\/wp\/v2\/media?parent=13651"}],"curies":[{"name":"wp","href":"https:\/\/api.w.org\/{rel}","templated":true}]}}