{"id":13666,"date":"2024-09-17T20:10:11","date_gmt":"2024-09-17T18:10:11","guid":{"rendered":"https:\/\/www.hirondelle.org\/?page_id=13666"},"modified":"2026-02-25T16:28:15","modified_gmt":"2026-02-25T15:28:15","slug":"media-ecosystems","status":"publish","type":"page","link":"https:\/\/www.hirondelle.org\/en\/our-areas-of-expertise\/media-ecosystems","title":{"rendered":"Media Ecosystems"},"content":{"rendered":"\n<div class=\"wp-block-columns is-layout-flex wp-container-core-columns-is-layout-9d6595d7 wp-block-columns-is-layout-flex\">\n<div class=\"wp-block-column is-layout-flow wp-block-column-is-layout-flow\" style=\"flex-basis:33.33%\">\n<figure class=\"wp-block-pullquote\"><blockquote><p><em><em>Worldwide, actors in the international co-operation sector seek to better understand media landscapes in order to provide local, efficient and sustainable aid.<\/em><br><br><em>Fondation Hirondelle has been monitoring changing media landscapes for 30 years<\/em>. <\/em><\/p><\/blockquote><\/figure>\n<\/div>\n\n\n\n<div class=\"wp-block-column is-layout-flow wp-block-column-is-layout-flow\" style=\"flex-basis:66.66%\">\n<figure class=\"wp-block-image alignright size-large is-resized\"><img loading=\"lazy\" decoding=\"async\" width=\"1024\" height=\"682\" src=\"https:\/\/www.hirondelle.org\/wp-content\/uploads\/2024\/09\/banner-ecosystemes-mediatiques-1024x682.jpg\" alt=\"\u00a9Apsatou Bagaya  Fondation Hirondelle - Une journaliste du Studio Kalangou en reportage dans la rue pour scripter le quotidien des nig\u00e9riennes face \u00e0 la chert\u00e9 de la vie, Niamey, Niger, le 27 F\u00e9vrier 2023\" class=\"wp-image-11867\" style=\"width:401px;height:auto\" srcset=\"https:\/\/www.hirondelle.org\/wp-content\/uploads\/2024\/09\/banner-ecosystemes-mediatiques-1024x682.jpg 1024w, https:\/\/www.hirondelle.org\/wp-content\/uploads\/2024\/09\/banner-ecosystemes-mediatiques-300x200.jpg 300w, https:\/\/www.hirondelle.org\/wp-content\/uploads\/2024\/09\/banner-ecosystemes-mediatiques-768x512.jpg 768w, https:\/\/www.hirondelle.org\/wp-content\/uploads\/2024\/09\/banner-ecosystemes-mediatiques-1536x1024.jpg 1536w, https:\/\/www.hirondelle.org\/wp-content\/uploads\/2024\/09\/banner-ecosystemes-mediatiques-1000x667.jpg 1000w, https:\/\/www.hirondelle.org\/wp-content\/uploads\/2024\/09\/banner-ecosystemes-mediatiques.jpg 2000w\" sizes=\"auto, (max-width: 1024px) 100vw, 1024px\" \/><figcaption class=\"wp-element-caption\">\u00a9Apsatou Bagaya  Fondation Hirondelle &#8211; Une journaliste du Studio Kalangou en reportage dans la rue pour scripter le quotidien des nig\u00e9riennes face \u00e0 la chert\u00e9 de la vie, Niamey, Niger, le 27 F\u00e9vrier 2023<\/figcaption><\/figure>\n\n\n\n<p>Fondation Hirondelle collects and analyses data on media and the media sector, with emphasis on the production and broadcasting of news. Maintaining the ability to produce and broadcast fact-based, impartial, independent and reliable news is a daily challenge for numerous media outlets in many countries, especially those in the most fragile regions. At the same time, in areas affected by multiple crises, we note a significant increase in the number of non-media actors producing and broadcasting content. This news, often distorted or not fact-checked, gives rise to mis- and disinformation.<\/p>\n\n\n\n<p>There are additional factors inherent to the media sector which must be taken into account. One of the major issues is that of media ownership and governance: who owns the media? Can editors preserve their independence in relation to those who fund their operations? This issue is linked to the challenge of funding. The media\u2019s business model is in crisis. How do media finance their operations: with subscriptions and advertising, or through a hybrid model including support and grants? Digitalisation is also a key area. The development of new multi-channel formats and their impact on how information is produced and how audiences consume it have consequences for journalists\u2019 work. Lastly, regarding security, we work in fragile situations where the security of people, goods and journalistic sources is at risk.<\/p>\n<\/div>\n<\/div>\n\n\n\n<p><br><\/p>\n\n\n\n<div class=\"wp-block-group has-global-padding is-layout-constrained wp-block-group-is-layout-constrained\">\n<figure class=\"wp-block-image alignright size-full is-resized\"><img loading=\"lazy\" decoding=\"async\" width=\"550\" height=\"164\" src=\"https:\/\/www.hirondelle.org\/wp-content\/uploads\/2024\/09\/box-jti-1.jpg\" alt=\"\" class=\"wp-image-11737\" style=\"width:357px;height:auto\" srcset=\"https:\/\/www.hirondelle.org\/wp-content\/uploads\/2024\/09\/box-jti-1.jpg 550w, https:\/\/www.hirondelle.org\/wp-content\/uploads\/2024\/09\/box-jti-1-300x89.jpg 300w\" sizes=\"auto, (max-width: 550px) 100vw, 550px\" \/><\/figure>\n\n\n\n<h4 class=\"wp-block-heading\"><strong>Journalism Trust Initiative<\/strong><\/h4>\n\n\n\n<p>To counter the rapid spread of mis- and disinformation and the worrying decrease of public trust in traditional media, more than 150 media organisations followed the lead of Reporters Without Borders in adopting the Journalism Trust Initiative (JTI) in late 2019. This mechanism provides a normative framework and certifies media that practise professional and ethical journalism. Active in fragile situations, Fondation Hirondelle fully adheres to the values of transparency and professional editorial processes espoused by the JTI and naturally took an active role in this initiative from the outset, including in the development of the JTI standard. Studio Kalangou, Fondation Hirondelle&#8217;s Niger media outlet, achieved JTI certification in 2022.<br><\/p>\n\n\n\n<div class=\"wp-block-media-text is-stacked-on-mobile\" style=\"grid-template-columns:23% auto\"><figure class=\"wp-block-media-text__media\"><img loading=\"lazy\" decoding=\"async\" width=\"259\" height=\"78\" src=\"https:\/\/www.hirondelle.org\/wp-content\/uploads\/2026\/02\/image.png\" alt=\"\" class=\"wp-image-23688 size-full\"\/><\/figure><div class=\"wp-block-media-text__content\">\n<h4 class=\"wp-block-heading\"><strong>Team Europe Democracy Network (TEDN)<\/strong><\/h4>\n\n\n\n<p>Fondation Hirondelle is a member of the working group of the <a href=\"http:\/\/\\\\fh.local\\corporate\\DATA\\Transversaux\\Communication\\Com externe\\Ecosyst\u00e8me digital\\Team Europe Democracy Network (TEDN),\">Team Europe Democracy Network<\/a> (TEDN), one of the platforms for dialogue with the European Union, its Member States, and other stakeholders \u2014 including NGOs active in the media development sector \u2014 working to support democracy worldwide. Fondation Hirondelle contributes to discussions during the annual meetings and takes part in the working group by sharing its lessons learned and recommendations.<\/p>\n<\/div><\/div>\n\n\n\n<div class=\"wp-block-media-text has-media-on-the-right is-stacked-on-mobile\" style=\"grid-template-columns:auto 15%\"><div class=\"wp-block-media-text__content\">\n<h4 class=\"wp-block-heading\"><strong>Human Rights and Democracy Network (HRDN)<\/strong><\/h4>\n\n\n\n<p>Fondation Hirondelle is also a member of the <a href=\"https:\/\/www.hrdn.eu\/\">Human Rights and Democracy Network<\/a> (HRDN), a network of human rights NGOs. It regularly contributes to the working group on human rights funding, particularly in the context of negotiations on the European Union\u2019s long-term budget, the Multiannual Financial Framework (MFF).<\/p>\n<\/div><figure class=\"wp-block-media-text__media\"><img loading=\"lazy\" decoding=\"async\" width=\"1000\" height=\"1000\" src=\"https:\/\/www.hirondelle.org\/wp-content\/uploads\/2026\/02\/HRDN-logo_RGB-1.webp\" alt=\"\" class=\"wp-image-23701 size-full\" srcset=\"https:\/\/www.hirondelle.org\/wp-content\/uploads\/2026\/02\/HRDN-logo_RGB-1.webp 1000w, https:\/\/www.hirondelle.org\/wp-content\/uploads\/2026\/02\/HRDN-logo_RGB-1-300x300.webp 300w, https:\/\/www.hirondelle.org\/wp-content\/uploads\/2026\/02\/HRDN-logo_RGB-1-150x150.webp 150w, https:\/\/www.hirondelle.org\/wp-content\/uploads\/2026\/02\/HRDN-logo_RGB-1-768x768.webp 768w\" sizes=\"auto, (max-width: 1000px) 100vw, 1000px\" \/><\/figure><\/div>\n<\/div>\n\n\n\n<h3 class=\"wp-block-heading\"><br>rEfErenCe DOCUMENTs<\/h3>\n\n\n\n<p>SDC Guidelines for media assistance published by Fondation Hirondelle: <a href=\"https:\/\/backend.sdc-pge.ch\/fileservice\/sdweb-docs-prod-sdcpgech-files\/files\/2024\/01\/17\/00ef60f0-74e2-45cc-84c3-4da3f3cbb844.pdf\" target=\"_blank\" rel=\"noreferrer noopener\">Guidelines<\/a><\/p>\n\n\n\n<p>OECD, <a href=\"https:\/\/www.hirondelle.org\/wp-content\/uploads\/2026\/01\/OECD-Development-Co-operation-Principles-for-relevant-and-effective-support-to-Medias.pdf\">Development Co-operation Principles for Relevant and Effective Support to Media and the Information Environment<\/a>, 2024<\/p>\n\n\n\n<p>Mediation N\u00b016, December 2025 \u2013 <a href=\"https:\/\/www.hirondelle.org\/wp-content\/uploads\/2025\/12\/FH_MEDIATION_N\u00b016_ENG_V3_web_PP.pdf\">Information in the age of IA<\/a><\/p>\n\n\n\n<p>Mediation N\u00b015, July 2025 \u2013 <a href=\"https:\/\/www.hirondelle.org\/wp-content\/uploads\/2025\/07\/FH_MEDIATION_N\u00b015_ENG_V2_PP.pdf\">Reliable information: a remedy for disinformation<\/a><\/p>\n\n\n\n<p>M\u00e9diation N\u00b014, December 2024 \u2013 <a href=\"https:\/\/www.hirondelle.org\/wp-content\/uploads\/from-joomla\/documents\/FH_MEDIATION_N14_ENG_V4_PP_4.pdf\">Adapting to changing information needs<\/a><br><br><\/p>\n\n\n\n<div class=\"wp-block-group p-3 backgroundedBlock--gray h-100 has-global-padding is-layout-constrained wp-block-group-is-layout-constrained\">\n<h4 class=\"wp-block-heading has-text-align-center\">Find out more about our research on these topics <a href=\"https:\/\/www.hirondelle.org\/en\/our-work\/knowledge-sharing\/research-and-learning#openDetail=ecosystemesInformationnels\" target=\"_blank\" rel=\"noreferrer noopener\"><span style=\"text-decoration: underline;\">here<\/span><\/a><\/h4>\n<\/div>\n\n\n\n<h3 class=\"wp-block-heading\"><br><br>RELATED ARTICLES<\/h3>\n\n\n<div data-truc=\"list69d094b8cfd84\" class=\"\"><div class=\"row list\"><div class=\"col-md-3 post d-flex align-items-stretch\"><article id=\"post-21823\" class=\"articleList-item post-21823  post\">\r\n\t<a class=\"post-thumb\" href=\"https:\/\/www.hirondelle.org\/en\/information-in-the-age-of-ia-mediation-n16-december-2025\" title=\"Information in the age of IA &#8211; Mediation N\u00b016, December 2025\">\r\n\t\t<img loading=\"lazy\" decoding=\"async\" width=\"500\" height=\"250\" src=\"https:\/\/www.hirondelle.org\/wp-content\/uploads\/2025\/12\/000_1AP31T-500x250.jpg\" class=\"d-block w-100 h-auto wp-post-image\" alt=\"\" \/>\t<\/a>\r\n\t\t<a class=\"post-title\" href=\"https:\/\/www.hirondelle.org\/en\/information-in-the-age-of-ia-mediation-n16-december-2025\" title=\"Information in the age of IA &#8211; Mediation N\u00b016, December 2025\" rel=\"bookmark\">\r\n\t\tInformation in the age of IA &#8211; Mediation N\u00b016, December 2025\t<\/a>\r\n\t<\/article><\/div><div class=\"col-md-3 post d-flex align-items-stretch\"><article id=\"post-21825\" class=\"articleList-item post-21825  post\">\r\n\t<a class=\"post-thumb\" href=\"https:\/\/www.hirondelle.org\/en\/information-in-the-age-of-ia\" title=\"Information in the age of IA\">\r\n\t\t<img loading=\"lazy\" decoding=\"async\" width=\"500\" height=\"250\" src=\"https:\/\/www.hirondelle.org\/wp-content\/uploads\/2025\/12\/000_1AP31T-500x250.jpg\" class=\"d-block w-100 h-auto wp-post-image\" alt=\"\" \/>\t<\/a>\r\n\t\t<a class=\"post-title\" href=\"https:\/\/www.hirondelle.org\/en\/information-in-the-age-of-ia\" title=\"Information in the age of IA\" rel=\"bookmark\">\r\n\t\tInformation in the age of IA\t<\/a>\r\n\t<\/article><\/div><div class=\"col-md-3 post d-flex align-items-stretch\"><article id=\"post-21832\" class=\"articleList-item post-21832  post\">\r\n\t<a class=\"post-thumb\" href=\"https:\/\/www.hirondelle.org\/en\/ai-and-journalism-an-approach-centered-on-human-responsibility\" title=\"Ai and journalism: An approach centered on human responsibility\">\r\n\t\t<img loading=\"lazy\" decoding=\"async\" width=\"500\" height=\"250\" src=\"https:\/\/www.hirondelle.org\/wp-content\/uploads\/2025\/12\/JournalisteMali-500x250.png\" class=\"d-block w-100 h-auto wp-post-image\" alt=\"\" \/>\t<\/a>\r\n\t\t<a class=\"post-title\" href=\"https:\/\/www.hirondelle.org\/en\/ai-and-journalism-an-approach-centered-on-human-responsibility\" title=\"Ai and journalism: An approach centered on human responsibility\" rel=\"bookmark\">\r\n\t\tAi and journalism: An approach centered on human responsibility\t<\/a>\r\n\t<\/article><\/div><div class=\"col-md-3 post d-flex align-items-stretch\"><article id=\"post-21829\" class=\"articleList-item post-21829  post\">\r\n\t<a class=\"post-thumb\" href=\"https:\/\/www.hirondelle.org\/en\/ai-enables-a-more-diversified-news-ecosystem\" title=\"Ai enables a more diversified news ecosystem\">\r\n\t\t<img loading=\"lazy\" decoding=\"async\" width=\"500\" height=\"250\" src=\"https:\/\/www.hirondelle.org\/wp-content\/uploads\/2025\/12\/Inde-mediation-article-phtoo-500x250.png\" class=\"d-block w-100 h-auto wp-post-image\" alt=\"\" \/>\t<\/a>\r\n\t\t<a class=\"post-title\" href=\"https:\/\/www.hirondelle.org\/en\/ai-enables-a-more-diversified-news-ecosystem\" title=\"Ai enables a more diversified news ecosystem\" rel=\"bookmark\">\r\n\t\tAi enables a more diversified news ecosystem\t<\/a>\r\n\t<\/article><\/div><\/div><\/div>\t<div class=\"text-center\">\r\n\t\t<a class=\"btn btn-fh-green\" href=\"https:\/\/www.hirondelle.org\/en\/tag\/expertise-media-ecosystems\">See more articles<\/a>\r\n\t<\/div>\r\n\t","protected":false},"excerpt":{"rendered":"<p>Worldwide, actors in the international co-operation sector seek to better understand media landscapes in order to provide local, efficient and sustainable aid. Fondation Hirondelle has been monitoring changing media landscapes for 30 years. Fondation Hirondelle collects and analyses data on media and the media sector, with emphasis on the production and broadcasting of news. Maintaining [&hellip;]<\/p>\n","protected":false},"author":9,"featured_media":0,"parent":13624,"menu_order":3,"comment_status":"closed","ping_status":"closed","template":"page-without-column.php","meta":{"_acf_changed":false,"footnotes":""},"class_list":["post-13666","page","type-page","status-publish","hentry"],"acf":[],"publishpress_future_action":{"enabled":false,"date":"2026-04-11 06:34:00","action":"change-status","newStatus":"draft","terms":[],"taxonomy":"translation_priority","extraData":[]},"publishpress_future_workflow_manual_trigger":{"enabledWorkflows":[]},"_links":{"self":[{"href":"https:\/\/www.hirondelle.org\/en\/wp-json\/wp\/v2\/pages\/13666","targetHints":{"allow":["GET"]}}],"collection":[{"href":"https:\/\/www.hirondelle.org\/en\/wp-json\/wp\/v2\/pages"}],"about":[{"href":"https:\/\/www.hirondelle.org\/en\/wp-json\/wp\/v2\/types\/page"}],"author":[{"embeddable":true,"href":"https:\/\/www.hirondelle.org\/en\/wp-json\/wp\/v2\/users\/9"}],"replies":[{"embeddable":true,"href":"https:\/\/www.hirondelle.org\/en\/wp-json\/wp\/v2\/comments?post=13666"}],"version-history":[{"count":10,"href":"https:\/\/www.hirondelle.org\/en\/wp-json\/wp\/v2\/pages\/13666\/revisions"}],"predecessor-version":[{"id":23705,"href":"https:\/\/www.hirondelle.org\/en\/wp-json\/wp\/v2\/pages\/13666\/revisions\/23705"}],"up":[{"embeddable":true,"href":"https:\/\/www.hirondelle.org\/en\/wp-json\/wp\/v2\/pages\/13624"}],"wp:attachment":[{"href":"https:\/\/www.hirondelle.org\/en\/wp-json\/wp\/v2\/media?parent=13666"}],"curies":[{"name":"wp","href":"https:\/\/api.w.org\/{rel}","templated":true}]}}