{"id":13710,"date":"2024-04-05T23:41:14","date_gmt":"2024-04-05T21:41:14","guid":{"rendered":"https:\/\/www.hirondelle.org\/?page_id=13710"},"modified":"2025-01-16T17:05:23","modified_gmt":"2025-01-16T16:05:23","slug":"exhibition","status":"publish","type":"page","link":"https:\/\/www.hirondelle.org\/en\/news\/exhibition","title":{"rendered":"Exhibition"},"content":{"rendered":"\n<figure class=\"wp-block-image size-large\"><img loading=\"lazy\" decoding=\"async\" width=\"1024\" height=\"478\" src=\"https:\/\/www.hirondelle.org\/wp-content\/uploads\/2024\/07\/banner_geneva_peace_week-2023-1024x478.jpg\" alt=\"\" class=\"wp-image-9569\" srcset=\"https:\/\/www.hirondelle.org\/wp-content\/uploads\/2024\/07\/banner_geneva_peace_week-2023-1024x478.jpg 1024w, https:\/\/www.hirondelle.org\/wp-content\/uploads\/2024\/07\/banner_geneva_peace_week-2023-300x140.jpg 300w, https:\/\/www.hirondelle.org\/wp-content\/uploads\/2024\/07\/banner_geneva_peace_week-2023-768x358.jpg 768w, https:\/\/www.hirondelle.org\/wp-content\/uploads\/2024\/07\/banner_geneva_peace_week-2023-1536x717.jpg 1536w, https:\/\/www.hirondelle.org\/wp-content\/uploads\/2024\/07\/banner_geneva_peace_week-2023-1000x467.jpg 1000w, https:\/\/www.hirondelle.org\/wp-content\/uploads\/2024\/07\/banner_geneva_peace_week-2023.jpg 1920w\" sizes=\"auto, (max-width: 1024px) 100vw, 1024px\" \/><figcaption class=\"wp-element-caption\"><br><br><\/figcaption><\/figure>\n\n\n\n<figure class=\"wp-block-image alignleft size-large is-resized\"><img loading=\"lazy\" decoding=\"async\" width=\"683\" height=\"1024\" src=\"https:\/\/www.hirondelle.org\/wp-content\/uploads\/2024\/07\/RDC_2020-683x1024.jpg\" alt=\"\u00a9 Gwenn Dubourthoumieu \/ Fondation hirondelle \/ March 2020\" class=\"wp-image-9541\" style=\"width:303px;height:auto\" srcset=\"https:\/\/www.hirondelle.org\/wp-content\/uploads\/2024\/07\/RDC_2020-683x1024.jpg 683w, https:\/\/www.hirondelle.org\/wp-content\/uploads\/2024\/07\/RDC_2020-200x300.jpg 200w, https:\/\/www.hirondelle.org\/wp-content\/uploads\/2024\/07\/RDC_2020-768x1152.jpg 768w, https:\/\/www.hirondelle.org\/wp-content\/uploads\/2024\/07\/RDC_2020-1024x1536.jpg 1024w, https:\/\/www.hirondelle.org\/wp-content\/uploads\/2024\/07\/RDC_2020-1000x1500.jpg 1000w, https:\/\/www.hirondelle.org\/wp-content\/uploads\/2024\/07\/RDC_2020.jpg 1080w\" sizes=\"auto, (max-width: 683px) 100vw, 683px\" \/><figcaption class=\"wp-element-caption\"><small><em>\u00a9 Gwenn Dubourthoumieu \/ Fondation Hirondelle \/ March 2020<\/em><\/small><\/figcaption><\/figure>\n\n\n\n<h4 class=\"wp-block-heading\"><strong>The exhibition<\/strong><\/h4>\n\n\n\n<p>In an era defined by multiple and interrelated crises, journalists need to work harder than ever to help populations understand and navigate the rapidly changing environments in which they live.<\/p>\n\n\n\n<p>Fondation Hirondelle and its partners are at the frontlines of such \u00ab polycrises \u00bb, serving societies who are simultaneously grappling with conflict, political instability, economic hardship, humanitarian disasters, climate change and environmental challenges. As a journalist, this requires having the skills to explain ever more complex situations in a way that is nuanced yet accessible, it means seeking opportunities to explore solutions, rather than merely exposing the problems, and it means listening closely to communities to better understand their needs and concerns. All this in the face of mounting threats to freedom of expression and the proliferation of increasingly sophisticated and coordinated disinformation.<\/p>\n\n\n\n<p>The photos offer a glimpse into the worlds of our journalists, who are dedicated to ensuring audiences have access to reliable information, contextual insights and opportunities to share solutions and exchange points of view. From Ukraine to Central Africa, to the Sahel, to Myanmar, the mission of Fondation Hirondelle is to empower people with spaces for dialogue and the knowledge and insights which they need to make well-informed choices for themselves and their communities<\/p>\n\n\n\n<p><br><\/p>\n\n\n\n\n\t\t<style type=\"text\/css\">\n\t\t\t#gallery-1 {\n\t\t\t\tmargin: auto;\n\t\t\t}\n\t\t\t#gallery-1 .gallery-item {\n\t\t\t\tfloat: left;\n\t\t\t\tmargin-top: 10px;\n\t\t\t\ttext-align: center;\n\t\t\t\twidth: 33%;\n\t\t\t}\n\t\t\t#gallery-1 img {\n\t\t\t\tborder: 2px solid #cfcfcf;\n\t\t\t}\n\t\t\t#gallery-1 .gallery-caption {\n\t\t\t\tmargin-left: 0;\n\t\t\t}\n\t\t\t\/* see gallery_shortcode() in wp-includes\/media.php *\/\n\t\t<\/style>\n\t\t<div id='gallery-1' class='gallery galleryid-13710 gallery-columns-3 gallery-size-thumbnail'><dl class='gallery-item'>\n\t\t\t<dt class='gallery-icon landscape'>\n\t\t\t\t<a href='https:\/\/www.hirondelle.org\/en\/news\/exhibition\/expo-1-2'><img loading=\"lazy\" decoding=\"async\" width=\"150\" height=\"150\" src=\"https:\/\/www.hirondelle.org\/wp-content\/uploads\/2024\/07\/Expo-1-150x150.jpg\" class=\"attachment-thumbnail size-thumbnail\" alt=\"Les activit\u00e9s \u00e9conomiques se sont consid\u00e9rablement d\u00e9t\u00e9rior\u00e9es en raison de l&#039;instabilit\u00e9 au Burkina Faso. Une journaliste du Studio Yafa interviewe un vendeur de pagnes sur un march\u00e9 de Ouagadougou pour comprendre comment cela affecte son activit\u00e9. \u00a9 Olympia de Maismont \/ Fondation Hirondelle \/ Mars 2023\" aria-describedby=\"gallery-1-9582\" \/><\/a>\n\t\t\t<\/dt>\n\t\t\t\t<dd class='wp-caption-text gallery-caption' id='gallery-1-9582'>\n\t\t\t\tUne journaliste de Studio Yafa r\u00e9alise une interview, \u00e0 Ouagadougou, le 14 mars 2023.\n\t\t\t\t<\/dd><\/dl><dl class='gallery-item'>\n\t\t\t<dt class='gallery-icon landscape'>\n\t\t\t\t<a href='https:\/\/www.hirondelle.org\/en\/news\/exhibition\/journaliste-de-doh-athan-a-la-pagode-shwedagon-a-yangon-2'><img loading=\"lazy\" decoding=\"async\" width=\"150\" height=\"150\" src=\"https:\/\/www.hirondelle.org\/wp-content\/uploads\/2024\/07\/Expo-2-150x150.jpg\" class=\"attachment-thumbnail size-thumbnail\" alt=\"Zar Ni Aung, productrice du podcast Doh Athan sur les droits humains au Myanmar, produit avec le soutien de la Fondation Hirondelle, travaille d\u00e9sormais en exil dans le nord de la Tha\u00eflande apr\u00e8s le coup d&#039;\u00c9tat militaire. Elle est confront\u00e9e au quotidien au d\u00e9fi de continuer \u00e0 faire des reportages ind\u00e9pendants depuis l\u2019\u00e9tranger. \u00a9 Lam Duc Hien \/ Fondation Hirondelle \/ 2019\" aria-describedby=\"gallery-1-9579\" \/><\/a>\n\t\t\t<\/dt>\n\t\t\t\t<dd class='wp-caption-text gallery-caption' id='gallery-1-9579'>\n\t\t\t\tZar Ni Aung, productrice du podcast Doh Athan sur les droits humains au Myanmar, produit avec le soutien de la Fondation Hirondelle, travaille d\u00e9sormais en exil dans le nord de la Tha\u00eflande apr\u00e8s le coup d&#8217;\u00c9tat militaire. Elle est confront\u00e9e au quotidien au d\u00e9fi de continuer \u00e0 faire des reportages ind\u00e9pendants depuis l\u2019\u00e9tranger. \u00a9 Lam Duc Hien \/ Fondation Hirondelle \/ 2019\n\t\t\t\t<\/dd><\/dl><dl class='gallery-item'>\n\t\t\t<dt class='gallery-icon landscape'>\n\t\t\t\t<a href='https:\/\/www.hirondelle.org\/en\/news\/exhibition\/expo-3-2'><img loading=\"lazy\" decoding=\"async\" width=\"150\" height=\"150\" src=\"https:\/\/www.hirondelle.org\/wp-content\/uploads\/2024\/07\/Expo-3-150x150.jpg\" class=\"attachment-thumbnail size-thumbnail\" alt=\"Une journaliste de Friga FM r\u00e9alise des interviews dans les rues du Kef, en Tunisie. La crise \u00e9conomique a contraint de nombreux jeunes \u00e0 quitter la ville. \u00a9 Lotfi Rahmouni \/ Fondation Hirondelle \/ Septembre 2023\" aria-describedby=\"gallery-1-9585\" \/><\/a>\n\t\t\t<\/dt>\n\t\t\t\t<dd class='wp-caption-text gallery-caption' id='gallery-1-9585'>\n\t\t\t\tUne journaliste de Friga FM r\u00e9alise des interviews dans les rues du Kef, en Tunisie. La crise \u00e9conomique a contraint de nombreux jeunes \u00e0 quitter la ville. \u00a9 Lotfi Rahmouni \/ Fondation Hirondelle \/ Septembre 2023\n\t\t\t\t<\/dd><\/dl><br style=\"clear: both\" \/>\n\t\t<\/div>\n\n\n\n\n<h4 class=\"wp-block-heading\"><strong><br>The photographers<\/strong><\/h4>\n\n\n\n<p>The exhibition features eight internationally renowned photographers, each with a unique approach. Among them:<\/p>\n\n\n\n<ul class=\"wp-block-list\">\n<li>Apsatou Bagaya, a photographer from Niger, explores documentary, portrait and art photography, seeking to highlight Niger&#8217;s cultural and social heritage.<\/li>\n\n\n\n<li><a href=\"https:\/\/www.olympiademaismont.com\/\" target=\"_blank\" rel=\"noreferrer noopener\">Olympia de Maismont<\/a>, a self-taught French photo-video reporter based in Burkina Faso, covers political events and daily life for international media and major international organizations.<\/li>\n\n\n\n<li><a href=\"https:\/\/gwenn.fr\/\" target=\"_blank\" rel=\"noreferrer noopener\">Gwenn Dubourthoumieu<\/a>, an international award-winner, mainly at the Epica Awards in the photography category and at the Creativity 4 change also in the photography category (Slovenia). In his work, he succeeds in fusing art and photojournalism in crisis situations.<\/li>\n\n\n\n<li><a href=\"https:\/\/www.instagram.com\/lam_duc_hien\/\" target=\"_blank\" rel=\"noreferrer noopener\">L\u00e2m Duc Hi\u00ean<\/a>, a Franco-Laotian photographer, has won numerous awards, including the World Press Photo, for his striking portraits of Iraqi inhabitants.<\/li>\n\n\n\n<li><a href=\"https:\/\/www.floriophoto.com\/\" target=\"_blank\" rel=\"noreferrer noopener\">Jason Florio<\/a>, originally from London, now based in Gambia, has dedicated himself to documenting the often-overlooked stories of marginalized people and human rights defenders. His work has appeared in prestigious publications such as The New York Times and National Geographic, and has won the Magnum Photography Award.<\/li>\n\n\n\n<li>Lotfi&nbsp;Rahmouni, a professional photographer for over 20 years, hails from Kasserine in west-central Tunisia. He has worked extensively with the local Tunisian media.<\/li>\n\n\n\n<li><a href=\"https:\/\/www.iako-randrianarivelo.com\/\" target=\"_blank\" rel=\"noreferrer noopener\">iAko Randrianarivelo<\/a>, a photographer from Madagascar, focuses on climate change and its impact on society.<\/li>\n\n\n\n<li><a href=\"https:\/\/www.instagram.com\/florent_vergnes\/?hl=fr\" target=\"_blank\" rel=\"noreferrer noopener\">Florent Vergnes<\/a>, a historian by training, is a photojournalist based in Ukraine. His photographs depict human aspirations and social challenges.<\/li>\n<\/ul>\n\n\n\n<p><br><\/p>\n\n\n\n<h4 class=\"wp-block-heading\"><\/h4>\n\n\n\n\n\t\t<style type=\"text\/css\">\n\t\t\t#gallery-2 {\n\t\t\t\tmargin: auto;\n\t\t\t}\n\t\t\t#gallery-2 .gallery-item {\n\t\t\t\tfloat: left;\n\t\t\t\tmargin-top: 10px;\n\t\t\t\ttext-align: center;\n\t\t\t\twidth: 33%;\n\t\t\t}\n\t\t\t#gallery-2 img {\n\t\t\t\tborder: 2px solid #cfcfcf;\n\t\t\t}\n\t\t\t#gallery-2 .gallery-caption {\n\t\t\t\tmargin-left: 0;\n\t\t\t}\n\t\t\t\/* see gallery_shortcode() in wp-includes\/media.php *\/\n\t\t<\/style>\n\t\t<div id='gallery-2' class='gallery galleryid-13710 gallery-columns-3 gallery-size-thumbnail'><dl class='gallery-item'>\n\t\t\t<dt class='gallery-icon landscape'>\n\t\t\t\t<a href='https:\/\/www.hirondelle.org\/en\/news\/exhibition\/expo-4-2'><img loading=\"lazy\" decoding=\"async\" width=\"150\" height=\"150\" src=\"https:\/\/www.hirondelle.org\/wp-content\/uploads\/2024\/07\/Expo-4-150x150.jpg\" class=\"attachment-thumbnail size-thumbnail\" alt=\"Vladyslav Hryschenko (27 ans) travaillait, avant la guerre, comme photographe de mode \u00e0 Kiev, en Ukraine. Il travaille d\u00e9sormais pour les informations locales. \u00a9 L\u00e2m Duc Hi\u00ean \/ Agence VU&#039; for Fondation Hirondelle \/ 2022\" aria-describedby=\"gallery-2-9592\" \/><\/a>\n\t\t\t<\/dt>\n\t\t\t\t<dd class='wp-caption-text gallery-caption' id='gallery-2-9592'>\n\t\t\t\tVladyslav Hryschenko (27) has been working as a fashion photographer in Kyiv before the wa\n\t\t\t\t<\/dd><\/dl><dl class='gallery-item'>\n\t\t\t<dt class='gallery-icon landscape'>\n\t\t\t\t<a href='https:\/\/www.hirondelle.org\/en\/news\/exhibition\/expo-5-2'><img loading=\"lazy\" decoding=\"async\" width=\"150\" height=\"150\" src=\"https:\/\/www.hirondelle.org\/wp-content\/uploads\/2024\/07\/Expo-5-150x150.jpg\" class=\"attachment-thumbnail size-thumbnail\" alt=\"Une journaliste enregistre une voix off pendant le Festival de S\u00e9gou. En f\u00e9vrier 2022, la r\u00e9daction du Studio Tamani s&#039;est install\u00e9e pendant une semaine \u00e0 S\u00e9gou pour faire vivre en temps r\u00e9el \u00e0 tous les Malien\u00b7ne\u00b7s les moments forts de ce festival unique de musique et d&#039;art, vecteur de paix qui rassemble les communaut\u00e9s du centre du Mali d\u00e9chir\u00e9es par les violences dans le pays. \u00a9 Florent Vergnes \/ Fondation Hirondelle \/ F\u00e9vrier 2022\" aria-describedby=\"gallery-2-9598\" \/><\/a>\n\t\t\t<\/dt>\n\t\t\t\t<dd class='wp-caption-text gallery-caption' id='gallery-2-9598'>\n\t\t\t\tUne journaliste enregistre une voix off pendant le Festival de S\u00e9gou. En f\u00e9vrier 2022, la r\u00e9daction du Studio Tamani s&#8217;est install\u00e9e pendant une semaine \u00e0 S\u00e9gou pour faire vivre en temps r\u00e9el \u00e0 tous les Malien\u00b7ne\u00b7s les moments forts de ce festival unique de musique et d&#8217;art, vecteur de paix qui rassemble les communaut\u00e9s du centre du Mali d\u00e9chir\u00e9es par les violences dans le pays. \u00a9 Florent Vergnes \/ Fondation Hirondelle \/ F\u00e9vrier 2022\n\t\t\t\t<\/dd><\/dl><dl class='gallery-item'>\n\t\t\t<dt class='gallery-icon landscape'>\n\t\t\t\t<a href='https:\/\/www.hirondelle.org\/en\/news\/exhibition\/gambie-femmes-lecture-journalisme-victimes-temoins-violen-2'><img loading=\"lazy\" decoding=\"async\" width=\"150\" height=\"150\" src=\"https:\/\/www.hirondelle.org\/wp-content\/uploads\/2024\/07\/Expo-6-150x150.jpg\" class=\"attachment-thumbnail size-thumbnail\" alt=\"Un journaliste correspondant de Justice Info r\u00e9alise une interview en Gambie. Ce correspondant a r\u00e9alis\u00e9 de nombreux articles sur la Commission v\u00e9rit\u00e9, r\u00e9conciliation et r\u00e9parations de Gambie, charg\u00e9e de faire la lumi\u00e8re sur les crimes commis sous Yahya Jammeh. Justice Info est le site d&#039;information le plus actif sur la justice internationale. \u00a9 Jason Florio \/ Fondation Hirondelle \/ Octobre 2019\" aria-describedby=\"gallery-2-9595\" \/><\/a>\n\t\t\t<\/dt>\n\t\t\t\t<dd class='wp-caption-text gallery-caption' id='gallery-2-9595'>\n\t\t\t\tGambie; femmes; lecture; journalisme; victimes; t\u00e9moins; violence femmes\n\t\t\t\t<\/dd><\/dl><br style=\"clear: both\" \/>\n\t\t<\/div>\n\n\n\n\n<p><br><\/p>\n\n\n\n<p><strong>Lending conditions<\/strong><\/p>\n\n\n\n<p>Fondation Hirondelle makes the photographs available free of charge for a period to be defined. The exhibition takes the form of frames of various sizes, between 53 x 80 cm and 110 x 165 cm. These sizes are indicative only. It is possible to select only certain works.<\/p>\n\n\n\n<div class=\"wp-block-columns is-layout-flex wp-container-core-columns-is-layout-9d6595d7 wp-block-columns-is-layout-flex\">\n<div class=\"wp-block-column is-layout-flow wp-block-column-is-layout-flow\">\n<figure class=\"wp-block-image size-large\"><img loading=\"lazy\" decoding=\"async\" width=\"683\" height=\"1024\" src=\"https:\/\/www.hirondelle.org\/wp-content\/uploads\/2024\/07\/ukraine_2023-vertical-683x1024.jpg\" alt=\"\" class=\"wp-image-9617\" srcset=\"https:\/\/www.hirondelle.org\/wp-content\/uploads\/2024\/07\/ukraine_2023-vertical-683x1024.jpg 683w, https:\/\/www.hirondelle.org\/wp-content\/uploads\/2024\/07\/ukraine_2023-vertical-200x300.jpg 200w, https:\/\/www.hirondelle.org\/wp-content\/uploads\/2024\/07\/ukraine_2023-vertical-768x1152.jpg 768w, https:\/\/www.hirondelle.org\/wp-content\/uploads\/2024\/07\/ukraine_2023-vertical-1024x1536.jpg 1024w, https:\/\/www.hirondelle.org\/wp-content\/uploads\/2024\/07\/ukraine_2023-vertical-1000x1500.jpg 1000w, https:\/\/www.hirondelle.org\/wp-content\/uploads\/2024\/07\/ukraine_2023-vertical.jpg 1080w\" sizes=\"auto, (max-width: 683px) 100vw, 683px\" \/><figcaption class=\"wp-element-caption\"><em>A journalist from Kharkiv Time films the funeral of a soldier from the Kraken regiment, in Kharkiv, Ukraine. \u00a9 Florent Vergnes \/ Fondation Hirondelle \/ 2023<\/em><\/figcaption><\/figure>\n<\/div>\n\n\n\n<div class=\"wp-block-column is-layout-flow wp-block-column-is-layout-flow\">\n<figure class=\"wp-block-image size-large\"><img loading=\"lazy\" decoding=\"async\" width=\"683\" height=\"1024\" src=\"https:\/\/www.hirondelle.org\/wp-content\/uploads\/2024\/07\/RCA_etude-audience-2021_1-683x1024.jpg\" alt=\"\" class=\"wp-image-9613\" srcset=\"https:\/\/www.hirondelle.org\/wp-content\/uploads\/2024\/07\/RCA_etude-audience-2021_1-683x1024.jpg 683w, https:\/\/www.hirondelle.org\/wp-content\/uploads\/2024\/07\/RCA_etude-audience-2021_1-200x300.jpg 200w, https:\/\/www.hirondelle.org\/wp-content\/uploads\/2024\/07\/RCA_etude-audience-2021_1-768x1152.jpg 768w, https:\/\/www.hirondelle.org\/wp-content\/uploads\/2024\/07\/RCA_etude-audience-2021_1-1024x1536.jpg 1024w, https:\/\/www.hirondelle.org\/wp-content\/uploads\/2024\/07\/RCA_etude-audience-2021_1-1000x1500.jpg 1000w, https:\/\/www.hirondelle.org\/wp-content\/uploads\/2024\/07\/RCA_etude-audience-2021_1.jpg 1080w\" sizes=\"auto, (max-width: 683px) 100vw, 683px\" \/><figcaption class=\"wp-element-caption\"><em>Women respond to an audience survey organised during a Focus Group by Radio Ndeke Luka (RNL), the main radio station in the Central African Republic, in Bangui in March 2021. Giving a voice to the population is a priority for RNL since its creation in 2000, in a country ravaged by crisis. \u00a9 Gwenn Dubourthoumieu \/ Fondation Hirondelle \/ March 2021<\/em><\/figcaption><\/figure>\n<\/div>\n\n\n\n<div class=\"wp-block-column is-layout-flow wp-block-column-is-layout-flow\">\n<div class=\"wp-block-group p-3 text-start h-100 has-white-color has-text-color has-background has-link-color wp-elements-c347fd7456381ff7cd437146da69793b has-global-padding is-layout-constrained wp-block-group-is-layout-constrained\" style=\"background-color:#5a3c50\">\n<h2 class=\"wp-block-heading has-text-align-left mt-0 has-white-color has-text-color has-link-color wp-elements-27e7d3fcbd1fb15f19a37dbf3669e43c\"><em><em>For any question about the exhibition<\/em><\/em><\/h2>\n\n\n\n<p><strong>Julie Crenn<\/strong><\/p>\n\n\n\n<p>Communications Officer<\/p>\n\n\n\n<p><a href=\"\/en\/who-we-are\/contact-us?recipient=Julie+Crenn+-+Communications+Officer\">Contact Julie Crenn<\/a><\/p>\n\n\n\n<p>+41 21 654 20 20<\/p>\n<\/div>\n<\/div>\n<\/div>\n","protected":false},"excerpt":{"rendered":"<p>The exhibition In an era defined by multiple and interrelated crises, journalists need to work harder than ever to help populations understand and navigate the rapidly changing environments in which they live. Fondation Hirondelle and its partners are at the frontlines of such \u00ab polycrises \u00bb, serving societies who are simultaneously grappling with conflict, political [&hellip;]<\/p>\n","protected":false},"author":9,"featured_media":0,"parent":13688,"menu_order":5,"comment_status":"closed","ping_status":"closed","template":"","meta":{"_acf_changed":false,"footnotes":""},"class_list":["post-13710","page","type-page","status-publish","hentry"],"acf":[],"publishpress_future_action":{"enabled":false,"date":"2026-04-20 18:04:45","action":"change-status","newStatus":"draft","terms":[],"taxonomy":"translation_priority","extraData":[]},"publishpress_future_workflow_manual_trigger":{"enabledWorkflows":[]},"_links":{"self":[{"href":"https:\/\/www.hirondelle.org\/en\/wp-json\/wp\/v2\/pages\/13710","targetHints":{"allow":["GET"]}}],"collection":[{"href":"https:\/\/www.hirondelle.org\/en\/wp-json\/wp\/v2\/pages"}],"about":[{"href":"https:\/\/www.hirondelle.org\/en\/wp-json\/wp\/v2\/types\/page"}],"author":[{"embeddable":true,"href":"https:\/\/www.hirondelle.org\/en\/wp-json\/wp\/v2\/users\/9"}],"replies":[{"embeddable":true,"href":"https:\/\/www.hirondelle.org\/en\/wp-json\/wp\/v2\/comments?post=13710"}],"version-history":[{"count":21,"href":"https:\/\/www.hirondelle.org\/en\/wp-json\/wp\/v2\/pages\/13710\/revisions"}],"predecessor-version":[{"id":14611,"href":"https:\/\/www.hirondelle.org\/en\/wp-json\/wp\/v2\/pages\/13710\/revisions\/14611"}],"up":[{"embeddable":true,"href":"https:\/\/www.hirondelle.org\/en\/wp-json\/wp\/v2\/pages\/13688"}],"wp:attachment":[{"href":"https:\/\/www.hirondelle.org\/en\/wp-json\/wp\/v2\/media?parent=13710"}],"curies":[{"name":"wp","href":"https:\/\/api.w.org\/{rel}","templated":true}]}}