{"id":13738,"date":"2024-09-17T10:30:09","date_gmt":"2024-09-17T08:30:09","guid":{"rendered":"https:\/\/www.hirondelle.org\/?page_id=13738"},"modified":"2026-02-06T14:34:48","modified_gmt":"2026-02-06T13:34:48","slug":"inclusion-and-participation","status":"publish","type":"page","link":"https:\/\/www.hirondelle.org\/en\/our-areas-of-expertise\/inclusion-and-participation","title":{"rendered":"Inclusion and participation"},"content":{"rendered":"\n<div class=\"wp-block-columns is-layout-flex wp-container-core-columns-is-layout-9d6595d7 wp-block-columns-is-layout-flex\">\n<div class=\"wp-block-column is-layout-flow wp-block-column-is-layout-flow\" style=\"flex-basis:33.33%\">\n<figure class=\"wp-block-pullquote\"><blockquote><p>Inclusion in public discourse encourages participation. <br><br>Public service media must not only create useful journalism, but also ensure that dialogue and debate programmes are inclusive.<\/p><\/blockquote><\/figure>\n<\/div>\n\n\n\n<div class=\"wp-block-column is-layout-flow wp-block-column-is-layout-flow\" style=\"flex-basis:66.66%\">\n<p>Fondation Hirondelle develops and supports media outlets that promote the inclusion of all components of political and social life. Our projects encourage public participation in public discourse, create spaces for individuals to express themselves, and encourage common efforts to find consensual solutions to problems.<\/p>\n\n\n\n<figure class=\"wp-block-image alignright size-large is-resized\"><img loading=\"lazy\" decoding=\"async\" width=\"1024\" height=\"682\" src=\"https:\/\/www.hirondelle.org\/wp-content\/uploads\/2024\/09\/banner-inclusion-participation-1024x682.jpg\" alt=\"\u00a9Gwenn Dubourthoumieu \/ Fondation Hirondelle - Des femmes r\u00e9pondent \u00e0 une \u00e9tude d\u2019audience organis\u00e9e lors d\u2019un Focus Group par la radio Ndekeluka, le 22 mars 2021 \u00e0 Bangui, R\u00e9publique Centrafricaine\" class=\"wp-image-11889\" style=\"width:356px;height:auto\" srcset=\"https:\/\/www.hirondelle.org\/wp-content\/uploads\/2024\/09\/banner-inclusion-participation-1024x682.jpg 1024w, https:\/\/www.hirondelle.org\/wp-content\/uploads\/2024\/09\/banner-inclusion-participation-300x200.jpg 300w, https:\/\/www.hirondelle.org\/wp-content\/uploads\/2024\/09\/banner-inclusion-participation-768x512.jpg 768w, https:\/\/www.hirondelle.org\/wp-content\/uploads\/2024\/09\/banner-inclusion-participation-1536x1024.jpg 1536w, https:\/\/www.hirondelle.org\/wp-content\/uploads\/2024\/09\/banner-inclusion-participation-1000x667.jpg 1000w, https:\/\/www.hirondelle.org\/wp-content\/uploads\/2024\/09\/banner-inclusion-participation.jpg 2000w\" sizes=\"auto, (max-width: 1024px) 100vw, 1024px\" \/><figcaption class=\"wp-element-caption\">\u00a9Gwenn Dubourthoumieu \/ Fondation Hirondelle &#8211; Des femmes r\u00e9pondent \u00e0 une \u00e9tude d\u2019audience organis\u00e9e lors d\u2019un Focus Group par la radio Ndekeluka, le 22 mars 2021 \u00e0 Bangui, R\u00e9publique Centrafricaine<\/figcaption><\/figure>\n\n\n\n<p>Fondation Hirondelle uses its media outlets and journalism and technical skills to reduce obstacles to women and young people\u2019s voices being included not only in political discussions and peace processes, but in debate on all issues affecting public and daily life. Our projects give a voice to populations often excluded from the media because of their social status, language, rural location or vulnerability. &nbsp;Regarding gender, our focus is not on addressing an exclusively feminine audience, but rather on involving all segments of the population in addressing gender issues. We are attentive to the balanced representation of women in our programmes.<\/p>\n\n\n\n<p>Fondation Hirondelle programmes take into account the needs and interests of young audiences. Our media produce interactive programmes for youth, and we create spaces where young people can be heard and participate in public life. Public debates for youth on subjects such as elections give them the opportunity to interact with well-known people, ask questions, and get involved. With the aim of attracting new audiences, we are working with new formats, such as analyses of the elections in Democratic Republic of Congo on&nbsp;<a href=\"https:\/\/www.tiktok.com\/@hirondellerdc\/video\/7303861274264243462\" target=\"_blank\" rel=\"noreferrer noopener\">TikTok<\/a>.<\/p>\n<\/div>\n<\/div>\n\n\n\n<h3 class=\"wp-block-heading\"><br>Examples of media projects<\/h3>\n\n\n\n<div class=\"wp-block-group has-global-padding is-layout-constrained wp-block-group-is-layout-constrained\">\n<figure class=\"wp-block-image alignright size-full is-resized\"><img loading=\"lazy\" decoding=\"async\" width=\"989\" height=\"659\" src=\"https:\/\/www.hirondelle.org\/wp-content\/uploads\/2024\/09\/box-burkina-2.jpg\" alt=\"\" class=\"wp-image-11874\" style=\"width:357px;height:auto\" srcset=\"https:\/\/www.hirondelle.org\/wp-content\/uploads\/2024\/09\/box-burkina-2.jpg 989w, https:\/\/www.hirondelle.org\/wp-content\/uploads\/2024\/09\/box-burkina-2-300x200.jpg 300w, https:\/\/www.hirondelle.org\/wp-content\/uploads\/2024\/09\/box-burkina-2-768x512.jpg 768w\" sizes=\"auto, (max-width: 989px) 100vw, 989px\" \/><\/figure>\n\n\n\n<h4 class=\"wp-block-heading\"><strong>Burkina Faso<\/strong>&nbsp;<\/h4>\n\n\n\n<p>Since 2018, Studio Yafa has provided independent and professional news programming as well as opportunities for discussion about the country&#8217;s social and political life through multimedia programmes aimed at youth, women and vulnerable people. The station aims to be a feature of daily life for these groups, with series of programmes such as <em>Yafa Celebrates Women<\/em>, <em>Yafa at School<\/em>, <em>Yafa in the Fields<\/em> and notices such as <em>A Little Reminder about Dengue and Measles Shots<\/em>.&nbsp; Current affairs and discussion programmes are produced in 5 languages: Moor\u00e9, Dyula, Fula, Gourmanch\u00e9 and French.<\/p>\n\n\n\n<p><a href=\"https:\/\/www.hirondelle.org\/en\/our-work\/projects\/geographic\/africa\/burkina-faso\">Learn more about the project<\/a><\/p>\n<\/div>\n\n\n\n<p><\/p>\n\n\n\n<div class=\"wp-block-group has-global-padding is-layout-constrained wp-block-group-is-layout-constrained\">\n<figure class=\"wp-block-image alignleft size-full is-resized\"><img loading=\"lazy\" decoding=\"async\" width=\"988\" height=\"659\" src=\"https:\/\/www.hirondelle.org\/wp-content\/uploads\/2024\/09\/box-madagascar-2.jpg\" alt=\"\" class=\"wp-image-11878\" style=\"width:368px;height:auto\" srcset=\"https:\/\/www.hirondelle.org\/wp-content\/uploads\/2024\/09\/box-madagascar-2.jpg 988w, https:\/\/www.hirondelle.org\/wp-content\/uploads\/2024\/09\/box-madagascar-2-300x200.jpg 300w, https:\/\/www.hirondelle.org\/wp-content\/uploads\/2024\/09\/box-madagascar-2-768x512.jpg 768w\" sizes=\"auto, (max-width: 988px) 100vw, 988px\" \/><\/figure>\n\n\n\n<h4 class=\"wp-block-heading\">Madagascar<\/h4>\n\n\n\n<p>Founded in 2019, Studio Sifaka produces radio and web content aimed at Malagasy youth. It creates 2 hours of daily programming consisting of national and regional news; advice on health, employment, and the environment; discussion; music; and Malagasy culture. These programmes are broadcast by a national network of 50 partner radio stations located throughout the country. Studio Sifaka gives young people a voice in building an inclusive and democratic society.<br><br><a href=\"https:\/\/www.hirondelle.org\/en\/our-work\/projects\/geographic\/africa\/madagascar\">Learn more about the project<\/a><br><br><br><\/p>\n<\/div>\n\n\n\n<p><\/p>\n\n\n\n<div class=\"wp-block-group has-global-padding is-layout-constrained wp-block-group-is-layout-constrained\">\n<figure class=\"wp-block-image alignright size-full is-resized\"><img loading=\"lazy\" decoding=\"async\" width=\"989\" height=\"659\" src=\"https:\/\/www.hirondelle.org\/wp-content\/uploads\/2024\/09\/box-femmes-niger-2.jpg\" alt=\"\" class=\"wp-image-11881\" style=\"width:357px;height:auto\" srcset=\"https:\/\/www.hirondelle.org\/wp-content\/uploads\/2024\/09\/box-femmes-niger-2.jpg 989w, https:\/\/www.hirondelle.org\/wp-content\/uploads\/2024\/09\/box-femmes-niger-2-300x200.jpg 300w, https:\/\/www.hirondelle.org\/wp-content\/uploads\/2024\/09\/box-femmes-niger-2-768x512.jpg 768w\" sizes=\"auto, (max-width: 989px) 100vw, 989px\" \/><\/figure>\n\n\n\n<h4 class=\"wp-block-heading\"><strong>Niger<\/strong>&nbsp;<\/h4>\n\n\n\n<p>Each week, Niger&#8217;s Studio Kalangou broadcasts a 45-minute programme produced by women, featuring women\u2019s voices and sharing useful advice for daily life. Overseen by professional journalists, the <em>Espace Femmes<\/em> programme is available in Hausa and in French.<\/p>\n\n\n\n<p><a id=\"_msocom_1\"><\/a><\/p>\n\n\n\n<p><a href=\"https:\/\/www.studiokalangou.org\/grands-dialogues\/espace-femmes\" target=\"_blank\" rel=\"noreferrer noopener\">Les Grands Dialogues de Studio Kalangou<\/a><br><\/p>\n<\/div>\n\n\n\n<figure class=\"wp-block-gallery alignleft has-nested-images columns-default is-cropped wp-block-gallery-1 is-layout-flex wp-block-gallery-is-layout-flex\">\n<figure class=\"wp-block-image alignleft size-full\"><img loading=\"lazy\" decoding=\"async\" width=\"1321\" height=\"806\" data-id=\"18791\" src=\"https:\/\/www.hirondelle.org\/wp-content\/uploads\/2025\/05\/benin-image-vote.png\" alt=\"\" class=\"wp-image-18791\" style=\"aspect-ratio:1.3333333333333333;object-fit:cover\" srcset=\"https:\/\/www.hirondelle.org\/wp-content\/uploads\/2025\/05\/benin-image-vote.png 1321w, https:\/\/www.hirondelle.org\/wp-content\/uploads\/2025\/05\/benin-image-vote-300x183.png 300w, https:\/\/www.hirondelle.org\/wp-content\/uploads\/2025\/05\/benin-image-vote-1024x625.png 1024w, https:\/\/www.hirondelle.org\/wp-content\/uploads\/2025\/05\/benin-image-vote-768x469.png 768w, https:\/\/www.hirondelle.org\/wp-content\/uploads\/2025\/05\/benin-image-vote-1000x610.png 1000w\" sizes=\"auto, (max-width: 1321px) 100vw, 1321px\" \/><\/figure>\n<\/figure>\n\n\n\n<div class=\"wp-block-group has-global-padding is-layout-constrained wp-block-group-is-layout-constrained\">\n<h4 class=\"wp-block-heading\">Benin<\/h4>\n\n\n\n<p>Fondation Hirondelle&#8217;s programme in Benin aims to support the advocacy capabilities of Beninese civil society. As well as strengthening local media, round tables, magazines and public broadcasts are produced, bringing together various stakeholders in the public debate (CSOs, experts, authorities, etc.) and giving a voice to Beninese citizens. More specific training is also given, as required, to the women in FeRCAB&#8217;s women&#8217;s network and to CSOs, particularly in the use of digital technology, advocacy, communication techniques, local development and gender.<\/p>\n\n\n\n<p><\/p>\n\n\n\n<p><a href=\"https:\/\/www.hirondelle.org\/en\/our-work\/projects\/geographic\/africa\/benin\">Learn more about the project<\/a><br><br><\/p>\n<\/div>\n\n\n\n<h3 class=\"wp-block-heading\">REFERENCE Documents&nbsp;<\/h3>\n\n\n\n<p><strong>Gender:<\/strong><\/p>\n\n\n\n<p><a href=\"https:\/\/www.hirondelle.org\/en\/radio-as-an-empowering-environment-how-does-radio-broadcasting-in-mali-represent-women-s-web-of-relations\" target=\"_blank\" rel=\"noreferrer noopener\">Radio as an Empowering Environment: How Does Radio Broadcasting in Mali Represent Women\u2019s Web of Relations<\/a><\/p>\n\n\n\n<p><a href=\"https:\/\/www.hirondelle.org\/en\/assessment-of-studio-kalangou-s-impact-on-women-s-rights-and-empowerment-in-niger\" target=\"_blank\" rel=\"noreferrer noopener\"><\/a><a href=\"https:\/\/www.hirondelle.org\/en\/assessment-of-studio-kalangou-s-impact-on-women-s-rights-and-empowerment-in-niger\" target=\"_blank\" rel=\"noreferrer noopener\">Study of Studio Kalangou\u2019s impact on women\u2019s rights and empowerment in Niger (2019)<\/a><\/p>\n\n\n\n<p><br><strong><strong>Displaced people<\/strong><\/strong>:<\/p>\n\n\n\n<p><a href=\"\/wp-content\/uploads\/2024\/09\/1820_1819_2022_Burkina_Heywood_Ivey_Meuter_reachingZhardZtoZreachZaudiencesZusingZwhatsapp.pdf\" target=\"_blank\" rel=\"noreferrer noopener\">Reaching hard to reach communities using WhatsApp<\/a><\/p>\n\n\n\n<p><br><\/p>\n\n\n\n<div class=\"wp-block-group p-3 backgroundedBlock--gray h-100 has-global-padding is-layout-constrained wp-block-group-is-layout-constrained\">\n<h4 class=\"wp-block-heading has-text-align-left\">Find out more about our research on these topics:<\/h4>\n\n\n\n<ul class=\"wp-block-list\">\n<li>Gender : <a href=\"https:\/\/www.hirondelle.org\/en\/our-work\/knowledge-sharing\/research-and-learning#openDetail=genre\" target=\"_blank\" rel=\"noreferrer noopener\"><span style=\"text-decoration: underline;\">here<\/span><\/a><\/li>\n\n\n\n<li><a href=\"\/wp-content\/uploads\/2024\/11\/Comprendre-les-besoins-d-information-des-personnes-deplacees-internes-Burkina-Faso-2020-2021.pdf\" target=\"_blank\" rel=\"noreferrer noopener\">Comprendre les besoins d\u2019information des personnes d\u00e9plac\u00e9es internes (Burkina Faso, 2020 \u2013 2021)<\/a><\/li>\n\n\n\n<li><a href=\"\/wp-content\/uploads\/2024\/11\/Emissions-de-dialogue-et-engagement-citoyen-des-jeunes-madagascar-2020-2022.pdf\" target=\"_blank\" rel=\"noreferrer noopener\">\u00c9missions de dialogue et engagement citoyen des jeunes (Madagascar, 2020-2022)<\/a><\/li>\n<\/ul>\n<\/div>\n\n\n\n<h3 class=\"wp-block-heading\"><br>RELATED Articles<\/h3>\n\n\n<div data-truc=\"list69d8e53a5b64a\" class=\"\"><div class=\"row list\"><div class=\"col-md-3 post d-flex align-items-stretch\"><article id=\"post-21730\" class=\"articleList-item post-21730  post\">\r\n\t<a class=\"post-thumb\" href=\"https:\/\/www.hirondelle.org\/en\/african-women-in-media-conference-strengthening-the-protection-and-visibility-of-women-journalists-in-africa\" title=\"African Women in Media Conference: strengthening the protection and visibility of women journalists in Africa\">\r\n\t\t<img loading=\"lazy\" decoding=\"async\" width=\"500\" height=\"250\" src=\"https:\/\/www.hirondelle.org\/wp-content\/uploads\/2025\/12\/WhatsApp-Image-2025-12-05-at-10.00.06-e1765290199123-500x250.jpeg\" class=\"d-block w-100 h-auto wp-post-image\" alt=\"\" \/>\t<\/a>\r\n\t\t<a class=\"post-title\" href=\"https:\/\/www.hirondelle.org\/en\/african-women-in-media-conference-strengthening-the-protection-and-visibility-of-women-journalists-in-africa\" title=\"African Women in Media Conference: strengthening the protection and visibility of women journalists in Africa\" rel=\"bookmark\">\r\n\t\tAfrican Women in Media Conference: strengthening the protection and visibility of women journalists in Africa\t<\/a>\r\n\t<\/article><\/div><div class=\"col-md-3 post d-flex align-items-stretch\"><article id=\"post-20155\" class=\"articleList-item post-20155  post\">\r\n\t<a class=\"post-thumb\" href=\"https:\/\/www.hirondelle.org\/en\/womens-euro-2025-immersion-in-switzerland-for-seven-sahelian-journalists-on-sports-and-human-rights-issues\" title=\"Women\u2019s Euro 2025: Immersion in Switzerland on sports and human rights issues for seven Sahelian journalists\">\r\n\t\t<img loading=\"lazy\" decoding=\"async\" width=\"500\" height=\"250\" src=\"https:\/\/www.hirondelle.org\/wp-content\/uploads\/2025\/07\/WhatsApp-Image-2025-07-25-at-16.13.42-Copie-500x250.jpeg\" class=\"d-block w-100 h-auto wp-post-image\" alt=\"\" \/>\t<\/a>\r\n\t\t<a class=\"post-title\" href=\"https:\/\/www.hirondelle.org\/en\/womens-euro-2025-immersion-in-switzerland-for-seven-sahelian-journalists-on-sports-and-human-rights-issues\" title=\"Women\u2019s Euro 2025: Immersion in Switzerland on sports and human rights issues for seven Sahelian journalists\" rel=\"bookmark\">\r\n\t\tWomen\u2019s Euro 2025: Immersion in Switzerland on sports and human rights issues for seven Sahelian journalists\t<\/a>\r\n\t<\/article><\/div><div class=\"col-md-3 post d-flex align-items-stretch\"><article id=\"post-1953\" class=\"articleList-item post-1953  post\">\r\n\t<a class=\"post-thumb\" href=\"https:\/\/www.hirondelle.org\/en\/2022-annual-report\" title=\"2022 annual report\">\r\n\t\t<img loading=\"lazy\" decoding=\"async\" width=\"500\" height=\"250\" src=\"https:\/\/www.hirondelle.org\/wp-content\/uploads\/from-joomla\/6a3a0b770ea5a67437a45b728e7f1fdc-500x250.jpg\" class=\"d-block w-100 h-auto wp-post-image\" alt=\"\" \/>\t<\/a>\r\n\t\t<a class=\"post-title\" href=\"https:\/\/www.hirondelle.org\/en\/2022-annual-report\" title=\"2022 annual report\" rel=\"bookmark\">\r\n\t\t2022 annual report\t<\/a>\r\n\t<\/article><\/div><div class=\"col-md-3 post d-flex align-items-stretch\"><article id=\"post-1955\" class=\"articleList-item post-1955  post\">\r\n\t<a class=\"post-thumb\" href=\"https:\/\/www.hirondelle.org\/en\/2022-annual-report\" title=\"2022 annual report\">\r\n\t\t<img loading=\"lazy\" decoding=\"async\" width=\"500\" height=\"250\" src=\"https:\/\/www.hirondelle.org\/wp-content\/uploads\/from-joomla\/7407c3defbd08fb25d56b10c570c3f39-500x250.jpg\" class=\"d-block w-100 h-auto wp-post-image\" alt=\"\" \/>\t<\/a>\r\n\t\t<a class=\"post-title\" href=\"https:\/\/www.hirondelle.org\/en\/2022-annual-report\" title=\"2022 annual report\" rel=\"bookmark\">\r\n\t\t2022 annual report\t<\/a>\r\n\t<\/article><\/div><\/div><\/div>\t<div class=\"text-center\">\r\n\t\t<a class=\"btn btn-fh-green\" href=\"https:\/\/www.hirondelle.org\/en\/tag\/expertise-inclusion-and-participation\">See more articles<\/a>\r\n\t<\/div>\r\n\t","protected":false},"excerpt":{"rendered":"<p>Inclusion in public discourse encourages participation. Public service media must not only create useful journalism, but also ensure that dialogue and debate programmes are inclusive. Fondation Hirondelle develops and supports media outlets that promote the inclusion of all components of political and social life. Our projects encourage public participation in public discourse, create spaces for [&hellip;]<\/p>\n","protected":false},"author":9,"featured_media":0,"parent":13624,"menu_order":7,"comment_status":"closed","ping_status":"closed","template":"page-without-column.php","meta":{"_acf_changed":false,"footnotes":""},"class_list":["post-13738","page","type-page","status-publish","hentry"],"acf":[],"publishpress_future_action":{"enabled":false,"date":"2026-04-17 13:55:38","action":"change-status","newStatus":"draft","terms":[],"taxonomy":"translation_priority","extraData":[]},"publishpress_future_workflow_manual_trigger":{"enabledWorkflows":[]},"_links":{"self":[{"href":"https:\/\/www.hirondelle.org\/en\/wp-json\/wp\/v2\/pages\/13738","targetHints":{"allow":["GET"]}}],"collection":[{"href":"https:\/\/www.hirondelle.org\/en\/wp-json\/wp\/v2\/pages"}],"about":[{"href":"https:\/\/www.hirondelle.org\/en\/wp-json\/wp\/v2\/types\/page"}],"author":[{"embeddable":true,"href":"https:\/\/www.hirondelle.org\/en\/wp-json\/wp\/v2\/users\/9"}],"replies":[{"embeddable":true,"href":"https:\/\/www.hirondelle.org\/en\/wp-json\/wp\/v2\/comments?post=13738"}],"version-history":[{"count":20,"href":"https:\/\/www.hirondelle.org\/en\/wp-json\/wp\/v2\/pages\/13738\/revisions"}],"predecessor-version":[{"id":22699,"href":"https:\/\/www.hirondelle.org\/en\/wp-json\/wp\/v2\/pages\/13738\/revisions\/22699"}],"up":[{"embeddable":true,"href":"https:\/\/www.hirondelle.org\/en\/wp-json\/wp\/v2\/pages\/13624"}],"wp:attachment":[{"href":"https:\/\/www.hirondelle.org\/en\/wp-json\/wp\/v2\/media?parent=13738"}],"curies":[{"name":"wp","href":"https:\/\/api.w.org\/{rel}","templated":true}]}}