{"id":14234,"date":"2024-08-19T17:29:12","date_gmt":"2024-08-19T15:29:12","guid":{"rendered":"https:\/\/www.hirondelle.org\/?page_id=14234"},"modified":"2025-01-06T11:40:18","modified_gmt":"2025-01-06T10:40:18","slug":"ukrainian-decentralisation","status":"publish","type":"page","link":"https:\/\/www.hirondelle.org\/en\/our-work\/projects\/topical\/governance\/ukrainian-decentralisation","title":{"rendered":"Ukrainian decentralisation"},"content":{"rendered":"\n<figure class=\"wp-block-image size-large\"><img loading=\"lazy\" decoding=\"async\" width=\"1024\" height=\"343\" src=\"https:\/\/www.hirondelle.org\/wp-content\/uploads\/2024\/08\/banner_ukraine-1024x343.jpg\" alt=\"\" class=\"wp-image-9668\" srcset=\"https:\/\/www.hirondelle.org\/wp-content\/uploads\/2024\/08\/banner_ukraine-1024x343.jpg 1024w, https:\/\/www.hirondelle.org\/wp-content\/uploads\/2024\/08\/banner_ukraine-300x100.jpg 300w, https:\/\/www.hirondelle.org\/wp-content\/uploads\/2024\/08\/banner_ukraine-768x257.jpg 768w, https:\/\/www.hirondelle.org\/wp-content\/uploads\/2024\/08\/banner_ukraine-1536x514.jpg 1536w, https:\/\/www.hirondelle.org\/wp-content\/uploads\/2024\/08\/banner_ukraine-2048x685.jpg 2048w, https:\/\/www.hirondelle.org\/wp-content\/uploads\/2024\/08\/banner_ukraine-1000x335.jpg 1000w\" sizes=\"auto, (max-width: 1024px) 100vw, 1024px\" \/><\/figure>\n\n\n\n<p>In 2016, Fondation Hirondelle initiated and supervised the production of a website on the issue of decentralisation in Ukraine as seen through the combined viewpoints of 6 young Ukrainian journalists assisted by 2 non-Ukrainian journalists specialising in the country. Since late 2014, we had been working on developing a project in this country, which is still affected by a devastating information war.<\/p>\n\n\n\n<p>An initial evaluation in Ukraine in late 2014 revealed the need to create a network of media outlets and local journalists in order to produce independent and reliable online, TV and radio news programmes. This project made it possible to strengthen existing media and offer their audiences a range of balanced viewpoints to stimulate dialogue and debate, especially in the areas sometimes overlooked by Kiev.<\/p>\n\n\n\n\n\t\t<style type=\"text\/css\">\n\t\t\t#gallery-1 {\n\t\t\t\tmargin: auto;\n\t\t\t}\n\t\t\t#gallery-1 .gallery-item {\n\t\t\t\tfloat: left;\n\t\t\t\tmargin-top: 10px;\n\t\t\t\ttext-align: center;\n\t\t\t\twidth: 33%;\n\t\t\t}\n\t\t\t#gallery-1 img {\n\t\t\t\tborder: 2px solid #cfcfcf;\n\t\t\t}\n\t\t\t#gallery-1 .gallery-caption {\n\t\t\t\tmargin-left: 0;\n\t\t\t}\n\t\t\t\/* see gallery_shortcode() in wp-includes\/media.php *\/\n\t\t<\/style>\n\t\t<div id='gallery-1' class='gallery galleryid-14234 gallery-columns-3 gallery-size-thumbnail'><dl class='gallery-item'>\n\t\t\t<dt class='gallery-icon landscape'>\n\t\t\t\t<a href='https:\/\/www.hirondelle.org\/en\/our-work\/projects\/topical\/governance\/ukrainian-decentralisation\/op_ukraine_1-2'><img loading=\"lazy\" decoding=\"async\" width=\"150\" height=\"150\" src=\"https:\/\/www.hirondelle.org\/wp-content\/uploads\/2024\/08\/op_ukraine_1-150x150.jpg\" class=\"attachment-thumbnail size-thumbnail\" alt=\"\" aria-describedby=\"gallery-1-9674\" \/><\/a>\n\t\t\t<\/dt>\n\t\t\t\t<dd class='wp-caption-text gallery-caption' id='gallery-1-9674'>\n\t\t\t\tLe gouverneur de la r\u00e9gion de Transcarpathie en Ukraine, interview\u00e9 pour le projet \u00ab Regards sur la d\u00e9centralisation \u00bb\n\t\t\t\t<\/dd><\/dl><dl class='gallery-item'>\n\t\t\t<dt class='gallery-icon landscape'>\n\t\t\t\t<a href='https:\/\/www.hirondelle.org\/en\/our-work\/projects\/topical\/governance\/ukrainian-decentralisation\/op_ukraine_2-2'><img loading=\"lazy\" decoding=\"async\" width=\"150\" height=\"150\" src=\"https:\/\/www.hirondelle.org\/wp-content\/uploads\/2024\/08\/op_ukraine_2-150x150.jpg\" class=\"attachment-thumbnail size-thumbnail\" alt=\"\" aria-describedby=\"gallery-1-9677\" srcset=\"https:\/\/www.hirondelle.org\/wp-content\/uploads\/2024\/08\/op_ukraine_2-150x150.jpg 150w, https:\/\/www.hirondelle.org\/wp-content\/uploads\/2024\/08\/op_ukraine_2-300x300.jpg 300w, https:\/\/www.hirondelle.org\/wp-content\/uploads\/2024\/08\/op_ukraine_2-768x768.jpg 768w, https:\/\/www.hirondelle.org\/wp-content\/uploads\/2024\/08\/op_ukraine_2.jpg 960w\" sizes=\"auto, (max-width: 150px) 100vw, 150px\" \/><\/a>\n\t\t\t<\/dt>\n\t\t\t\t<dd class='wp-caption-text gallery-caption' id='gallery-1-9677'>\n\t\t\t\tReportage dans un village \u00e0 l\u2019Ouest de l\u2019Ukraine, par les journalistes soutenus par la Fondation Hirondelle\n\t\t\t\t<\/dd><\/dl><dl class='gallery-item'>\n\t\t\t<dt class='gallery-icon landscape'>\n\t\t\t\t<a href='https:\/\/www.hirondelle.org\/en\/our-work\/projects\/topical\/governance\/ukrainian-decentralisation\/op_ukraine_3-2'><img loading=\"lazy\" decoding=\"async\" width=\"150\" height=\"150\" src=\"https:\/\/www.hirondelle.org\/wp-content\/uploads\/2024\/08\/op_ukraine_3-150x150.jpg\" class=\"attachment-thumbnail size-thumbnail\" alt=\"\" aria-describedby=\"gallery-1-9680\" \/><\/a>\n\t\t\t<\/dt>\n\t\t\t\t<dd class='wp-caption-text gallery-caption' id='gallery-1-9680'>\n\t\t\t\tPoliciers \u00e0 Oujogorod, pr\u00e8s de la fronti\u00e8re Slovaque, lors du reportage consacr\u00e9 \u00e0 la r\u00e9forme des forces de s\u00e9curit\u00e9 dans les r\u00e9gions ukrainiennes\n\t\t\t\t<\/dd><\/dl><br style=\"clear: both\" \/>\n\t\t<\/div>\n\n\n\n\n<p><br>In spring 2016, we set up a pilot project with support from Fondation Vidrodgenia. The goal was to cover decentralisation, which is a major issue for crisis resolution in the country, through the combined perspectives of 6 young Ukrainian journalists assisted by 2 journalists specialising in the country. Blending points of view in regions often overlooked by national media resulted in true-to-life reporting that reflected the concerns of local people. The videos were broadcast by Ukrainian and Swiss media and were made available online via a dedicated website:\u00a0<a href=\"http:\/\/ukraine.hirondelle.org\/\" target=\"_blank\" rel=\"noreferrer noopener\">ukraine.hirondelle.org<\/a><\/p>\n","protected":false},"excerpt":{"rendered":"<p>In 2016, Fondation Hirondelle initiated and supervised the production of a website on the issue of decentralisation in Ukraine as seen through the combined viewpoints of 6 young Ukrainian journalists assisted by 2 non-Ukrainian journalists specialising in the country. Since late 2014, we had been working on developing a project in this country, which is [&hellip;]<\/p>\n","protected":false},"author":9,"featured_media":0,"parent":14231,"menu_order":4,"comment_status":"closed","ping_status":"closed","template":"","meta":{"_acf_changed":false,"footnotes":""},"class_list":["post-14234","page","type-page","status-publish","hentry"],"acf":[],"publishpress_future_action":{"enabled":false,"date":"2026-04-20 20:54:23","action":"change-status","newStatus":"draft","terms":[],"taxonomy":"translation_priority","extraData":[]},"publishpress_future_workflow_manual_trigger":{"enabledWorkflows":[]},"_links":{"self":[{"href":"https:\/\/www.hirondelle.org\/en\/wp-json\/wp\/v2\/pages\/14234","targetHints":{"allow":["GET"]}}],"collection":[{"href":"https:\/\/www.hirondelle.org\/en\/wp-json\/wp\/v2\/pages"}],"about":[{"href":"https:\/\/www.hirondelle.org\/en\/wp-json\/wp\/v2\/types\/page"}],"author":[{"embeddable":true,"href":"https:\/\/www.hirondelle.org\/en\/wp-json\/wp\/v2\/users\/9"}],"replies":[{"embeddable":true,"href":"https:\/\/www.hirondelle.org\/en\/wp-json\/wp\/v2\/comments?post=14234"}],"version-history":[{"count":4,"href":"https:\/\/www.hirondelle.org\/en\/wp-json\/wp\/v2\/pages\/14234\/revisions"}],"predecessor-version":[{"id":14241,"href":"https:\/\/www.hirondelle.org\/en\/wp-json\/wp\/v2\/pages\/14234\/revisions\/14241"}],"up":[{"embeddable":true,"href":"https:\/\/www.hirondelle.org\/en\/wp-json\/wp\/v2\/pages\/14231"}],"wp:attachment":[{"href":"https:\/\/www.hirondelle.org\/en\/wp-json\/wp\/v2\/media?parent=14234"}],"curies":[{"name":"wp","href":"https:\/\/api.w.org\/{rel}","templated":true}]}}