{"id":14288,"date":"2024-08-26T16:48:34","date_gmt":"2024-08-26T14:48:34","guid":{"rendered":"https:\/\/www.hirondelle.org\/?page_id=14288"},"modified":"2025-01-06T16:01:16","modified_gmt":"2025-01-06T15:01:16","slug":"violence-in-the-sahel","status":"publish","type":"page","link":"https:\/\/www.hirondelle.org\/en\/our-work\/projects\/topical\/violence\/violence-in-the-sahel","title":{"rendered":"Violence in the Sahel"},"content":{"rendered":"\n<p>The threat of violent extremism in the Sahel is the overriding concern of the population, authorities, partners, humanitarian actors and the media. In 2022, Fondation Hirondelle and the violent extremism prevention programme of the Peace and Human Rights Division of the Swiss Federal Department of Foreign Affairs (DFAE) jointly developed a pilot project to support West African media in fulfilling their role as information providers and actors for peace in this violent environment and the various conflicts that develop within it. The DFAE funded the 18-month project.<\/p>\n\n\n\n<p>A team of 25 journalists working in 7 of the region\u2019s countries (Mali, Niger, Burkina Faso, Guinea, Ivory Coast, Togo and Benin) were selected to take part in the project. Four week-long training sessions were held in Ouagadougou from November 2022 to December 2023. Journalists were provided with training on key issues around peace, including the importance of prevention, inclusion and dialogue. Other media points were also addressed, such as journalistic formats and associated risks; security for the media and journalists; and the prevention of and approach to trauma.<\/p>\n\n\n\n<p>In the periods between training sessions, participants were provided with coaching to apply the knowledge they had acquired through the training to the production of media content. Several productions resulting from this project received awards or had a significant local impact. Participants were also provided with equipment. To ensure the sustainability of the network created within the training group and to participate in sharing the knowledge they had acquired, the group decided to form an association. R\u00e9seau Ouest-Africain de Journalistes Engag\u00e9\u00b7e\u00b7s pour la Paix (ROAJEP) is now a registered association in Ouagadougou. It aims to assist in the creation of co-productions between its media members, and to set up training sessions in local training centres.<\/p>\n\n\n\n<p>Learn more about the productions created during the project:<\/p>\n\n\n\n<figure class=\"wp-block-image aligncenter size-full is-resized\"><img loading=\"lazy\" decoding=\"async\" width=\"890\" height=\"676\" src=\"https:\/\/www.hirondelle.org\/wp-content\/uploads\/2024\/08\/media-violence-sahel-picture.jpg\" alt=\"\" class=\"wp-image-10122\" style=\"width:877px;height:auto\" srcset=\"https:\/\/www.hirondelle.org\/wp-content\/uploads\/2024\/08\/media-violence-sahel-picture.jpg 890w, https:\/\/www.hirondelle.org\/wp-content\/uploads\/2024\/08\/media-violence-sahel-picture-300x228.jpg 300w, https:\/\/www.hirondelle.org\/wp-content\/uploads\/2024\/08\/media-violence-sahel-picture-768x583.jpg 768w\" sizes=\"auto, (max-width: 890px) 100vw, 890px\" \/><\/figure>\n\n\n\n<p><em><em>Participant locations (in alphabetical order):<\/em> Abala, Bamako, Bobo-Dioulasso, Conakry, Cotonou, Diffa, Fada-Ngourma, Gaya, Kadiolo, Kara, Kouand\u00e9, Lom\u00e9, Mamou, Maradi, M\u00e9naka, Mopti, Niamey, Odienn\u00e9, Ouagadougou, Ouahigouya, Parakou, Porto-Novo, S\u00e9gou<\/em><\/p>\n\n\n\n<p><\/p>\n\n\n\n<p>Project term: 18 month<\/p>\n\n\n\n<p>Funding:<\/p>\n\n\n\n<ul class=\"wp-block-list\">\n<li>Switzerland<\/li>\n<\/ul>\n\n\n\n<figure class=\"wp-block-embed is-type-rich is-provider-soundcloud wp-block-embed-soundcloud wp-embed-aspect-4-3 wp-has-aspect-ratio\"><div class=\"wp-block-embed__wrapper\">\n<iframe loading=\"lazy\" title=\"Formation &quot;Pr\u00e9vention de la violence et M\u00e9dias&quot;\" width=\"500\" height=\"450\" scrolling=\"no\" frameborder=\"no\" src=\"https:\/\/w.soundcloud.com\/player\/?visual=true&#038;url=https%3A%2F%2Fapi.soundcloud.com%2Fusers%2F1180119979&#038;show_artwork=true&#038;maxheight=750&#038;maxwidth=500\"><\/iframe>\n<\/div><\/figure>\n","protected":false},"excerpt":{"rendered":"<p>The threat of violent extremism in the Sahel is the overriding concern of the population, authorities, partners, humanitarian actors and the media. In 2022, Fondation Hirondelle and the violent extremism prevention programme of the Peace and Human Rights Division of the Swiss Federal Department of Foreign Affairs (DFAE) jointly developed a pilot project to support [&hellip;]<\/p>\n","protected":false},"author":9,"featured_media":0,"parent":14278,"menu_order":2,"comment_status":"closed","ping_status":"closed","template":"","meta":{"_acf_changed":false,"footnotes":""},"class_list":["post-14288","page","type-page","status-publish","hentry"],"acf":[],"publishpress_future_action":{"enabled":false,"date":"2026-04-20 22:25:32","action":"change-status","newStatus":"draft","terms":[],"taxonomy":"translation_priority","extraData":[]},"publishpress_future_workflow_manual_trigger":{"enabledWorkflows":[]},"_links":{"self":[{"href":"https:\/\/www.hirondelle.org\/en\/wp-json\/wp\/v2\/pages\/14288","targetHints":{"allow":["GET"]}}],"collection":[{"href":"https:\/\/www.hirondelle.org\/en\/wp-json\/wp\/v2\/pages"}],"about":[{"href":"https:\/\/www.hirondelle.org\/en\/wp-json\/wp\/v2\/types\/page"}],"author":[{"embeddable":true,"href":"https:\/\/www.hirondelle.org\/en\/wp-json\/wp\/v2\/users\/9"}],"replies":[{"embeddable":true,"href":"https:\/\/www.hirondelle.org\/en\/wp-json\/wp\/v2\/comments?post=14288"}],"version-history":[{"count":1,"href":"https:\/\/www.hirondelle.org\/en\/wp-json\/wp\/v2\/pages\/14288\/revisions"}],"predecessor-version":[{"id":14289,"href":"https:\/\/www.hirondelle.org\/en\/wp-json\/wp\/v2\/pages\/14288\/revisions\/14289"}],"up":[{"embeddable":true,"href":"https:\/\/www.hirondelle.org\/en\/wp-json\/wp\/v2\/pages\/14278"}],"wp:attachment":[{"href":"https:\/\/www.hirondelle.org\/en\/wp-json\/wp\/v2\/media?parent=14288"}],"curies":[{"name":"wp","href":"https:\/\/api.w.org\/{rel}","templated":true}]}}