{"id":18741,"date":"2025-05-07T09:29:56","date_gmt":"2025-05-07T07:29:56","guid":{"rendered":"https:\/\/www.hirondelle.org\/?page_id=18741"},"modified":"2025-05-07T09:38:27","modified_gmt":"2025-05-07T07:38:27","slug":"media-for-stronger-civil-society-benin","status":"publish","type":"page","link":"https:\/\/www.hirondelle.org\/en\/our-work\/projects\/topical\/governance\/media-for-stronger-civil-society-benin","title":{"rendered":"Media for a stronger civil society &#8211; Benin"},"content":{"rendered":"\n<figure class=\"wp-block-image size-full w-100\"><img loading=\"lazy\" decoding=\"async\" width=\"2000\" height=\"931\" src=\"https:\/\/www.hirondelle.org\/wp-content\/uploads\/2024\/09\/banner-benin.jpg\" alt=\"\u00a9Yanick Folly - Un \u00e9lecteur est assist\u00e9 par des agents \u00e9lectoraux dans un bureau de vote de l'\u00e9cole primaire publique d'Agla Est \u00e0 Cotonou lors des \u00e9lections l\u00e9gislatives au B\u00e9nin le 8 janvier 2023\" class=\"wp-image-12182\" srcset=\"https:\/\/www.hirondelle.org\/wp-content\/uploads\/2024\/09\/banner-benin.jpg 2000w, https:\/\/www.hirondelle.org\/wp-content\/uploads\/2024\/09\/banner-benin-300x140.jpg 300w, https:\/\/www.hirondelle.org\/wp-content\/uploads\/2024\/09\/banner-benin-1024x477.jpg 1024w, https:\/\/www.hirondelle.org\/wp-content\/uploads\/2024\/09\/banner-benin-768x358.jpg 768w, https:\/\/www.hirondelle.org\/wp-content\/uploads\/2024\/09\/banner-benin-1536x715.jpg 1536w, https:\/\/www.hirondelle.org\/wp-content\/uploads\/2024\/09\/banner-benin-1000x466.jpg 1000w\" sizes=\"auto, (max-width: 2000px) 100vw, 2000px\" \/><figcaption class=\"wp-element-caption\">\u00a9Yanick Folly &#8211; A voter is assisted by election officials at a polling station in the Agla Est public primary school in Cotonou during the legislative elections in Benin on 8 January 2023.<\/figcaption><\/figure>\n\n\n\n<p><br><\/p>\n\n\n\n<p>Although Benin\u2019s thriving media landscape is made up of several media outlets, the civic space is shrinking under the pressures of restrictive legislation and political interference. Self-regulation is complicated, and journalists are facing the risk of self-censorship and poor working conditions that threaten the independence of the media.<\/p>\n\n\n\n<p>In September 2024, Fondation Hirondelle launched a new project aimed at supporting the advocacy capabilities of Beninese civil society. This EU-funded project focuses on the broadcast of independent, responsible and inclusive news by placing Beninese citizens at the heart of public discourse.&nbsp; To achieve this goal, Fondation Hirondelle has developed key partnerships with FeRCAB (F\u00e9d\u00e9ration des Radios Communautaires et Assimil\u00e9es du B\u00e9nin), already a partner in a 2020\u20132021 multi-country Covid-19 anti-disinformation project; and Ek\u00f4lab, a laboratory for quality journalism in West Africa that promotes rigorous and informative journalism.<\/p>\n\n\n\n<p>Working closely with FeRCAB and Ek\u00f4lab, Fondation Hirondelle has set itself a twofold objective: firstly, to help local media work effectively with civil society organisations (CSOs) and report on the concerns of citizens; and secondly, to improve people\u2019s access to and participation in local media content focused on local development issues.&nbsp; This content includes programmes on promoting a culture of gender equality; governance; the effects of climate change; and the environment. To find out more about our inclusion and participation programmes, <a href=\"https:\/\/www.hirondelle.org\/en\/our-areas-of-expertise\/inclusion-and-participation\">visit our dedicated page<\/a>.<\/p>\n\n\n\n<div style=\"height:31px\" aria-hidden=\"true\" class=\"wp-block-spacer\"><\/div>\n\n\n\n<p>Local media selected over the course of the project are provided with support to produce on- and offline media content in Benin\u2019s national languages and in French. Round tables, current affairs shows and public programmes are produced, bringing together diverse public discourse stakeholders including CSOs, experts and officials. These media outlets broadcast this content on the airwaves and on digital platforms (Facebook, WhatsApp, websites, etc.). Once a year, the radio stations vote for the year\u2019s best content, which is then broadcast by all FeRCAB stations.<\/p>\n\n\n\n<p>FeRCAB station employees receive training and coaching sessions on journalism techniques. More specific needs-based training is also offered to CSOs and women in the FeRCAB women\u2019s network on subjects such as using digital technology; advocacy; communication techniques; local development; and gender issues. To find out more about our operations in Benin, <a href=\"https:\/\/www.hirondelle.org\/en\/our-work\/projects\/geographic\/africa\/benin\">visit our dedicated page.<\/a><\/p>\n\n\n\n<p><br><\/p>\n","protected":false},"excerpt":{"rendered":"<p>Although Benin\u2019s thriving media landscape is made up of several media outlets, the civic space is shrinking under the pressures of restrictive legislation and political interference. Self-regulation is complicated, and journalists are facing the risk of self-censorship and poor working conditions that threaten the independence of the media. In September 2024, Fondation Hirondelle launched a [&hellip;]<\/p>\n","protected":false},"author":7,"featured_media":0,"parent":14231,"menu_order":2,"comment_status":"closed","ping_status":"closed","template":"","meta":{"_acf_changed":false,"footnotes":""},"class_list":["post-18741","page","type-page","status-publish","hentry"],"acf":[],"publishpress_future_action":{"enabled":false,"date":"2026-04-22 11:18:48","action":"change-status","newStatus":"draft","terms":[],"taxonomy":"translation_priority","extraData":[]},"publishpress_future_workflow_manual_trigger":{"enabledWorkflows":[]},"_links":{"self":[{"href":"https:\/\/www.hirondelle.org\/en\/wp-json\/wp\/v2\/pages\/18741","targetHints":{"allow":["GET"]}}],"collection":[{"href":"https:\/\/www.hirondelle.org\/en\/wp-json\/wp\/v2\/pages"}],"about":[{"href":"https:\/\/www.hirondelle.org\/en\/wp-json\/wp\/v2\/types\/page"}],"author":[{"embeddable":true,"href":"https:\/\/www.hirondelle.org\/en\/wp-json\/wp\/v2\/users\/7"}],"replies":[{"embeddable":true,"href":"https:\/\/www.hirondelle.org\/en\/wp-json\/wp\/v2\/comments?post=18741"}],"version-history":[{"count":3,"href":"https:\/\/www.hirondelle.org\/en\/wp-json\/wp\/v2\/pages\/18741\/revisions"}],"predecessor-version":[{"id":18748,"href":"https:\/\/www.hirondelle.org\/en\/wp-json\/wp\/v2\/pages\/18741\/revisions\/18748"}],"up":[{"embeddable":true,"href":"https:\/\/www.hirondelle.org\/en\/wp-json\/wp\/v2\/pages\/14231"}],"wp:attachment":[{"href":"https:\/\/www.hirondelle.org\/en\/wp-json\/wp\/v2\/media?parent=18741"}],"curies":[{"name":"wp","href":"https:\/\/api.w.org\/{rel}","templated":true}]}}