{"id":10043,"date":"2024-08-26T12:19:45","date_gmt":"2024-08-26T10:19:45","guid":{"rendered":"https:\/\/www.hirondelle.org\/?page_id=10043"},"modified":"2025-01-06T16:59:56","modified_gmt":"2025-01-06T15:59:56","slug":"burundi","status":"publish","type":"page","link":"https:\/\/www.hirondelle.org\/fr\/que-faisons-nous\/operations\/geographiques\/afrique\/burundi","title":{"rendered":"Burundi"},"content":{"rendered":"\n<figure class=\"wp-block-image size-large\"><img loading=\"lazy\" decoding=\"async\" width=\"1024\" height=\"384\" src=\"https:\/\/www.hirondelle.org\/wp-content\/uploads\/2024\/08\/banner-burundi-1-1024x384.jpg\" alt=\"\" class=\"wp-image-10050\" srcset=\"https:\/\/www.hirondelle.org\/wp-content\/uploads\/2024\/08\/banner-burundi-1-1024x384.jpg 1024w, https:\/\/www.hirondelle.org\/wp-content\/uploads\/2024\/08\/banner-burundi-1-300x113.jpg 300w, https:\/\/www.hirondelle.org\/wp-content\/uploads\/2024\/08\/banner-burundi-1-768x288.jpg 768w, https:\/\/www.hirondelle.org\/wp-content\/uploads\/2024\/08\/banner-burundi-1-1536x576.jpg 1536w, https:\/\/www.hirondelle.org\/wp-content\/uploads\/2024\/08\/banner-burundi-1-1000x375.jpg 1000w, https:\/\/www.hirondelle.org\/wp-content\/uploads\/2024\/08\/banner-burundi-1.jpg 2000w\" sizes=\"auto, (max-width: 1024px) 100vw, 1024px\" \/><\/figure>\n\n\n\n<p>En partenariat avec l\u2019ONG Radio La Benevolencija, la Fondation Hirondelle a mis en &nbsp;\u0153uvre de janvier 2021 \u00e0 f\u00e9vrier 2023 un projet visant \u00e0 renforcer les capacit\u00e9s des journalistes et professionnel\u00b7le\u00b7s des m\u00e9dias au Burundi, financ\u00e9 par l\u2019Union europ\u00e9enne.<\/p>\n\n\n\n<p>Les b\u00e9n\u00e9ficiaires directs de ce projet \u00e9taient 10 m\u00e9dias burundais et leurs employ\u00e9\u00b7e\u00b7s (journalistes, technicien\u00b7ne\u00b7s, gestionnaires, etc.) ; 2 associations locales et leurs employ\u00e9\u00b7e\u00b7s : Association Burundaise des Femmes Journalistes (AFJO) et l\u2019Association Burundaise des Radio-diffuseurs (ABR).<\/p>\n\n\n\n<p>Les b\u00e9n\u00e9ficiaires indirects \u00e9taient les organisations li\u00e9es au secteur des m\u00e9dias, invit\u00e9es aux formations telles que les associations locales et les ONG ; les consommateurs de m\u00e9dias et la population en g\u00e9n\u00e9ral.<\/p>\n\n\n\n\n\t\t<style type=\"text\/css\">\n\t\t\t#gallery-1 {\n\t\t\t\tmargin: auto;\n\t\t\t}\n\t\t\t#gallery-1 .gallery-item {\n\t\t\t\tfloat: left;\n\t\t\t\tmargin-top: 10px;\n\t\t\t\ttext-align: center;\n\t\t\t\twidth: 33%;\n\t\t\t}\n\t\t\t#gallery-1 img {\n\t\t\t\tborder: 2px solid #cfcfcf;\n\t\t\t}\n\t\t\t#gallery-1 .gallery-caption {\n\t\t\t\tmargin-left: 0;\n\t\t\t}\n\t\t\t\/* see gallery_shortcode() in wp-includes\/media.php *\/\n\t\t<\/style>\n\t\t<div id='gallery-1' class='gallery galleryid-10043 gallery-columns-3 gallery-size-thumbnail'><dl class='gallery-item'>\n\t\t\t<dt class='gallery-icon landscape'>\n\t\t\t\t<a href='https:\/\/www.hirondelle.org\/fr\/que-faisons-nous\/operations\/geographiques\/afrique\/burundi\/op_burundi_1'><img loading=\"lazy\" decoding=\"async\" width=\"150\" height=\"150\" src=\"https:\/\/www.hirondelle.org\/wp-content\/uploads\/2024\/08\/op_burundi_1-150x150.jpg\" class=\"attachment-thumbnail size-thumbnail\" alt=\"\" \/><\/a>\n\t\t\t<\/dt><\/dl><dl class='gallery-item'>\n\t\t\t<dt class='gallery-icon landscape'>\n\t\t\t\t<a href='https:\/\/www.hirondelle.org\/fr\/que-faisons-nous\/operations\/geographiques\/afrique\/burundi\/op_burundi_2'><img loading=\"lazy\" decoding=\"async\" width=\"150\" height=\"150\" src=\"https:\/\/www.hirondelle.org\/wp-content\/uploads\/2024\/08\/op_burundi_2-150x150.jpg\" class=\"attachment-thumbnail size-thumbnail\" alt=\"\" \/><\/a>\n\t\t\t<\/dt><\/dl><dl class='gallery-item'>\n\t\t\t<dt class='gallery-icon landscape'>\n\t\t\t\t<a href='https:\/\/www.hirondelle.org\/fr\/que-faisons-nous\/operations\/geographiques\/afrique\/burundi\/op_burundi_3'><img loading=\"lazy\" decoding=\"async\" width=\"150\" height=\"150\" src=\"https:\/\/www.hirondelle.org\/wp-content\/uploads\/2024\/08\/op_burundi_3-150x150.jpg\" class=\"attachment-thumbnail size-thumbnail\" alt=\"\" \/><\/a>\n\t\t\t<\/dt><\/dl><br style=\"clear: both\" \/>\n\t\t<\/div>\n\n\n\n\n<p><br>Des crit\u00e8res de s\u00e9lections permettant de s\u2019assurer que les m\u00e9dias s\u00e9lectionn\u00e9s ont la capacit\u00e9 de d\u00e9ployer les comp\u00e9tences acquises pour produire et diffuser des informations fiables et factuelles ont \u00e9t\u00e9 appliqu\u00e9s. Le projet invitait syst\u00e9matiquement, lors des sessions et ateliers de formation, plus de m\u00e9dias que les 10 b\u00e9n\u00e9ficiaires directs, en particulier la Radio et T\u00e9l\u00e9vision Nationale (RTNB), afin d&rsquo;assurer la repr\u00e9sentation et l&rsquo;inclusion de tous les m\u00e9dias.<\/p>\n\n\n\n<p>Le processus de s\u00e9lection prenait \u00e9galement en consid\u00e9ration les m\u00e9dias sociaux, bien qu&rsquo;ayant relativement moins de publics, mais adressant leurs contenus \u00e0 une population plus jeune.<\/p>\n\n\n\n<p>Aux termes du projet, les associations burundaises participant aux ateliers de formations ont pu d\u00e9velopper de nouvelles comp\u00e9tences pour renforcer leurs capacit\u00e9s en tant qu&rsquo;acteurs structurels de l&rsquo;environnement m\u00e9diatique. Les capacit\u00e9s professionnelles des r\u00e9dactions ont \u00e9t\u00e9 renforc\u00e9es. Ainsi les m\u00e9dias burundais participant au projet ont acquis de nouvelles comp\u00e9tences et de nouveaux outils et d\u00e9velopp\u00e9 de nouvelles strat\u00e9gies et synergies pour renforcer leurs capacit\u00e9s \u00e0 \u00eatre des acteurs durables du secteur des m\u00e9dias.<\/p>\n\n\n\n<p>Dur\u00e9e du projet&nbsp;: 24 mois<\/p>\n\n\n\n<p>Source de financement :<\/p>\n\n\n\n<ul class=\"wp-block-list\">\n<li>Union Europ\u00e9enne<\/li>\n<\/ul>\n","protected":false},"excerpt":{"rendered":"<p>En partenariat avec l\u2019ONG Radio La Benevolencija, la Fondation Hirondelle a mis en &nbsp;\u0153uvre de janvier 2021 \u00e0 f\u00e9vrier 2023 un projet visant \u00e0 renforcer les capacit\u00e9s des journalistes et professionnel\u00b7le\u00b7s des m\u00e9dias au Burundi, financ\u00e9 par l\u2019Union europ\u00e9enne. Les b\u00e9n\u00e9ficiaires directs de ce projet \u00e9taient 10 m\u00e9dias burundais et leurs employ\u00e9\u00b7e\u00b7s (journalistes, technicien\u00b7ne\u00b7s, gestionnaires, [&hellip;]<\/p>\n","protected":false},"author":9,"featured_media":0,"parent":231,"menu_order":3,"comment_status":"closed","ping_status":"closed","template":"","meta":{"_acf_changed":false,"footnotes":""},"class_list":["post-10043","page","type-page","status-publish","hentry"],"acf":[],"publishpress_future_action":{"enabled":false,"date":"2026-04-20 20:10:28","action":"change-status","newStatus":"draft","terms":[],"taxonomy":"translation_priority","extraData":[]},"publishpress_future_workflow_manual_trigger":{"enabledWorkflows":[]},"_links":{"self":[{"href":"https:\/\/www.hirondelle.org\/fr\/wp-json\/wp\/v2\/pages\/10043","targetHints":{"allow":["GET"]}}],"collection":[{"href":"https:\/\/www.hirondelle.org\/fr\/wp-json\/wp\/v2\/pages"}],"about":[{"href":"https:\/\/www.hirondelle.org\/fr\/wp-json\/wp\/v2\/types\/page"}],"author":[{"embeddable":true,"href":"https:\/\/www.hirondelle.org\/fr\/wp-json\/wp\/v2\/users\/9"}],"replies":[{"embeddable":true,"href":"https:\/\/www.hirondelle.org\/fr\/wp-json\/wp\/v2\/comments?post=10043"}],"version-history":[{"count":16,"href":"https:\/\/www.hirondelle.org\/fr\/wp-json\/wp\/v2\/pages\/10043\/revisions"}],"predecessor-version":[{"id":14307,"href":"https:\/\/www.hirondelle.org\/fr\/wp-json\/wp\/v2\/pages\/10043\/revisions\/14307"}],"up":[{"embeddable":true,"href":"https:\/\/www.hirondelle.org\/fr\/wp-json\/wp\/v2\/pages\/231"}],"wp:attachment":[{"href":"https:\/\/www.hirondelle.org\/fr\/wp-json\/wp\/v2\/media?parent=10043"}],"curies":[{"name":"wp","href":"https:\/\/api.w.org\/{rel}","templated":true}]}}