{"id":10065,"date":"2024-08-26T12:42:01","date_gmt":"2024-08-26T10:42:01","guid":{"rendered":"https:\/\/www.hirondelle.org\/?page_id=10065"},"modified":"2024-08-28T15:04:25","modified_gmt":"2024-08-28T13:04:25","slug":"burkina-faso-appui-radio-television","status":"publish","type":"page","link":"https:\/\/www.hirondelle.org\/fr\/que-faisons-nous\/operations\/geographiques\/afrique\/burkina-faso\/burkina-faso-appui-radio-television","title":{"rendered":"Ancien projet"},"content":{"rendered":"\n<figure class=\"wp-block-image size-large\"><img loading=\"lazy\" decoding=\"async\" width=\"1024\" height=\"341\" src=\"https:\/\/www.hirondelle.org\/wp-content\/uploads\/2024\/08\/burkina_banner-1024x341.jpg\" alt=\"\" class=\"wp-image-10070\" srcset=\"https:\/\/www.hirondelle.org\/wp-content\/uploads\/2024\/08\/burkina_banner-1024x341.jpg 1024w, https:\/\/www.hirondelle.org\/wp-content\/uploads\/2024\/08\/burkina_banner-300x100.jpg 300w, https:\/\/www.hirondelle.org\/wp-content\/uploads\/2024\/08\/burkina_banner-768x256.jpg 768w, https:\/\/www.hirondelle.org\/wp-content\/uploads\/2024\/08\/burkina_banner-1536x512.jpg 1536w, https:\/\/www.hirondelle.org\/wp-content\/uploads\/2024\/08\/burkina_banner-1000x333.jpg 1000w, https:\/\/www.hirondelle.org\/wp-content\/uploads\/2024\/08\/burkina_banner.jpg 1618w\" sizes=\"auto, (max-width: 1024px) 100vw, 1024px\" \/><\/figure>\n\n\n\n<p>La Radio T\u00e9l\u00e9vision du Burkina (RTB)\u00a0a re\u00e7u un appui de la Fondation Hirondelle pendant 18 mois, d\u2019ao\u00fbt 2015 \u00e0 d\u00e9cembre 2016, pour apporter son\u00a0expertise \u00e9ditoriale, des\u00a0formations\u00a0et des\u00a0\u00e9quipements\u00a0contribuant \u00e0\u00a0rapprocher\u00a0ce m\u00e9dia public des pr\u00e9occupations de la population, alors que le pays effectuait une\u00a0transition d\u00e9mocratique\u00a0historique apr\u00e8s l\u2019insurrection\u00a0populaire de fin 2014. Plus de 160\u00a0journalistes\u00a0et\u00a0technicien\u00b7ne\u00b7s\u00a0ont \u00e9t\u00e9 form\u00e9\u00b7e\u00b7s, 23\u00a0grands reportages\u00a0produits, 4 s\u00e9minaires publics organis\u00e9s sur le futur de la diffusion du\u00a0service public, et 4\u00a0enqu\u00eates\u00a0d\u2019audience qualitatives et quantitatives r\u00e9alis\u00e9es.<\/p>\n\n\n\n<p>La Fondation Hirondelle effectue une premi\u00e8re mission au\u00a0Burkina Faso\u00a0en septembre 2015, suite \u00e0 une requ\u00eate de la\u00a0RTB\u00a0pour du mat\u00e9riel et du soutien \u00e9ditorial apr\u00e8s\u00a0l\u2019insurrection populaire\u00a0de fin 2014 menant au d\u00e9part de l\u2019ancien Pr\u00e9sident Blaise Compaor\u00e9. Le\u00a0partenariat\u00a0entre la Fondation Hirondelle et la RTB, soutenu par la Direction du d\u00e9veloppement et de la coop\u00e9ration Suisse (DDC), a d\u2019abord pour but de fournir un soutien \u00e0 la couverture des\u00a0\u00e9lections\u00a0historiques de fin 2015 et d\u2019am\u00e9liorer la programmation du m\u00e9dia de service public en lien avec les besoins et les attentes de la\u00a0population\u00a0burkinab\u00e9.<\/p>\n\n\n\n<p>Avec deux experts sur le terrain \u00e0\u00a0Ouagadougou, la Fondation Hirondelle doit rapidement se pr\u00e9parer aux \u00e9lections en r\u00e9digeant une\u00a0charte\u00a0\u00e9lectorale pour cadrer le travail des journalistes de la radio et de la t\u00e9l\u00e9vision. Nos experts effectuent des formations pour 30\u00a0correspondant\u00b7e\u00b7s\u00a0de la t\u00e9l\u00e9vision et de la radio \u00e0 travers le pays, permettant ainsi une couverture\u00a0professionnelle\u00a0et nationale le jour de l\u2019\u00e9lection. En collaboration avec le Centre national de presse \u2013 Norbert Zongo et la RTB, la Fondation Hirondelle aide aussi \u00e0 organiser un s\u00e9minaire sur les\u00a0statuts\u00a0de la RTB ainsi que sa r\u00e9forme vers un v\u00e9ritable service public. Les principaux\u00a0partis\u00a0politiques y participent et pr\u00e9sentent leurs positions sur le futur de la RTB, permettant ainsi une clarification pour le public avant les \u00e9lections.<\/p>\n\n\n\n<p>La couverture des \u00e9lections par la RTB est un succ\u00e8s. Les citoyen\u00b7ne\u00b7s rel\u00e8vent des diff\u00e9rences concr\u00e8tes par rapport aux scrutins pr\u00e9c\u00e9dents. \u00ab\u00a0La RTB a bien travaill\u00e9, ce qu\u2019ils faisaient avant et ce qu\u2019ils ont fait cette fois ce n\u2019est pas la m\u00eame chose. Ils ont bien sensibilis\u00e9 les gens pour qu\u2019ils sachent comment voter\u00a0\u00bb explique ainsi un auditeur \u00e0 Manga.<\/p>\n\n\n\n<p>A la suite des \u00e9lections, la Fondation Hirondelle travaille avec des \u00e9quipes de journalistes \u00e0 la radio, la t\u00e9l\u00e9vision et au web afin de fournir de l\u2019information touchant aux probl\u00e8mes\u00a0quotidiens\u00a0de la vie des Burkinab\u00e9s. 13 \u00ab Grands reportages \u00bb sont produits \u00e0 la radio sur des sujets tels que la\u00a0malnutrition, l\u2019ins\u00e9curit\u00e9\u00a0au Nord du pays, la gestion des\u00a0conflits\u00a0entre \u00e9leveurs et agriculteurs, les grossesses non d\u00e9sir\u00e9es en milieu scolaire, la couverture de la\u00a0COP21\u00a0\u00e0 Paris et de la\u00a0COP22\u00a0\u00e0 Marrakech.<\/p>\n\n\n\n<p>A la t\u00e9l\u00e9vision, des formations sont organis\u00e9es par la Fondation Hirondelle sur le journalisme reporter d\u2019images. Les journalistes produisent 10 programmes de 26 minutes sur des sujets tel que la probl\u00e9matique de l\u2019eau\u00a0potable, la vie dans la\u00a0prison\u00a0\u00e0 Bobo-Dioulasso, la s\u00e9curit\u00e9\u00a0alimentaire, les\u00a0migrations&#8230; Les t\u00e9l\u00e9spectateur\u00b7rice\u00b7s de la RTB appr\u00e9cient ces productions. Ils\u00b7elles soulignent notamment dans des \u00ab\u00a0focus groups\u00a0\u00bb r\u00e9alis\u00e9s par un institut de sondage que ces \u00ab grands reportages \u00bb permettent une meilleure couverture des probl\u00e8mes importants pour la population.<\/p>\n\n\n\n<p>La collaboration de la Fondation Hirondelle avec la Radio T\u00e9l\u00e9vision du Burkina \u00e9tait pr\u00e9vue pour une dur\u00e9e de 18 mois dans le cadre du projet financ\u00e9 par la DDC. Elle a pris fin en d\u00e9cembre 2016.<\/p>\n\n\n\n<p>Dur\u00e9e du projet\u00a0: 18 mois<\/p>\n\n\n\n<p>Source de financement\u00a0: <\/p>\n\n\n\n<ul class=\"wp-block-list\">\n<li>Suisse<\/li>\n<\/ul>\n","protected":false},"excerpt":{"rendered":"<p>La Radio T\u00e9l\u00e9vision du Burkina (RTB)\u00a0a re\u00e7u un appui de la Fondation Hirondelle pendant 18 mois, d\u2019ao\u00fbt 2015 \u00e0 d\u00e9cembre 2016, pour apporter son\u00a0expertise \u00e9ditoriale, des\u00a0formations\u00a0et des\u00a0\u00e9quipements\u00a0contribuant \u00e0\u00a0rapprocher\u00a0ce m\u00e9dia public des pr\u00e9occupations de la population, alors que le pays effectuait une\u00a0transition d\u00e9mocratique\u00a0historique apr\u00e8s l\u2019insurrection\u00a0populaire de fin 2014. Plus de 160\u00a0journalistes\u00a0et\u00a0technicien\u00b7ne\u00b7s\u00a0ont \u00e9t\u00e9 form\u00e9\u00b7e\u00b7s, 23\u00a0grands reportages\u00a0produits, 4 [&hellip;]<\/p>\n","protected":false},"author":9,"featured_media":0,"parent":10080,"menu_order":1,"comment_status":"closed","ping_status":"closed","template":"","meta":{"_acf_changed":false,"footnotes":""},"class_list":["post-10065","page","type-page","status-publish","hentry"],"acf":[],"publishpress_future_action":{"enabled":false,"date":"2026-04-20 20:16:23","action":"change-status","newStatus":"draft","terms":[],"taxonomy":"translation_priority","extraData":[]},"publishpress_future_workflow_manual_trigger":{"enabledWorkflows":[]},"_links":{"self":[{"href":"https:\/\/www.hirondelle.org\/fr\/wp-json\/wp\/v2\/pages\/10065","targetHints":{"allow":["GET"]}}],"collection":[{"href":"https:\/\/www.hirondelle.org\/fr\/wp-json\/wp\/v2\/pages"}],"about":[{"href":"https:\/\/www.hirondelle.org\/fr\/wp-json\/wp\/v2\/types\/page"}],"author":[{"embeddable":true,"href":"https:\/\/www.hirondelle.org\/fr\/wp-json\/wp\/v2\/users\/9"}],"replies":[{"embeddable":true,"href":"https:\/\/www.hirondelle.org\/fr\/wp-json\/wp\/v2\/comments?post=10065"}],"version-history":[{"count":5,"href":"https:\/\/www.hirondelle.org\/fr\/wp-json\/wp\/v2\/pages\/10065\/revisions"}],"predecessor-version":[{"id":10177,"href":"https:\/\/www.hirondelle.org\/fr\/wp-json\/wp\/v2\/pages\/10065\/revisions\/10177"}],"up":[{"embeddable":true,"href":"https:\/\/www.hirondelle.org\/fr\/wp-json\/wp\/v2\/pages\/10080"}],"wp:attachment":[{"href":"https:\/\/www.hirondelle.org\/fr\/wp-json\/wp\/v2\/media?parent=10065"}],"curies":[{"name":"wp","href":"https:\/\/api.w.org\/{rel}","templated":true}]}}