{"id":10097,"date":"2024-09-05T19:20:54","date_gmt":"2024-09-05T17:20:54","guid":{"rendered":"https:\/\/www.hirondelle.org\/?page_id=10097"},"modified":"2026-02-03T16:35:39","modified_gmt":"2026-02-03T15:35:39","slug":"soutien-aux-medias","status":"publish","type":"page","link":"https:\/\/www.hirondelle.org\/fr\/que-faisons-nous\/soutien-aux-medias","title":{"rendered":"Soutien aux m\u00e9dias"},"content":{"rendered":"\n<figure class=\"wp-block-image size-large\"><img loading=\"lazy\" decoding=\"async\" width=\"1024\" height=\"464\" src=\"https:\/\/www.hirondelle.org\/wp-content\/uploads\/2024\/09\/banner-produire-diffuser-1024x464.jpg\" alt=\"Iako Randrianarivelo \/ Fondation Hirondelle - A l'int\u00e9rieur du Studio Sifaka\" class=\"wp-image-12032\" srcset=\"https:\/\/www.hirondelle.org\/wp-content\/uploads\/2024\/09\/banner-produire-diffuser-1024x464.jpg 1024w, https:\/\/www.hirondelle.org\/wp-content\/uploads\/2024\/09\/banner-produire-diffuser-300x136.jpg 300w, https:\/\/www.hirondelle.org\/wp-content\/uploads\/2024\/09\/banner-produire-diffuser-768x348.jpg 768w, https:\/\/www.hirondelle.org\/wp-content\/uploads\/2024\/09\/banner-produire-diffuser-1536x697.jpg 1536w, https:\/\/www.hirondelle.org\/wp-content\/uploads\/2024\/09\/banner-produire-diffuser-1000x454.jpg 1000w, https:\/\/www.hirondelle.org\/wp-content\/uploads\/2024\/09\/banner-produire-diffuser.jpg 2000w\" sizes=\"auto, (max-width: 1024px) 100vw, 1024px\" \/><figcaption class=\"wp-element-caption\">Iako Randrianarivelo \/ Fondation Hirondelle &#8211; A l&rsquo;int\u00e9rieur du Studio Sifaka<\/figcaption><\/figure>\n\n\n\n<figure class=\"wp-block-pullquote\"><blockquote><p>Des m\u00e9dias renforc\u00e9s pour des soci\u00e9t\u00e9s apais\u00e9es<\/p><\/blockquote><\/figure>\n\n\n\n<p><br>La Fondation Hirondelle&nbsp;cr\u00e9e ou soutient&nbsp;des m\u00e9dias ind\u00e9pendants et de service au public et contribue \u00e0 leur&nbsp;d\u00e9veloppement durable. Nous apportons de l\u2019expertise, du conseil et des formations \u00e0 notre personnel compos\u00e9 de journalistes, techniciens, administrateurs et cadres, et \u00e0 celui de nos organisations partenaires. Nous cr\u00e9ons ou soutenons des structures et activit\u00e9s g\u00e9n\u00e9ratrices de revenus qui contribuent \u00e0 la p\u00e9rennisation des m\u00e9dias. Ces activit\u00e9s de d\u00e9veloppement des m\u00e9dias constituent notre deuxi\u00e8me axe programmatique.<\/p>\n\n\n\n<p>Notre expertise dans ce domaine se fonde sur plus de&nbsp;30 ans d\u2019exp\u00e9rience en cr\u00e9ation, d\u00e9veloppement et soutien aux m\u00e9dias&nbsp;dans des zones de guerre ou post-conflit, des contextes de crises humanitaires ou des pays en transition d\u00e9mocratique.<\/p>\n\n\n\n<p>Dans ces contextes difficiles, notre soutien aux m\u00e9dias publics ou priv\u00e9s qui s\u2019articule autour de la structuration, la formation du personnel, et l\u2019autonomie, leur permet d\u2019\u00eatre davantage en mesure d\u2019assumer durablement leur&nbsp;mission d\u2019information&nbsp;et leur&nbsp;r\u00f4le social. Si ces m\u00e9dias sont mieux en capacit\u00e9 d\u2019assumer durablement leur mission, alors ils contribueront \u00e0 rendre effectif le&nbsp;droit&nbsp;\u00e0 l\u2019information des populations auxquelles ils s\u2019adressent.<\/p>\n\n\n\n<figure class=\"wp-block-embed is-type-video is-provider-youtube wp-block-embed-youtube wp-embed-aspect-16-9 wp-has-aspect-ratio\"><div class=\"wp-block-embed__wrapper\">\n<iframe loading=\"lazy\" title=\"PORTRAIT : Tsanta Haingombaliha, r\u00e9dactrice en cheffe adjointe au Studio Sifaka \u00e0 Madagascar\" width=\"500\" height=\"281\" src=\"https:\/\/www.youtube.com\/embed\/_5AgLzyBwBA?feature=oembed\" frameborder=\"0\" allow=\"accelerometer; autoplay; clipboard-write; encrypted-media; gyroscope; picture-in-picture; web-share\" referrerpolicy=\"strict-origin-when-cross-origin\" allowfullscreen><\/iframe>\n<\/div><\/figure>\n\n\n\n<h3 class=\"wp-block-heading\"><br>Domaines d&rsquo;Intervention<\/h3>\n\n\n\n<div class=\"wp-block-columns is-layout-flex wp-container-core-columns-is-layout-9d6595d7 wp-block-columns-is-layout-flex\">\n<div class=\"wp-block-column is-layout-flow wp-block-column-is-layout-flow\">\n<div class=\"wp-block-group p-3 backgroundedBlock--gray has-global-padding is-layout-constrained wp-block-group-is-layout-constrained\">\n<ul class=\"wp-block-list\">\n<li>Soutien&nbsp;\u00e0 des m\u00e9dias ind\u00e9pendants, priv\u00e9s ou associatifs, sur base de&nbsp;valeurs,&nbsp;chartes&nbsp;et&nbsp;codes&nbsp;professionnels partag\u00e9s pour la production d\u2019une information de qualit\u00e9, non-partisane et de service aux populations<\/li>\n\n\n\n<li>Soutien \u00e0 des m\u00e9dias&nbsp;publics&nbsp;lorsque le gouvernement dont ils d\u00e9pendent respecte leur ind\u00e9pendance r\u00e9dactionnelle et\/ou dans le cadre d\u2019une&nbsp;r\u00e9forme&nbsp;effective vers un m\u00e9dia de&nbsp;service&nbsp;au public<\/li>\n\n\n\n<li>Cr\u00e9ation&nbsp;de m\u00e9dias ex-nihilo quand le contexte, l\u2019urgence ou les exigences d\u2019ind\u00e9pendance&nbsp;\u00e9ditoriale ne permettent pas de s\u2019appuyer sur des structures existantes<\/li>\n\n\n\n<li>Cycles de&nbsp;formation&nbsp;continue au sein de nos m\u00e9dias et pour nos partenaires permettant de garantir la qualit\u00e9 de l\u2019information, de localiser les responsabilit\u00e9s et d\u2019int\u00e9grer des jeunes<\/li>\n\n\n\n<li>Formations th\u00e9oriques et pratiques au b\u00e9n\u00e9fice des&nbsp;\u00e9tudiant.e.s&nbsp;en journalisme pour un renouvellement durable des g\u00e9n\u00e9rations de journalistes au sein des m\u00e9dias<\/li>\n\n\n\n<li>D\u00e9veloppement d&rsquo;activit\u00e9s g\u00e9n\u00e9ratrices de&nbsp;revenus&nbsp;et de mod\u00e8les de financement pour nos m\u00e9dias ou partenaires dans le respect de&nbsp;chartes&nbsp;garantissant notamment un strict respect de l&rsquo;ind\u00e9pendance&nbsp;des r\u00e9dactions<br><\/li>\n<\/ul>\n<\/div>\n<\/div>\n<\/div>\n\n\n\n<div class=\"wp-block-columns is-layout-flex wp-container-core-columns-is-layout-9d6595d7 wp-block-columns-is-layout-flex\">\n<div class=\"wp-block-column is-layout-flow wp-block-column-is-layout-flow\">\n<div class=\"wp-block-group p-3 backgroundedBlock--gray h-100 has-global-padding is-layout-constrained wp-block-group-is-layout-constrained\">\n<h4 class=\"wp-block-heading\">Exemples d\u2019activit\u00e9s de soutien institutionnel<\/h4>\n\n\n\n<ul class=\"wp-block-list\">\n<li>Audit multi-sectoriel : r\u00e9daction, management, admin, technique<\/li>\n\n\n\n<li>\u00c9valuation des besoins de renforcement<\/li>\n\n\n\n<li>Conseil en management et formation des cadres<\/li>\n\n\n\n<li>\u00c9laboration \/ mise \u00e0 jour de chartes et codes<\/li>\n\n\n\n<li>D\u00e9finition, commande et analyse d\u2019\u00e9tudes d\u2019audience et de focus groups<\/li>\n\n\n\n<li>Analyse du positionnement et de la concurrence<\/li>\n\n\n\n<li>Re-d\u00e9finition de l\u2019identit\u00e9, image et mandat<\/li>\n\n\n\n<li>Mise en \u0153uvre\/refonte des processus de communication interne et externe<\/li>\n\n\n\n<li>Production d&rsquo;habillage et identit\u00e9 sonore\/visuelle<\/li>\n\n\n\n<li>Identification de partenaires potentiels<\/li>\n\n\n\n<li>Conseil \u00e0 l\u2019\u00e9volution des formes juridiques et \u00e0 la gouvernance du media<\/li>\n\n\n\n<li>Appui \u00e0 la recherche de fonds<\/li>\n\n\n\n<li>Analyse du march\u00e9 publicitaire et d\u00e9veloppement d\u2019activit\u00e9s g\u00e9n\u00e9ratrices de revenus<br><br><\/li>\n<\/ul>\n<\/div>\n<\/div>\n\n\n\n<div class=\"wp-block-column is-layout-flow wp-block-column-is-layout-flow\">\n<div class=\"wp-block-group p-3 backgroundedBlock--gray h-100 has-global-padding is-layout-constrained wp-block-group-is-layout-constrained\">\n<h4 class=\"wp-block-heading\">Exemples de formation et d&rsquo;accompagnement \u00e9ditorial<\/h4>\n\n\n\n<ul class=\"wp-block-list\">\n<li>\u00c9thique et d\u00e9ontologie journalistique<\/li>\n\n\n\n<li>Production radio, TV, num\u00e9rique<\/li>\n\n\n\n<li>\u00c9ducation aux m\u00e9dias, fact-checking, monitoring et lutte contre la d\u00e9sinformation<\/li>\n\n\n\n<li>Journalisme sp\u00e9cialis\u00e9 : humanitaire, justice, \u00e9conomie, parlement, environnement, humanitaire, couverture d\u2019\u00e9lections\u2026<\/li>\n\n\n\n<li>Mobile journalism<\/li>\n\n\n\n<li>Animation et pose de voix<\/li>\n\n\n\n<li>Cr\u00e9ation de studio radio, TV<\/li>\n\n\n\n<li>Technique radio et TV (diffusion, installation et maintenance de studio, montage)<\/li>\n\n\n\n<li>Membre de JTI Campus et accompagnement \u00e0 la certification Journalism Trust Initiative (JTI)<\/li>\n<\/ul>\n<\/div>\n<\/div>\n<\/div>\n\n\n\n<p><br><strong>Notre \u00e9quipe<\/strong><br><\/p>\n\n\n\n<div class=\"wp-block-group p-2 has-background has-global-padding is-layout-constrained wp-block-group-is-layout-constrained\" style=\"background-color:#edf0ee\">\n<div class=\"wp-block-media-text is-stacked-on-mobile\" style=\"grid-template-columns:26% auto\"><figure class=\"wp-block-media-text__media\"><img loading=\"lazy\" decoding=\"async\" width=\"2560\" height=\"1707\" src=\"https:\/\/www.hirondelle.org\/wp-content\/uploads\/2026\/01\/DaltonJackie-scaled.jpg\" alt=\"\" class=\"wp-image-22254 size-full\" srcset=\"https:\/\/www.hirondelle.org\/wp-content\/uploads\/2026\/01\/DaltonJackie-scaled.jpg 2560w, https:\/\/www.hirondelle.org\/wp-content\/uploads\/2026\/01\/DaltonJackie-300x200.jpg 300w, https:\/\/www.hirondelle.org\/wp-content\/uploads\/2026\/01\/DaltonJackie-768x512.jpg 768w, https:\/\/www.hirondelle.org\/wp-content\/uploads\/2026\/01\/DaltonJackie-1536x1024.jpg 1536w, https:\/\/www.hirondelle.org\/wp-content\/uploads\/2026\/01\/DaltonJackie-2048x1365.jpg 2048w\" sizes=\"auto, (max-width: 2560px) 100vw, 2560px\" \/><\/figure><div class=\"wp-block-media-text__content\">\n<p>Jacqueline Dalton<\/p>\n\n\n\n<p>Responsable \u00e9ditoriale<\/p>\n\n\n\n<p>+41 21 654 20 20<\/p>\n\n\n\n<p><a href=\"\/fr\/qui-sommes-nous\/nous-contacter?recipient=Jacqueline+Dalton+-+Responsable+\u00e9ditoriale\">Contactez Jacqueline Dalton<\/a><\/p>\n<\/div><\/div>\n<\/div>\n\n\n\n<p><\/p>\n","protected":false},"excerpt":{"rendered":"<p>Des m\u00e9dias renforc\u00e9s pour des soci\u00e9t\u00e9s apais\u00e9es La Fondation Hirondelle&nbsp;cr\u00e9e ou soutient&nbsp;des m\u00e9dias ind\u00e9pendants et de service au public et contribue \u00e0 leur&nbsp;d\u00e9veloppement durable. Nous apportons de l\u2019expertise, du conseil et des formations \u00e0 notre personnel compos\u00e9 de journalistes, techniciens, administrateurs et cadres, et \u00e0 celui de nos organisations partenaires. Nous cr\u00e9ons ou soutenons des [&hellip;]<\/p>\n","protected":false},"author":9,"featured_media":0,"parent":221,"menu_order":2,"comment_status":"closed","ping_status":"closed","template":"","meta":{"_acf_changed":false,"footnotes":""},"class_list":["post-10097","page","type-page","status-publish","hentry"],"acf":[],"publishpress_future_action":{"enabled":false,"date":"2026-04-23 10:22:20","action":"change-status","newStatus":"draft","terms":[],"taxonomy":"translation_priority","extraData":[]},"publishpress_future_workflow_manual_trigger":{"enabledWorkflows":[]},"_links":{"self":[{"href":"https:\/\/www.hirondelle.org\/fr\/wp-json\/wp\/v2\/pages\/10097","targetHints":{"allow":["GET"]}}],"collection":[{"href":"https:\/\/www.hirondelle.org\/fr\/wp-json\/wp\/v2\/pages"}],"about":[{"href":"https:\/\/www.hirondelle.org\/fr\/wp-json\/wp\/v2\/types\/page"}],"author":[{"embeddable":true,"href":"https:\/\/www.hirondelle.org\/fr\/wp-json\/wp\/v2\/users\/9"}],"replies":[{"embeddable":true,"href":"https:\/\/www.hirondelle.org\/fr\/wp-json\/wp\/v2\/comments?post=10097"}],"version-history":[{"count":42,"href":"https:\/\/www.hirondelle.org\/fr\/wp-json\/wp\/v2\/pages\/10097\/revisions"}],"predecessor-version":[{"id":22588,"href":"https:\/\/www.hirondelle.org\/fr\/wp-json\/wp\/v2\/pages\/10097\/revisions\/22588"}],"up":[{"embeddable":true,"href":"https:\/\/www.hirondelle.org\/fr\/wp-json\/wp\/v2\/pages\/221"}],"wp:attachment":[{"href":"https:\/\/www.hirondelle.org\/fr\/wp-json\/wp\/v2\/media?parent=10097"}],"curies":[{"name":"wp","href":"https:\/\/api.w.org\/{rel}","templated":true}]}}