{"id":10099,"date":"2024-08-26T16:17:05","date_gmt":"2024-08-26T14:17:05","guid":{"rendered":"https:\/\/www.hirondelle.org\/?page_id=10099"},"modified":"2024-09-12T00:22:56","modified_gmt":"2024-09-11T22:22:56","slug":"covid-19","status":"publish","type":"page","link":"https:\/\/www.hirondelle.org\/fr\/que-faisons-nous\/operations\/thematiques\/sante\/covid-19","title":{"rendered":"Covid 19"},"content":{"rendered":"\n<figure class=\"wp-block-image size-large\"><img loading=\"lazy\" decoding=\"async\" width=\"1024\" height=\"402\" src=\"https:\/\/www.hirondelle.org\/wp-content\/uploads\/2024\/08\/banner-covid-1024x402.jpg\" alt=\"\" class=\"wp-image-10101\" srcset=\"https:\/\/www.hirondelle.org\/wp-content\/uploads\/2024\/08\/banner-covid-1024x402.jpg 1024w, https:\/\/www.hirondelle.org\/wp-content\/uploads\/2024\/08\/banner-covid-300x118.jpg 300w, https:\/\/www.hirondelle.org\/wp-content\/uploads\/2024\/08\/banner-covid-768x302.jpg 768w, https:\/\/www.hirondelle.org\/wp-content\/uploads\/2024\/08\/banner-covid-1536x603.jpg 1536w, https:\/\/www.hirondelle.org\/wp-content\/uploads\/2024\/08\/banner-covid-2048x804.jpg 2048w, https:\/\/www.hirondelle.org\/wp-content\/uploads\/2024\/08\/banner-covid-1000x393.jpg 1000w\" sizes=\"auto, (max-width: 1024px) 100vw, 1024px\" \/><\/figure>\n\n\n\n<p>Afin de faire face \u00e0 la crise du coronavirus et aider les m\u00e9dias et le public contre l\u2019infod\u00e9mie qui s\u2019est d\u00e9velopp\u00e9e de 2020 \u00e0 2022, la Fondation Hirondelle a travaill\u00e9 dans 17 pays \u00e0 travers son Hub \u00e9ditorial Covid 19.<\/p>\n\n\n\n<p>Diff\u00e9rents projets visaient \u00e0\u00a0fournir des informations fiables, pr\u00e9cises et utiles sur le virus et ses impacts plus larges, ainsi qu&rsquo;\u00e0 offrir un\u00a0soutien \u00e9ditorial, financier et technique aux m\u00e9dias pour les aider \u00e0 partager des programmes de qualit\u00e9 tout au long de la crise. La\u00a0lutte contre la d\u00e9sinformation\u00a0et la m\u00e9sinformation sur la maladie, appel\u00e9e infod\u00e9mie par l\u2019Organisation mondiale de la Sant\u00e9 (OMS), \u00e9tait \u00e9galement une partie fondamentale de notre travail.<\/p>\n\n\n\n<p>Les \u00e9quipes \u00e9ditoriales de la Fondation Hirondelle au&nbsp;Mali, Niger, Burkina Faso, en&nbsp;R\u00e9publique centrafricaine, en&nbsp;R\u00e9publique d\u00e9mocratique du Congo, et \u00e0&nbsp;Madagascar ont produit des contenus destin\u00e9s \u00e0 \u00eatre diffus\u00e9s dans plusieurs langues, notamment des programmes d\u00e9di\u00e9s aux&nbsp;plus vuln\u00e9rables, comme les personnes d\u00e9plac\u00e9es et les femmes.<\/p>\n\n\n\n<p>Nous avons soutenu des&nbsp;partenaires&nbsp;au&nbsp;B\u00e9nin, au&nbsp;Cameroun, en&nbsp;C\u00f4te d&rsquo;Ivoire, en&nbsp;Guin\u00e9e, au&nbsp;Myanmar, au&nbsp;N\u00e9pal, en&nbsp;Ouganda, au Pakistan, au&nbsp;S\u00e9n\u00e9gal, en&nbsp;Sierra Leone, et au&nbsp;Soudan du Sud. Notre soutien comprenait des conseils \u00e9ditoriaux sur la meilleure fa\u00e7on de couvrir l&rsquo;urgence, la fourniture d&rsquo;\u00e9quipements de diffusion tels que des antennes pour atteindre un plus grand nombre de personnes, et le financement de la production et de la diffusion de contenus.<\/p>\n\n\n\n<p>Un \u00ab\u00a0hub \u00e9ditorial COVID-19\u00a0\u00bb, compos\u00e9 de journalistes exp\u00e9riment\u00e9\u00b7e\u00b7s et d&rsquo;une sp\u00e9cialiste de la sant\u00e9, a offert un soutien dans tous les pays en v\u00e9rifiant les faits, en produisant des contenus et en donnant des conseils.<\/p>\n\n\n\n<p>Gr\u00e2ce \u00e0 un partenariat avec l&rsquo;Institut pour le dialogue strat\u00e9gique (ISD) et le Centre d&rsquo;analyse des m\u00e9dias sociaux (CASM), notre hub \u00e9ditorial COVID-19 a \u00e9t\u00e9 aliment\u00e9 par une&nbsp;cartographie syst\u00e9matique des tendances&nbsp;en mati\u00e8re de (d\u00e9s)information sur Facebook dans 6 pays africains (Mali, Niger, Burkina, RCA, RDC, Cameroun).<\/p>\n\n\n\n<p>Un&nbsp;partenariat avec l&rsquo;entreprise sociale Viamo&nbsp;nous a permis d&rsquo;atteindre et d&rsquo;interagir avec des publics via les r\u00e9seaux mobiles&nbsp;de mani\u00e8re innovante. Dans un certain nombre de pays, nous avons \u00e9t\u00e9 en mesure de recueillir des donn\u00e9es sur les pr\u00e9occupations et les perceptions des populations concernant le coronavirus, en utilisant des SMS et des services de r\u00e9ponse vocale interactive. Ces informations nous ont permis de mieux r\u00e9pondre aux besoins de nos publics. Le partenariat nous a permis \u00e9galement de partager des informations potentiellement vitales par voie audio avec des centaines de milliers de personnes qui utilisent le service 3-2-1 de Viamo, o\u00f9 les utilisateur\u00b7rice\u00b7s composent un num\u00e9ro gratuit sp\u00e9cifique \u00e0 leur pays pour acc\u00e9der \u00e0 la demande \u00e0 des informations pertinentes, cr\u00e9dibles et exploitables en utilisant n&rsquo;importe quel type d&rsquo;appareil mobile.<\/p>\n\n\n\n<p>En 2023, la Fondation a men\u00e9 un exercice de capitalisation sur l\u2019exp\u00e9rience du Hub \u00e9ditorial men\u00e9 pendant le projet Covid, gr\u00e2ce au soutien de la Fedevaco. Les conclusions de l\u2019exercice sont disponibles <a href=\"\/wp-content\/uploads\/2024\/08\/PDF_COVID-Annex-4.-Infographic-hub_FR.pdf\" target=\"_blank\" rel=\"noreferrer noopener\">ici<\/a><strong>.<\/strong><\/p>\n\n\n\n<p>Dur\u00e9e du projet&nbsp;: mars 2020 \u2013 d\u00e9cembre 2022<\/p>\n\n\n\n<p>Sources de financement :<\/p>\n\n\n\n<ul class=\"wp-block-list\">\n<li>Union europ\u00e9enne<\/li>\n\n\n\n<li>Suisse<\/li>\n\n\n\n<li>Fonds H2H<\/li>\n<\/ul>\n","protected":false},"excerpt":{"rendered":"<p>Afin de faire face \u00e0 la crise du coronavirus et aider les m\u00e9dias et le public contre l\u2019infod\u00e9mie qui s\u2019est d\u00e9velopp\u00e9e de 2020 \u00e0 2022, la Fondation Hirondelle a travaill\u00e9 dans 17 pays \u00e0 travers son Hub \u00e9ditorial Covid 19. Diff\u00e9rents projets visaient \u00e0\u00a0fournir des informations fiables, pr\u00e9cises et utiles sur le virus et ses [&hellip;]<\/p>\n","protected":false},"author":9,"featured_media":0,"parent":10645,"menu_order":1,"comment_status":"closed","ping_status":"closed","template":"","meta":{"_acf_changed":false,"footnotes":""},"class_list":["post-10099","page","type-page","status-publish","hentry"],"acf":[],"publishpress_future_action":{"enabled":false,"date":"2026-04-20 20:10:30","action":"change-status","newStatus":"draft","terms":[],"taxonomy":"translation_priority","extraData":[]},"publishpress_future_workflow_manual_trigger":{"enabledWorkflows":[]},"_links":{"self":[{"href":"https:\/\/www.hirondelle.org\/fr\/wp-json\/wp\/v2\/pages\/10099","targetHints":{"allow":["GET"]}}],"collection":[{"href":"https:\/\/www.hirondelle.org\/fr\/wp-json\/wp\/v2\/pages"}],"about":[{"href":"https:\/\/www.hirondelle.org\/fr\/wp-json\/wp\/v2\/types\/page"}],"author":[{"embeddable":true,"href":"https:\/\/www.hirondelle.org\/fr\/wp-json\/wp\/v2\/users\/9"}],"replies":[{"embeddable":true,"href":"https:\/\/www.hirondelle.org\/fr\/wp-json\/wp\/v2\/comments?post=10099"}],"version-history":[{"count":11,"href":"https:\/\/www.hirondelle.org\/fr\/wp-json\/wp\/v2\/pages\/10099\/revisions"}],"predecessor-version":[{"id":10842,"href":"https:\/\/www.hirondelle.org\/fr\/wp-json\/wp\/v2\/pages\/10099\/revisions\/10842"}],"up":[{"embeddable":true,"href":"https:\/\/www.hirondelle.org\/fr\/wp-json\/wp\/v2\/pages\/10645"}],"wp:attachment":[{"href":"https:\/\/www.hirondelle.org\/fr\/wp-json\/wp\/v2\/media?parent=10099"}],"curies":[{"name":"wp","href":"https:\/\/api.w.org\/{rel}","templated":true}]}}