{"id":10118,"date":"2024-08-26T16:48:34","date_gmt":"2024-08-26T14:48:34","guid":{"rendered":"https:\/\/www.hirondelle.org\/?page_id=10118"},"modified":"2024-09-12T00:23:02","modified_gmt":"2024-09-11T22:23:02","slug":"media-violence-sahel","status":"publish","type":"page","link":"https:\/\/www.hirondelle.org\/fr\/que-faisons-nous\/operations\/thematiques\/violence\/media-violence-sahel","title":{"rendered":"Violence Sahel"},"content":{"rendered":"\n<p>La question de la violence extr\u00eame au Sahel est au c\u0153ur des pr\u00e9occupations des populations, des gouvernants, des partenaires, des acteurs humanitaires, et des m\u00e9dias. En 2022, la Fondation Hirondelle et le programme de pr\u00e9vention de l\u2019extr\u00e9misme violent de la Division Paix et droits de l\u2019homme du D\u00e9partement f\u00e9d\u00e9ral des affaires \u00e9trang\u00e8res suisse (DFAE) ont travaill\u00e9 conjointement pour d\u00e9velopper un projet pilote permettant de soutenir des m\u00e9dias d\u2019Afrique de l\u2019Ouest dans l\u2019exercice de leur r\u00f4le d\u2019information et d\u2019acteurs de paix dans le contexte de la violence et des diff\u00e9rents conflits qui s\u2019y d\u00e9veloppent. Le DFAE a financ\u00e9 ce projet qui a dur\u00e9 18 mois.<\/p>\n\n\n\n<p>Une cohorte de 25 journalistes, \u00e9voluant dans 7 pays de la r\u00e9gion (Mali, Niger, Burkina Faso, Guin\u00e9e, C\u00f4te d\u2019Ivoire, Togo et B\u00e9nin) a \u00e9t\u00e9 s\u00e9lectionn\u00e9e pour prendre part \u00e0 ce projet. Quatre sessions de formation d\u2019une semaine se sont tenues \u00e0 Ouagadougou entre novembre 2022 et d\u00e9cembre 2023. Les journalistes ont \u00e9t\u00e9 form\u00e9\u00b7e\u00b7s sur des questions cl\u00e9s des enjeux de paix, comme l\u2019importance de la pr\u00e9vention, de l\u2019inclusion ou encore du dialogue. D\u2019autres questions m\u00e9diatiques ont \u00e9galement \u00e9t\u00e9 abord\u00e9es, comme les formats journalistiques et leurs risques, ou encore la s\u00e9curit\u00e9 des m\u00e9dias et des journalistes, la pr\u00e9vention et l\u2019approche des traumas, etc.<\/p>\n\n\n\n<p>Entre chaque session de formation, les participant\u00b7e\u00b7s ont b\u00e9n\u00e9fici\u00e9 de l\u2019accompagnement d\u2019un\u00b7e coach pour la mise en pratique des \u00e9l\u00e9ments abord\u00e9s en formation par la production de contenus m\u00e9diatiques. Plusieurs productions issues de ce projet ont \u00e9t\u00e9 prim\u00e9es ou ont eu un impact important localement. Les participant\u00b7e\u00b7s ont aussi b\u00e9n\u00e9fici\u00e9 d\u2019un soutien en \u00e9quipements. Pour faire perdurer le r\u00e9seau qui s\u2019est cr\u00e9\u00e9 au sein de la cohorte et participer \u00e0 la diffusion des \u00e9l\u00e9ments acquis, le groupe a d\u00e9cid\u00e9 de s\u2019organiser en association. Le r\u00e9seau ouest-africain de journalistes engag\u00e9\u00b7e\u00b7s pour la paix (ROAJEP) est d\u00e9sormais enregistr\u00e9 \u00e0 Ouagadougou. Il vise \u00e0 aider au d\u00e9veloppement de coproductions entre les diff\u00e9rents m\u00e9dias participants et \u00e0 la mise en place de formation dans des institutions de formation locales.<\/p>\n\n\n\n<p>Retrouvez les diff\u00e9rentes productions&nbsp;effectu\u00e9es durant le projet :<\/p>\n\n\n\n<figure class=\"wp-block-image aligncenter size-full is-resized\"><img loading=\"lazy\" decoding=\"async\" width=\"890\" height=\"676\" src=\"https:\/\/www.hirondelle.org\/wp-content\/uploads\/2024\/08\/media-violence-sahel-picture.jpg\" alt=\"\" class=\"wp-image-10122\" style=\"width:877px;height:auto\" srcset=\"https:\/\/www.hirondelle.org\/wp-content\/uploads\/2024\/08\/media-violence-sahel-picture.jpg 890w, https:\/\/www.hirondelle.org\/wp-content\/uploads\/2024\/08\/media-violence-sahel-picture-300x228.jpg 300w, https:\/\/www.hirondelle.org\/wp-content\/uploads\/2024\/08\/media-violence-sahel-picture-768x583.jpg 768w\" sizes=\"auto, (max-width: 890px) 100vw, 890px\" \/><\/figure>\n\n\n\n<p><em>Les localit\u00e9s des participant\u00b7e\u00b7s par ordre alphab\u00e9tique : Abala, Bamako, Bobo-Dioulasso, Conakry, Cotonou, Diffa, Fada-Ngourma, Gaya, Kadiolo, Kara, Kouand\u00e9, Lom\u00e9, Mamou, Maradi, M\u00e9naka, Mopti, Niamey, Odienn\u00e9, Ouagadougou, Ouahigouya, Parakou, Porto-Novo, S\u00e9gou<\/em><\/p>\n\n\n\n<p><\/p>\n\n\n\n<p>Dur\u00e9e du projet&nbsp;: 18 mois<\/p>\n\n\n\n<p>Sources de financement&nbsp;:<\/p>\n\n\n\n<ul class=\"wp-block-list\">\n<li>Suisse<\/li>\n<\/ul>\n\n\n\n<figure class=\"wp-block-embed is-type-rich is-provider-soundcloud wp-block-embed-soundcloud wp-embed-aspect-4-3 wp-has-aspect-ratio\"><div class=\"wp-block-embed__wrapper\">\n<iframe loading=\"lazy\" title=\"Formation &quot;Pr\u00e9vention de la violence et M\u00e9dias&quot;\" width=\"500\" height=\"450\" scrolling=\"no\" frameborder=\"no\" src=\"https:\/\/w.soundcloud.com\/player\/?visual=true&#038;url=https%3A%2F%2Fapi.soundcloud.com%2Fusers%2F1180119979&#038;show_artwork=true&#038;maxheight=750&#038;maxwidth=500\"><\/iframe>\n<\/div><\/figure>\n","protected":false},"excerpt":{"rendered":"<p>La question de la violence extr\u00eame au Sahel est au c\u0153ur des pr\u00e9occupations des populations, des gouvernants, des partenaires, des acteurs humanitaires, et des m\u00e9dias. En 2022, la Fondation Hirondelle et le programme de pr\u00e9vention de l\u2019extr\u00e9misme violent de la Division Paix et droits de l\u2019homme du D\u00e9partement f\u00e9d\u00e9ral des affaires \u00e9trang\u00e8res suisse (DFAE) ont [&hellip;]<\/p>\n","protected":false},"author":9,"featured_media":0,"parent":10647,"menu_order":2,"comment_status":"closed","ping_status":"closed","template":"","meta":{"_acf_changed":false,"footnotes":""},"class_list":["post-10118","page","type-page","status-publish","hentry"],"acf":[],"publishpress_future_action":{"enabled":false,"date":"2026-04-20 21:50:52","action":"change-status","newStatus":"draft","terms":[],"taxonomy":"translation_priority","extraData":[]},"publishpress_future_workflow_manual_trigger":{"enabledWorkflows":[]},"_links":{"self":[{"href":"https:\/\/www.hirondelle.org\/fr\/wp-json\/wp\/v2\/pages\/10118","targetHints":{"allow":["GET"]}}],"collection":[{"href":"https:\/\/www.hirondelle.org\/fr\/wp-json\/wp\/v2\/pages"}],"about":[{"href":"https:\/\/www.hirondelle.org\/fr\/wp-json\/wp\/v2\/types\/page"}],"author":[{"embeddable":true,"href":"https:\/\/www.hirondelle.org\/fr\/wp-json\/wp\/v2\/users\/9"}],"replies":[{"embeddable":true,"href":"https:\/\/www.hirondelle.org\/fr\/wp-json\/wp\/v2\/comments?post=10118"}],"version-history":[{"count":7,"href":"https:\/\/www.hirondelle.org\/fr\/wp-json\/wp\/v2\/pages\/10118\/revisions"}],"predecessor-version":[{"id":10843,"href":"https:\/\/www.hirondelle.org\/fr\/wp-json\/wp\/v2\/pages\/10118\/revisions\/10843"}],"up":[{"embeddable":true,"href":"https:\/\/www.hirondelle.org\/fr\/wp-json\/wp\/v2\/pages\/10647"}],"wp:attachment":[{"href":"https:\/\/www.hirondelle.org\/fr\/wp-json\/wp\/v2\/media?parent=10118"}],"curies":[{"name":"wp","href":"https:\/\/api.w.org\/{rel}","templated":true}]}}