{"id":10128,"date":"2024-08-26T16:58:53","date_gmt":"2024-08-26T14:58:53","guid":{"rendered":"https:\/\/www.hirondelle.org\/?page_id=10128"},"modified":"2026-01-06T13:56:41","modified_gmt":"2026-01-06T12:56:41","slug":"journalism-trust-initiative","status":"publish","type":"page","link":"https:\/\/www.hirondelle.org\/fr\/que-faisons-nous\/operations\/thematiques\/gouvernance\/journalism-trust-initiative","title":{"rendered":"Journalism Trust Initiative"},"content":{"rendered":"\n<p>Pour contrer la propagation rapide de la m\u00e9-d\u00e9sinformation et la baisse inqui\u00e9tante de la confiance du public \u00e0 l\u2019\u00e9gard des m\u00e9dias traditionnels, plus de 150 organisations m\u00e9diatiques ont adopt\u00e9 sous l\u2019impulsion de Reporters Sans Fronti\u00e8res, \u00e0 la fin de l\u2019ann\u00e9e 2019, la \u00ab Journalism Trust Initiative \u00bb (JTI). Ce dispositif fournit un cadre normatif et certifie les m\u00e9dias qui pratiquent un journalisme professionnel et \u00e9thique. Il permet de r\u00e9pondre \u00e0 la demande du secteur m\u00e9diatique de plus de responsabilit\u00e9 et de redevabilit\u00e9 envers le public, les parties prenantes et les partenaires commerciaux. La JTI r\u00e9compense les organisations m\u00e9diatiques qui pratiquent le journalisme cr\u00e9ant un lien de confiance avec leurs audiences, et qui respectent les normes professionnelles et de l\u2019\u00e9thique journalistique.<\/p>\n\n\n\n<p>La Fondation Hirondelle, pr\u00e9sente dans des contextes de crises, s\u2019inscrit en droite ligne avec les valeurs de transparence et de professionnalisme des processus \u00e9ditoriaux, d\u00e9fendues par JTI. La Fondation Hirondelle a donc \u00e9t\u00e9 activement impliqu\u00e9e dans cette initiative d\u00e8s ses d\u00e9buts, dont l\u2019\u00e9laboration de la norme JTI. Studio Kalangou, m\u00e9dia de la Fondation au Niger, a d\u2019ailleurs \u00e9t\u00e9 le premier m\u00e9dia africain certifi\u00e9 avec succ\u00e8s en 2022.<\/p>\n\n\n\n<p>La Fondation Hirondelle s\u2019est \u00e9galement engag\u00e9e au d\u00e9veloppement du \u00ab <a href=\"https:\/\/www.jti-campus.org\/\" target=\"_blank\" rel=\"noreferrer noopener\">JTI Campus<\/a> \u00bb, un centre de formation 100 % en ligne. Son objectif est de mettre \u00e0 disposition des m\u00e9dias des ressources pour les soutenir dans leur processus d\u2019auto \u00e9valuation et de certification.<\/p>\n\n\n\n<p>Vous trouvez plus d\u2019informations sur la \u00ab\u00a0Journalism Trust Initiative\u00a0\u00bb sur son site internet\u00a0: <a href=\"https:\/\/www.journalismtrustinitiative.org\/\" target=\"_blank\" rel=\"noreferrer noopener\">https:\/\/www.journalismtrustinitiative.org<\/a><\/p>\n\n\n\n<p>Sources de financement du JTI Campus&nbsp;:<\/p>\n\n\n\n<ul class=\"wp-block-list\">\n<li>National Endowment for Democracy (NED) via Thomson Foundation<\/li>\n<\/ul>\n","protected":false},"excerpt":{"rendered":"<p>Pour contrer la propagation rapide de la m\u00e9-d\u00e9sinformation et la baisse inqui\u00e9tante de la confiance du public \u00e0 l\u2019\u00e9gard des m\u00e9dias traditionnels, plus de 150 organisations m\u00e9diatiques ont adopt\u00e9 sous l\u2019impulsion de Reporters Sans Fronti\u00e8res, \u00e0 la fin de l\u2019ann\u00e9e 2019, la \u00ab Journalism Trust Initiative \u00bb (JTI). Ce dispositif fournit un cadre normatif et [&hellip;]<\/p>\n","protected":false},"author":9,"featured_media":0,"parent":10634,"menu_order":6,"comment_status":"closed","ping_status":"closed","template":"","meta":{"_acf_changed":false,"footnotes":""},"class_list":["post-10128","page","type-page","status-publish","hentry"],"acf":[],"publishpress_future_action":{"enabled":false,"date":"2026-04-11 18:27:08","action":"change-status","newStatus":"draft","terms":[],"taxonomy":"translation_priority","extraData":[]},"publishpress_future_workflow_manual_trigger":{"enabledWorkflows":[]},"_links":{"self":[{"href":"https:\/\/www.hirondelle.org\/fr\/wp-json\/wp\/v2\/pages\/10128","targetHints":{"allow":["GET"]}}],"collection":[{"href":"https:\/\/www.hirondelle.org\/fr\/wp-json\/wp\/v2\/pages"}],"about":[{"href":"https:\/\/www.hirondelle.org\/fr\/wp-json\/wp\/v2\/types\/page"}],"author":[{"embeddable":true,"href":"https:\/\/www.hirondelle.org\/fr\/wp-json\/wp\/v2\/users\/9"}],"replies":[{"embeddable":true,"href":"https:\/\/www.hirondelle.org\/fr\/wp-json\/wp\/v2\/comments?post=10128"}],"version-history":[{"count":4,"href":"https:\/\/www.hirondelle.org\/fr\/wp-json\/wp\/v2\/pages\/10128\/revisions"}],"predecessor-version":[{"id":22143,"href":"https:\/\/www.hirondelle.org\/fr\/wp-json\/wp\/v2\/pages\/10128\/revisions\/22143"}],"up":[{"embeddable":true,"href":"https:\/\/www.hirondelle.org\/fr\/wp-json\/wp\/v2\/pages\/10634"}],"wp:attachment":[{"href":"https:\/\/www.hirondelle.org\/fr\/wp-json\/wp\/v2\/media?parent=10128"}],"curies":[{"name":"wp","href":"https:\/\/api.w.org\/{rel}","templated":true}]}}