{"id":10205,"date":"2024-08-28T17:03:27","date_gmt":"2024-08-28T15:03:27","guid":{"rendered":"https:\/\/www.hirondelle.org\/?page_id=10205"},"modified":"2026-01-08T11:25:48","modified_gmt":"2026-01-08T10:25:48","slug":"policy-making","status":"publish","type":"page","link":"https:\/\/www.hirondelle.org\/fr\/que-faisons-nous\/partage-des-savoirs\/policy-making","title":{"rendered":"Policy making"},"content":{"rendered":"\n<figure class=\"wp-block-image size-large\"><img loading=\"lazy\" decoding=\"async\" width=\"1024\" height=\"498\" src=\"https:\/\/www.hirondelle.org\/wp-content\/uploads\/2024\/09\/banner-policy-making-1024x498.jpg\" alt=\"\u00a9Daphne Matthys - 2023 \" class=\"wp-image-12069\" srcset=\"https:\/\/www.hirondelle.org\/wp-content\/uploads\/2024\/09\/banner-policy-making-1024x498.jpg 1024w, https:\/\/www.hirondelle.org\/wp-content\/uploads\/2024\/09\/banner-policy-making-300x146.jpg 300w, https:\/\/www.hirondelle.org\/wp-content\/uploads\/2024\/09\/banner-policy-making-768x373.jpg 768w, https:\/\/www.hirondelle.org\/wp-content\/uploads\/2024\/09\/banner-policy-making-1536x746.jpg 1536w, https:\/\/www.hirondelle.org\/wp-content\/uploads\/2024\/09\/banner-policy-making-1000x486.jpg 1000w, https:\/\/www.hirondelle.org\/wp-content\/uploads\/2024\/09\/banner-policy-making.jpg 2000w\" sizes=\"auto, (max-width: 1024px) 100vw, 1024px\" \/><figcaption class=\"wp-element-caption\">\u00a9Daphne Matthys &#8211; 2023 <\/figcaption><\/figure>\n\n\n\n<figure class=\"wp-block-pullquote\"><blockquote><p>Les politiques d\u2019appui aux m\u00e9dias sont au c\u0153ur des enjeux de paix, de d\u00e9veloppement et de d\u00e9mocratie. Nous mettons \u00e0 disposition nos analyses et recommandations afin de faire \u00e9voluer les politiques globales d\u2019appui aux m\u00e9dias dans les contextes fragiles.<br><\/p><\/blockquote><\/figure>\n\n\n\n<h4 class=\"wp-block-heading\"><br><strong>Ce que nous faisons<\/strong><\/h4>\n\n\n\n<p>La Fondation Hirondelle m\u00e8ne aupr\u00e8s des instances suisses, europ\u00e9ennes et internationales un travail de documentation et de r\u00e9flexion sur la fa\u00e7on dont les m\u00e9dias d\u2019information peuvent contribuer \u00e0 des soci\u00e9t\u00e9s justes, pacifiques et d\u00e9mocratiques. Notre travail de plaidoyer se d\u00e9cline sous forme de publications, de notes de cadrage, d\u2019\u00e9changes r\u00e9guliers et d\u2019interventions lors de congr\u00e8s internationaux.<\/p>\n\n\n\n<p>Dans la perspective de l\u2019Agenda 2030, le soutien aux m\u00e9dias ind\u00e9pendants et le droit \u00e0 l\u2019information sont des pr\u00e9requis pour atteindre plusieurs objectifs du d\u00e9veloppement durable, dont l\u2019objectif 16 qui se concentre sur l\u2019existence de soci\u00e9t\u00e9s justes, pacifiques et d\u00e9mocratiques. Depuis pr\u00e8s de trente ans, la Fondation Hirondelle affirme par son action sur le terrain que les m\u00e9dias sont, au m\u00eame titre que la sant\u00e9 ou l\u2019\u00e9ducation, un secteur prioritaire \u00e0 soutenir. Nous constatons qu&rsquo;il y a une prise de conscience globale sur l\u2019importance d\u2019une information fiable et utile mais encore beaucoup de questions et pas assez de moyens.<\/p>\n\n\n\n<p>La Fondation Hirondelle est membre de plusieurs r\u00e9seaux d\u2019acteurs, que ce soit au sein du secteur des m\u00e9dias&nbsp;; de la consolidation de la paix ou des droits humains&nbsp;; o\u00f9 elle y partage ses r\u00e9flexions et enrichit ses connaissances. Lorsque c\u2019est pertinent et qu\u2019elle apporte une valeur ajout\u00e9e, elle s\u2019associe avec des partenaires afin d\u2019augmenter son impact. <br><\/p>\n\n\n\n<p><br><\/p>\n\n\n\n<h3 class=\"wp-block-heading\">Publications<\/h3>\n\n\n\n<p><\/p>\n\n\n\n<details class=\"wp-block-details is-layout-flow wp-block-details-is-layout-flow\"><summary>Note de cadrage sur la d\u00e9sinformation<\/summary>\n<ul class=\"wp-block-list\">\n<li><a href=\"https:\/\/www.hirondelle.org\/wp-content\/uploads\/2025\/06\/Note-Desinformation-FH-2025.pdf\">\u00ab Renforcer l&rsquo;int\u00e9grit\u00e9 de l&rsquo;information : vers une approche pr\u00e9ventive et inclusive face \u00e0 la d\u00e9sinformation \u00bb<\/a> (2025)<\/li>\n\n\n\n<li><a href=\"\/fr\/notre-actualite\/1460-s-en-tenir-aux-faits-creer-de-la-confiance-notre-reponse-a-la-desinformation\" target=\"_blank\" rel=\"noreferrer noopener\"><strong>\u00ab&nbsp;<\/strong>S&rsquo;en tenir aux faits, cr\u00e9er de la confiance : notre rem\u00e8de \u00e0 la d\u00e9sinformation<strong>&nbsp;\u00bb<\/strong><\/a> (2021)<\/li>\n<\/ul>\n<\/details>\n\n\n\n<details class=\"wp-block-details is-layout-flow wp-block-details-is-layout-flow\"><summary>M\u00e9dia et M\u00e9diation&nbsp;: Notre positionnement<\/summary>\n<ul class=\"wp-block-list\">\n<li>\u00c0 lire <a href=\"\/fr\/notre-actualite\/2035-media-et-mediation-notre-positionnement\" target=\"_blank\" rel=\"noreferrer noopener\">ici<\/a><\/li>\n<\/ul>\n<\/details>\n\n\n\n<details class=\"wp-block-details is-layout-flow wp-block-details-is-layout-flow\"><summary>Ligne directrice sur le soutien aux m\u00e9dias \u00e9labor\u00e9es pour la Direction du D\u00e9veloppement et de la Coop\u00e9ration Suisse (DDC)<\/summary>\n<ul class=\"wp-block-list\">\n<li><a href=\"https:\/\/backend.sdc-pge.ch\/fileservice\/sdweb-docs-prod-sdcpgech-files\/files\/2024\/01\/17\/00ef60f0-74e2-45cc-84c3-4da3f3cbb844.pdf\" target=\"_blank\" rel=\"noreferrer noopener\">Lignes directrices<\/a><\/li>\n\n\n\n<li><a href=\"https:\/\/www.youtube.com\/watch?v=UIqZL0DhnN4&amp;t=38s\" target=\"_blank\" rel=\"noreferrer noopener\">Vid\u00e9os<\/a> &#8211; <em>(https:\/\/www.youtube.com\/@ddlgnetwork753\/videos)<\/em>\n<ul class=\"wp-block-list\">\n<li><a href=\"https:\/\/youtu.be\/uAb3ck0k5OI?feature=shared\" target=\"_blank\" rel=\"noreferrer noopener\">Media et Genre<\/a><\/li>\n\n\n\n<li><a href=\"https:\/\/youtu.be\/dbiofLn7a-Y?feature=shared\" target=\"_blank\" rel=\"noreferrer noopener\">Media et corruption<\/a><\/li>\n\n\n\n<li><a href=\"https:\/\/youtu.be\/I7LLrjSC_Ww?feature=shared\" target=\"_blank\" rel=\"noreferrer noopener\">Potentiels et d\u00e9fis des nouvelles technologies de l\u2019information (TIC)<\/a><\/li>\n<\/ul>\n<\/li>\n<\/ul>\n<\/details>\n\n\n\n<details class=\"wp-block-details is-layout-flow wp-block-details-is-layout-flow\"><summary>M\u00e9dia et Op\u00e9rations de Paix des Nations Unies<\/summary>\n<ul class=\"wp-block-list\">\n<li><a href=\"\/fr\/notre-actualite\/568-un-groupe-d-experts-sur-les-radios-de-la-paix-des-nations-unies-se-reunit-a-geneve\" target=\"_blank\" rel=\"noreferrer noopener\">2018<\/a><\/li>\n\n\n\n<li><a href=\"\/fr\/nos-medias\/1944-la-liberte-d-expression-cle-de-voute-des-droits-humains\" target=\"_blank\" rel=\"noreferrer noopener\">2023<\/a><\/li>\n<\/ul>\n<\/details>\n\n\n\n<details class=\"wp-block-details is-layout-flow wp-block-details-is-layout-flow\"><summary>Digitalisation et processus de paix<\/summary>\n<ul class=\"wp-block-list\">\n<li>\u00c0 lire <a href=\"\/en\/blog\/1765-the-digital-space-and-peace-processes-a-thought-piece\" target=\"_blank\" rel=\"noreferrer noopener\">ici<\/a><\/li>\n<\/ul>\n<\/details>\n\n\n\n<p><br><\/p>\n\n\n\n<h3 class=\"wp-block-heading\">Articles associ\u00e9s<\/h3>\n\n\n\n<p>&nbsp;M\u00e9diations&nbsp;: \u00ab&nbsp;<a href=\"\/fr\/journalisme-et-democratie-mediation-n-11-juillet-2023\" target=\"_blank\" rel=\"noreferrer noopener\">les m\u00e9dias et la d\u00e9mocratie<\/a>&nbsp;\u00bb et \u00ab&nbsp;<a href=\"\/fr\/rendre-intelligible-la-justice-internationale-et-transitionnelle-mediation-n-12-decembre-2023-2\" target=\"_blank\" rel=\"noreferrer noopener\">les m\u00e9dias et la justice transitionnelle<\/a>&nbsp;\u00bb<br><br><\/p>\n\n\n\n<div class=\"wp-block-columns is-layout-flex wp-container-core-columns-is-layout-9d6595d7 wp-block-columns-is-layout-flex\">\n<div class=\"wp-block-column is-layout-flow wp-block-column-is-layout-flow\">\n<div class=\"wp-block-group p-3 backgroundedBlock--gray has-global-padding is-layout-constrained wp-block-group-is-layout-constrained\">\n<p><strong>Plaidoyer pour une aide internationale aux m\u00e9dias<\/strong><\/p>\n\n\n\n<p>Membre actif au sein du Global Forum for Media Development (GFMD), nous avons soutenu une action de plaidoyer aupr\u00e8s des principaux bailleurs, afin de leur demander de revoir \u00e0 la hausse le pourcentage allou\u00e9 au soutien au secteur des m\u00e9dias qui n\u2019a pas \u00e9volu\u00e9 depuis 10 ans (soit 0.3% de l\u2019aide totale au d\u00e9veloppement). Nous avons \u00e9galement particip\u00e9 \u00e0 une consultation publique initi\u00e9e par l\u2019Organisation pour la Coop\u00e9ration et le D\u00e9veloppement en Europe (OCDE) sur un projet <a href=\"https:\/\/www.oecd-ilibrary.org\/docserver\/76d82856-en.pdf?expires=1727875320&amp;id=id&amp;accname=guest&amp;checksum=4C6BD1E7C0F96C89A48B73F8698A56F5\" target=\"_blank\" rel=\"noreferrer noopener\">de principes pour un soutien pertinent et efficace aux m\u00e9dias et \u00e0 l&rsquo;espace de l&rsquo;information<\/a>. Nous y avons rappel\u00e9 l\u2019importance de maintenir, voire augmenter, le soutien aux m\u00e9dias ind\u00e9pendants, mais aussi la n\u00e9cessit\u00e9 d\u2019am\u00e9liorer la coordination de l&rsquo;aide et l\u2019investissement dans la connaissance, la recherche et l&rsquo;apprentissage.<br><\/p>\n<\/div>\n<\/div>\n<\/div>\n\n\n\n<div class=\"wp-block-columns is-layout-flex wp-container-core-columns-is-layout-9d6595d7 wp-block-columns-is-layout-flex\">\n<div class=\"wp-block-column is-layout-flow wp-block-column-is-layout-flow\">\n<div class=\"wp-block-group p-3 backgroundedBlock--gray has-global-padding is-layout-constrained wp-block-group-is-layout-constrained\">\n<p><strong>Panel de haut niveau sur la propagation de la d\u00e9sinformation au Sahel<\/strong><\/p>\n\n\n\n<p>En 2023, nous avons organis\u00e9 avec la Mission suisse aupr\u00e8s des Nations unies \u00e0 Gen\u00e8ve un panel de haut niveau sur la propagation de la d\u00e9sinformation au Sahel lors de la <em>Geneva Peace Week<\/em>. Trois Repr\u00e9sentants et Repr\u00e9sentantes sp\u00e9ciaux pour le Sahel (Suisse, Union europ\u00e9enne, Espagne \u2013 \u00e0 l\u2019\u00e9poque pays \u00e0 la Pr\u00e9sidence de l\u2019Union europ\u00e9enne), une chercheuse togolaise bas\u00e9e \u00e0 Gen\u00e8ve et un journaliste de Studio Tamani au Mali ont \u00e9chang\u00e9 sur les solutions non-militaires \u00e0 la crise en cours dans cette r\u00e9gion. La pr\u00e9sence de hauts responsables africains dans la salle a nourri les d\u00e9bats.<br><\/p>\n<\/div>\n<\/div>\n<\/div>\n\n\n\n<div class=\"wp-block-columns is-layout-flex wp-container-core-columns-is-layout-9d6595d7 wp-block-columns-is-layout-flex\">\n<div class=\"wp-block-column is-layout-flow wp-block-column-is-layout-flow\">\n<div class=\"wp-block-group p-3 backgroundedBlock--gray has-global-padding is-layout-constrained wp-block-group-is-layout-constrained\">\n<p><strong>Plaidoyer pour la prise en compte des m\u00e9dias et de l\u2019acc\u00e8s \u00e0 l\u2019information dans le Pacte pour le futur<\/strong><\/p>\n\n\n\n<p>En coordination avec le GFMD, la Fondation Hirondelle a particip\u00e9 activement \u00e0 plusieurs r\u00e9unions \u00e0 Gen\u00e8ve et \u00e0 New York durant l\u2019\u00e9t\u00e9 2024 afin d\u2019int\u00e9grer des r\u00e9f\u00e9rences au r\u00f4le des m\u00e9dias ind\u00e9pendants et de l\u2019acc\u00e8s \u00e0 l\u2019information pour la r\u00e9ussite des objectifs de d\u00e9veloppement et de paix inscrits dans le <a href=\"https:\/\/www.un.org\/en\/summit-of-the-future\" target=\"_blank\" rel=\"noreferrer noopener\">Pacte pour le Futur<\/a>. Elle a activement \u00e9chang\u00e9 avec les repr\u00e9sentants suisses en charge de ce dossier aupr\u00e8s des Nations unies, et a ainsi contribu\u00e9 \u00e0 l\u2019inscription de ces enjeux dans la version valid\u00e9e du Pacte<br><\/p>\n<\/div>\n<\/div>\n<\/div>\n\n\n\n<p><br><\/p>\n\n\n\n<div class=\"wp-block-columns bannersList--medium is-layout-flex wp-container-core-columns-is-layout-9d6595d7 wp-block-columns-is-layout-flex\">\n<div class=\"wp-block-column h-100 is-layout-flow wp-block-column-is-layout-flow\">\n<div class=\"wp-block-cover align-items-end\"><img loading=\"lazy\" decoding=\"async\" width=\"1194\" height=\"934\" class=\"wp-block-cover__image-background wp-image-12129\" alt=\"\" src=\"https:\/\/www.hirondelle.org\/wp-content\/uploads\/2024\/09\/box-partage-savoirs.jpg\" data-object-fit=\"cover\" srcset=\"https:\/\/www.hirondelle.org\/wp-content\/uploads\/2024\/09\/box-partage-savoirs.jpg 1194w, https:\/\/www.hirondelle.org\/wp-content\/uploads\/2024\/09\/box-partage-savoirs-300x235.jpg 300w, https:\/\/www.hirondelle.org\/wp-content\/uploads\/2024\/09\/box-partage-savoirs-1024x801.jpg 1024w, https:\/\/www.hirondelle.org\/wp-content\/uploads\/2024\/09\/box-partage-savoirs-768x601.jpg 768w, https:\/\/www.hirondelle.org\/wp-content\/uploads\/2024\/09\/box-partage-savoirs-1000x782.jpg 1000w\" sizes=\"auto, (max-width: 1194px) 100vw, 1194px\" \/><span aria-hidden=\"true\" class=\"wp-block-cover__background has-fhviolet-background-color has-background-dim-60 has-background-dim\"><\/span><div class=\"wp-block-cover__inner-container has-global-padding is-layout-constrained wp-block-cover-is-layout-constrained\">\n<h1 class=\"wp-block-heading has-white-color has-text-color has-link-color has-large-font-size wp-elements-3becba13bd0a212b1bdc0f6c2246479b\"><strong><a href=\"\/fr\/que-faisons-nous\/partage-des-savoirs\">Recherche et Apprentissage<\/a><\/strong><\/h1>\n\n\n\n<p class=\"has-white-color has-text-color has-link-color wp-elements-6253b20bbe6e13a277ab71eb27cf744a\"><a href=\"\/fr\/que-faisons-nous\/partage-des-savoirs\">Nous travaillons avec le milieu acad\u00e9mique afin de mesurer les effets de nos actions et d\u00e9velopper nos programmes d\u2019information au plus pr\u00e8s des besoins des populations.<\/a><\/p>\n<\/div><\/div>\n<\/div>\n\n\n\n<div class=\"wp-block-column is-layout-flow wp-block-column-is-layout-flow\">\n<div class=\"wp-block-cover align-items-end\"><img loading=\"lazy\" decoding=\"async\" width=\"2000\" height=\"1333\" class=\"wp-block-cover__image-background wp-image-12055\" alt=\"\" src=\"https:\/\/www.hirondelle.org\/wp-content\/uploads\/2024\/09\/box-sera.jpg\" data-object-fit=\"cover\" srcset=\"https:\/\/www.hirondelle.org\/wp-content\/uploads\/2024\/09\/box-sera.jpg 2000w, https:\/\/www.hirondelle.org\/wp-content\/uploads\/2024\/09\/box-sera-300x200.jpg 300w, https:\/\/www.hirondelle.org\/wp-content\/uploads\/2024\/09\/box-sera-1024x682.jpg 1024w, https:\/\/www.hirondelle.org\/wp-content\/uploads\/2024\/09\/box-sera-768x512.jpg 768w, https:\/\/www.hirondelle.org\/wp-content\/uploads\/2024\/09\/box-sera-1536x1024.jpg 1536w, https:\/\/www.hirondelle.org\/wp-content\/uploads\/2024\/09\/box-sera-1000x667.jpg 1000w\" sizes=\"auto, (max-width: 2000px) 100vw, 2000px\" \/><span aria-hidden=\"true\" class=\"wp-block-cover__background has-fhviolet-background-color has-background-dim-60 has-background-dim\"><\/span><div class=\"wp-block-cover__inner-container has-global-padding is-layout-constrained wp-block-cover-is-layout-constrained\">\n<h1 class=\"wp-block-heading has-white-color has-text-color has-link-color has-large-font-size wp-elements-4cbb1a30fe2f110f4d034e36bff3301e\"><strong><a href=\"\/fr\/que-faisons-nous\/partage-des-savoirs\/recherche-et-apprentissage\/suivi-evaluation-redevabilite-et-apprentissage-sera\">Suivi, \u00c9valuation, Redevabilit\u00e9 et Apprentissage<\/a><\/strong><\/h1>\n\n\n\n<p class=\"has-white-color has-text-color has-link-color wp-elements-69f8730a38dbfa3c3e1be11cbfcf7143\"><a href=\"\/fr\/que-faisons-nous\/partage-des-savoirs\/recherche-et-apprentissage\/suivi-evaluation-redevabilite-et-apprentissage-sera\">Notre travail de capitalisation d\u2019exp\u00e9riences, nous permet d\u2019am\u00e9liorer la qualit\u00e9 et la pertinence de notre travail.<\/a><\/p>\n<\/div><\/div>\n\n\n\n<div class=\"wp-block-group has-global-padding is-layout-constrained wp-block-group-is-layout-constrained\"><\/div>\n<\/div>\n\n\n\n<div class=\"wp-block-column is-layout-flow wp-block-column-is-layout-flow\">\n<div class=\"wp-block-cover align-items-end\"><img loading=\"lazy\" decoding=\"async\" width=\"1179\" height=\"789\" class=\"wp-block-cover__image-background wp-image-12727\" alt=\"\" src=\"https:\/\/www.hirondelle.org\/wp-content\/uploads\/2024\/10\/box-ue.jpg\" data-object-fit=\"cover\" srcset=\"https:\/\/www.hirondelle.org\/wp-content\/uploads\/2024\/10\/box-ue.jpg 1179w, https:\/\/www.hirondelle.org\/wp-content\/uploads\/2024\/10\/box-ue-300x201.jpg 300w, https:\/\/www.hirondelle.org\/wp-content\/uploads\/2024\/10\/box-ue-1024x685.jpg 1024w, https:\/\/www.hirondelle.org\/wp-content\/uploads\/2024\/10\/box-ue-768x514.jpg 768w, https:\/\/www.hirondelle.org\/wp-content\/uploads\/2024\/10\/box-ue-1000x669.jpg 1000w\" sizes=\"auto, (max-width: 1179px) 100vw, 1179px\" \/><span aria-hidden=\"true\" class=\"wp-block-cover__background has-fhviolet-background-color has-background-dim-60 has-background-dim\"><\/span><div class=\"wp-block-cover__inner-container has-global-padding is-layout-constrained wp-block-cover-is-layout-constrained\">\n<h1 class=\"wp-block-heading has-white-color has-text-color has-link-color has-large-font-size wp-elements-46b4ad72816e4f404f8f23971c940dbf\"><strong>Repr\u00e9sentation Aupr\u00e8s DE L&rsquo;UE<\/strong><\/h1>\n\n\n\n<p class=\"has-white-color has-text-color has-link-color wp-elements-19440a09c16c2df885dc288aa11d3705\">Notre pr\u00e9sence \u00e0 Bruxelles nous permet d\u2019\u00e9changer avec l\u2019Union europ\u00e9enne, bailleur et acteur politique de premier plan dans les contextes fragiles.<\/p>\n<\/div><\/div>\n\n\n\n<div class=\"wp-block-group has-global-padding is-layout-constrained wp-block-group-is-layout-constrained\"><\/div>\n<\/div>\n<\/div>\n\n\n\n<h4 class=\"wp-block-heading\"><br><strong>Notre \u00e9quipe<\/strong><br><\/h4>\n\n\n\n<div class=\"wp-block-columns is-layout-flex wp-container-core-columns-is-layout-9d6595d7 wp-block-columns-is-layout-flex\">\n<div class=\"wp-block-column is-layout-flow wp-block-column-is-layout-flow\">\n<div class=\"wp-block-group p-2 h-100 border rounded has-background has-global-padding is-layout-constrained wp-block-group-is-layout-constrained\" style=\"background-color:#edf0ee\">\n<div class=\"wp-block-media-text is-stacked-on-mobile is-vertically-aligned-center h-100\" style=\"grid-template-columns:47% auto\"><figure class=\"wp-block-media-text__media\"><img loading=\"lazy\" decoding=\"async\" width=\"2560\" height=\"1707\" src=\"https:\/\/www.hirondelle.org\/wp-content\/uploads\/2026\/01\/MeuterSacha-scaled.jpg\" alt=\"\" class=\"wp-image-22268 size-full\" srcset=\"https:\/\/www.hirondelle.org\/wp-content\/uploads\/2026\/01\/MeuterSacha-scaled.jpg 2560w, https:\/\/www.hirondelle.org\/wp-content\/uploads\/2026\/01\/MeuterSacha-300x200.jpg 300w, https:\/\/www.hirondelle.org\/wp-content\/uploads\/2026\/01\/MeuterSacha-768x512.jpg 768w, https:\/\/www.hirondelle.org\/wp-content\/uploads\/2026\/01\/MeuterSacha-1536x1024.jpg 1536w, https:\/\/www.hirondelle.org\/wp-content\/uploads\/2026\/01\/MeuterSacha-2048x1365.jpg 2048w\" sizes=\"auto, (max-width: 2560px) 100vw, 2560px\" \/><\/figure><div class=\"wp-block-media-text__content\">\n<p><strong>Sacha Meuter<\/strong><br>Responsable de la recherche et des politiques<br><a href=\"\/fr\/qui-sommes-nous\/nous-contacter?recipient=Sacha+Meuter+-+Responsable+de+la+recherche+et+des+politiques\">Contactez Sacha Meuter<\/a><\/p>\n<\/div><\/div>\n<\/div>\n<\/div>\n\n\n\n<div class=\"wp-block-column is-layout-flow wp-block-column-is-layout-flow\">\n<div class=\"wp-block-group p-2 h-100 border rounded has-background has-global-padding is-layout-constrained wp-block-group-is-layout-constrained\" style=\"background-color:#edf0ee\">\n<div class=\"wp-block-media-text is-stacked-on-mobile is-vertically-aligned-center h-100\" style=\"grid-template-columns:47% auto\"><figure class=\"wp-block-media-text__media\"><img loading=\"lazy\" decoding=\"async\" width=\"2560\" height=\"1707\" src=\"https:\/\/www.hirondelle.org\/wp-content\/uploads\/2026\/01\/CogitoreColin-scaled.jpg\" alt=\"\" class=\"wp-image-22276 size-full\" srcset=\"https:\/\/www.hirondelle.org\/wp-content\/uploads\/2026\/01\/CogitoreColin-scaled.jpg 2560w, https:\/\/www.hirondelle.org\/wp-content\/uploads\/2026\/01\/CogitoreColin-300x200.jpg 300w, https:\/\/www.hirondelle.org\/wp-content\/uploads\/2026\/01\/CogitoreColin-768x512.jpg 768w, https:\/\/www.hirondelle.org\/wp-content\/uploads\/2026\/01\/CogitoreColin-1536x1024.jpg 1536w, https:\/\/www.hirondelle.org\/wp-content\/uploads\/2026\/01\/CogitoreColin-2048x1365.jpg 2048w\" sizes=\"auto, (max-width: 2560px) 100vw, 2560px\" \/><\/figure><div class=\"wp-block-media-text__content\">\n<p><strong>Colin Cogitore<\/strong><br>Repr\u00e9sentant UE<br><a href=\"\/fr\/qui-sommes-nous\/nous-contacter?recipient=Colin+Cogitore+-+Repr\u00e9sentant+UE\">Contactez Colin Cogitore<\/a><br><\/p>\n<\/div><\/div>\n<\/div>\n<\/div>\n<\/div>\n\n\n\n<p><br><\/p>\n\n\n\n<p><\/p>\n","protected":false},"excerpt":{"rendered":"<p>Les politiques d\u2019appui aux m\u00e9dias sont au c\u0153ur des enjeux de paix, de d\u00e9veloppement et de d\u00e9mocratie. Nous mettons \u00e0 disposition nos analyses et recommandations afin de faire \u00e9voluer les politiques globales d\u2019appui aux m\u00e9dias dans les contextes fragiles. Ce que nous faisons La Fondation Hirondelle m\u00e8ne aupr\u00e8s des instances suisses, europ\u00e9ennes et internationales un [&hellip;]<\/p>\n","protected":false},"author":9,"featured_media":0,"parent":9943,"menu_order":2,"comment_status":"closed","ping_status":"closed","template":"","meta":{"_acf_changed":false,"footnotes":""},"class_list":["post-10205","page","type-page","status-publish","hentry"],"acf":[],"publishpress_future_action":{"enabled":false,"date":"2026-04-20 20:52:45","action":"change-status","newStatus":"draft","terms":[],"taxonomy":"translation_priority","extraData":[]},"publishpress_future_workflow_manual_trigger":{"enabledWorkflows":[]},"_links":{"self":[{"href":"https:\/\/www.hirondelle.org\/fr\/wp-json\/wp\/v2\/pages\/10205","targetHints":{"allow":["GET"]}}],"collection":[{"href":"https:\/\/www.hirondelle.org\/fr\/wp-json\/wp\/v2\/pages"}],"about":[{"href":"https:\/\/www.hirondelle.org\/fr\/wp-json\/wp\/v2\/types\/page"}],"author":[{"embeddable":true,"href":"https:\/\/www.hirondelle.org\/fr\/wp-json\/wp\/v2\/users\/9"}],"replies":[{"embeddable":true,"href":"https:\/\/www.hirondelle.org\/fr\/wp-json\/wp\/v2\/comments?post=10205"}],"version-history":[{"count":102,"href":"https:\/\/www.hirondelle.org\/fr\/wp-json\/wp\/v2\/pages\/10205\/revisions"}],"predecessor-version":[{"id":22280,"href":"https:\/\/www.hirondelle.org\/fr\/wp-json\/wp\/v2\/pages\/10205\/revisions\/22280"}],"up":[{"embeddable":true,"href":"https:\/\/www.hirondelle.org\/fr\/wp-json\/wp\/v2\/pages\/9943"}],"wp:attachment":[{"href":"https:\/\/www.hirondelle.org\/fr\/wp-json\/wp\/v2\/media?parent=10205"}],"curies":[{"name":"wp","href":"https:\/\/api.w.org\/{rel}","templated":true}]}}