{"id":10225,"date":"2024-08-28T19:55:11","date_gmt":"2024-08-28T17:55:11","guid":{"rendered":"https:\/\/www.hirondelle.org\/?page_id=10225"},"modified":"2024-09-12T00:17:14","modified_gmt":"2024-09-11T22:17:14","slug":"cote-divoire","status":"publish","type":"page","link":"https:\/\/www.hirondelle.org\/fr\/que-faisons-nous\/operations\/geographiques\/afrique\/cote-divoire","title":{"rendered":"C\u00f4te d\u2019Ivoire"},"content":{"rendered":"\n<figure class=\"wp-block-image size-large\"><img loading=\"lazy\" decoding=\"async\" width=\"1024\" height=\"341\" src=\"https:\/\/www.hirondelle.org\/wp-content\/uploads\/2024\/08\/cote_ivoire_banner-1024x341.jpg\" alt=\"\" class=\"wp-image-10227\" srcset=\"https:\/\/www.hirondelle.org\/wp-content\/uploads\/2024\/08\/cote_ivoire_banner-1024x341.jpg 1024w, https:\/\/www.hirondelle.org\/wp-content\/uploads\/2024\/08\/cote_ivoire_banner-300x100.jpg 300w, https:\/\/www.hirondelle.org\/wp-content\/uploads\/2024\/08\/cote_ivoire_banner-768x256.jpg 768w, https:\/\/www.hirondelle.org\/wp-content\/uploads\/2024\/08\/cote_ivoire_banner-1536x512.jpg 1536w, https:\/\/www.hirondelle.org\/wp-content\/uploads\/2024\/08\/cote_ivoire_banner-1000x333.jpg 1000w, https:\/\/www.hirondelle.org\/wp-content\/uploads\/2024\/08\/cote_ivoire_banner.jpg 1620w\" sizes=\"auto, (max-width: 1024px) 100vw, 1024px\" \/><\/figure>\n\n\n\n<p>Studio Mozaik\u00a0est un studio-\u00e9cole de formation au journalisme radio et \u00e0 la production audiovisuelle, bas\u00e9 \u00e0\u00a0Abidjan\u00a0en\u00a0C\u00f4te d\u2019Ivoire. Il a \u00e9t\u00e9 cr\u00e9\u00e9 d\u00e9but 2014 par une association de droit ivoirien, la Fondation Dr Peter Graze, avec le soutien de Culture Counts, association de journalistes allemands, et de la Fondation Hirondelle qui a apport\u00e9 pendant deux ans son\u00a0expertise p\u00e9dagogique et \u00e9ditoriale\u00a0pour la mise en place des cursus de formation et la production des programmes par les \u00e9tudiant\u00b7e\u00b7s et stagiaires, diffus\u00e9s par un r\u00e9seau de\u00a042 radios partenaires\u00a0dans le pays. Studio Mozaik contribue ainsi \u00e0 la formation professionnelle et \u00e9thique d\u2019une\u00a0jeune g\u00e9n\u00e9ration\u00a0de journalistes ivoiriens, dans un pays o\u00f9 les d\u00e9rives de la presse ont souvent attis\u00e9 les facteurs de conflit.<\/p>\n\n\n\n<p>Apr\u00e8s une premi\u00e8re mission exploratoire \u00e0 Abidjan en juin 2011, au lendemain de la violente\u00a0crise post-\u00e9lectorale, la Fondation Hirondelle est contact\u00e9e en 2012 par la Fondation Dr Peter Graze, une association cr\u00e9\u00e9e par des professionnel\u00b7le\u00b7s des m\u00e9dias ivoiriens, soutenus par une organisation allemande ayant mis en place des ateliers de formation en C\u00f4te d\u2019Ivoire, la Fondation Culture Counts. Ces deux structures demandent \u00e0 la Fondation Hirondelle de leur apporter son\u00a0expertise\u00a0pour la cr\u00e9ation d\u2019une radio d\u2019information contribuant \u00e0 la paix et au\u00a0processus de r\u00e9conciliation\u00a0nationale. Ce projet se concr\u00e9tise finalement sous un format de \u00ab\u00a0studio-\u00e9cole \u00bb, \u00e9labor\u00e9 en r\u00e9ponse \u00e0 un appel d\u2019offres de l\u2019Union europ\u00e9enne.<\/p>\n\n\n\n<p>Le projet \u00ab Studio Mozaik \u00bb voit ainsi le jour en 2014, avec le soutien de l\u2019UE, et b\u00e9n\u00e9ficie de l\u2019expertise de la Fondation Hirondelle, au travers de la pr\u00e9sence d\u2019un responsable \u00e9ditorial sur place au sein du Studio. En deux ans, 84 \u00e9tudiant\u00b7e\u00b7s et journalistes de radios partenaires sont form\u00e9\u00b7e\u00b7s sur des p\u00e9riodes de trois mois suivies de trois mois de\u00a0stages\u00a0pratiques. Ces formations traitent les principes et techniques de base qui permettent de r\u00e9aliser un travail journalistique professionnel, impartial et responsable. Les \u00e9missions produites dans le cadre du stage permettent aux jeunes journalistes de mettre en pratique leur apprentissage. Elles alimentent aussi en programmes le\u00a0r\u00e9seau\u00a0des 42 radios partenaires de Studio Mozaik \u00e0 travers le pays. Plus de 500 heures de programmes leur sont fournies en deux ans.<\/p>\n\n\n\n<p>L\u2019ann\u00e9e 2015 en C\u00f4te d\u2019Ivoire est aussi marqu\u00e9e par la r\u00e9\u00e9lection du Pr\u00e9sident de la R\u00e9publique, Alassane Ouattara. La Fondation Hirondelle met en \u0153uvre un projet sp\u00e9cifique d\u2019appui \u00e0 Studio Mozaik pour la couverture de ce\u00a0scrutin. Une \u00e9quipe de 12 pigistes est constitu\u00e9e avec d\u2019anciens stagiaires du studio-\u00e9cole. Pendant trois mois, encadr\u00e9\u00b7e\u00b7s par le responsable \u00e9ditorial de la Fondation Hirondelle, ils et elles couvrent au quotidien la pr\u00e9paration puis le d\u00e9roulement de l\u2019\u00e9lection, au plus pr\u00e8s des attentes et des besoins de la population. Leurs productions sont diffus\u00e9es par 19 radios partenaires \u00e9quip\u00e9es de kits\u00a0VSAT, avec notamment 12 heures de\u00a0direct\u00a0le jour du scrutin. Les programmes sont aussi diffus\u00e9s sur une\u00a0webradio. Un\u00a0webdocumentaire\u00a0est produit par la Fondation Hirondelle pour pr\u00e9senter de mani\u00e8re interactive le travail r\u00e9alis\u00e9\u00a0:\u00a0<a href=\"https:\/\/re04f25922.racontr.com\/\" target=\"_blank\" rel=\"noreferrer noopener\">Jour d\u2019\u00e9lection \u00e0 Studio Mozaik<\/a><strong>.<\/strong><\/p>\n\n\n\n<p>A l\u2019issue du projet financ\u00e9 par l\u2019Union europ\u00e9enne, fin 2015, le Studio Mozaik poursuit en 2016 ses activit\u00e9s en C\u00f4te d\u2019Ivoire, avec le soutien de la Fondation Hirondelle dans le cadre d\u2019une phase de\u00a0transition\u00a0de 6 mois pour lui permettre de trouver de nouvelles sources de financement. Depuis, Studio Mozaik continue de fonctionner en d\u00e9veloppant de nouvelles formations payantes, individuelles ou collectives, ainsi que des\u00a0campagnes de communication\u00a0audiovisuelle pour des organisations bas\u00e9es en C\u00f4te d\u2019Ivoire, sur des th\u00e9matiques\u00a0d\u2019int\u00e9r\u00eat g\u00e9n\u00e9ral.<\/p>\n\n\n\n<p>Source de financement\u00a0: <\/p>\n\n\n\n<ul class=\"wp-block-list\">\n<li>Union europ\u00e9enne<\/li>\n<\/ul>\n","protected":false},"excerpt":{"rendered":"<p>Studio Mozaik\u00a0est un studio-\u00e9cole de formation au journalisme radio et \u00e0 la production audiovisuelle, bas\u00e9 \u00e0\u00a0Abidjan\u00a0en\u00a0C\u00f4te d\u2019Ivoire. Il a \u00e9t\u00e9 cr\u00e9\u00e9 d\u00e9but 2014 par une association de droit ivoirien, la Fondation Dr Peter Graze, avec le soutien de Culture Counts, association de journalistes allemands, et de la Fondation Hirondelle qui a apport\u00e9 pendant deux ans [&hellip;]<\/p>\n","protected":false},"author":9,"featured_media":0,"parent":231,"menu_order":4,"comment_status":"closed","ping_status":"closed","template":"","meta":{"_acf_changed":false,"footnotes":""},"class_list":["post-10225","page","type-page","status-publish","hentry"],"acf":[],"publishpress_future_action":{"enabled":false,"date":"2026-04-20 20:10:27","action":"change-status","newStatus":"draft","terms":[],"taxonomy":"translation_priority","extraData":[]},"publishpress_future_workflow_manual_trigger":{"enabledWorkflows":[]},"_links":{"self":[{"href":"https:\/\/www.hirondelle.org\/fr\/wp-json\/wp\/v2\/pages\/10225","targetHints":{"allow":["GET"]}}],"collection":[{"href":"https:\/\/www.hirondelle.org\/fr\/wp-json\/wp\/v2\/pages"}],"about":[{"href":"https:\/\/www.hirondelle.org\/fr\/wp-json\/wp\/v2\/types\/page"}],"author":[{"embeddable":true,"href":"https:\/\/www.hirondelle.org\/fr\/wp-json\/wp\/v2\/users\/9"}],"replies":[{"embeddable":true,"href":"https:\/\/www.hirondelle.org\/fr\/wp-json\/wp\/v2\/comments?post=10225"}],"version-history":[{"count":3,"href":"https:\/\/www.hirondelle.org\/fr\/wp-json\/wp\/v2\/pages\/10225\/revisions"}],"predecessor-version":[{"id":10824,"href":"https:\/\/www.hirondelle.org\/fr\/wp-json\/wp\/v2\/pages\/10225\/revisions\/10824"}],"up":[{"embeddable":true,"href":"https:\/\/www.hirondelle.org\/fr\/wp-json\/wp\/v2\/pages\/231"}],"wp:attachment":[{"href":"https:\/\/www.hirondelle.org\/fr\/wp-json\/wp\/v2\/media?parent=10225"}],"curies":[{"name":"wp","href":"https:\/\/api.w.org\/{rel}","templated":true}]}}