{"id":10231,"date":"2024-08-28T20:34:47","date_gmt":"2024-08-28T18:34:47","guid":{"rendered":"https:\/\/www.hirondelle.org\/?page_id=10231"},"modified":"2025-04-22T11:51:36","modified_gmt":"2025-04-22T09:51:36","slug":"guinee","status":"publish","type":"page","link":"https:\/\/www.hirondelle.org\/fr\/que-faisons-nous\/operations\/geographiques\/afrique\/guinee","title":{"rendered":"Guin\u00e9e"},"content":{"rendered":"\n<figure class=\"wp-block-image size-large\"><img loading=\"lazy\" decoding=\"async\" width=\"1024\" height=\"253\" src=\"https:\/\/www.hirondelle.org\/wp-content\/uploads\/2024\/08\/guinee_banner-1024x253.jpg\" alt=\"\" class=\"wp-image-10233\" srcset=\"https:\/\/www.hirondelle.org\/wp-content\/uploads\/2024\/08\/guinee_banner-1024x253.jpg 1024w, https:\/\/www.hirondelle.org\/wp-content\/uploads\/2024\/08\/guinee_banner-300x74.jpg 300w, https:\/\/www.hirondelle.org\/wp-content\/uploads\/2024\/08\/guinee_banner-768x190.jpg 768w, https:\/\/www.hirondelle.org\/wp-content\/uploads\/2024\/08\/guinee_banner-1536x379.jpg 1536w, https:\/\/www.hirondelle.org\/wp-content\/uploads\/2024\/08\/guinee_banner-1000x247.jpg 1000w, https:\/\/www.hirondelle.org\/wp-content\/uploads\/2024\/08\/guinee_banner.jpg 1620w\" sizes=\"auto, (max-width: 1024px) 100vw, 1024px\" \/><\/figure>\n\n\n\n<p>La Fondation Hirondelle cr\u00e9e le&nbsp;Studio Hirondelle Guin\u00e9e&nbsp;(SHG) en 2014 en Guin\u00e9e-Conakry. Pendant plus de deux ans, ce studio-\u00e9cole forme une nouvelle&nbsp;g\u00e9n\u00e9ration&nbsp;de journalistes et professionnel\u00b7le\u00b7s des m\u00e9dias guin\u00e9ens, qui produisent quotidiennement des&nbsp;informations&nbsp;et des&nbsp;programmes&nbsp;factuels et utiles, diffus\u00e9s par 34 radios&nbsp;rurales&nbsp;\u00e0 travers le pays. Ces programmes jouent un r\u00f4le important lors de l\u2019\u00e9pid\u00e9mie d\u2019Ebola&nbsp;en 2014\/2015 pour contrer les&nbsp;rumeurs&nbsp;et transmettre des informations&nbsp;vitales&nbsp;aux populations les plus isol\u00e9es. Le soutien de la Fondation Hirondelle se termine en 2017, faute de financements. Les \u00e9quipements du SHG sont transf\u00e9r\u00e9s \u00e0 une&nbsp;association&nbsp;de droit guin\u00e9en cr\u00e9\u00e9e par son personnel soucieux de continuer le travail d\u2019information aux populations.<\/p>\n\n\n\n<p>Pr\u00e9sente en&nbsp;Guin\u00e9e-Conakry&nbsp;depuis 2012, la Fondation Hirondelle cr\u00e9e le&nbsp;Studio Hirondelle Guin\u00e9e&nbsp;(SHG) en janvier 2014 avec pour objectif de produire et de diffuser une information professionnelle, neutre et impartiale et de former des professionnel\u00b7le\u00b7s des m\u00e9dias guin\u00e9ens. La Guin\u00e9e fait face \u00e0 des difficult\u00e9s end\u00e9miques de gouvernance, \u00e0 une forte instabilit\u00e9 sociale et politique, ainsi qu\u2019\u00e0 des probl\u00e9matiques de coexistence entre ses communaut\u00e9s.<\/p>\n\n\n\n<p>Les partenaires cl\u00e9s du SHG sont le r\u00e9seau des&nbsp;Radios rurales&nbsp;de Guin\u00e9e, dont les radios diffusent les programmes produits par le studio, ainsi que&nbsp;l\u2019Institut Sup\u00e9rieur&nbsp;de l\u2019Information et de la Communication (ISIC). Les professionnel\u00b7le\u00b7s et \u00e9tudiant\u00b7e\u00b7s de ces deux structures b\u00e9n\u00e9ficient de formations au SHG. Plus de deux cent sont form\u00e9\u00b7e\u00b7s de 2014 \u00e0 2016.<\/p>\n\n\n\n<p>En f\u00e9vrier 2014, une \u00e9pid\u00e9mie de fi\u00e8vre\u00a0Ebola\u00a0se d\u00e9clenche en Guin\u00e9e foresti\u00e8re. La r\u00e9action tardive des autorit\u00e9s locales et de la communaut\u00e9 internationale laisse imaginer les pires sc\u00e9narios de propagation. La\u00a0communication\u00a0maladroite initialement pilot\u00e9e par le gouvernement ne fait que g\u00e9n\u00e9rer m\u00e9fiance, d\u00e9ni et peur. Les agences\u00a0humanitaires\u00a0telles que M\u00e9decins Sans Fronti\u00e8res sont souvent confront\u00e9es \u00e0 l\u2019hostilit\u00e9 des populations locales qui nient l\u2019existence de la maladie ou pensent que les acteurs de la sant\u00e9 l\u2019ont propag\u00e9e. Studio Hirondelle-Guin\u00e9e r\u00e9pond en produisant des programmes radios faisant\u00a0comprendre\u00a0la maladie, expliquant ses causes et les m\u00e9thodes de\u00a0pr\u00e9vention. Mais le d\u00e9fi consiste surtout \u00e0 trouver le bon ton et les formats ad\u00e9quats permettant aux auditeur\u00b7rice\u00b7s de retrouver la\u00a0confiance\u00a0dans les informations et \u00e0 soutenir le travail du personnel de sant\u00e9. Le Studio produit plusieurs dizaines d\u2019heures de programmes en 10 langues. La qualit\u00e9 de ses productions est salu\u00e9e par les autorit\u00e9s et les acteurs nationaux et internationaux en charge de la lutte contre l\u2019\u00e9pid\u00e9mie. Ces productions retiennent aussi l\u2019attention de l\u2019UNICEF qui choisit le SHG comme partenaire m\u00e9dia pour la lutte contre Ebola.<\/p>\n\n\n\n<p>Le SHG informe et sensibilise aussi les populations autour de tous les probl\u00e8mes de\u00a0soci\u00e9t\u00e9\u00a0tant \u00e0 l\u2019\u00e9chelle nationale que locale. Les tensions politiques et sociales sont r\u00e9currentes dans le pays. La probl\u00e9matique\u00a0migratoire\u00a0est aussi un enjeu majeur. Les migrant\u00b7e\u00b7s d\u2019origine guin\u00e9enne sont parmi les plus nombreux\u00b7euses \u00e0 arriver sur les c\u00f4tes italiennes. Plus de 150 heures de programmes sont produites en 2016 et diffus\u00e9es par le\u00a0r\u00e9seau\u00a0de 34 radios rurales partenaires, notamment sur ces questions, ainsi que sur tous les sujets qui concernent les Guin\u00e9en\u00b7ne\u00b7s au plus pr\u00e8s de leur vie quotidienne. Pour en savoir plus sur notre travail contre la m\u00e9-d\u00e9sinformation, <a href=\"https:\/\/www.hirondelle.org\/fr\/nos-expertises\/me-desinformation\">consultez notre page d\u00e9di\u00e9e<\/a>.<\/p>\n\n\n\n<p>En 2016, la Fondation Hirondelle entame un processus d\u2019autonomisation&nbsp;du SHG afin de transf\u00e9rer les comp\u00e9tences et responsabilit\u00e9s \u00e9ditoriales et de gestion aux \u00e9quipes locales. Cet effort vise \u00e0 r\u00e9duire les co\u00fbts du projet mais aussi \u00e0 le pr\u00e9parer \u00e0 fonctionner comme une entreprise m\u00e9diatique locale. Faute de financement, la Fondation Hirondelle doit&nbsp;suspendre&nbsp;son soutien au premier trimestre 2017. Les \u00e9quipements du studio sont transf\u00e9r\u00e9s \u00e0 une&nbsp;association&nbsp;de droit guin\u00e9en cr\u00e9\u00e9e par le personnel du SHG, le RAMAVI, afin de continuer la mission d\u2019information en Guin\u00e9e.<\/p>\n\n\n\n<p>Sources de financement&nbsp;:<\/p>\n\n\n\n<ul class=\"wp-block-list\">\n<li>Union europ\u00e9enne <\/li>\n\n\n\n<li>UNICEF<\/li>\n\n\n\n<li>Suisse<\/li>\n<\/ul>\n","protected":false},"excerpt":{"rendered":"<p>La Fondation Hirondelle cr\u00e9e le&nbsp;Studio Hirondelle Guin\u00e9e&nbsp;(SHG) en 2014 en Guin\u00e9e-Conakry. Pendant plus de deux ans, ce studio-\u00e9cole forme une nouvelle&nbsp;g\u00e9n\u00e9ration&nbsp;de journalistes et professionnel\u00b7le\u00b7s des m\u00e9dias guin\u00e9ens, qui produisent quotidiennement des&nbsp;informations&nbsp;et des&nbsp;programmes&nbsp;factuels et utiles, diffus\u00e9s par 34 radios&nbsp;rurales&nbsp;\u00e0 travers le pays. Ces programmes jouent un r\u00f4le important lors de l\u2019\u00e9pid\u00e9mie d\u2019Ebola&nbsp;en 2014\/2015 pour contrer les&nbsp;rumeurs&nbsp;et [&hellip;]<\/p>\n","protected":false},"author":9,"featured_media":0,"parent":231,"menu_order":5,"comment_status":"closed","ping_status":"closed","template":"","meta":{"_acf_changed":false,"footnotes":""},"class_list":["post-10231","page","type-page","status-publish","hentry"],"acf":[],"publishpress_future_action":{"enabled":false,"date":"2026-04-20 20:16:22","action":"change-status","newStatus":"draft","terms":[],"taxonomy":"translation_priority","extraData":[]},"publishpress_future_workflow_manual_trigger":{"enabledWorkflows":[]},"_links":{"self":[{"href":"https:\/\/www.hirondelle.org\/fr\/wp-json\/wp\/v2\/pages\/10231","targetHints":{"allow":["GET"]}}],"collection":[{"href":"https:\/\/www.hirondelle.org\/fr\/wp-json\/wp\/v2\/pages"}],"about":[{"href":"https:\/\/www.hirondelle.org\/fr\/wp-json\/wp\/v2\/types\/page"}],"author":[{"embeddable":true,"href":"https:\/\/www.hirondelle.org\/fr\/wp-json\/wp\/v2\/users\/9"}],"replies":[{"embeddable":true,"href":"https:\/\/www.hirondelle.org\/fr\/wp-json\/wp\/v2\/comments?post=10231"}],"version-history":[{"count":6,"href":"https:\/\/www.hirondelle.org\/fr\/wp-json\/wp\/v2\/pages\/10231\/revisions"}],"predecessor-version":[{"id":18295,"href":"https:\/\/www.hirondelle.org\/fr\/wp-json\/wp\/v2\/pages\/10231\/revisions\/18295"}],"up":[{"embeddable":true,"href":"https:\/\/www.hirondelle.org\/fr\/wp-json\/wp\/v2\/pages\/231"}],"wp:attachment":[{"href":"https:\/\/www.hirondelle.org\/fr\/wp-json\/wp\/v2\/media?parent=10231"}],"curies":[{"name":"wp","href":"https:\/\/api.w.org\/{rel}","templated":true}]}}