{"id":10239,"date":"2024-08-28T20:40:48","date_gmt":"2024-08-28T18:40:48","guid":{"rendered":"https:\/\/www.hirondelle.org\/?page_id=10239"},"modified":"2024-09-19T01:11:54","modified_gmt":"2024-09-18T23:11:54","slug":"liberia","status":"publish","type":"page","link":"https:\/\/www.hirondelle.org\/fr\/que-faisons-nous\/operations\/geographiques\/afrique\/liberia","title":{"rendered":"Lib\u00e9ria"},"content":{"rendered":"\n<figure class=\"wp-block-image size-large\"><img loading=\"lazy\" decoding=\"async\" width=\"1024\" height=\"292\" src=\"https:\/\/www.hirondelle.org\/wp-content\/uploads\/2024\/08\/liberia_banner-1024x292.jpg\" alt=\"\" class=\"wp-image-10241\" srcset=\"https:\/\/www.hirondelle.org\/wp-content\/uploads\/2024\/08\/liberia_banner-1024x292.jpg 1024w, https:\/\/www.hirondelle.org\/wp-content\/uploads\/2024\/08\/liberia_banner-300x86.jpg 300w, https:\/\/www.hirondelle.org\/wp-content\/uploads\/2024\/08\/liberia_banner-768x219.jpg 768w, https:\/\/www.hirondelle.org\/wp-content\/uploads\/2024\/08\/liberia_banner-1000x285.jpg 1000w, https:\/\/www.hirondelle.org\/wp-content\/uploads\/2024\/08\/liberia_banner.jpg 1440w\" sizes=\"auto, (max-width: 1024px) 100vw, 1024px\" \/><\/figure>\n\n\n\n<p>Star Radio\u00a0\u00e9tait la radio cr\u00e9\u00e9e en 1997 par la Fondation Hirondelle au\u00a0Liberia. Elle s\u2019est impos\u00e9e comme le m\u00e9dia de r\u00e9f\u00e9rence dans ce pays \u00e0 la sortie de la\u00a0guerre civile, sous la p\u00e9riode sombre de Charles Taylor puis pendant les ann\u00e9es de transition d\u00e9mocratique jusque 2008.<\/p>\n\n\n\n<p>Star Radio\u00a0d\u00e9marre ses programmes en 1997. Cr\u00e9\u00e9e par la Fondation Hirondelle, elle s\u2019impose rapidement comme le m\u00e9dia de r\u00e9f\u00e9rence du\u00a0Liberia, reconnue pour son professionnalisme, son \u00e9thique et la qualit\u00e9 de ses programmes. Ferm\u00e9e en 2000 par le Pr\u00e9sident Charles Taylor alors que le Lib\u00e9ria peine encore \u00e0 sortir de la guerre civile, Star Radio est relanc\u00e9e en 2005 par la Fondation Hirondelle pour poursuivre sa mission au service de la population, de la paix, de la bonne gouvernance et du d\u00e9veloppement. Le Liberia organise cette ann\u00e9e-l\u00e0 des\u00a0\u00e9lections\u00a0pr\u00e9sidentielle et parlementaires historiques, qui marquent la fin de deux ann\u00e9es de transition apr\u00e8s l\u2019exil de Charles Taylor.<\/p>\n\n\n\n<p>Star Radio est le seul m\u00e9dia lib\u00e9rien qui dispose d\u2019une\u00a0couverture nationale\u00a0et qui affiche une r\u00e9elle\u00a0ind\u00e9pendance. C\u2019est la radio la plus populaire du Lib\u00e9ria. V\u00e9ritable symbole pour le peuple lib\u00e9rien, la renaissance de Star Radio a une signification particuli\u00e8rement importante, elle marque la r\u00e9conciliation et la reconstruction d\u2019un pays meurtri par 14 ann\u00e9es de guerre. Les Lib\u00e9rien\u00b7ne\u00b7s ont un lien tr\u00e8s fort avec la radio, ils la reconnaissent comme une source d\u2019information ind\u00e9pendante et fiable. Chaque jour, elle leur permet de d\u00e9couvrir la r\u00e9alit\u00e9 de leur pays, de s\u2019informer, de se distraire et aussi de\u00a0faire entendre leur voix. Elle parle de tous les sujets qui les concernent concr\u00e8tement au quotidien : d\u00e9veloppement, sant\u00e9, \u00e9ducation,\u00a0bonne gouvernance, condition f\u00e9minine, protection de l\u2019enfance. Des \u00e9missions comme\u00a0\u00ab\u00a0We too have a voice \u00bb qui donne la parole aux personnes\u00a0handicap\u00e9es\u00a0et\u00a0mutil\u00e9es\u00a0de guerre ou\u00a0\u00ab\u00a0Star Contact \u00bb qui permet \u00e0 des familles s\u00e9par\u00e9es par la\u00a0guerre\u00a0de se retrouver, sont particuli\u00e8rement embl\u00e9matiques de l\u2019impact de la radio dans la vie des Lib\u00e9rien\u00b7ne\u00b7s.<\/p>\n\n\n\n<p>Avec une audience estim\u00e9e \u00e0\u00a01 million d\u2019auditeur\u00b7rice\u00b7s, Star Radio touche alors 1 lib\u00e9rien\u00b7ne sur 4. Ses programmes sont diffus\u00e9s 14h par jour en FM dans les\u00a014 langues\u00a0du pays, en anglais-lib\u00e9rien et en anglais. Star Radio est aussi diffus\u00e9e en\u00a0ondes courtes\u00a07h par jour, elle couvre ainsi une partie importante de la sous-r\u00e9gion (C\u00f4te d\u2019Ivoire, Guin\u00e9e, Sierra Leone). Star Radio est aussi suivie par la diaspora lib\u00e9rienne, sur son site web www.starradio.org.lr qui re\u00e7oit en moyenne \u00e0 l\u2019\u00e9poque 40.000 visites par mois.<\/p>\n\n\n\n<p>Ses programmes jouent un r\u00f4le essentiel dans l\u2019exercice quotidien de la d\u00e9mocratie. Son travail est salu\u00e9 en 2006 par l\u2019Union de la presse du Liberia, qui lui remet son \u00ab\u00a0Prix de la station radio de l\u2019ann\u00e9e\u00a0\u00bb. En 2008, la Fondation Hirondelle transf\u00e8re la gestion de la radio \u00e0 une organisation de droit lib\u00e9rien qu\u2019elle a contribu\u00e9 \u00e0 cr\u00e9er. En 2010, la radio ferme d\u00e9finitivement faute de moyens financiers pour continuer \u00e0 produire et diffuser.<\/p>\n\n\n\n<p>Sources de financement\u00a0: <\/p>\n\n\n\n<ul class=\"wp-block-list\">\n<li>USA <\/li>\n\n\n\n<li>Su\u00e8de<\/li>\n\n\n\n<li>Union europ\u00e9enne<\/li>\n\n\n\n<li>Norv\u00e8ge<\/li>\n\n\n\n<li>Pays-Bas<\/li>\n\n\n\n<li>Suisse<\/li>\n<\/ul>\n","protected":false},"excerpt":{"rendered":"<p>Star Radio\u00a0\u00e9tait la radio cr\u00e9\u00e9e en 1997 par la Fondation Hirondelle au\u00a0Liberia. Elle s\u2019est impos\u00e9e comme le m\u00e9dia de r\u00e9f\u00e9rence dans ce pays \u00e0 la sortie de la\u00a0guerre civile, sous la p\u00e9riode sombre de Charles Taylor puis pendant les ann\u00e9es de transition d\u00e9mocratique jusque 2008. Star Radio\u00a0d\u00e9marre ses programmes en 1997. Cr\u00e9\u00e9e par la Fondation [&hellip;]<\/p>\n","protected":false},"author":9,"featured_media":0,"parent":231,"menu_order":6,"comment_status":"closed","ping_status":"closed","template":"","meta":{"_acf_changed":false,"footnotes":""},"class_list":["post-10239","page","type-page","status-publish","hentry"],"acf":[],"publishpress_future_action":{"enabled":false,"date":"2026-04-20 20:10:20","action":"change-status","newStatus":"draft","terms":[],"taxonomy":"translation_priority","extraData":[]},"publishpress_future_workflow_manual_trigger":{"enabledWorkflows":[]},"_links":{"self":[{"href":"https:\/\/www.hirondelle.org\/fr\/wp-json\/wp\/v2\/pages\/10239","targetHints":{"allow":["GET"]}}],"collection":[{"href":"https:\/\/www.hirondelle.org\/fr\/wp-json\/wp\/v2\/pages"}],"about":[{"href":"https:\/\/www.hirondelle.org\/fr\/wp-json\/wp\/v2\/types\/page"}],"author":[{"embeddable":true,"href":"https:\/\/www.hirondelle.org\/fr\/wp-json\/wp\/v2\/users\/9"}],"replies":[{"embeddable":true,"href":"https:\/\/www.hirondelle.org\/fr\/wp-json\/wp\/v2\/comments?post=10239"}],"version-history":[{"count":3,"href":"https:\/\/www.hirondelle.org\/fr\/wp-json\/wp\/v2\/pages\/10239\/revisions"}],"predecessor-version":[{"id":10826,"href":"https:\/\/www.hirondelle.org\/fr\/wp-json\/wp\/v2\/pages\/10239\/revisions\/10826"}],"up":[{"embeddable":true,"href":"https:\/\/www.hirondelle.org\/fr\/wp-json\/wp\/v2\/pages\/231"}],"wp:attachment":[{"href":"https:\/\/www.hirondelle.org\/fr\/wp-json\/wp\/v2\/media?parent=10239"}],"curies":[{"name":"wp","href":"https:\/\/api.w.org\/{rel}","templated":true}]}}