{"id":10294,"date":"2024-08-28T21:29:05","date_gmt":"2024-08-28T19:29:05","guid":{"rendered":"https:\/\/www.hirondelle.org\/?page_id=10294"},"modified":"2024-09-12T00:19:21","modified_gmt":"2024-09-11T22:19:21","slug":"sierra-leone","status":"publish","type":"page","link":"https:\/\/www.hirondelle.org\/fr\/que-faisons-nous\/operations\/geographiques\/afrique\/sierra-leone","title":{"rendered":"Sierra Leone"},"content":{"rendered":"\n<figure class=\"wp-block-image size-large\"><img loading=\"lazy\" decoding=\"async\" width=\"1024\" height=\"293\" src=\"https:\/\/www.hirondelle.org\/wp-content\/uploads\/2024\/08\/sierraleone_banner-1024x293.jpg\" alt=\"\" class=\"wp-image-10296\" srcset=\"https:\/\/www.hirondelle.org\/wp-content\/uploads\/2024\/08\/sierraleone_banner-1024x293.jpg 1024w, https:\/\/www.hirondelle.org\/wp-content\/uploads\/2024\/08\/sierraleone_banner-300x86.jpg 300w, https:\/\/www.hirondelle.org\/wp-content\/uploads\/2024\/08\/sierraleone_banner-768x220.jpg 768w, https:\/\/www.hirondelle.org\/wp-content\/uploads\/2024\/08\/sierraleone_banner-1536x440.jpg 1536w, https:\/\/www.hirondelle.org\/wp-content\/uploads\/2024\/08\/sierraleone_banner-1000x287.jpg 1000w, https:\/\/www.hirondelle.org\/wp-content\/uploads\/2024\/08\/sierraleone_banner.jpg 1626w\" sizes=\"auto, (max-width: 1024px) 100vw, 1024px\" \/><\/figure>\n\n\n\n<p>Cotton Tree News (CTN) est un programme radiophonique d\u2019information lanc\u00e9 en 2007 en\u00a0Sierra Leone\u00a0par la Fondation Hirondelle en partenariat avec l\u2019Universit\u00e9 de Fourah Bay \u00e0\u00a0Freetown, le principal \u00e9tablissement d\u2019enseignement sup\u00e9rieur du pays. Le projet mis en \u0153uvre par la Fondation Hirondelle de 2007 \u00e0 2011 a combin\u00e9 la cr\u00e9ation et le d\u00e9veloppement d\u2019une radio campus\u00a0universitaire, avec productions de programmes rediffus\u00e9s par des radios partenaires, et la mise en place d\u2019un centre de\u00a0formation\u00a0de jeunes journalistes.\u00a0\u00a0<\/p>\n\n\n\n<p>Six mois apr\u00e8s son lancement d\u00e9but 2007,\u00a0Cotton Tree News\u00a0est reconnu pour son professionnalisme dans la couverture des\u00a0\u00e9lections\u00a0nationales d\u2019ao\u00fbt 2007, qui ont consolid\u00e9 la transition vers la\u00a0paix\u00a0et la\u00a0d\u00e9mocratie\u00a0en\u00a0Sierra Leone. Apr\u00e8s seulement une ann\u00e9e d\u2019existence, CTN se trouve ainsi sur la liste des radios nomin\u00e9es par la BBC pour le \u00ab\u00a0Special Award for Development Media\u00a0\u00bb. Une \u00e9tude d\u2019audience ind\u00e9pendante indique qu\u2019un\u00b7e Sierra L\u00e9onais\u00b7e sur quatre \u00e9coute ses programmes (\u00e9tude d\u2019audience r\u00e9alis\u00e9e en ao\u00fbt 2010 par l\u2019institut Graham Mytton).<\/p>\n\n\n\n<p>Dans son format initial, l\u2019\u00e9quipe de journalistes, comprenant \u00e9galement pigistes et \u00e9tudiant\u00b7e\u00b7s volontaires, travaille sous la supervision d\u2019un r\u00e9dacteur en chef. Chaque jour, elle propose six heures de programmes en anglais et dans les 4 langues nationales, sur trois plages horaires de grande \u00e9coute. Les programmes de CTN sont diffus\u00e9s sur Radio Mount Aureol (la radio des \u00e9tudiants de l\u2019Universit\u00e9), sur le r\u00e9seau de diffusion FM de la radio des Nations unies en Sierra L\u00e9one, et sur un ensemble de radios partenaires \u00e0 travers tout le pays. La plupart de ses \u00e9missions et bulletins d\u2019information sont accessibles sur son site internet <a href=\"http:\/\/www.cottontreenews.org\" target=\"_blank\" rel=\"noreferrer noopener\">www.cottontreenews.org<\/a>, qui recueille en moyenne 26.000 visites par mois en 2010.<\/p>\n\n\n\n<p>D\u00e9but 2011, faute de financements, la Fondation Hirondelle doit suspendre son implication dans le d\u00e9veloppement d\u2019une nouvelle phase du projet CTN. L\u2019Universit\u00e9 de Fourah Bay d\u00e9cide de maintenir CTN et poursuit, dans un format plus modeste, la gestion et la production des programmes. Le programme CTN continue \u00e0 ce jour \u00e0 former \u00e0 la pratique radiophonique les \u00e9tudiant\u00b7e\u00b7s en journalisme du Fourah Bay College. <\/p>\n\n\n\n<p>Sources de financement\u00a0: <\/p>\n\n\n\n<ul class=\"wp-block-list\">\n<li>Union europ\u00e9enne <\/li>\n\n\n\n<li>Allemagne<\/li>\n\n\n\n<li>Irlande<\/li>\n<\/ul>\n\n\n\n<p><\/p>\n","protected":false},"excerpt":{"rendered":"<p>Cotton Tree News (CTN) est un programme radiophonique d\u2019information lanc\u00e9 en 2007 en\u00a0Sierra Leone\u00a0par la Fondation Hirondelle en partenariat avec l\u2019Universit\u00e9 de Fourah Bay \u00e0\u00a0Freetown, le principal \u00e9tablissement d\u2019enseignement sup\u00e9rieur du pays. Le projet mis en \u0153uvre par la Fondation Hirondelle de 2007 \u00e0 2011 a combin\u00e9 la cr\u00e9ation et le d\u00e9veloppement d\u2019une radio campus\u00a0universitaire, [&hellip;]<\/p>\n","protected":false},"author":9,"featured_media":0,"parent":231,"menu_order":14,"comment_status":"closed","ping_status":"closed","template":"","meta":{"_acf_changed":false,"footnotes":""},"class_list":["post-10294","page","type-page","status-publish","hentry"],"acf":[],"publishpress_future_action":{"enabled":false,"date":"2026-04-20 20:16:22","action":"change-status","newStatus":"draft","terms":[],"taxonomy":"translation_priority","extraData":[]},"publishpress_future_workflow_manual_trigger":{"enabledWorkflows":[]},"_links":{"self":[{"href":"https:\/\/www.hirondelle.org\/fr\/wp-json\/wp\/v2\/pages\/10294","targetHints":{"allow":["GET"]}}],"collection":[{"href":"https:\/\/www.hirondelle.org\/fr\/wp-json\/wp\/v2\/pages"}],"about":[{"href":"https:\/\/www.hirondelle.org\/fr\/wp-json\/wp\/v2\/types\/page"}],"author":[{"embeddable":true,"href":"https:\/\/www.hirondelle.org\/fr\/wp-json\/wp\/v2\/users\/9"}],"replies":[{"embeddable":true,"href":"https:\/\/www.hirondelle.org\/fr\/wp-json\/wp\/v2\/comments?post=10294"}],"version-history":[{"count":5,"href":"https:\/\/www.hirondelle.org\/fr\/wp-json\/wp\/v2\/pages\/10294\/revisions"}],"predecessor-version":[{"id":10829,"href":"https:\/\/www.hirondelle.org\/fr\/wp-json\/wp\/v2\/pages\/10294\/revisions\/10829"}],"up":[{"embeddable":true,"href":"https:\/\/www.hirondelle.org\/fr\/wp-json\/wp\/v2\/pages\/231"}],"wp:attachment":[{"href":"https:\/\/www.hirondelle.org\/fr\/wp-json\/wp\/v2\/media?parent=10294"}],"curies":[{"name":"wp","href":"https:\/\/api.w.org\/{rel}","templated":true}]}}