{"id":10304,"date":"2024-08-28T21:43:25","date_gmt":"2024-08-28T19:43:25","guid":{"rendered":"https:\/\/www.hirondelle.org\/?page_id=10304"},"modified":"2024-09-19T01:31:21","modified_gmt":"2024-09-18T23:31:21","slug":"soudan-du-sud","status":"publish","type":"page","link":"https:\/\/www.hirondelle.org\/fr\/que-faisons-nous\/operations\/geographiques\/afrique\/soudan-du-sud","title":{"rendered":"Soudan du Sud"},"content":{"rendered":"\n<figure class=\"wp-block-image size-large\"><img loading=\"lazy\" decoding=\"async\" width=\"1024\" height=\"293\" src=\"https:\/\/www.hirondelle.org\/wp-content\/uploads\/2024\/08\/sudsoudan_banner-1024x293.jpg\" alt=\"\" class=\"wp-image-10307\" srcset=\"https:\/\/www.hirondelle.org\/wp-content\/uploads\/2024\/08\/sudsoudan_banner-1024x293.jpg 1024w, https:\/\/www.hirondelle.org\/wp-content\/uploads\/2024\/08\/sudsoudan_banner-300x86.jpg 300w, https:\/\/www.hirondelle.org\/wp-content\/uploads\/2024\/08\/sudsoudan_banner-768x220.jpg 768w, https:\/\/www.hirondelle.org\/wp-content\/uploads\/2024\/08\/sudsoudan_banner-1536x440.jpg 1536w, https:\/\/www.hirondelle.org\/wp-content\/uploads\/2024\/08\/sudsoudan_banner-1000x286.jpg 1000w, https:\/\/www.hirondelle.org\/wp-content\/uploads\/2024\/08\/sudsoudan_banner.jpg 1620w\" sizes=\"auto, (max-width: 1024px) 100vw, 1024px\" \/><\/figure>\n\n\n\n<p>Radio Miraya\u00a0est la radio de la Mission des Nations unies au Soudan du Sud (MINUSS) depuis 2011. Elle est n\u00e9e en 2006 dans le cadre d\u2019un\u00a0partenariat\u00a0avec les Nations unies alors que la mission de maintien de la paix onusienne couvrait le Soudan avant la s\u00e9paration en deux pays (UNMIS). La Fondation Hirondelle a contribu\u00e9 \u00e0 sa\u00a0cr\u00e9ation, au\u00a0d\u00e9veloppement\u00a0de ses programmes et \u00e0 la\u00a0formation\u00a0de ses \u00e9quipes de 2006, jusqu\u2019en 2014.<\/p>\n\n\n\n<p>Radio Miraya\u00a0d\u00e9marre ses \u00e9missions au Sud-Soudan le 30 juin 2006. Cette r\u00e9gion fait encore partie \u00e0 l\u2019\u00e9poque de la R\u00e9publique du Soudan. Radio Miraya est n\u00e9e d\u2019un partenariat entre les\u00a0Nations unies\u00a0et la Fondation Hirondelle, sign\u00e9 en mai 2005, ayant pour but d\u2019accompagner la mise en \u0153uvre de l\u2019accord de paix global sign\u00e9 en 2005 entre le gouvernement de Khartoum et l\u2019Arm\u00e9e populaire de lib\u00e9ration du Soudan, la SPLA. La Fondation Hirondelle assure la supervision\u00a0\u00e9ditoriale\u00a0de la radio, et apporte des ressources humaines et\u00a0logistiques. Elle con\u00e7oit la radio comme un miroir (<em>miraya<\/em> en arabe) entre les deux r\u00e9alit\u00e9s au Nord et au Sud. Elle cr\u00e9e et met en \u0153uvre la\u00a0charte\u00a0de Miraya, ainsi que les\u00a0formats radiophoniques\u00a0qui feront le succ\u00e8s de la radio\u00a0: journaux, magazines et \u00e9missions de d\u00e9bat politique et sur la vie quotidienne, en deux langues, anglais et arabe. La Fondation Hirondelle\u00a0forme,\u00a0conseille\u00a0et\u00a0encadre\u00a0une centaine de journalistes, technicien\u00b7ne\u00b7s et cadres soudanais\u00b7es et sud-soudanais\u00b7es bas\u00e9\u00b7e\u00b7s respectivement \u00e0 Khartoum et Juba.<\/p>\n\n\n\n<p>La Fondation Hirondelle pr\u00e9pare et appuie les \u00e9quipes de Radio Miraya pour la couverture du\u00a0r\u00e9f\u00e9rendum\u00a0historique de janvier 2011, lors duquel la population du Sud-Soudan se prononce pour l\u2019ind\u00e9pendance de la r\u00e9gion. \u00a0La\u00a0R\u00e9publique du Soudan du Sud\u00a0est proclam\u00e9e en juillet 2011. Radio Miraya se met \u00ab\u00a0au rythme du plus jeune pays\u00a0\u00bb du monde. Ses programmes sont diffus\u00e9s 24 heures sur 24, 7 jours sur 7 en FM \u00e0 travers 26 \u00e9metteurs relais depuis Juba, la capitale. Trois heures de programmes en\u00a0ondes courtes\u00a0sont aussi diffus\u00e9es quotidiennement. Son site Internet, cr\u00e9\u00e9 et g\u00e9r\u00e9 par la Fondation Hirondelle, est alors tr\u00e8s populaire et permet d\u2019\u00e9couter la radio en\u00a0streaming, de t\u00e9l\u00e9charger les journaux, interviews et magazines en\u00a0podcast, et d\u2019acc\u00e9der \u00e0 des\u00a0articles\u00a0produits par la r\u00e9daction.<\/p>\n\n\n\n<p>Le partenariat entre les Nations unies et la Fondation Hirondelle pour la gestion de la radio prend fin en 2014. Radio Miraya poursuit depuis ses \u00e9missions dans le cadre du mandat de la\u00a0MINUSS.<\/p>\n\n\n\n<p>Sources de financement\u00a0: <\/p>\n\n\n\n<ul class=\"wp-block-list\">\n<li>2005-2011\u00a0pour le Soudan\u00a0: Canada, Pays Bas, Suisse, Union europ\u00e9enne, Norv\u00e8ge, Su\u00e8de, Allemagne.<\/li>\n\n\n\n<li>2011-2014\u00a0pour le Soudan du Sud\u00a0: Pays-Bas, Suisse, Union europ\u00e9enne, Su\u00e8de, Allemagne.<\/li>\n<\/ul>\n\n\n\n<p><\/p>\n","protected":false},"excerpt":{"rendered":"<p>Radio Miraya\u00a0est la radio de la Mission des Nations unies au Soudan du Sud (MINUSS) depuis 2011. Elle est n\u00e9e en 2006 dans le cadre d\u2019un\u00a0partenariat\u00a0avec les Nations unies alors que la mission de maintien de la paix onusienne couvrait le Soudan avant la s\u00e9paration en deux pays (UNMIS). La Fondation Hirondelle a contribu\u00e9 \u00e0 [&hellip;]<\/p>\n","protected":false},"author":9,"featured_media":0,"parent":231,"menu_order":15,"comment_status":"closed","ping_status":"closed","template":"","meta":{"_acf_changed":false,"footnotes":""},"class_list":["post-10304","page","type-page","status-publish","hentry"],"acf":[],"publishpress_future_action":{"enabled":false,"date":"2026-04-20 20:16:30","action":"change-status","newStatus":"draft","terms":[],"taxonomy":"translation_priority","extraData":[]},"publishpress_future_workflow_manual_trigger":{"enabledWorkflows":[]},"_links":{"self":[{"href":"https:\/\/www.hirondelle.org\/fr\/wp-json\/wp\/v2\/pages\/10304","targetHints":{"allow":["GET"]}}],"collection":[{"href":"https:\/\/www.hirondelle.org\/fr\/wp-json\/wp\/v2\/pages"}],"about":[{"href":"https:\/\/www.hirondelle.org\/fr\/wp-json\/wp\/v2\/types\/page"}],"author":[{"embeddable":true,"href":"https:\/\/www.hirondelle.org\/fr\/wp-json\/wp\/v2\/users\/9"}],"replies":[{"embeddable":true,"href":"https:\/\/www.hirondelle.org\/fr\/wp-json\/wp\/v2\/comments?post=10304"}],"version-history":[{"count":3,"href":"https:\/\/www.hirondelle.org\/fr\/wp-json\/wp\/v2\/pages\/10304\/revisions"}],"predecessor-version":[{"id":10830,"href":"https:\/\/www.hirondelle.org\/fr\/wp-json\/wp\/v2\/pages\/10304\/revisions\/10830"}],"up":[{"embeddable":true,"href":"https:\/\/www.hirondelle.org\/fr\/wp-json\/wp\/v2\/pages\/231"}],"wp:attachment":[{"href":"https:\/\/www.hirondelle.org\/fr\/wp-json\/wp\/v2\/media?parent=10304"}],"curies":[{"name":"wp","href":"https:\/\/api.w.org\/{rel}","templated":true}]}}