{"id":10320,"date":"2024-09-02T09:45:20","date_gmt":"2024-09-02T07:45:20","guid":{"rendered":"https:\/\/www.hirondelle.org\/?page_id=10320"},"modified":"2026-02-12T17:11:39","modified_gmt":"2026-02-12T16:11:39","slug":"exoneration-fiscale","status":"publish","type":"page","link":"https:\/\/www.hirondelle.org\/fr\/soutenez-nous\/exoneration-fiscale","title":{"rendered":"Exon\u00e9ration fiscale"},"content":{"rendered":"\n<p>Votre don est d\u00e9ductible des imp\u00f4ts en Suisse et \u00e0 l\u2019\u00e9tranger (sous r\u00e9serve des dispositions l\u00e9gales en vigueur dans votre lieu de r\u00e9sidence, et des indications pour la <a href=\"https:\/\/www.transnationalgiving.eu\/from-belgium\" target=\"_blank\" rel=\"noreferrer noopener\">Belgique<\/a>, la <a href=\"https:\/\/dons.fondationdefrance.org\/page\/tge?cid=1181\" target=\"_blank\" rel=\"noreferrer noopener\">France<\/a>, le <a href=\"https:\/\/www.transnationalgiving.eu\/from-the-united-kingdom\" target=\"_blank\" rel=\"noreferrer noopener\">Royaume-Uni<\/a> et les <a href=\"\/fr\/soutenez-nous\/hirondelle-usa\">USA<\/a>).<\/p>\n\n\n\n<p>Notre partenaire Transnational Giving Europe (TGE) permet aux donateurs r\u00e9sidant dans des pays participant d\u2019effectuer des donations en faveur d\u2019organismes \u00e0 but non lucratif bas\u00e9s dans les autres pays membres tout en b\u00e9n\u00e9ficiant directement des avantages fiscaux pr\u00e9vus par la l\u00e9gislation de leur pays de r\u00e9sidence. TGE est partenaire de 15 autres pays europ\u00e9ens. <\/p>\n\n\n\n<p>Veuillez nous contacter pour de plus amples informations concernant les autres pays partenaires.<br><br><\/p>\n\n\n\n<p id=\"isPasted\"><strong>Vous avez des questions ? Contactez-nous !&nbsp;<\/strong><\/p>\n\n\n\n<p>Christyl Vasserot &#8211; Directrice des Services et du Support<\/p>\n\n\n\n<p><a href=\"https:\/\/www.hirondelle.org\/fr\/qui-sommes-nous\/nous-contacter\">Contactez Christyl Vasserot<\/a><\/p>\n\n\n\n<p>Par t\u00e9l\u00e9phone : +41 21 654 20 39<\/p>\n","protected":false},"excerpt":{"rendered":"<p>Votre don est d\u00e9ductible des imp\u00f4ts en Suisse et \u00e0 l\u2019\u00e9tranger (sous r\u00e9serve des dispositions l\u00e9gales en vigueur dans votre lieu de r\u00e9sidence, et des indications pour la Belgique, la France, le Royaume-Uni et les USA). Notre partenaire Transnational Giving Europe (TGE) permet aux donateurs r\u00e9sidant dans des pays participant d\u2019effectuer des donations en faveur [&hellip;]<\/p>\n","protected":false},"author":9,"featured_media":0,"parent":8456,"menu_order":1,"comment_status":"closed","ping_status":"closed","template":"","meta":{"_acf_changed":false,"footnotes":""},"class_list":["post-10320","page","type-page","status-publish","hentry"],"acf":[],"publishpress_future_action":{"enabled":false,"date":"2026-04-11 14:51:56","action":"change-status","newStatus":"draft","terms":[],"taxonomy":"translation_priority","extraData":[]},"publishpress_future_workflow_manual_trigger":{"enabledWorkflows":[]},"_links":{"self":[{"href":"https:\/\/www.hirondelle.org\/fr\/wp-json\/wp\/v2\/pages\/10320","targetHints":{"allow":["GET"]}}],"collection":[{"href":"https:\/\/www.hirondelle.org\/fr\/wp-json\/wp\/v2\/pages"}],"about":[{"href":"https:\/\/www.hirondelle.org\/fr\/wp-json\/wp\/v2\/types\/page"}],"author":[{"embeddable":true,"href":"https:\/\/www.hirondelle.org\/fr\/wp-json\/wp\/v2\/users\/9"}],"replies":[{"embeddable":true,"href":"https:\/\/www.hirondelle.org\/fr\/wp-json\/wp\/v2\/comments?post=10320"}],"version-history":[{"count":18,"href":"https:\/\/www.hirondelle.org\/fr\/wp-json\/wp\/v2\/pages\/10320\/revisions"}],"predecessor-version":[{"id":22754,"href":"https:\/\/www.hirondelle.org\/fr\/wp-json\/wp\/v2\/pages\/10320\/revisions\/22754"}],"up":[{"embeddable":true,"href":"https:\/\/www.hirondelle.org\/fr\/wp-json\/wp\/v2\/pages\/8456"}],"wp:attachment":[{"href":"https:\/\/www.hirondelle.org\/fr\/wp-json\/wp\/v2\/media?parent=10320"}],"curies":[{"name":"wp","href":"https:\/\/api.w.org\/{rel}","templated":true}]}}