{"id":10324,"date":"2024-09-02T09:45:56","date_gmt":"2024-09-02T07:45:56","guid":{"rendered":"https:\/\/www.hirondelle.org\/?page_id=10324"},"modified":"2026-02-12T17:19:01","modified_gmt":"2026-02-12T16:19:01","slug":"utilisation-des-dons","status":"publish","type":"page","link":"https:\/\/www.hirondelle.org\/fr\/soutenez-nous\/utilisation-des-dons","title":{"rendered":"Utilisation des dons"},"content":{"rendered":"\n<figure class=\"wp-block-image alignright size-large no-lightbox\"><img decoding=\"async\" src=\"\/wp-content\/themes\/hirondelle\/assets\/image\/zewo-logo.png\" alt=\"\"\/><\/figure>\n\n\n\n<p>La Fondation Hirondelle est certifi\u00e9e ZEWO (<a href=\"https:\/\/zewo.ch\/\" target=\"_blank\" rel=\"noreferrer noopener\">https:\/\/zewo.ch<\/a>). La Fondation ZEWO est l\u2019organisme en charge de la certification des organisations \u00e0 buts non-lucratifs d\u2019int\u00e9r\u00eat public r\u00e9coltant des dons en Suisse. Elle garantit confiance et transparence en ce qui concerne les dons.<\/p>\n\n\n\n<p>La Fondation Hirondelle est par principe en droit d\u2019utiliser librement le don dans le cadre des buts de la fondation (dons non affect\u00e9s \u00e0 un but). En faisant un don \u00e0 la Fondation Hirondelle, vous soutenez l\u2019ensemble de nos projets. Cet aspect est indispensable pour pouvoir adapter les financements en cas de crise tout en assurant la continuit\u00e9 de nos projets sur le long-terme. Si vous faites un don sur le site via un sous-site sur lequel un but de don sp\u00e9cifique est indiqu\u00e9 (par exemple un projet, un programme ou une urgence humanitaire), ou r\u00e9pondez \u00e0 un courrier d\u2019appel au don sp\u00e9cifique, la Fondation Hirondelle emploiera le don tel que d\u00e9crit sur ce sous-site ou courrier (dons affect\u00e9s \u00e0 un but).<\/p>\n\n\n\n<p>Votre g\u00e9n\u00e9rosit\u00e9 nous permet de fournir une information impartiale et fiable \u00e0 des populations confront\u00e9es \u00e0 des crises, pour leur permettre d\u2019agir dans leur vie quotidienne et citoyenne. Chaque franc compte et fait avancer notre mission.<br><br><\/p>\n\n\n\n<figure class=\"wp-block-image alignleft size-full is-resized\"><img loading=\"lazy\" decoding=\"async\" width=\"2560\" height=\"1707\" src=\"https:\/\/www.hirondelle.org\/wp-content\/uploads\/2026\/02\/VasserotChristyl-scaled.jpg\" alt=\"\" class=\"wp-image-22757\" style=\"aspect-ratio:1.4998326079678608;width:276px;height:auto\" srcset=\"https:\/\/www.hirondelle.org\/wp-content\/uploads\/2026\/02\/VasserotChristyl-scaled.jpg 2560w, https:\/\/www.hirondelle.org\/wp-content\/uploads\/2026\/02\/VasserotChristyl-300x200.jpg 300w, https:\/\/www.hirondelle.org\/wp-content\/uploads\/2026\/02\/VasserotChristyl-768x512.jpg 768w, https:\/\/www.hirondelle.org\/wp-content\/uploads\/2026\/02\/VasserotChristyl-1536x1024.jpg 1536w, https:\/\/www.hirondelle.org\/wp-content\/uploads\/2026\/02\/VasserotChristyl-2048x1365.jpg 2048w\" sizes=\"auto, (max-width: 2560px) 100vw, 2560px\" \/><\/figure>\n\n\n\n<p id=\"isPasted\"><strong>Vous avez des questions ? Contactez-nous !&nbsp;<\/strong><\/p>\n\n\n\n<p>Christyl Vasserot &#8211; Directrice des Services et du Support<\/p>\n\n\n\n<p><a href=\"https:\/\/www.hirondelle.org\/fr\/qui-sommes-nous\/nous-contacter\">Contactez Christyl Vasserot<\/a><\/p>\n\n\n\n<p id=\"fondation-france-2\">Par t\u00e9l\u00e9phone : +41 21 654 20 39<\/p>\n\n\n\n<p><\/p>\n","protected":false},"excerpt":{"rendered":"<p>La Fondation Hirondelle est certifi\u00e9e ZEWO (https:\/\/zewo.ch). La Fondation ZEWO est l\u2019organisme en charge de la certification des organisations \u00e0 buts non-lucratifs d\u2019int\u00e9r\u00eat public r\u00e9coltant des dons en Suisse. Elle garantit confiance et transparence en ce qui concerne les dons. La Fondation Hirondelle est par principe en droit d\u2019utiliser librement le don dans le cadre [&hellip;]<\/p>\n","protected":false},"author":9,"featured_media":0,"parent":8456,"menu_order":4,"comment_status":"closed","ping_status":"closed","template":"","meta":{"_acf_changed":false,"footnotes":""},"class_list":["post-10324","page","type-page","status-publish","hentry"],"acf":[],"publishpress_future_action":{"enabled":false,"date":"2026-04-20 18:36:09","action":"change-status","newStatus":"draft","terms":[],"taxonomy":"translation_priority","extraData":[]},"publishpress_future_workflow_manual_trigger":{"enabledWorkflows":[]},"_links":{"self":[{"href":"https:\/\/www.hirondelle.org\/fr\/wp-json\/wp\/v2\/pages\/10324","targetHints":{"allow":["GET"]}}],"collection":[{"href":"https:\/\/www.hirondelle.org\/fr\/wp-json\/wp\/v2\/pages"}],"about":[{"href":"https:\/\/www.hirondelle.org\/fr\/wp-json\/wp\/v2\/types\/page"}],"author":[{"embeddable":true,"href":"https:\/\/www.hirondelle.org\/fr\/wp-json\/wp\/v2\/users\/9"}],"replies":[{"embeddable":true,"href":"https:\/\/www.hirondelle.org\/fr\/wp-json\/wp\/v2\/comments?post=10324"}],"version-history":[{"count":12,"href":"https:\/\/www.hirondelle.org\/fr\/wp-json\/wp\/v2\/pages\/10324\/revisions"}],"predecessor-version":[{"id":22761,"href":"https:\/\/www.hirondelle.org\/fr\/wp-json\/wp\/v2\/pages\/10324\/revisions\/22761"}],"up":[{"embeddable":true,"href":"https:\/\/www.hirondelle.org\/fr\/wp-json\/wp\/v2\/pages\/8456"}],"wp:attachment":[{"href":"https:\/\/www.hirondelle.org\/fr\/wp-json\/wp\/v2\/media?parent=10324"}],"curies":[{"name":"wp","href":"https:\/\/api.w.org\/{rel}","templated":true}]}}