{"id":10395,"date":"2024-09-02T18:45:03","date_gmt":"2024-09-02T16:45:03","guid":{"rendered":"https:\/\/www.hirondelle.org\/?page_id=10395"},"modified":"2026-02-17T17:25:34","modified_gmt":"2026-02-17T16:25:34","slug":"europe","status":"publish","type":"page","link":"https:\/\/www.hirondelle.org\/fr\/que-faisons-nous\/operations\/geographiques\/europe","title":{"rendered":"Europe"},"content":{"rendered":"\n<p>Pr\u00e9sente au Kosovo entre 1999 et 2000, la Fondation Hirondelle est de nouveau intervenue en Europe depuis mars 2022, dans le contexte de l\u2019invasion russe de l\u2019Ukraine. Elle met en \u0153uvre un programme de formation et d\u2019appui en faveur des m\u00e9dias ind\u00e9pendants et des journalistes ukrainiens.<\/p>\n\n\n\n<p>Ailleurs en Europe, la Fondation Hirondelle, bas\u00e9e en Suisse, d\u00e9veloppe des initiatives d\u2019\u00e9ducation aux m\u00e9dias et \u00e0 l\u2019information (EMI) aupr\u00e8s des jeunes et m\u00e8ne un travail de plaidoyer pour renforcer le soutien aux m\u00e9dias.<\/p>\n","protected":false},"excerpt":{"rendered":"<p>Pr\u00e9sente au Kosovo entre 1999 et 2000, la Fondation Hirondelle est de nouveau intervenue en Europe depuis mars 2022, dans le contexte de l\u2019invasion russe de l\u2019Ukraine. Elle met en \u0153uvre un programme de formation et d\u2019appui en faveur des m\u00e9dias ind\u00e9pendants et des journalistes ukrainiens. Ailleurs en Europe, la Fondation Hirondelle, bas\u00e9e en Suisse, [&hellip;]<\/p>\n","protected":false},"author":9,"featured_media":0,"parent":10610,"menu_order":2,"comment_status":"closed","ping_status":"closed","template":"","meta":{"_acf_changed":false,"footnotes":""},"class_list":["post-10395","page","type-page","status-publish","hentry"],"acf":[],"publishpress_future_action":{"enabled":false,"date":"2026-04-28 15:49:34","action":"change-status","newStatus":"draft","terms":[],"taxonomy":"translation_priority","extraData":[]},"publishpress_future_workflow_manual_trigger":{"enabledWorkflows":[]},"_links":{"self":[{"href":"https:\/\/www.hirondelle.org\/fr\/wp-json\/wp\/v2\/pages\/10395","targetHints":{"allow":["GET"]}}],"collection":[{"href":"https:\/\/www.hirondelle.org\/fr\/wp-json\/wp\/v2\/pages"}],"about":[{"href":"https:\/\/www.hirondelle.org\/fr\/wp-json\/wp\/v2\/types\/page"}],"author":[{"embeddable":true,"href":"https:\/\/www.hirondelle.org\/fr\/wp-json\/wp\/v2\/users\/9"}],"replies":[{"embeddable":true,"href":"https:\/\/www.hirondelle.org\/fr\/wp-json\/wp\/v2\/comments?post=10395"}],"version-history":[{"count":6,"href":"https:\/\/www.hirondelle.org\/fr\/wp-json\/wp\/v2\/pages\/10395\/revisions"}],"predecessor-version":[{"id":23449,"href":"https:\/\/www.hirondelle.org\/fr\/wp-json\/wp\/v2\/pages\/10395\/revisions\/23449"}],"up":[{"embeddable":true,"href":"https:\/\/www.hirondelle.org\/fr\/wp-json\/wp\/v2\/pages\/10610"}],"wp:attachment":[{"href":"https:\/\/www.hirondelle.org\/fr\/wp-json\/wp\/v2\/media?parent=10395"}],"curies":[{"name":"wp","href":"https:\/\/api.w.org\/{rel}","templated":true}]}}