{"id":10397,"date":"2024-09-02T18:45:46","date_gmt":"2024-09-02T16:45:46","guid":{"rendered":"https:\/\/www.hirondelle.org\/?page_id=10397"},"modified":"2024-09-12T00:20:49","modified_gmt":"2024-09-11T22:20:49","slug":"kosovo","status":"publish","type":"page","link":"https:\/\/www.hirondelle.org\/fr\/que-faisons-nous\/operations\/geographiques\/europe\/kosovo","title":{"rendered":"Kosovo"},"content":{"rendered":"\n<figure class=\"wp-block-image size-large\"><img loading=\"lazy\" decoding=\"async\" width=\"1024\" height=\"293\" src=\"https:\/\/www.hirondelle.org\/wp-content\/uploads\/2024\/09\/kosovo_banner-1024x293.jpg\" alt=\"\" class=\"wp-image-10400\" srcset=\"https:\/\/www.hirondelle.org\/wp-content\/uploads\/2024\/09\/kosovo_banner-1024x293.jpg 1024w, https:\/\/www.hirondelle.org\/wp-content\/uploads\/2024\/09\/kosovo_banner-300x86.jpg 300w, https:\/\/www.hirondelle.org\/wp-content\/uploads\/2024\/09\/kosovo_banner-768x220.jpg 768w, https:\/\/www.hirondelle.org\/wp-content\/uploads\/2024\/09\/kosovo_banner-1000x286.jpg 1000w, https:\/\/www.hirondelle.org\/wp-content\/uploads\/2024\/09\/kosovo_banner.jpg 1440w\" sizes=\"auto, (max-width: 1024px) 100vw, 1024px\" \/><\/figure>\n\n\n\n<p>Radio Blue Sky\u00a0a \u00e9t\u00e9 cr\u00e9\u00e9e au\u00a0Kosovo\u00a0en 1999 dans le cadre de l\u2019Op\u00e9ration de maintien de la paix des\u00a0Nations unies. Elle a \u00e9t\u00e9 g\u00e9r\u00e9e par la Fondation Hirondelle en partenariat avec les Nations unies d\u2019ao\u00fbt 1999 \u00e0 juin 2000. C\u2019est aujourd\u2019hui une radio de la\u00a0RTK, la Radio T\u00e9l\u00e9vision du Kosovo.<\/p>\n\n\n\n<p>En juin 1999, au terme de l\u2019op\u00e9ration militaire de\u00a0l\u2019OTAN\u00a0au Kosovo,\u00a0Sergio Vieira de Mello, premier Repr\u00e9sentant Sp\u00e9cial du Secr\u00e9taire G\u00e9n\u00e9ral des Nations unies, demande \u00e0 la Fondation Hirondelle de mettre en \u0153uvre tr\u00e8s rapidement une\u00a0radio\u00a0pour les Nations unies au Kosovo. Deux mois plus tard, le 17 ao\u00fbt 1999, c\u2019est Bernard Kouchner, nouveau Repr\u00e9sentant Sp\u00e9cial, qui signera l\u2019accord avec la Direction suisse du D\u00e9veloppement et de la Coop\u00e9ration (DDC) qui finance l\u2019op\u00e9ration.<\/p>\n\n\n\n<p>Blue Sky sera d\u2019abord un\u00a0studio de production, puis, d\u00e8s octobre 1999, une\u00a0radio\u00a0au plein sens du terme, qui \u00e9mettra 24 heures sur 24 et 7 jours sur 7. Radio Blue Sky s\u2019adresse \u00e0\u00a0tou\u00b7te\u00b7s les habitant\u00b7e\u00b7s\u00a0du Kosovo, avec une attention particuli\u00e8re aux personnes\u00a0d\u00e9plac\u00e9es, aux\u00a0minorit\u00e9s\u00a0et aux\u00a0jeunes. Elle met l\u2019accent en priorit\u00e9 sur l\u2019information g\u00e9n\u00e9rale, qu\u2019elle diffuse en\u00a0albanais, mais aussi en\u00a0serbe\u00a0et en\u00a0turc, ce qui est un fort signal de\u00a0tol\u00e9rance\u00a0dans le contexte social et politique de cette ann\u00e9e-l\u00e0. Les \u00e9quipes, elles aussi, sont mixtes, et regroupent une vingtaine de collaborateur\u00b7rice\u00b7s. \u00a0Th\u00e9r\u00e8se Obrecht, journaliste suisse, dirige la r\u00e9daction multi-ethnique. <\/p>\n\n\n\n<p>Un sondage r\u00e9alis\u00e9 en juillet 2000 \u00e0 la demande de la Fondation Hirondelle montre, qu\u2019apr\u00e8s moins d\u2019une ann\u00e9e de fonctionnement, l\u2019auditoire accordait \u00e0 Radio Blue Sky un grand cr\u00e9dit quant \u00e0 la\u00a0fiabilit\u00e9\u00a0de ses informations (85% des auditeur\u00b7rice\u00b7s\u00a0jugeaient les informations de Blue Sky tr\u00e8s cr\u00e9dibles ou plut\u00f4t cr\u00e9dibles) et que la majorit\u00e9 albanophone ne faisait pas grief \u00e0 Radio Blue Sky de diffuser \u00e9galement en serbe et en turc.<\/p>\n\n\n\n<p>Si, au lancement de Blue Sky, le paysage m\u00e9diatique du Kosovo est encore largement paralys\u00e9 \u00e0 la suite de la guerre, une ann\u00e9e plus tard, la presse, la radio et la t\u00e9l\u00e9vision sont en pleine expansion. La Fondation Hirondelle et les Nations unies entreprennent donc de\u00a0remettre\u00a0Radio Blue Sky \u00e0 une entit\u00e9 du Kosovo, en l\u2019occurrence la\u00a0RTK, la Radio T\u00e9l\u00e9vision du Kosovo, que soutient par ailleurs en t\u00e9l\u00e9vision l\u2019UER\u00a0(l\u2019Union Europ\u00e9enne de Radiodiffusion et t\u00e9l\u00e9vision) sur un mandat de l\u2019OSCE\u00a0(Organisation pour la S\u00e9curit\u00e9 et la Coop\u00e9ration en Europe). La Fondation Hirondelle demande \u00e0 la RTK de garder la\u00a0Charte\u00a0de Blue Sky, avec notamment sa diffusion en trois langues et la composition multi-ethnique de sa r\u00e9daction, ce que la RTK accepte.<\/p>\n\n\n\n<p>Blue Sky est, depuis le 1er juillet 2000, et\u00a0aujourd\u2019hui\u00a0encore, le deuxi\u00e8me programme de la RTK, et a gard\u00e9 \u00e0 travers les ann\u00e9es une bonne partie de son\u00a0identit\u00e9\u00a0initiale, cr\u00e9\u00e9e par la Fondation Hirondelle.<\/p>\n\n\n\n<p>Source de financement\u00a0: <\/p>\n\n\n\n<ul class=\"wp-block-list\">\n<li>Suisse<\/li>\n<\/ul>\n\n\n\n<p><\/p>\n\n\n\n<p><\/p>\n","protected":false},"excerpt":{"rendered":"<p>Radio Blue Sky\u00a0a \u00e9t\u00e9 cr\u00e9\u00e9e au\u00a0Kosovo\u00a0en 1999 dans le cadre de l\u2019Op\u00e9ration de maintien de la paix des\u00a0Nations unies. Elle a \u00e9t\u00e9 g\u00e9r\u00e9e par la Fondation Hirondelle en partenariat avec les Nations unies d\u2019ao\u00fbt 1999 \u00e0 juin 2000. C\u2019est aujourd\u2019hui une radio de la\u00a0RTK, la Radio T\u00e9l\u00e9vision du Kosovo. En juin 1999, au terme de [&hellip;]<\/p>\n","protected":false},"author":9,"featured_media":0,"parent":10395,"menu_order":1,"comment_status":"closed","ping_status":"closed","template":"","meta":{"_acf_changed":false,"footnotes":""},"class_list":["post-10397","page","type-page","status-publish","hentry"],"acf":[],"publishpress_future_action":{"enabled":false,"date":"2026-04-20 20:10:19","action":"change-status","newStatus":"draft","terms":[],"taxonomy":"translation_priority","extraData":[]},"publishpress_future_workflow_manual_trigger":{"enabledWorkflows":[]},"_links":{"self":[{"href":"https:\/\/www.hirondelle.org\/fr\/wp-json\/wp\/v2\/pages\/10397","targetHints":{"allow":["GET"]}}],"collection":[{"href":"https:\/\/www.hirondelle.org\/fr\/wp-json\/wp\/v2\/pages"}],"about":[{"href":"https:\/\/www.hirondelle.org\/fr\/wp-json\/wp\/v2\/types\/page"}],"author":[{"embeddable":true,"href":"https:\/\/www.hirondelle.org\/fr\/wp-json\/wp\/v2\/users\/9"}],"replies":[{"embeddable":true,"href":"https:\/\/www.hirondelle.org\/fr\/wp-json\/wp\/v2\/comments?post=10397"}],"version-history":[{"count":3,"href":"https:\/\/www.hirondelle.org\/fr\/wp-json\/wp\/v2\/pages\/10397\/revisions"}],"predecessor-version":[{"id":10832,"href":"https:\/\/www.hirondelle.org\/fr\/wp-json\/wp\/v2\/pages\/10397\/revisions\/10832"}],"up":[{"embeddable":true,"href":"https:\/\/www.hirondelle.org\/fr\/wp-json\/wp\/v2\/pages\/10395"}],"wp:attachment":[{"href":"https:\/\/www.hirondelle.org\/fr\/wp-json\/wp\/v2\/media?parent=10397"}],"curies":[{"name":"wp","href":"https:\/\/api.w.org\/{rel}","templated":true}]}}