{"id":10404,"date":"2024-09-02T18:52:54","date_gmt":"2024-09-02T16:52:54","guid":{"rendered":"https:\/\/www.hirondelle.org\/?page_id=10404"},"modified":"2026-02-17T17:31:22","modified_gmt":"2026-02-17T16:31:22","slug":"afrique-du-nord-et-moyen-orient","status":"publish","type":"page","link":"https:\/\/www.hirondelle.org\/fr\/que-faisons-nous\/operations\/geographiques\/afrique-du-nord-et-moyen-orient","title":{"rendered":"Afrique du Nord et Moyen-Orient"},"content":{"rendered":"\n<p>Pr\u00e9sente en Tunisie de 2011 \u00e0 2016 \u00e0 travers un projet de transformation de la Radio Tunisienne, la Fondation Hirondelle a red\u00e9ploy\u00e9 une \u00e9quipe \u00e0 Tunis dans le cadre d\u2019un programme visant \u00e0 renforcer la participation citoyenne \u00e0 la vie politique.<\/p>\n\n\n\n<p>La Fondation Hirondelle entend \u00e9largir son action \u00e0 d\u2019autres pays, notamment au Proche-Orient (Syrie).<\/p>\n","protected":false},"excerpt":{"rendered":"<p>Pr\u00e9sente en Tunisie de 2011 \u00e0 2016 \u00e0 travers un projet de transformation de la Radio Tunisienne, la Fondation Hirondelle a red\u00e9ploy\u00e9 une \u00e9quipe \u00e0 Tunis dans le cadre d\u2019un programme visant \u00e0 renforcer la participation citoyenne \u00e0 la vie politique. La Fondation Hirondelle entend \u00e9largir son action \u00e0 d\u2019autres pays, notamment au Proche-Orient (Syrie).<\/p>\n","protected":false},"author":9,"featured_media":0,"parent":10610,"menu_order":3,"comment_status":"closed","ping_status":"closed","template":"","meta":{"_acf_changed":false,"footnotes":""},"class_list":["post-10404","page","type-page","status-publish","hentry"],"acf":[],"publishpress_future_action":{"enabled":false,"date":"2026-04-28 15:36:50","action":"change-status","newStatus":"draft","terms":[],"taxonomy":"translation_priority","extraData":[]},"publishpress_future_workflow_manual_trigger":{"enabledWorkflows":[]},"_links":{"self":[{"href":"https:\/\/www.hirondelle.org\/fr\/wp-json\/wp\/v2\/pages\/10404","targetHints":{"allow":["GET"]}}],"collection":[{"href":"https:\/\/www.hirondelle.org\/fr\/wp-json\/wp\/v2\/pages"}],"about":[{"href":"https:\/\/www.hirondelle.org\/fr\/wp-json\/wp\/v2\/types\/page"}],"author":[{"embeddable":true,"href":"https:\/\/www.hirondelle.org\/fr\/wp-json\/wp\/v2\/users\/9"}],"replies":[{"embeddable":true,"href":"https:\/\/www.hirondelle.org\/fr\/wp-json\/wp\/v2\/comments?post=10404"}],"version-history":[{"count":4,"href":"https:\/\/www.hirondelle.org\/fr\/wp-json\/wp\/v2\/pages\/10404\/revisions"}],"predecessor-version":[{"id":23453,"href":"https:\/\/www.hirondelle.org\/fr\/wp-json\/wp\/v2\/pages\/10404\/revisions\/23453"}],"up":[{"embeddable":true,"href":"https:\/\/www.hirondelle.org\/fr\/wp-json\/wp\/v2\/pages\/10610"}],"wp:attachment":[{"href":"https:\/\/www.hirondelle.org\/fr\/wp-json\/wp\/v2\/media?parent=10404"}],"curies":[{"name":"wp","href":"https:\/\/api.w.org\/{rel}","templated":true}]}}