{"id":10447,"date":"2024-09-02T20:42:32","date_gmt":"2024-09-02T18:42:32","guid":{"rendered":"https:\/\/www.hirondelle.org\/?page_id=10447"},"modified":"2024-09-02T20:46:07","modified_gmt":"2024-09-02T18:46:07","slug":"ancien-projet","status":"publish","type":"page","link":"https:\/\/www.hirondelle.org\/fr\/que-faisons-nous\/operations\/geographiques\/afrique-du-nord-et-moyen-orient\/tunisie\/ancien-projet","title":{"rendered":"Ancien projet"},"content":{"rendered":"\n<figure class=\"wp-block-image size-large\"><img loading=\"lazy\" decoding=\"async\" width=\"1024\" height=\"293\" src=\"https:\/\/www.hirondelle.org\/wp-content\/uploads\/2024\/09\/tunisie_banner-1024x293.jpg\" alt=\"\" class=\"wp-image-10449\" srcset=\"https:\/\/www.hirondelle.org\/wp-content\/uploads\/2024\/09\/tunisie_banner-1024x293.jpg 1024w, https:\/\/www.hirondelle.org\/wp-content\/uploads\/2024\/09\/tunisie_banner-300x86.jpg 300w, https:\/\/www.hirondelle.org\/wp-content\/uploads\/2024\/09\/tunisie_banner-768x219.jpg 768w, https:\/\/www.hirondelle.org\/wp-content\/uploads\/2024\/09\/tunisie_banner-1536x439.jpg 1536w, https:\/\/www.hirondelle.org\/wp-content\/uploads\/2024\/09\/tunisie_banner-1000x286.jpg 1000w, https:\/\/www.hirondelle.org\/wp-content\/uploads\/2024\/09\/tunisie_banner.jpg 1620w\" sizes=\"auto, (max-width: 1024px) 100vw, 1024px\" \/><\/figure>\n\n\n\n<p>La Radio Tunisienne\u00a0a b\u00e9n\u00e9fici\u00e9 entre 2011 et 2016 d\u2019un programme d\u2019appui en\u00a0expertise,\u00a0conseil,\u00a0formation\u00a0et moyens\u00a0techniques\u00a0de la Fondation Hirondelle pour contribuer \u00e0 sa r\u00e9forme vers un v\u00e9ritable m\u00e9dia de\u00a0service public\u00a0et rapprocher ses cha\u00eenes r\u00e9gionales de la\u00a0population, dans le cadre de la transition d\u00e9mocratique en Tunisie suite \u00e0 la\u00a0r\u00e9volution\u00a0de d\u00e9cembre 2010\/janvier 2011.<\/p>\n\n\n\n<p>La Fondation Hirondelle\u00a0et la Radio Tunisienne commencent\u00a0leur\u00a0collaboration en juillet 2011, avec un premier objectif li\u00e9 \u00e0 l\u2019urgence du calendrier politique post-r\u00e9volutionnaire\u00a0: offrir aux citoyen\u00b7ne\u00b7s\u00a0tunisien\u00b7ne\u00b7s\u00a0une\u00a0couverture\u00a0journalistique\u00a0compl\u00e8te, professionnelle et impartiale du scrutin\u00a0historique du\u00a023 octobre 2011 pour\u00a0l\u2019\u00e9lection\u00a0de\u00a0l\u2019Assembl\u00e9e\u00a0nationale constituante. La Radio Tunisienne s\u2019appuie\u00a0sur\u00a0son\u00a0r\u00e9seau\u00a0de\u00a09 cha\u00eenes, 4 nationales et 5 r\u00e9gionales, qui ensemble couvrent tout le pays. Une approche\u00a0participative\u00a0propos\u00e9e et mise en \u0153uvre par la Fondation Hirondelle, mobilisant les\u00a0ressources\u00a0humaines et techniques\u00a0des 9 stations\u00a0permet \u00e0\u00a0la Radio\u00a0Tunisienne d\u2019offrir une couverture unique et de jouer un r\u00f4le primordial dans\u00a0l\u2019\u00e9ducation civique\u00a0et l\u2019information des citoyen\u00b7ne\u00b7s.<\/p>\n\n\n\n<p>Durant toute la phase \u00e9lectorale, la grille d\u00e9velopp\u00e9e par les expert\u00b7e\u00b7s de la Fondation Hirondelle lors d\u2019ateliers avec les \u00e9quipes, les cadres et la direction de la radio propose des programmes\u00a0quotidiens\u00a0in\u00e9dits, alliant une\u00a0information\u00a0ind\u00e9pendante, exacte\u00a0et \u00e9quilibr\u00e9e,\u00a0des\u00a0reportages\u00a0venant de\u00a0l\u2019ensemble du\u00a0pays, de\u00a0l\u2019\u00e9ducation civique, des programmes avec\u00a0\u00e9quit\u00e9\u00a0des temps de parole, ainsi que des d\u00e9bats th\u00e9matiques\u00a0interactifs. La Radio Tunisienne d\u00e9ploie plus de 50 journalistes sur l\u2019ensemble du territoire, qui interviennent tout au long des 36 heures d\u2019\u00e9missions\u00a0diffus\u00e9es\u00a0en direct\u00a0le\u00a0jour du\u00a0scrutin et pour l\u2019annonce des r\u00e9sultats. Une page web \u00ab sp\u00e9ciale \u00e9lections \u00bb est \u00e9dit\u00e9e pour l\u2019occasion.<\/p>\n\n\n\n<p>Apr\u00e8s cette premi\u00e8re \u00e9tape marquante, l\u2019appui de la Fondation Hirondelle se concentre sur la\u00a0r\u00e9forme\u00a0et la professionnalisation des cinq\u00a0radios r\u00e9gionales\u00a0de la Radio Tunisienne\u00a0: Gafsa, Le Kef, Tataouine, Monastir et Sfax. Sur base d\u2019une m\u00e9thode\u00a0participative\u00a0en dix \u00e9tapes, la Fondation Hirondelle implante dans chaque station, en coordination avec les cadres et les \u00e9quipes, les bases d&rsquo;un r\u00e9seau performant de\u00a0proximit\u00e9. L\u2019objectif est de rapprocher ces antennes r\u00e9gionales des pr\u00e9occupations de la population, pour fid\u00e9liser et augmenter leur audience. Cela passe notamment par la mise en place de nouveaux r\u00e9seaux de\u00a0correspondant\u00b7e\u00b7s, qui renforce la proximit\u00e9 de l\u2019offre \u00e9ditoriale des stations.<\/p>\n\n\n\n<p>Les expert\u00b7e\u00b7s de la Fondation Hirondelle accompagnent chaque radio pendant plusieurs mois pour la refonte et la mise en ondes d\u2019une nouvelle\u00a0grille de programmes, qui passe par des consultations, formations, et de l\u2019assistance \u00e9ditoriale. L\u2019identit\u00e9 sonore\u00a0de chaque station est aussi repens\u00e9e, avec la production d\u2019un nouvel\u00a0habillage musical\u00a0qui accompagne les changements \u00e9ditoriaux.<\/p>\n\n\n\n<p>Ces \u00e9volutions sont payantes pour la Radio Tunisienne et ses cha\u00eenes r\u00e9gionales\u00a0: des \u00e9tudes d\u2019audience command\u00e9es par la Fondation Hirondelle t\u00e9moignent d\u2019une forte augmentation des\u00a0audiences\u00a0et de la satisfaction des\u00a0auditeur\u00b7rice\u00b7s\u00a0sur les changements op\u00e9r\u00e9s. Une\u00a0\u00e9valuation finale\u00a0du programme de soutien de la Fondation Hirondelle \u00e0 la Radio Tunisienne, r\u00e9alis\u00e9e en 2016 par une consultante ind\u00e9pendante, souligne l\u2019utilit\u00e9 et la r\u00e9ussite globale du programme d\u2019appui \u00e0 la Radio Tunisienne.<\/p>\n\n\n\n<p>Dur\u00e9e du projet\u00a0: 5 ans <\/p>\n\n\n\n<p>Sources de financement\u00a0: <\/p>\n\n\n\n<ul class=\"wp-block-list\">\n<li>USA<\/li>\n\n\n\n<li>Danemark<\/li>\n\n\n\n<li>Union europ\u00e9enne<\/li>\n\n\n\n<li>Su\u00e8de<\/li>\n\n\n\n<li>Suisse<\/li>\n<\/ul>\n","protected":false},"excerpt":{"rendered":"<p>La Radio Tunisienne\u00a0a b\u00e9n\u00e9fici\u00e9 entre 2011 et 2016 d\u2019un programme d\u2019appui en\u00a0expertise,\u00a0conseil,\u00a0formation\u00a0et moyens\u00a0techniques\u00a0de la Fondation Hirondelle pour contribuer \u00e0 sa r\u00e9forme vers un v\u00e9ritable m\u00e9dia de\u00a0service public\u00a0et rapprocher ses cha\u00eenes r\u00e9gionales de la\u00a0population, dans le cadre de la transition d\u00e9mocratique en Tunisie suite \u00e0 la\u00a0r\u00e9volution\u00a0de d\u00e9cembre 2010\/janvier 2011. La Fondation Hirondelle\u00a0et la Radio Tunisienne commencent\u00a0leur\u00a0collaboration [&hellip;]<\/p>\n","protected":false},"author":9,"featured_media":0,"parent":10406,"menu_order":1,"comment_status":"closed","ping_status":"closed","template":"","meta":{"_acf_changed":false,"footnotes":""},"class_list":["post-10447","page","type-page","status-publish","hentry"],"acf":[],"publishpress_future_action":{"enabled":false,"date":"2026-04-11 19:58:19","action":"change-status","newStatus":"draft","terms":[],"taxonomy":"translation_priority","extraData":[]},"publishpress_future_workflow_manual_trigger":{"enabledWorkflows":[]},"_links":{"self":[{"href":"https:\/\/www.hirondelle.org\/fr\/wp-json\/wp\/v2\/pages\/10447","targetHints":{"allow":["GET"]}}],"collection":[{"href":"https:\/\/www.hirondelle.org\/fr\/wp-json\/wp\/v2\/pages"}],"about":[{"href":"https:\/\/www.hirondelle.org\/fr\/wp-json\/wp\/v2\/types\/page"}],"author":[{"embeddable":true,"href":"https:\/\/www.hirondelle.org\/fr\/wp-json\/wp\/v2\/users\/9"}],"replies":[{"embeddable":true,"href":"https:\/\/www.hirondelle.org\/fr\/wp-json\/wp\/v2\/comments?post=10447"}],"version-history":[{"count":3,"href":"https:\/\/www.hirondelle.org\/fr\/wp-json\/wp\/v2\/pages\/10447\/revisions"}],"predecessor-version":[{"id":10454,"href":"https:\/\/www.hirondelle.org\/fr\/wp-json\/wp\/v2\/pages\/10447\/revisions\/10454"}],"up":[{"embeddable":true,"href":"https:\/\/www.hirondelle.org\/fr\/wp-json\/wp\/v2\/pages\/10406"}],"wp:attachment":[{"href":"https:\/\/www.hirondelle.org\/fr\/wp-json\/wp\/v2\/media?parent=10447"}],"curies":[{"name":"wp","href":"https:\/\/api.w.org\/{rel}","templated":true}]}}