{"id":10467,"date":"2024-09-02T21:05:50","date_gmt":"2024-09-02T19:05:50","guid":{"rendered":"https:\/\/www.hirondelle.org\/?page_id=10467"},"modified":"2024-09-11T19:19:13","modified_gmt":"2024-09-11T17:19:13","slug":"ancien-projet","status":"publish","type":"page","link":"https:\/\/www.hirondelle.org\/fr\/que-faisons-nous\/operations\/geographiques\/afrique\/republique-democratique-du-congo\/ancien-projet","title":{"rendered":"Ancien projet"},"content":{"rendered":"\n<figure class=\"wp-block-image size-large\"><img loading=\"lazy\" decoding=\"async\" width=\"1024\" height=\"409\" src=\"https:\/\/www.hirondelle.org\/wp-content\/uploads\/2024\/09\/radio_okapi_banner-1024x409.jpg\" alt=\"\" class=\"wp-image-10477\" srcset=\"https:\/\/www.hirondelle.org\/wp-content\/uploads\/2024\/09\/radio_okapi_banner-1024x409.jpg 1024w, https:\/\/www.hirondelle.org\/wp-content\/uploads\/2024\/09\/radio_okapi_banner-300x120.jpg 300w, https:\/\/www.hirondelle.org\/wp-content\/uploads\/2024\/09\/radio_okapi_banner-768x307.jpg 768w, https:\/\/www.hirondelle.org\/wp-content\/uploads\/2024\/09\/radio_okapi_banner-1000x399.jpg 1000w, https:\/\/www.hirondelle.org\/wp-content\/uploads\/2024\/09\/radio_okapi_banner.jpg 1280w\" sizes=\"auto, (max-width: 1024px) 100vw, 1024px\" \/><\/figure>\n\n\n\n<p>Radio Okapi&nbsp;est la radio de la Mission des Nations unies pour la stabilisation en R\u00e9publique d\u00e9mocratique du Congo (MONUSCO). Elle a commenc\u00e9 ses \u00e9missions en f\u00e9vrier 2002. Dans le cadre d\u2019un&nbsp;partenariat&nbsp;avec les Nations unies, la Fondation Hirondelle a contribu\u00e9 \u00e0 sa&nbsp;cr\u00e9ation, au&nbsp;d\u00e9veloppement&nbsp;de ses programmes et \u00e0 la&nbsp;formation&nbsp;de ses \u00e9quipes, de 2002 \u00e0 2014. Un partenariat fructueux qui a permis de cr\u00e9er l\u2019une des plus grandes radios d\u2019Afrique francophone, le m\u00e9dia le plus&nbsp;\u00e9cout\u00e9&nbsp;de RDC depuis 20 ans.<\/p>\n\n\n\n<figure class=\"wp-block-embed alignright is-type-video is-provider-youtube wp-block-embed-youtube wp-embed-aspect-4-3 wp-has-aspect-ratio\"><div class=\"wp-block-embed__wrapper\">\n<iframe loading=\"lazy\" title=\"La vid\u00e9o du 10e anniversaire de Radio Okapi.mp4\" width=\"500\" height=\"375\" src=\"https:\/\/www.youtube.com\/embed\/UtJItANoObU?feature=oembed\" frameborder=\"0\" allow=\"accelerometer; autoplay; clipboard-write; encrypted-media; gyroscope; picture-in-picture; web-share\" referrerpolicy=\"strict-origin-when-cross-origin\" allowfullscreen><\/iframe>\n<\/div><\/figure>\n\n\n\n<p>La relation entre les&nbsp;Nations unies&nbsp;et la Fondation Hirondelle est \u00e0 l\u2019origine de la cr\u00e9ation et du d\u00e9veloppement de Radio Okapi. En 2000, quelques mois apr\u00e8s la cr\u00e9ation de la MONUC (Mission de l\u2019ONU en RDC, devenue MONUSCO en 2010), des responsables du D\u00e9partement des op\u00e9rations de maintien de la paix des Nations unies (DPKO) \u00e0&nbsp;New-York&nbsp;contactent la Fondation Hirondelle pour lui demander de participer \u00e0 la conception et \u00e0 la mise en place de la radio de la Mission. Suite \u00e0 cette demande, le concept de base de la radio est pr\u00e9sent\u00e9 en 2001 par la Fondation Hirondelle aux Nations unies, et accept\u00e9 par le DPKO. Radio Okapi est con\u00e7ue en&nbsp;r\u00e9seau&nbsp;\u00e0 travers la RDC (un pays grand comme l\u2019Europe occidentale), avec une t\u00eate de r\u00e9seau \u00e0&nbsp;Kinshasa&nbsp;et des studios r\u00e9gionaux en province. Chaque jour, Radio Okapi produit des journaux matin, midi et soir en 5 langues, pour une radio qui parle \u00e0 toute la population congolaise. La mise en \u0153uvre de ce concept et la direction des \u00e9quipes et du projet est assur\u00e9e \u00e0 partir de sa cr\u00e9ation en f\u00e9vrier 2002 et jusque 2014 en&nbsp;cogestion&nbsp;par des \u00e9quipes de la Fondation Hirondelle et des Nations unies.<\/p>\n\n\n\n<p>La Fondation Hirondelle assure dans le cadre de cette cogestion la&nbsp;formation&nbsp;des journalistes et animateur\u00b7trice\u00b7s, l\u2019\u00e9laboration des&nbsp;chartes&nbsp;(de la radio, pour les r\u00e9seaux sociaux, lors d\u2019\u00e9lections\u2026), la d\u00e9finition du concept et du cahier des charges de chaque&nbsp;\u00e9mission, l\u2019\u00e9laboration et la mise \u00e0 jour de la&nbsp;grille&nbsp;des programmes, l\u2019organisation&nbsp;des \u00e9quipes. La direction de la radio, la r\u00e9daction en chef et la direction des programmes sont assur\u00e9s jusqu\u2019en 2008 par des responsables expatri\u00e9\u00b7e\u00b7s de la Fondation Hirondelle, sous la supervision du Directeur de l\u2019information publique de la MONUC. Un&nbsp;transfert&nbsp;de responsabilit\u00e9s est ensuite organis\u00e9 vers les cadres nationaux de Radio Okapi, qui assurent depuis cette p\u00e9riode la R\u00e9daction en Chef et la direction des programmes.<\/p>\n\n\n\n<figure class=\"wp-block-embed alignleft is-type-video is-provider-youtube wp-block-embed-youtube wp-embed-aspect-16-9 wp-has-aspect-ratio\"><div class=\"wp-block-embed__wrapper\">\n<iframe loading=\"lazy\" title=\"Les voix de l&#039;espoir, Radio Okapi, 2010, English subtitles\" width=\"500\" height=\"281\" src=\"https:\/\/www.youtube.com\/embed\/7Pn6kSehcYM?feature=oembed\" frameborder=\"0\" allow=\"accelerometer; autoplay; clipboard-write; encrypted-media; gyroscope; picture-in-picture; web-share\" referrerpolicy=\"strict-origin-when-cross-origin\" allowfullscreen><\/iframe>\n<\/div><\/figure>\n\n\n\n<p>La Fondation Hirondelle a \u00e9galement d\u00e9velopp\u00e9 les relations externes et le&nbsp;r\u00e9seau&nbsp;de Radio Okapi en dehors du p\u00e9rim\u00e8tre onusien, notamment en mettant en place le r\u00e9seau des radios partenaires et des correspondant\u00b7e\u00b7s de Radio Okapi dans toutes les&nbsp;r\u00e9gions. Celui-ci a fortement contribu\u00e9 \u00e0 augmenter la&nbsp;notori\u00e9t\u00e9&nbsp;et la&nbsp;diffusion&nbsp;de la radio dans des villes et zones non couvertes par les \u00e9metteurs FM de la MONUSCO. La Fondation Hirondelle a r\u00e9alis\u00e9 et command\u00e9 de nombreuses \u00e9tudes pour mesurer l\u2019impact&nbsp;de Radio Okapi, et proposer des pistes de d\u00e9veloppement et de p\u00e9rennisation future pour la radio. Enfin de 2002 \u00e0 2014 la Fondation Hirondelle a apport\u00e9 de nombreuses contributions en&nbsp;ressources&nbsp;pour assurer le fonctionnement et le d\u00e9veloppement de la radio&nbsp;: ressources humaines, \u00e9quipements, v\u00e9hicules, etc.<\/p>\n\n\n\n<p>Le partenariat entre les Nations unies et la Fondation Hirondelle pour la cogestion de la radio prend fin en 2014. Radio Okapi poursuit depuis ses \u00e9missions dans un format r\u00e9duit selon le cadre du mandat de la&nbsp;MONUSCO. <\/p>\n\n\n\n<p><\/p>\n\n\n\n<p>Sources de financement&nbsp;:<\/p>\n\n\n\n<ul class=\"wp-block-list\">\n<li>Suisse<\/li>\n\n\n\n<li>Royaume-Uni<\/li>\n\n\n\n<li>USA<\/li>\n\n\n\n<li>Pays-Bas<\/li>\n\n\n\n<li>Canada<\/li>\n\n\n\n<li>Su\u00e8de<\/li>\n\n\n\n<li>France<\/li>\n\n\n\n<li>PNUD<\/li>\n\n\n\n<li>Allemagne<\/li>\n\n\n\n<li>Belgique<\/li>\n\n\n\n<li>OSISA<\/li>\n<\/ul>\n\n\n\n<p><br><br>Depuis 2014, la Fondation Hirondelle oriente son action en RDC sur une information d\u2019int\u00e9r\u00eat g\u00e9n\u00e9ral, en ciblant les deux audiences prioritaires que sont la\u00a0jeunesse\u00a0et les\u00a0femmes.\u00a0Ceci, afin de favoriser leur engagement citoyen et un d\u00e9bat public plus inclusif. Le r\u00e9seau de m\u00e9dias partenaires cr\u00e9\u00e9 et anim\u00e9 par l\u2019\u00e9quipe de Studio Hirondelle RDC, compte d\u00e9sormais 102 radios partenaires (majoritairement communautaires, mais aussi des radios commerciales) ; 23 t\u00e9l\u00e9visions. Ce r\u00e9seau est le plus structur\u00e9 du pays. Il repr\u00e9sente plus de 25% du tissu m\u00e9diatique congolais.<\/p>\n\n\n\n<p>En vertu de sa politique de&nbsp;soutien&nbsp;aux m\u00e9dias et \u00e0 l\u2019information ind\u00e9pendante, la Fondation Hirondelle assure en RDC de la production et diffusion de contenus d\u2019actualit\u00e9, des formations techniques, ainsi qu\u2019un appui&nbsp;structurant&nbsp;permettant la g\u00e9n\u00e9ration de&nbsp;revenus pour le r\u00e9seau de m\u00e9dias partenaires. Ces soutiens ont d\u00e9marr\u00e9 d\u00e8s 2004, renforc\u00e9s entre 2010 et 2017 dans le cadre du&nbsp;Programme de d\u00e9veloppement du secteur m\u00e9diatique&nbsp;(PDSM), pilot\u00e9 par l\u2019ONG Internews avec la contribution de la Fondation Hirondelle, gr\u00e2ce \u00e0 un financement de la coop\u00e9ration am\u00e9ricaine USAID.<\/p>\n\n\n\n<p>Par ailleurs, en 2019 et 2020, Studio Hirondelle RDC a mis en \u0153uvre un programme dans la r\u00e9gion du&nbsp;Kasa\u00ef&nbsp;(provinces du Kasa\u00ef et Kasa\u00ef central), pour soutenir les jeunes comme&nbsp;leaders pacifiques du changement, alors que les populations locales avaient \u00e9t\u00e9 victimes de violences de masse en 2016 et 2017. Soutenu financi\u00e8rement par l\u2019Union europ\u00e9enne, ce projet de 18 mois a d\u00e9montr\u00e9 la pertinence d\u2019une information de proximit\u00e9, utile et fiable, et a permis le renforcement d\u2019un&nbsp;r\u00e9seau de 18 radios&nbsp;partenaires.<\/p>\n\n\n\n<p>Depuis janvier 2021 le Studio Hirondelle RDC ex\u00e9cute divers projets et a repris ses activit\u00e9s de production en continu depuis septembre 2023.<\/p>\n\n\n\n<p>Sources de financement&nbsp;:<\/p>\n\n\n\n<ul class=\"wp-block-list\">\n<li>La coop\u00e9ration am\u00e9ricaine USAID<\/li>\n\n\n\n<li>Union europ\u00e9enne<\/li>\n\n\n\n<li>Suisse <\/li>\n<\/ul>\n","protected":false},"excerpt":{"rendered":"<p>Radio Okapi&nbsp;est la radio de la Mission des Nations unies pour la stabilisation en R\u00e9publique d\u00e9mocratique du Congo (MONUSCO). Elle a commenc\u00e9 ses \u00e9missions en f\u00e9vrier 2002. Dans le cadre d\u2019un&nbsp;partenariat&nbsp;avec les Nations unies, la Fondation Hirondelle a contribu\u00e9 \u00e0 sa&nbsp;cr\u00e9ation, au&nbsp;d\u00e9veloppement&nbsp;de ses programmes et \u00e0 la&nbsp;formation&nbsp;de ses \u00e9quipes, de 2002 \u00e0 2014. Un partenariat [&hellip;]<\/p>\n","protected":false},"author":9,"featured_media":0,"parent":9928,"menu_order":1,"comment_status":"closed","ping_status":"closed","template":"","meta":{"_acf_changed":false,"footnotes":""},"class_list":["post-10467","page","type-page","status-publish","hentry"],"acf":[],"publishpress_future_action":{"enabled":false,"date":"2026-04-20 20:16:22","action":"change-status","newStatus":"draft","terms":[],"taxonomy":"translation_priority","extraData":[]},"publishpress_future_workflow_manual_trigger":{"enabledWorkflows":[]},"_links":{"self":[{"href":"https:\/\/www.hirondelle.org\/fr\/wp-json\/wp\/v2\/pages\/10467","targetHints":{"allow":["GET"]}}],"collection":[{"href":"https:\/\/www.hirondelle.org\/fr\/wp-json\/wp\/v2\/pages"}],"about":[{"href":"https:\/\/www.hirondelle.org\/fr\/wp-json\/wp\/v2\/types\/page"}],"author":[{"embeddable":true,"href":"https:\/\/www.hirondelle.org\/fr\/wp-json\/wp\/v2\/users\/9"}],"replies":[{"embeddable":true,"href":"https:\/\/www.hirondelle.org\/fr\/wp-json\/wp\/v2\/comments?post=10467"}],"version-history":[{"count":6,"href":"https:\/\/www.hirondelle.org\/fr\/wp-json\/wp\/v2\/pages\/10467\/revisions"}],"predecessor-version":[{"id":10797,"href":"https:\/\/www.hirondelle.org\/fr\/wp-json\/wp\/v2\/pages\/10467\/revisions\/10797"}],"up":[{"embeddable":true,"href":"https:\/\/www.hirondelle.org\/fr\/wp-json\/wp\/v2\/pages\/9928"}],"wp:attachment":[{"href":"https:\/\/www.hirondelle.org\/fr\/wp-json\/wp\/v2\/media?parent=10467"}],"curies":[{"name":"wp","href":"https:\/\/api.w.org\/{rel}","templated":true}]}}