{"id":10520,"date":"2024-09-03T11:28:00","date_gmt":"2024-09-03T09:28:00","guid":{"rendered":"https:\/\/www.hirondelle.org\/?page_id=10520"},"modified":"2024-09-12T00:20:54","modified_gmt":"2024-09-11T22:20:54","slug":"bangladesh","status":"publish","type":"page","link":"https:\/\/www.hirondelle.org\/fr\/que-faisons-nous\/operations\/geographiques\/asie\/bangladesh","title":{"rendered":"Bangladesh"},"content":{"rendered":"\n<figure class=\"wp-block-image size-large\"><img loading=\"lazy\" decoding=\"async\" width=\"1024\" height=\"321\" src=\"https:\/\/www.hirondelle.org\/wp-content\/uploads\/2024\/09\/banner-bangladesh-1024x321.jpg\" alt=\"\" class=\"wp-image-10522\" srcset=\"https:\/\/www.hirondelle.org\/wp-content\/uploads\/2024\/09\/banner-bangladesh-1024x321.jpg 1024w, https:\/\/www.hirondelle.org\/wp-content\/uploads\/2024\/09\/banner-bangladesh-300x94.jpg 300w, https:\/\/www.hirondelle.org\/wp-content\/uploads\/2024\/09\/banner-bangladesh-768x240.jpg 768w, https:\/\/www.hirondelle.org\/wp-content\/uploads\/2024\/09\/banner-bangladesh-1536x481.jpg 1536w, https:\/\/www.hirondelle.org\/wp-content\/uploads\/2024\/09\/banner-bangladesh-1000x313.jpg 1000w, https:\/\/www.hirondelle.org\/wp-content\/uploads\/2024\/09\/banner-bangladesh.jpg 2000w\" sizes=\"auto, (max-width: 1024px) 100vw, 1024px\" \/><\/figure>\n\n\n\n<p>En juin 2018, la Fondation Hirondelle lance un projet au\u00a0Bangladesh, dans le camp de r\u00e9fugi\u00e9\u00b7e\u00b7s Rohingya\u00a0de Jamtoli. En 2019, nous \u00e9tendons le projet \u00e0 deux autres camps de r\u00e9fugi\u00e9\u00b7e\u00b7s Rohingya. Nous avons \u00e9galement travaill\u00e9 avec les communaut\u00e9s bangladaises affect\u00e9es \u00e0 proximit\u00e9 des camps. Le travail de la Fondation Hirondelle visait \u00e0 contribuer \u00e0 la r\u00e9silience des r\u00e9fugi\u00e9\u00b7e\u00b7s et des communaut\u00e9s d&rsquo;accueil et \u00e0 renforcer la coh\u00e9sion sociale entre les groupes.<\/p>\n\n\n\n<p>Selon les Nations Unies, en 2018, plus de 700&rsquo;000 membres de la minorit\u00e9 musulmane rohingya avaient\u00a0fui l&rsquo;Etat de Rakhine dans le nord-ouest du Myanmar\u00a0depuis septembre 2017. Des t\u00e9moins rapportaient des sc\u00e8nes de violence et de destruction sans pr\u00e9c\u00e9dent. De nombreux r\u00e9fugi\u00e9\u00b7e\u00b7s ont \u00e9t\u00e9 bless\u00e9s ou gravement traumatis\u00e9\u00b7e\u00b7s par la s\u00e9paration de leur famille. \u00c9puis\u00e9\u00b7e\u00b7s par leur voyage, ils sont arriv\u00e9\u00b7e\u00b7s de l&rsquo;autre c\u00f4t\u00e9 de la fronti\u00e8re, au Bangladesh, dans des camps d&rsquo;accueil compl\u00e8tement surpeupl\u00e9s avec des abris tr\u00e8s rudimentaires, de l&rsquo;eau pollu\u00e9e et des risques importants de maladies.<\/p>\n\n\n\n<p>Cet afflux massif de personnes a mis en difficult\u00e9 les ressources locales et a n\u00e9cessit\u00e9 une\u00a0intervention humanitaire \u00e0 grande \u00e9chelle\u00a0qui manquait parfois d&rsquo;efficacit\u00e9 dans la communication avec les populations touch\u00e9es. Une\u00a0information rapide et cr\u00e9dible\u00a0dans les situations de crise peut faire une diff\u00e9rence vitale en aidant les populations \u00e0 prendre de bonnes d\u00e9cisions, en dissipant les rumeurs et en calmant les tensions. Le retour d&rsquo;information des populations touch\u00e9es joue \u00e9galement un r\u00f4le essentiel pour les acteurs humanitaires en leur permettant de mieux d\u00e9finir les priorit\u00e9s et les efforts de secours et d&rsquo;att\u00e9nuer les tensions.<\/p>\n\n\n\n<p>En partenariat avec HEKS\/EPER, une ONG suisse travaillant dans les camps et avec les communaut\u00e9s d&rsquo;accueil, le projet de la Fondation Hirondelle visait \u00e0 am\u00e9liorer l&rsquo;acc\u00e8s \u00e0 des informations importantes et pratiques pour plus de\u00a010 000 auditeur\u00b7rice\u00b7s\u00a0par semaine vivant dans les camps et dans les communaut\u00e9s voisines. Le projet \u00e9tait \u00e9galement un outil de responsabilisation et a contribu\u00e9 \u00e0 am\u00e9liorer l&rsquo;acc\u00e8s \u00e0 l&rsquo;information sur les besoins des r\u00e9fugi\u00e9\u00b7e\u00b7s et la situation dans les camps pour les organisations humanitaires y travaillant. Le projet visait enfin \u00e0 contribuer au renforcement de la coh\u00e9sion sociale entre les r\u00e9fugi\u00e9\u00b7e\u00b7s et les populations d&rsquo;accueil par le biais d&rsquo;une programmation m\u00e9diatique partag\u00e9e.<\/p>\n\n\n\n<p>Le projet comprenait la production d&rsquo;un\u00a0programme audio\u00a0dans 3 camps par un groupe de r\u00e9fugi\u00e9\u00b7e\u00b7s avec la supervision et le soutien des producteurs de la Fondation Hirondelle. Les programmes ont offert des informations sur la vie du camp, des informations importantes et des messages de sensibilisation des ONG travaillant dans le camp et du gouvernement. Depuis la pand\u00e9mie de Covid-19, les programmes se concentraient sur l&rsquo;impact direct de la pand\u00e9mie sur les r\u00e9fugi\u00e9\u00b7e\u00b7s, ainsi que sur l&rsquo;att\u00e9nuation de ses impacts secondaires. La diffusion des programmes audio \u00e9tait assur\u00e9e par un r\u00e9seau de diffusion de proximit\u00e9 par des haut-parleurs install\u00e9s dans les lieux de rassemblement de la population. Afin d&rsquo;assurer les retours d\u2019informations par les populations touch\u00e9es, le projet comprenait \u00e9galement la compilation d&rsquo;informations importantes \u00e0 partir du contenu des programmes audio des r\u00e9fugi\u00e9\u00b7e\u00b7s, partag\u00e9s avec des producteurs, avec les gestionnaires des camps, le gouvernement et d&rsquo;autres acteurs humanitaires. Une \u00e9mission hebdomadaire \u00e9tait aussi produite pour les communaut\u00e9s d&rsquo;accueil avec des informations sur les services et conseils qui pouvaient am\u00e9liorer leur s\u00e9curit\u00e9 alimentaire, leurs moyens de subsistance et leurs connaissances sur la sant\u00e9 et les droits. Cette \u00e9mission \u00e9tait diffus\u00e9e dans de petits groupes d&rsquo;\u00e9coute et sur la station de radio locale Bangladesh Betar. Enfin, le projet visait \u00e0 accro\u00eetre la coh\u00e9sion sociale entre les r\u00e9fugi\u00e9\u00b7e\u00b7s et les populations locales par le biais d&rsquo;un programme audio qui r\u00e9unissait les populations d&rsquo;accueil et de r\u00e9fugi\u00e9\u00b7e\u00b7s.<\/p>\n\n\n\n<p>Dur\u00e9e du projet\u00a0: 18 mois<\/p>\n\n\n\n<p>Sources des financements :<\/p>\n\n\n\n<ul class=\"wp-block-list\">\n<li>Cha\u00eene du Bonheur<\/li>\n\n\n\n<li>Suisse<\/li>\n<\/ul>\n\n\n\n<p><\/p>\n\n\n\n<p><\/p>\n","protected":false},"excerpt":{"rendered":"<p>En juin 2018, la Fondation Hirondelle lance un projet au\u00a0Bangladesh, dans le camp de r\u00e9fugi\u00e9\u00b7e\u00b7s Rohingya\u00a0de Jamtoli. En 2019, nous \u00e9tendons le projet \u00e0 deux autres camps de r\u00e9fugi\u00e9\u00b7e\u00b7s Rohingya. Nous avons \u00e9galement travaill\u00e9 avec les communaut\u00e9s bangladaises affect\u00e9es \u00e0 proximit\u00e9 des camps. Le travail de la Fondation Hirondelle visait \u00e0 contribuer \u00e0 la r\u00e9silience [&hellip;]<\/p>\n","protected":false},"author":9,"featured_media":0,"parent":10518,"menu_order":1,"comment_status":"closed","ping_status":"closed","template":"","meta":{"_acf_changed":false,"footnotes":""},"class_list":["post-10520","page","type-page","status-publish","hentry"],"acf":[],"publishpress_future_action":{"enabled":false,"date":"2026-04-20 20:16:29","action":"change-status","newStatus":"draft","terms":[],"taxonomy":"translation_priority","extraData":[]},"publishpress_future_workflow_manual_trigger":{"enabledWorkflows":[]},"_links":{"self":[{"href":"https:\/\/www.hirondelle.org\/fr\/wp-json\/wp\/v2\/pages\/10520","targetHints":{"allow":["GET"]}}],"collection":[{"href":"https:\/\/www.hirondelle.org\/fr\/wp-json\/wp\/v2\/pages"}],"about":[{"href":"https:\/\/www.hirondelle.org\/fr\/wp-json\/wp\/v2\/types\/page"}],"author":[{"embeddable":true,"href":"https:\/\/www.hirondelle.org\/fr\/wp-json\/wp\/v2\/users\/9"}],"replies":[{"embeddable":true,"href":"https:\/\/www.hirondelle.org\/fr\/wp-json\/wp\/v2\/comments?post=10520"}],"version-history":[{"count":3,"href":"https:\/\/www.hirondelle.org\/fr\/wp-json\/wp\/v2\/pages\/10520\/revisions"}],"predecessor-version":[{"id":10833,"href":"https:\/\/www.hirondelle.org\/fr\/wp-json\/wp\/v2\/pages\/10520\/revisions\/10833"}],"up":[{"embeddable":true,"href":"https:\/\/www.hirondelle.org\/fr\/wp-json\/wp\/v2\/pages\/10518"}],"wp:attachment":[{"href":"https:\/\/www.hirondelle.org\/fr\/wp-json\/wp\/v2\/media?parent=10520"}],"curies":[{"name":"wp","href":"https:\/\/api.w.org\/{rel}","templated":true}]}}