{"id":10531,"date":"2024-09-03T17:11:33","date_gmt":"2024-09-03T15:11:33","guid":{"rendered":"https:\/\/www.hirondelle.org\/?page_id=10531"},"modified":"2024-09-12T00:21:03","modified_gmt":"2024-09-11T22:21:03","slug":"nepal","status":"publish","type":"page","link":"https:\/\/www.hirondelle.org\/fr\/que-faisons-nous\/operations\/geographiques\/asie\/nepal","title":{"rendered":"N\u00e9pal"},"content":{"rendered":"\n<figure class=\"wp-block-image size-large\"><img loading=\"lazy\" decoding=\"async\" width=\"1024\" height=\"293\" src=\"https:\/\/www.hirondelle.org\/wp-content\/uploads\/2024\/09\/nepal_banner-1024x293.jpg\" alt=\"\" class=\"wp-image-10545\" srcset=\"https:\/\/www.hirondelle.org\/wp-content\/uploads\/2024\/09\/nepal_banner-1024x293.jpg 1024w, https:\/\/www.hirondelle.org\/wp-content\/uploads\/2024\/09\/nepal_banner-300x86.jpg 300w, https:\/\/www.hirondelle.org\/wp-content\/uploads\/2024\/09\/nepal_banner-768x220.jpg 768w, https:\/\/www.hirondelle.org\/wp-content\/uploads\/2024\/09\/nepal_banner-1000x286.jpg 1000w, https:\/\/www.hirondelle.org\/wp-content\/uploads\/2024\/09\/nepal_banner.jpg 1440w\" sizes=\"auto, (max-width: 1024px) 100vw, 1024px\" \/><\/figure>\n\n\n\n<p>La Fondation Hirondelle a mis en place en 2007-2008 un programme d\u2019appui \u00e0\u00a0Radio Nepal, la radio nationale n\u00e9palaise, pour la couverture de l\u2019\u00e9lection de\u00a0l\u2019Assembl\u00e9e Constituante. Ce scrutin historique marquait\u00a0la fin de la monarchie, \u00e9tape d\u00e9cisive dans la construction de la d\u00e9mocratie et de la paix dans ce pays, apr\u00e8s la guerre civile l\u2019ayant d\u00e9chir\u00e9 de 1996 \u00e0 2006.<\/p>\n\n\n\n<p>C\u2019est le Directeur de Radio Nepal, la radio nationale n\u00e9palaise, qui contacte la Fondation Hirondelle en janvier 2007 pour l\u2019assister dans la couverture de\u00a0l\u2019\u00e9lection\u00a0de\u00a0l\u2019Assembl\u00e9e Constituante, pr\u00e9vue pour le mois de juin. La Fondation pr\u00e9pare un premier projet, qui sera abandonn\u00e9 \u00e0 cause du report du scrutin. En septembre, un deuxi\u00e8me projet est \u00e9tabli. Un studio est install\u00e9 dans l\u2019enceinte de Radio N\u00e9pal, et la Fondation Hirondelle \u00e9quipe une cinquantaine de\u00a0correspondant\u00b7e\u00b7s locaux. Cependant, en octobre les \u00e9lections sont \u00e0 nouveau report\u00e9es : le projet, financ\u00e9 pour trois mois par la Division IV du D\u00e9partement des Affaires \u00e9trang\u00e8res de la Suisse, est suspendu.<\/p>\n\n\n\n<p>Le projet reprend en janvier 2008. Trois collaborateur\u00b7rice\u00b7s nationaux\u00b7ales s\u00e9lectionn\u00e9\u00b7e\u00b7s en 2007 sont r\u00e9engag\u00e9\u00b7e\u00b7s. La\u00a0formation\u00a0de 58 journalistes de Radio N\u00e9pal, entam\u00e9e en 2007, reprend de mani\u00e8re intensive, incluant \u00e9galement 61 correspondant\u00b7e\u00b7s venu\u00b7e\u00b7s en majorit\u00e9 des districts n\u00e9palais. Une partie du programme de couverture du\u00a0processus \u00e9lectoral\u00a0cr\u00e9\u00e9 en 2007 par la Fondation Hirondelle avait \u00e9t\u00e9 maintenue par Radio N\u00e9pal. Les \u00e9missions qui avaient d\u00fb \u00eatre suspendues ont pu \u00eatre relanc\u00e9es deux mois avant la date de l\u2019\u00e9lection de l\u2019Assembl\u00e9e Constituante. Ces programmes \u00e9taient diffus\u00e9s \u00e0 l\u2019\u00e9chelle nationale ; des programmes sp\u00e9cifiques ont aussi \u00e9t\u00e9 diffus\u00e9s au niveau r\u00e9gional dans les langues locales. D\u00e8s le mois de f\u00e9vrier 2008, six \u00e9missions hebdomadaires d\u2019\u00e9ducation\u00a0aux \u00e9lections ont \u00e9t\u00e9 produites et diffus\u00e9es. Elles englobaient des\u00a0d\u00e9bats\u00a0politiques, deux programmes d\u2019information sur les principaux \u00e9v\u00e9nements de la semaine et deux \u00e9missions permettant aux auditeur\u00b7rice\u00b7s d\u2019interroger des constitutionnalistes et la\u00a0Commission \u00e9lectorale. De brefs messages pr\u00e9sentant le syst\u00e8me \u00e9lectoral mixte, majoritaire et proportionnel, \u00e9taient r\u00e9guli\u00e8rement diffus\u00e9s. Un programme sp\u00e9cial a \u00e9t\u00e9 mis en place pour la semaine \u00e9lectorale. Une trentaine de journalistes et quelques 60 correspondant\u00b7e\u00b7s ont couvert l\u2019\u00e9v\u00e9nement dans l\u2019ensemble des\u00a075 districts n\u00e9palais, et ce en\u00a020 langues.<\/p>\n\n\n\n<p>L\u2019\u00e9lection s\u2019est d\u00e9roul\u00e9e, le 10 avril 2008, de mani\u00e8re relativement pacifique malgr\u00e9 l\u2019ins\u00e9curit\u00e9, r\u00e9elle dans le pays. Les\u00a0mao\u00efstes\u00a0l\u2019ont emport\u00e9 devant le Congr\u00e8s N\u00e9palais. Le travail de Radio N\u00e9pal pour la couverture des \u00e9lections a \u00e9t\u00e9 unanimement salu\u00e9.<\/p>\n\n\n\n<p>Dur\u00e9e du projet\u00a0: 3 mois<\/p>\n\n\n\n<p>Source de financement\u00a0: <\/p>\n\n\n\n<ul class=\"wp-block-list\">\n<li>Suisse<\/li>\n<\/ul>\n\n\n\n<p><\/p>\n","protected":false},"excerpt":{"rendered":"<p>La Fondation Hirondelle a mis en place en 2007-2008 un programme d\u2019appui \u00e0\u00a0Radio Nepal, la radio nationale n\u00e9palaise, pour la couverture de l\u2019\u00e9lection de\u00a0l\u2019Assembl\u00e9e Constituante. Ce scrutin historique marquait\u00a0la fin de la monarchie, \u00e9tape d\u00e9cisive dans la construction de la d\u00e9mocratie et de la paix dans ce pays, apr\u00e8s la guerre civile l\u2019ayant d\u00e9chir\u00e9 de [&hellip;]<\/p>\n","protected":false},"author":9,"featured_media":0,"parent":10518,"menu_order":3,"comment_status":"closed","ping_status":"closed","template":"","meta":{"_acf_changed":false,"footnotes":""},"class_list":["post-10531","page","type-page","status-publish","hentry"],"acf":[],"publishpress_future_action":{"enabled":false,"date":"2026-04-20 20:11:18","action":"change-status","newStatus":"draft","terms":[],"taxonomy":"translation_priority","extraData":[]},"publishpress_future_workflow_manual_trigger":{"enabledWorkflows":[]},"_links":{"self":[{"href":"https:\/\/www.hirondelle.org\/fr\/wp-json\/wp\/v2\/pages\/10531","targetHints":{"allow":["GET"]}}],"collection":[{"href":"https:\/\/www.hirondelle.org\/fr\/wp-json\/wp\/v2\/pages"}],"about":[{"href":"https:\/\/www.hirondelle.org\/fr\/wp-json\/wp\/v2\/types\/page"}],"author":[{"embeddable":true,"href":"https:\/\/www.hirondelle.org\/fr\/wp-json\/wp\/v2\/users\/9"}],"replies":[{"embeddable":true,"href":"https:\/\/www.hirondelle.org\/fr\/wp-json\/wp\/v2\/comments?post=10531"}],"version-history":[{"count":4,"href":"https:\/\/www.hirondelle.org\/fr\/wp-json\/wp\/v2\/pages\/10531\/revisions"}],"predecessor-version":[{"id":10834,"href":"https:\/\/www.hirondelle.org\/fr\/wp-json\/wp\/v2\/pages\/10531\/revisions\/10834"}],"up":[{"embeddable":true,"href":"https:\/\/www.hirondelle.org\/fr\/wp-json\/wp\/v2\/pages\/10518"}],"wp:attachment":[{"href":"https:\/\/www.hirondelle.org\/fr\/wp-json\/wp\/v2\/media?parent=10531"}],"curies":[{"name":"wp","href":"https:\/\/api.w.org\/{rel}","templated":true}]}}