{"id":10549,"date":"2024-09-03T17:22:57","date_gmt":"2024-09-03T15:22:57","guid":{"rendered":"https:\/\/www.hirondelle.org\/?page_id=10549"},"modified":"2024-09-19T01:50:55","modified_gmt":"2024-09-18T23:50:55","slug":"pakistan","status":"publish","type":"page","link":"https:\/\/www.hirondelle.org\/fr\/que-faisons-nous\/operations\/geographiques\/asie\/pakistan","title":{"rendered":"Pakistan"},"content":{"rendered":"\n<figure class=\"wp-block-image size-large\"><img loading=\"lazy\" decoding=\"async\" width=\"1024\" height=\"517\" src=\"https:\/\/www.hirondelle.org\/wp-content\/uploads\/2024\/09\/banner-pakistan-humanitaires-1024x517.jpg\" alt=\"\u00a9DR - Formation documentaire Droits de l'Homme Pakistan 2017\" class=\"wp-image-12095\" srcset=\"https:\/\/www.hirondelle.org\/wp-content\/uploads\/2024\/09\/banner-pakistan-humanitaires-1024x517.jpg 1024w, https:\/\/www.hirondelle.org\/wp-content\/uploads\/2024\/09\/banner-pakistan-humanitaires-300x152.jpg 300w, https:\/\/www.hirondelle.org\/wp-content\/uploads\/2024\/09\/banner-pakistan-humanitaires-768x388.jpg 768w, https:\/\/www.hirondelle.org\/wp-content\/uploads\/2024\/09\/banner-pakistan-humanitaires-1536x776.jpg 1536w, https:\/\/www.hirondelle.org\/wp-content\/uploads\/2024\/09\/banner-pakistan-humanitaires-1000x505.jpg 1000w, https:\/\/www.hirondelle.org\/wp-content\/uploads\/2024\/09\/banner-pakistan-humanitaires.jpg 2000w\" sizes=\"auto, (max-width: 1024px) 100vw, 1024px\" \/><figcaption class=\"wp-element-caption\">\u00a9DR &#8211; Formation documentaire Droits de l&rsquo;Homme Pakistan 2017<\/figcaption><\/figure>\n\n\n\n<p>Entre 2020 et 2023, la Fondation Hirondelle a men\u00e9 diff\u00e9rents programmes pour soutenir son partenaire Tribal News Network (TNN) et des m\u00e9dias de proximit\u00e9 au Pakistan.<\/p>\n\n\n\n<p>Dans le cadre de sa r\u00e9ponse \u00e0 la pand\u00e9mie de COVID-19, la Fondation Hirondelle a soutenu entre 2020 et 2022 le groupe de m\u00e9dias Tribal News Network (TNN) et son r\u00e9seau de six radios partenaires dans le nord-ouest du Pakistan. Cet appui a permis de lutter contre la propagation de rumeurs et de fausses informations en fournissant des informations d\u2019int\u00e9r\u00eat public aux populations.<\/p>\n\n\n\n<p>Ce programme, financ\u00e9 successivement par la Coop\u00e9ration Suisse (DDC) et la Cha\u00eene du Bonheur, une organisation Suisse de financement de l\u2019aide humanitaire, a permis \u00e0 TNN de mettre en place une s\u00e9rie d\u2019activit\u00e9s ambitieuses, dans un contexte fragile et de forte ins\u00e9curit\u00e9. Les activit\u00e9s incluaient du \u00ab mentoring \u00bb et \u00ab coaching \u00bb de jeunes journalistes de TNN par des journalistes s\u00e9niors, la production et la diffusion d\u2019\u00e9missions et d\u2019informations fiables en lien avec la pand\u00e9mie et ses multiples effets, des s\u00e9ances de soutien psychologique aux reporters et correspondant\u00b7e\u00b7s de TNN.<\/p>\n\n\n\n<p>Dur\u00e9e du projet&nbsp;: 2 ans<\/p>\n\n\n\n<p>Sources de financement&nbsp;:<\/p>\n\n\n\n<ul class=\"wp-block-list\">\n<li>Suisse<\/li>\n\n\n\n<li>La Cha\u00eene du Bonheur<br><br><\/li>\n<\/ul>\n\n\n\n<p>De l\u2019\u00e9t\u00e9 2022 \u00e0 avril 2023, la Fondation Hirondelle a renouvel\u00e9 son soutien \u00e0 TNN ainsi qu\u2019\u00e0 30 m\u00e9dias hors ligne et en ligne afin de r\u00e9pondre \u00e0 la crise humanitaire provoqu\u00e9e par des inondations suite \u00e0 une mousson particuli\u00e8rement violente.<\/p>\n\n\n\n<p>Ce programme a re\u00e7u le soutien financier du r\u00e9seau d\u2019organisations humanitaires H2H Network. Il a contribu\u00e9 \u00e0 former 70 journalistes \u00e0 la r\u00e9ponse aux d\u00e9sastres naturels et \u00e0 la crise humanitaire dans plusieurs r\u00e9gions du pays.&nbsp; Il a permis de produire, dans les langues locales, des informations de service et d\u2019int\u00e9r\u00eat public, essentiels aux populations et ainsi de toucher le plus grand nombre de personnes. Une attention particuli\u00e8re a \u00e9t\u00e9 port\u00e9e aux groupes vuln\u00e9rables tels que les personnes d\u00e9plac\u00e9es internes, les femmes et les personnes \u00e2g\u00e9es. Le projet a \u00e9galement favoris\u00e9 la communication ainsi que des collaborations entre les professionnel\u00b7le\u00b7s de l\u2019information, les acteurs humanitaires et les populations touch\u00e9es.<\/p>\n\n\n\n<p>Dur\u00e9e du projet&nbsp;: 1 an<\/p>\n\n\n\n<p>Sources de financement&nbsp;:<\/p>\n\n\n\n<ul class=\"wp-block-list\">\n<li>H2H Network<\/li>\n\n\n\n<li>Suisse<\/li>\n<\/ul>\n\n\n\n<p><\/p>\n","protected":false},"excerpt":{"rendered":"<p>Entre 2020 et 2023, la Fondation Hirondelle a men\u00e9 diff\u00e9rents programmes pour soutenir son partenaire Tribal News Network (TNN) et des m\u00e9dias de proximit\u00e9 au Pakistan. Dans le cadre de sa r\u00e9ponse \u00e0 la pand\u00e9mie de COVID-19, la Fondation Hirondelle a soutenu entre 2020 et 2022 le groupe de m\u00e9dias Tribal News Network (TNN) et [&hellip;]<\/p>\n","protected":false},"author":9,"featured_media":0,"parent":10518,"menu_order":4,"comment_status":"closed","ping_status":"closed","template":"","meta":{"_acf_changed":false,"footnotes":""},"class_list":["post-10549","page","type-page","status-publish","hentry"],"acf":[],"publishpress_future_action":{"enabled":false,"date":"2026-04-20 20:11:21","action":"change-status","newStatus":"draft","terms":[],"taxonomy":"translation_priority","extraData":[]},"publishpress_future_workflow_manual_trigger":{"enabledWorkflows":[]},"_links":{"self":[{"href":"https:\/\/www.hirondelle.org\/fr\/wp-json\/wp\/v2\/pages\/10549","targetHints":{"allow":["GET"]}}],"collection":[{"href":"https:\/\/www.hirondelle.org\/fr\/wp-json\/wp\/v2\/pages"}],"about":[{"href":"https:\/\/www.hirondelle.org\/fr\/wp-json\/wp\/v2\/types\/page"}],"author":[{"embeddable":true,"href":"https:\/\/www.hirondelle.org\/fr\/wp-json\/wp\/v2\/users\/9"}],"replies":[{"embeddable":true,"href":"https:\/\/www.hirondelle.org\/fr\/wp-json\/wp\/v2\/comments?post=10549"}],"version-history":[{"count":7,"href":"https:\/\/www.hirondelle.org\/fr\/wp-json\/wp\/v2\/pages\/10549\/revisions"}],"predecessor-version":[{"id":12099,"href":"https:\/\/www.hirondelle.org\/fr\/wp-json\/wp\/v2\/pages\/10549\/revisions\/12099"}],"up":[{"embeddable":true,"href":"https:\/\/www.hirondelle.org\/fr\/wp-json\/wp\/v2\/pages\/10518"}],"wp:attachment":[{"href":"https:\/\/www.hirondelle.org\/fr\/wp-json\/wp\/v2\/media?parent=10549"}],"curies":[{"name":"wp","href":"https:\/\/api.w.org\/{rel}","templated":true}]}}