{"id":10895,"date":"2024-09-12T15:47:38","date_gmt":"2024-09-12T13:47:38","guid":{"rendered":"https:\/\/www.hirondelle.org\/?page_id=10895"},"modified":"2026-02-06T14:29:19","modified_gmt":"2026-02-06T13:29:19","slug":"gouvernance-et-processus-democratique","status":"publish","type":"page","link":"https:\/\/www.hirondelle.org\/fr\/nos-expertises\/gouvernance-et-processus-democratique","title":{"rendered":"Gouvernance et processus d\u00e9mocratique"},"content":{"rendered":"\n<div class=\"wp-block-columns is-layout-flex wp-container-core-columns-is-layout-9d6595d7 wp-block-columns-is-layout-flex\">\n<div class=\"wp-block-column is-layout-flow wp-block-column-is-layout-flow\" style=\"flex-basis:33.33%\">\n<figure class=\"wp-block-video\"><video height=\"1024\" style=\"aspect-ratio: 576 \/ 1024;\" width=\"576\" controls src=\"https:\/\/www.hirondelle.org\/wp-content\/uploads\/2026\/02\/Elections-2023-SHRDC-1.mp4\"><\/video><\/figure>\n<\/div>\n\n\n\n<div class=\"wp-block-column is-layout-flow wp-block-column-is-layout-flow\" style=\"flex-basis:66.66%\">\n<figure class=\"wp-block-image alignright size-full is-resized\"><img loading=\"lazy\" decoding=\"async\" width=\"5472\" height=\"3648\" src=\"https:\/\/www.hirondelle.org\/wp-content\/uploads\/2024\/09\/Gouvernance-Justin-Makangara-Fondation-Hirondelle.jpg\" alt=\"\u00a9Justin Makangara \/ Fondation Hirondelle - Kinshasa - Hirondelle D\u00e9bat - Studio Hirondelle RDC\" class=\"wp-image-11837\" style=\"width:398px;height:auto\"\/><figcaption class=\"wp-element-caption\">\u00a9Justin Makangara \/ Fondation Hirondelle &#8211; Kinshasa &#8211; Hirondelle D\u00e9bat &#8211; Studio Hirondelle RDC<\/figcaption><\/figure>\n\n\n\n<p>La Fondation Hirondelle a d\u00e9velopp\u00e9 une approche rigoureuse et efficace de la couverture de processus \u00e9lectoraux, fond\u00e9e sur plus de 30 ans d\u2019exp\u00e9rience m\u00e9diatique en contextes fragiles. Nous&nbsp;produisons et diffusons des programmes d\u00e9di\u00e9s&nbsp;sur diff\u00e9rents m\u00e9dias pour toucher le plus large public : journal des \u00e9lections, spots d\u2019\u00e9ducation civique, magazines pr\u00e9sentant les programmes et candidats, d\u00e9bats donnant la parole aux partis, \u00e0 la soci\u00e9t\u00e9 civile et \u00e0 la population, dialogues interactifs sur les r\u00e9seaux sociaux.<\/p>\n\n\n\n<p>Notre couverture m\u00e9diatique est encadr\u00e9e par&nbsp;une <strong><a href=\"\/wp-content\/uploads\/2024\/09\/Fondation-Hirondelle-Briefing-paper-elections-2019.pdf\" target=\"_blank\" rel=\"noreferrer noopener\">charte \u00e9lectorale<\/a><\/strong> que nous \u00e9laborons pour les journalistes et m\u00e9dias avec qui nous travaillons. Ce document est partag\u00e9 avec les partis politiques, institutions et organisations de la soci\u00e9t\u00e9 civile impliqu\u00e9s dans le processus \u00e9lectoral. Il doit permettre&nbsp;une couverture ind\u00e9pendante, professionnelle et \u00e9quitable&nbsp;des \u00e9lections.<\/p>\n\n\n\n<p>La d\u00e9mocratie va bien au-del\u00e0 des \u00e9lections. Elles sont certes un test pour la d\u00e9mocratie, mais les \u00e9changes d\u2019id\u00e9es et d\u2019opinions qui sont mis en exergue \u00e0 ce moment-l\u00e0 se forment tout au long des mandats politiques. Nous cherchons donc \u00e0 fournir dans nos m\u00e9dias une information fiable et diversifi\u00e9e aux populations pour leur permettre d&rsquo;agir dans leur vie quotidienne et citoyenne. Les contenus sont produits de mani\u00e8re inclusive, afin de repr\u00e9senter la soci\u00e9t\u00e9 dans son ensemble.<\/p>\n\n\n\n<p>Cette couverture m\u00e9diatique est r\u00e9alis\u00e9e par des journalistes locaux que nous formons et encadrons en fonction des besoins. Les programmes sont diffus\u00e9s par les m\u00e9dias partenaires, et\/ou par notre m\u00e9dia existant sur le terrain lorsque c\u2019est le cas.<\/p>\n<\/div>\n<\/div>\n\n\n\n<figure class=\"wp-block-pullquote\"><blockquote><p><em>En p\u00e9riode \u00e9lectorale, les journalistes, plus expos\u00e9s, doivent redoubler de vigilance pour pr\u00e9senter une information exacte, compl\u00e8te et \u00e9quilibr\u00e9e. <\/em><br><em>Nous cherchons \u00e0 d\u00e9m\u00ealer le vrai du faux, favoriser la participation des populations locales au d\u00e9bat public, et cr\u00e9er des espaces de dialogue<\/em>.<\/p><\/blockquote><\/figure>\n\n\n\n<h3 class=\"wp-block-heading\"><br>Exemples d\u2019op\u00e9rations m\u00e9diatiques<\/h3>\n\n\n\n<div class=\"wp-block-media-text is-stacked-on-mobile\" style=\"grid-template-columns:27% auto\"><figure class=\"wp-block-media-text__media\"><img loading=\"lazy\" decoding=\"async\" width=\"1024\" height=\"683\" src=\"https:\/\/www.hirondelle.org\/wp-content\/uploads\/2025\/09\/COTEIVOIRE_8X5A8642-1024x683.jpg\" alt=\"\" class=\"wp-image-20615 size-full\" srcset=\"https:\/\/www.hirondelle.org\/wp-content\/uploads\/2025\/09\/COTEIVOIRE_8X5A8642-1024x683.jpg 1024w, https:\/\/www.hirondelle.org\/wp-content\/uploads\/2025\/09\/COTEIVOIRE_8X5A8642-300x200.jpg 300w, https:\/\/www.hirondelle.org\/wp-content\/uploads\/2025\/09\/COTEIVOIRE_8X5A8642-768x512.jpg 768w, https:\/\/www.hirondelle.org\/wp-content\/uploads\/2025\/09\/COTEIVOIRE_8X5A8642-1536x1024.jpg 1536w, https:\/\/www.hirondelle.org\/wp-content\/uploads\/2025\/09\/COTEIVOIRE_8X5A8642-2048x1365.jpg 2048w, https:\/\/www.hirondelle.org\/wp-content\/uploads\/2025\/09\/COTEIVOIRE_8X5A8642-1000x667.jpg 1000w\" sizes=\"auto, (max-width: 1024px) 100vw, 1024px\" \/><\/figure><div class=\"wp-block-media-text__content\">\n<h4 class=\"wp-block-heading\">Task Force pour l\u2019int\u00e9grit\u00e9 des \u00e9lections (EITF)<\/h4>\n\n\n\n<p>La Task Force pour l\u2019int\u00e9grit\u00e9 des \u00e9lections (Election Integrity Task Force \u2013 EITF) est un consortium international d\u00e9di\u00e9 \u00e0 la pr\u00e9servation de l\u2019int\u00e9grit\u00e9 de l\u2019information lors des processus \u00e9lectoraux. Financ\u00e9 par le gouvernement du Canada, le consortium r\u00e9unit trois organisations: Global Media Registry (GMR) le chef de file, l\u2019International Foundation for Electoral Systems (IFES) et la Fondation Hirondelle. L\u2019EITF est un dispositif de r\u00e9action rapide visant \u00e0 renforcer la r\u00e9silience des \u00e9lecteur.trice.s, acteur.rice.s locaux de la soci\u00e9t\u00e9 civile, m\u00e9dias et institutions publiques impliqu\u00e9s dans l\u2019organisation et la couverture m\u00e9diatique des \u00e9lections, l\u00e0 o\u00f9 les processus \u00e9lectoraux sont les plus vuln\u00e9rables aux perturbations li\u00e9es aux manipulations de l\u2019information. De septembre 2025 au printemps 2026, l\u2019EITF d\u00e9ploie ses activit\u00e9s dans trois pays : en C\u00f4te d&rsquo;Ivoire dans le cadre de l&rsquo;\u00e9lection pr\u00e9sidentielle d&rsquo;octobre 2025, au Bangladesh dan le cadre des \u00e9lections parlementaires de f\u00e9vrier 2026 et au P\u00e9rou pour les \u00e9lections g\u00e9n\u00e9rales en avril 2026.<\/p>\n\n\n\n<p><a href=\"https:\/\/www.hirondelle.org\/fr\/qui-sommes-nous\/partenaires-et-reseaux\">Voir le projet<\/a><\/p>\n<\/div><\/div>\n\n\n\n<div class=\"wp-block-group has-global-padding is-layout-constrained wp-block-group-is-layout-constrained\">\n<figure class=\"wp-block-image alignright size-full is-resized\"><img loading=\"lazy\" decoding=\"async\" width=\"919\" height=\"659\" src=\"https:\/\/www.hirondelle.org\/wp-content\/uploads\/2024\/09\/box-rdc.jpg\" alt=\"\" class=\"wp-image-10962\" style=\"width:357px;height:auto\" srcset=\"https:\/\/www.hirondelle.org\/wp-content\/uploads\/2024\/09\/box-rdc.jpg 919w, https:\/\/www.hirondelle.org\/wp-content\/uploads\/2024\/09\/box-rdc-300x215.jpg 300w, https:\/\/www.hirondelle.org\/wp-content\/uploads\/2024\/09\/box-rdc-768x551.jpg 768w\" sizes=\"auto, (max-width: 919px) 100vw, 919px\" \/><\/figure>\n\n\n\n<h4 class=\"wp-block-heading\">R\u00e9publique D\u00e9mocratique du Congo&nbsp;<\/h4>\n\n\n\n<p>Studio Hirondelle-RDC traite les enjeux post processus d\u00e9mocratique et \u00e9lectoral \u00e0 travers des d\u00e9bats et tables rondes donnant la parole aux repr\u00e9sentants locaux, \u00e0 la soci\u00e9t\u00e9 civile et \u00e0 la population. Depuis 2023, le studio propose \u00e9galement des formats num\u00e9riques sur Tik Tok et Instagram pour toucher un jeune public. Des programmes d\u2019\u00e9ducation aux m\u00e9dias sont produits afin de soutenir le public dans sa consommation critique des diff\u00e9rentes sources d\u2019information. La r\u00e9daction propose \u00e9galement des contenus de fact-checking permettant de d\u00e9crypter les fausses informations en lien avec les politiques publiques et la gouvernance du pays.<\/p>\n\n\n\n<p><a href=\"\/fr\/que-faisons-nous\/operations\/geographiques\/afrique\/republique-democratique-du-congo\">Voir le projet<\/a><\/p>\n<\/div>\n\n\n\n<div class=\"wp-block-group has-global-padding is-layout-constrained wp-block-group-is-layout-constrained\">\n<figure class=\"wp-block-image alignleft size-full is-resized\"><img loading=\"lazy\" decoding=\"async\" width=\"919\" height=\"659\" src=\"https:\/\/www.hirondelle.org\/wp-content\/uploads\/2024\/09\/box-tunisie.jpg\" alt=\"\" class=\"wp-image-10965\" style=\"aspect-ratio:1.3945997157745145;width:385px;height:auto\" srcset=\"https:\/\/www.hirondelle.org\/wp-content\/uploads\/2024\/09\/box-tunisie.jpg 919w, https:\/\/www.hirondelle.org\/wp-content\/uploads\/2024\/09\/box-tunisie-300x215.jpg 300w, https:\/\/www.hirondelle.org\/wp-content\/uploads\/2024\/09\/box-tunisie-768x551.jpg 768w\" sizes=\"auto, (max-width: 919px) 100vw, 919px\" \/><\/figure>\n\n\n\n<h4 class=\"wp-block-heading\">Tunisie<\/h4>\n\n\n\n<p>Depuis 2020, la Fondation Hirondelle met en \u0153uvre le volet m\u00e9dias du programme PACT (Participation Active des Citoyennes et Citoyens Tunisiens), en consortium avec l\u2019organisation danoise NIRAS. Ce projet vise \u00e0 agrandir l\u2019espace civique et \u00e0 favoriser le dialogue entre gouvernants et particuliers, notamment les plus vuln\u00e9rables, pour une r\u00e9elle co-construction de l\u2019action publique dans la r\u00e9gion des hautes steppes. La Fondation Hirondelle \u00e9tait d\u00e9j\u00e0 pr\u00e9sente dans le pays en 2011 pour accompagner les journalistes de la Radio publique tunisienne dans la couverture du processus \u00e9lectoral et d\u00e9mocratique apr\u00e8s le changement de r\u00e9gime.<br><br><a href=\"\/fr\/que-faisons-nous\/operations\/geographiques\/afrique-du-nord-et-moyen-orient\/tunisie\">Voir le projet<\/a><br><br><br><\/p>\n<\/div>\n\n\n\n<h3 class=\"wp-block-heading\">Documents de r\u00e9f\u00e9rence<\/h3>\n\n\n\n<p>Retrouvez notre M\u00e9diation du 11 juillet 2023 : <a href=\"\/fr\/newsletter\/1979-journalisme-et-democratie-mediation-n-11-juillet-2023\" target=\"_blank\" rel=\"noreferrer noopener\">\u00ab\u00a0Journalisme et d\u00e9mocratie\u00a0\u00bb<\/a><\/p>\n\n\n\n<p><br><br><\/p>\n\n\n\n<div class=\"wp-block-group p-3 backgroundedBlock--gray h-100 has-global-padding is-layout-constrained wp-block-group-is-layout-constrained\">\n<h4 class=\"wp-block-heading has-text-align-center\">D\u00e9couvrez nos recherches sur ces th\u00e9matiques <a href=\"\/fr\/que-faisons-nous\/partage-des-savoirs\/recherche-et-apprentissage#openDetail=gouvernanceEtProcessusDemocratique\" target=\"_blank\" rel=\"noreferrer noopener\"><span style=\"text-decoration: underline;\">en cliquant ici<\/span><\/a><\/h4>\n<\/div>\n\n\n\n<h3 class=\"wp-block-heading\"><br>Articles associ\u00e9s<\/h3>\n\n\n<div data-truc=\"list69dd06b31f109\" class=\"\"><div class=\"row list\"><div class=\"col-md-3 post d-flex align-items-stretch\"><article id=\"post-22175\" class=\"articleList-item post-22175  post\">\r\n\t<a class=\"post-thumb\" href=\"https:\/\/www.hirondelle.org\/fr\/un-reportage-de-france-24-consacre-a-radio-ndeke-luka-en-rca\" title=\"Un reportage de France 24 consacr\u00e9 \u00e0 Radio Ndeke Luka en RCA\">\r\n\t\t<img loading=\"lazy\" decoding=\"async\" width=\"265\" height=\"250\" src=\"https:\/\/www.hirondelle.org\/wp-content\/uploads\/2026\/01\/France24-2-e1767798860117.png\" class=\"d-block w-100 h-auto wp-post-image\" alt=\"\" \/>\t<\/a>\r\n\t\t<a class=\"post-title\" href=\"https:\/\/www.hirondelle.org\/fr\/un-reportage-de-france-24-consacre-a-radio-ndeke-luka-en-rca\" title=\"Un reportage de France 24 consacr\u00e9 \u00e0 Radio Ndeke Luka en RCA\" rel=\"bookmark\">\r\n\t\tUn reportage de France 24 consacr\u00e9 \u00e0 Radio Ndeke Luka en RCA\t<\/a>\r\n\t<\/article><\/div><div class=\"col-md-3 post d-flex align-items-stretch\"><article id=\"post-11404\" class=\"articleList-item post-11404  post\">\r\n\t<a class=\"post-thumb\" href=\"https:\/\/www.hirondelle.org\/fr\/rapport-annuel-2023-2\" title=\"Rapport annuel 2023\">\r\n\t\t<img loading=\"lazy\" decoding=\"async\" width=\"500\" height=\"250\" src=\"https:\/\/www.hirondelle.org\/wp-content\/uploads\/from-joomla\/42433d914d50be2debde725181e28d45-500x250.jpg\" class=\"d-block w-100 h-auto wp-post-image\" alt=\"\" \/>\t<\/a>\r\n\t\t<a class=\"post-title\" href=\"https:\/\/www.hirondelle.org\/fr\/rapport-annuel-2023-2\" title=\"Rapport annuel 2023\" rel=\"bookmark\">\r\n\t\tRapport annuel 2023\t<\/a>\r\n\t<\/article><\/div><div class=\"col-md-3 post d-flex align-items-stretch\"><article id=\"post-2022\" class=\"articleList-item post-2022  post\">\r\n\t<a class=\"post-thumb\" href=\"https:\/\/www.hirondelle.org\/fr\/le-studio-hirondelle-rdc-relance-ses-activites\" title=\"Le Studio Hirondelle RDC relance ses activit\u00e9s\">\r\n\t\t<img loading=\"lazy\" decoding=\"async\" width=\"500\" height=\"250\" src=\"https:\/\/www.hirondelle.org\/wp-content\/uploads\/from-joomla\/5911c3f930ad658df2dbb7ffa08fc8b0-500x250.jpg\" class=\"d-block w-100 h-auto wp-post-image\" alt=\"\" \/>\t<\/a>\r\n\t\t<a class=\"post-title\" href=\"https:\/\/www.hirondelle.org\/fr\/le-studio-hirondelle-rdc-relance-ses-activites\" title=\"Le Studio Hirondelle RDC relance ses activit\u00e9s\" rel=\"bookmark\">\r\n\t\tLe Studio Hirondelle RDC relance ses activit\u00e9s\t<\/a>\r\n\t<\/article><\/div><div class=\"col-md-3 post d-flex align-items-stretch\"><article id=\"post-1979\" class=\"articleList-item post-1979  post\">\r\n\t<a class=\"post-thumb\" href=\"https:\/\/www.hirondelle.org\/fr\/journalisme-et-democratie-mediation-n-11-juillet-2023\" title=\"Journalisme et d\u00e9mocratie &#8211; MEDIATION N\u00b011, JUILLET 2023\">\r\n\t\t<img loading=\"lazy\" decoding=\"async\" width=\"500\" height=\"250\" src=\"https:\/\/www.hirondelle.org\/wp-content\/uploads\/from-joomla\/f92ea1f3092fc72b1ccf6a46eaa1d54e-500x250.jpg\" class=\"d-block w-100 h-auto wp-post-image\" alt=\"\" \/>\t<\/a>\r\n\t\t<a class=\"post-title\" href=\"https:\/\/www.hirondelle.org\/fr\/journalisme-et-democratie-mediation-n-11-juillet-2023\" title=\"Journalisme et d\u00e9mocratie &#8211; MEDIATION N\u00b011, JUILLET 2023\" rel=\"bookmark\">\r\n\t\tJournalisme et d\u00e9mocratie &#8211; MEDIATION N\u00b011, JUILLET 2023\t<\/a>\r\n\t<\/article><\/div><\/div><\/div>\t<div class=\"text-center\">\r\n\t\t<a class=\"btn btn-fh-green\" href=\"https:\/\/www.hirondelle.org\/fr\/tag\/expertise-gouvernance-et-processus-democratique\">Voir plus d&rsquo;articles<\/a>\r\n\t<\/div>\r\n\t","protected":false},"excerpt":{"rendered":"<p>La Fondation Hirondelle a d\u00e9velopp\u00e9 une approche rigoureuse et efficace de la couverture de processus \u00e9lectoraux, fond\u00e9e sur plus de 30 ans d\u2019exp\u00e9rience m\u00e9diatique en contextes fragiles. Nous&nbsp;produisons et diffusons des programmes d\u00e9di\u00e9s&nbsp;sur diff\u00e9rents m\u00e9dias pour toucher le plus large public : journal des \u00e9lections, spots d\u2019\u00e9ducation civique, magazines pr\u00e9sentant les programmes et candidats, d\u00e9bats [&hellip;]<\/p>\n","protected":false},"author":9,"featured_media":0,"parent":276,"menu_order":6,"comment_status":"closed","ping_status":"closed","template":"page-without-column.php","meta":{"_acf_changed":false,"footnotes":""},"class_list":["post-10895","page","type-page","status-publish","hentry"],"acf":[],"publishpress_future_action":{"enabled":false,"date":"2026-04-20 17:07:31","action":"change-status","newStatus":"draft","terms":[],"taxonomy":"translation_priority","extraData":[]},"publishpress_future_workflow_manual_trigger":{"enabledWorkflows":[]},"_links":{"self":[{"href":"https:\/\/www.hirondelle.org\/fr\/wp-json\/wp\/v2\/pages\/10895","targetHints":{"allow":["GET"]}}],"collection":[{"href":"https:\/\/www.hirondelle.org\/fr\/wp-json\/wp\/v2\/pages"}],"about":[{"href":"https:\/\/www.hirondelle.org\/fr\/wp-json\/wp\/v2\/types\/page"}],"author":[{"embeddable":true,"href":"https:\/\/www.hirondelle.org\/fr\/wp-json\/wp\/v2\/users\/9"}],"replies":[{"embeddable":true,"href":"https:\/\/www.hirondelle.org\/fr\/wp-json\/wp\/v2\/comments?post=10895"}],"version-history":[{"count":43,"href":"https:\/\/www.hirondelle.org\/fr\/wp-json\/wp\/v2\/pages\/10895\/revisions"}],"predecessor-version":[{"id":22689,"href":"https:\/\/www.hirondelle.org\/fr\/wp-json\/wp\/v2\/pages\/10895\/revisions\/22689"}],"up":[{"embeddable":true,"href":"https:\/\/www.hirondelle.org\/fr\/wp-json\/wp\/v2\/pages\/276"}],"wp:attachment":[{"href":"https:\/\/www.hirondelle.org\/fr\/wp-json\/wp\/v2\/media?parent=10895"}],"curies":[{"name":"wp","href":"https:\/\/api.w.org\/{rel}","templated":true}]}}