{"id":10970,"date":"2024-09-12T17:44:49","date_gmt":"2024-09-12T15:44:49","guid":{"rendered":"https:\/\/www.hirondelle.org\/?page_id=10970"},"modified":"2026-01-07T14:40:13","modified_gmt":"2026-01-07T13:40:13","slug":"crise-humanitaire","status":"publish","type":"page","link":"https:\/\/www.hirondelle.org\/fr\/nos-expertises\/crise-humanitaire","title":{"rendered":"Crise humanitaire"},"content":{"rendered":"\n<div class=\"wp-block-columns is-layout-flex wp-container-core-columns-is-layout-9d6595d7 wp-block-columns-is-layout-flex\">\n<div class=\"wp-block-column is-layout-flow wp-block-column-is-layout-flow\" style=\"flex-basis:33.33%\">\n<figure class=\"wp-block-pullquote\"><blockquote><p><em>Dans les contextes de crises humanitaires, l\u2019information est en soi un bien de premi\u00e8re n\u00e9cessit\u00e9. <\/em><br><br><em>Des m\u00e9dias professionnels traitent des incidents de s\u00e9curit\u00e9 majeurs et fournissent un travail de fact checking pour d\u00e9samorcer les rumeurs. <\/em><br><\/p><\/blockquote><\/figure>\n<\/div>\n\n\n\n<div class=\"wp-block-column is-layout-flow wp-block-column-is-layout-flow\" style=\"flex-basis:66.66%\">\n<figure class=\"wp-block-image alignright size-large is-resized\"><img loading=\"lazy\" decoding=\"async\" width=\"1024\" height=\"858\" src=\"https:\/\/www.hirondelle.org\/wp-content\/uploads\/2024\/09\/banner-crise-humanitaire-1024x858.jpg\" alt=\"\u00a9Florent Vergnes - Des journalistes de Nadiya TV interviewent une b\u00e9n\u00e9ficiaire de l'aide alimentaire, \u00e0 Pervoma\u00efskyi\" class=\"wp-image-11830\" style=\"width:402px;height:auto\" srcset=\"https:\/\/www.hirondelle.org\/wp-content\/uploads\/2024\/09\/banner-crise-humanitaire-1024x858.jpg 1024w, https:\/\/www.hirondelle.org\/wp-content\/uploads\/2024\/09\/banner-crise-humanitaire-300x252.jpg 300w, https:\/\/www.hirondelle.org\/wp-content\/uploads\/2024\/09\/banner-crise-humanitaire-768x644.jpg 768w, https:\/\/www.hirondelle.org\/wp-content\/uploads\/2024\/09\/banner-crise-humanitaire-1536x1288.jpg 1536w, https:\/\/www.hirondelle.org\/wp-content\/uploads\/2024\/09\/banner-crise-humanitaire-1000x838.jpg 1000w, https:\/\/www.hirondelle.org\/wp-content\/uploads\/2024\/09\/banner-crise-humanitaire.jpg 1590w\" sizes=\"auto, (max-width: 1024px) 100vw, 1024px\" \/><figcaption class=\"wp-element-caption\">\u00a9Florent Vergnes &#8211; Des journalistes de Nadiya TV interviewent une b\u00e9n\u00e9ficiaire de l&rsquo;aide alimentaire, \u00e0 Pervoma\u00efskyi<\/figcaption><\/figure>\n\n\n\n<p>La Fondation Hirondelle a plus de 30 ans d\u2019exp\u00e9rience m\u00e9diatique dans des contextes de crises humanitaires tels qu\u2019actuellement la R\u00e9publique d\u00e9mocratique du Congo, la Centrafrique, le Mali, l\u2019Ukraine et par le pass\u00e9, le Soudan du Sud, le Lib\u00e9ria, le Kosovo, par exemple. Nous \u00e9valuons les paysages m\u00e9diatiques et les besoins en informations des populations locales pour apporter rapidement, selon les \u00e9volutions de la crise, une aide pertinente et efficiente. En fonction de ces \u00e9valuations, nous apportons un soutien aux m\u00e9dias d\u2019int\u00e9r\u00eat g\u00e9n\u00e9ral du pays, ou alternativement cr\u00e9ons de nouveaux m\u00e9dias. Nos actions en situation humanitaire s\u2019inscrivent dans le triple nexus \u00ab&nbsp;humanitaire-d\u00e9veloppement-consolidation de la paix&nbsp;\u00bb.<\/p>\n\n\n\n<p>La Fondation Hirondelle peut d\u00e9ployer des capacit\u00e9s multim\u00e9dias d\u2019un niveau local \u00e0 un niveau global, ceci \u00e0 travers le soutien ou la cr\u00e9ation de radios, de studios de production en liens avec nos r\u00e9seaux de radios ou de TV partenaires, de site web d\u00e9di\u00e9s et la gestion de r\u00e9seaux sociaux associ\u00e9s.<\/p>\n\n\n\n<p>Dans les contextes de crises humanitaires, l\u2019activit\u00e9 de la Fondation Hirondelle s\u2019articule autour de deux axes :<\/p>\n\n\n\n<ol start=\"1\" class=\"wp-block-list\">\n<li>Les m\u00e9dias comme r\u00e9ponse aux besoins&nbsp;d&rsquo;informations de service&nbsp;:<br><br>Nous pratiquons un journalisme de proximit\u00e9. Nous produisons et diffusons aupr\u00e8s des populations affect\u00e9es et dans les langues locales des&nbsp;messages&nbsp;de service sur des th\u00e9matiques telles que l\u2019alimentation, la&nbsp;sant\u00e9, les&nbsp;d\u00e9placements&nbsp;de populations, la&nbsp;s\u00e9curit\u00e9, le&nbsp;droit humanitaire&nbsp;ou les&nbsp;droits humains.<br><\/li>\n<\/ol>\n\n\n\n<ol start=\"2\" class=\"wp-block-list\">\n<li>Les m\u00e9dias comme r\u00e9ponse aux besoins de dialogue et d\u2019expression&nbsp;:<br><br>Des programmes m\u00e9diatiques interactifs, de dialogue et donnant la&nbsp;parole aux populations affect\u00e9es&nbsp;leur permettent de mettre des mots sur leur d\u00e9tresse et leurs besoins. Ils contribuent ainsi \u00e0 r\u00e9pondre \u00e0 une d\u00e9tresse psychologique et \u00e0 r\u00e9duire la souffrance. Ils favorisent \u00e9galement le flux d\u2019information \u00ab bottom-up \u00bb en donnant la parole aux personnes concern\u00e9es sur la fa\u00e7on dont l\u2019aide humanitaire est apport\u00e9e. Ils renforcent ainsi leur&nbsp;participation.<\/li>\n<\/ol>\n<\/div>\n<\/div>\n\n\n\n<h3 class=\"wp-block-heading\">Exemples d\u2019op\u00e9rations m\u00e9diatiques<br><\/h3>\n\n\n\n<div class=\"wp-block-group has-global-padding is-layout-constrained wp-block-group-is-layout-constrained\">\n<h4 class=\"wp-block-heading\"><strong>Ukraine<\/strong><\/h4>\n\n\n\n<figure class=\"wp-block-image alignright size-full is-resized\"><img loading=\"lazy\" decoding=\"async\" width=\"919\" height=\"659\" src=\"https:\/\/www.hirondelle.org\/wp-content\/uploads\/2024\/09\/box-ukraine.jpg\" alt=\"\" class=\"wp-image-10993\" style=\"width:357px;height:auto\" srcset=\"https:\/\/www.hirondelle.org\/wp-content\/uploads\/2024\/09\/box-ukraine.jpg 919w, https:\/\/www.hirondelle.org\/wp-content\/uploads\/2024\/09\/box-ukraine-300x215.jpg 300w, https:\/\/www.hirondelle.org\/wp-content\/uploads\/2024\/09\/box-ukraine-768x551.jpg 768w\" sizes=\"auto, (max-width: 919px) 100vw, 919px\" \/><\/figure>\n\n\n\n<p>Depuis mars 2022, la Fondation Hirondelle, avec son partenaire local l\u2019Institute for Regional Press and Information (IRMI), met en \u0153uvre un projet pluridimensionnel visant \u00e0 appuyer les m\u00e9dias ukrainiens. L\u2019objectif est de fournir \u00e0 la population des territoires occup\u00e9s et aux personnes d\u00e9plac\u00e9\u00b7e\u00b7s internes (Est et Sud-Est) un acc\u00e8s \u00e0 des informations fiables sur des sujets d\u2019int\u00e9r\u00eat public, humanitaires et sociaux, ainsi que des contenus ax\u00e9s sur la justice concernant les crimes de guerre. Il s\u2019agit \u00e9galement de maintenir la couverture journalistique des violations du droit humanitaire international. Celle-ci s\u2019axe sur le traitement par des journalistes ukrainien\u00b7ne\u00b7s de la justice de guerre, en particulier concernant les crimes les plus graves.<\/p>\n\n\n\n<p><a href=\"\/fr\/que-faisons-nous\/operations\/geographiques\/europe\/ukraine\">Voir le projet<\/a><\/p>\n<\/div>\n\n\n\n<div class=\"wp-block-group has-global-padding is-layout-constrained wp-block-group-is-layout-constrained\">\n<figure class=\"wp-block-image alignleft size-full is-resized\"><img loading=\"lazy\" decoding=\"async\" width=\"1200\" height=\"861\" src=\"https:\/\/www.hirondelle.org\/wp-content\/uploads\/2024\/09\/box-mali-2.jpg\" alt=\"\" class=\"wp-image-10729\" style=\"width:368px;height:auto\" srcset=\"https:\/\/www.hirondelle.org\/wp-content\/uploads\/2024\/09\/box-mali-2.jpg 1200w, https:\/\/www.hirondelle.org\/wp-content\/uploads\/2024\/09\/box-mali-2-300x215.jpg 300w, https:\/\/www.hirondelle.org\/wp-content\/uploads\/2024\/09\/box-mali-2-1024x735.jpg 1024w, https:\/\/www.hirondelle.org\/wp-content\/uploads\/2024\/09\/box-mali-2-768x551.jpg 768w, https:\/\/www.hirondelle.org\/wp-content\/uploads\/2024\/09\/box-mali-2-1000x718.jpg 1000w\" sizes=\"auto, (max-width: 1200px) 100vw, 1200px\" \/><\/figure>\n\n\n\n<h4 class=\"wp-block-heading\">Mali<\/h4>\n\n\n\n<p>En 2024, environ 7,1 millions de personnes (un Malien sur trois) ont besoin d\u2019aide humanitaire et de protection. Dans ce contexte difficile, la d\u00e9sinformation et la m\u00e9sinformation sont tr\u00e8s pr\u00e9sentes. Studio Tamani est aujourd\u2019hui le seul m\u00e9dia ind\u00e9pendant disposant d\u2019une couverture g\u00e9ographique nationale. Studio Tamani dispose d\u2019un r\u00e9seau de 85 radios et 3 t\u00e9l\u00e9visions partenaires et est largement suivi sur les r\u00e9seaux sociaux et le site web. Depuis 2023, Studio Tamani diffuse deux fois par semaine un magazine humanitaire d\u2019une demi-heure en fran\u00e7ais et bambara.<br><br><a href=\"\/fr\/que-faisons-nous\/operations\/geographiques\/afrique\/mali\">Voir le projet<\/a><br><br><br><\/p>\n<\/div>\n\n\n\n<div class=\"wp-block-group has-global-padding is-layout-constrained wp-block-group-is-layout-constrained\">\n<h4 class=\"wp-block-heading\"><br>R\u00e9publique Centrafricaine<\/h4>\n\n\n\n<figure class=\"wp-block-image alignright size-full is-resized\"><img loading=\"lazy\" decoding=\"async\" width=\"919\" height=\"659\" src=\"https:\/\/www.hirondelle.org\/wp-content\/uploads\/2024\/09\/box-rca-2.jpg\" alt=\"\" class=\"wp-image-10732\" style=\"width:355px;height:auto\" srcset=\"https:\/\/www.hirondelle.org\/wp-content\/uploads\/2024\/09\/box-rca-2.jpg 919w, https:\/\/www.hirondelle.org\/wp-content\/uploads\/2024\/09\/box-rca-2-300x215.jpg 300w, https:\/\/www.hirondelle.org\/wp-content\/uploads\/2024\/09\/box-rca-2-768x551.jpg 768w\" sizes=\"auto, (max-width: 919px) 100vw, 919px\" \/><\/figure>\n\n\n\n<p>Radio Ndeke Luka, cr\u00e9\u00e9e en 2000 par la Fondation Hirondelle, est le m\u00e9dia le plus \u00e9cout\u00e9 en R\u00e9publique centrafricaine. Avec une \u00e9quipe d\u2019une centaine de collaborateur\u00b7rice\u00b7s, elle produit et diffuse une vari\u00e9t\u00e9 de contenus incluant 13 rendez-vous d\u2019information quotidiens, des d\u00e9bats, des \u00e9missions \u00e9ducatives, de divertissement, de la musique et des magazines. Depuis pr\u00e8s de 25 ans, Radio Ndeke Luka s\u2019est construite comme une institution de service au public. Par sa couverture et son professionnalisme, elle permet de r\u00e9pondre rapidement aux diff\u00e9rentes crises humanitaires.<\/p>\n\n\n\n<p><a href=\"\/fr\/que-faisons-nous\/operations\/geographiques\/afrique\/republique-centrafricaine\">Voir le projet<\/a><br><br><\/p>\n<\/div>\n\n\n\n<figure class=\"wp-block-image alignleft size-full is-resized\"><img loading=\"lazy\" decoding=\"async\" width=\"2560\" height=\"1707\" src=\"https:\/\/www.hirondelle.org\/wp-content\/uploads\/2025\/05\/20201122_155153_00351-scaled.jpg\" alt=\"\" class=\"wp-image-18775\" style=\"width:368px;height:auto\" srcset=\"https:\/\/www.hirondelle.org\/wp-content\/uploads\/2025\/05\/20201122_155153_00351-scaled.jpg 2560w, https:\/\/www.hirondelle.org\/wp-content\/uploads\/2025\/05\/20201122_155153_00351-300x200.jpg 300w, https:\/\/www.hirondelle.org\/wp-content\/uploads\/2025\/05\/20201122_155153_00351-768x512.jpg 768w, https:\/\/www.hirondelle.org\/wp-content\/uploads\/2025\/05\/20201122_155153_00351-1536x1024.jpg 1536w, https:\/\/www.hirondelle.org\/wp-content\/uploads\/2025\/05\/20201122_155153_00351-2048x1366.jpg 2048w\" sizes=\"auto, (max-width: 2560px) 100vw, 2560px\" \/><\/figure>\n\n\n\n<h4 class=\"wp-block-heading\">Burkina Faso<\/h4>\n\n\n\n<p>En 2023, le gouvernement burkinab\u00e8 de transition a renforc\u00e9 le budget de la d\u00e9fense pour amplifier la lutte contre la menace des groupes arm\u00e9s. La situation \u00e9conomique s\u2019est aggrav\u00e9e avec un taux d\u2019inflation de 14,1 %, le plus \u00e9lev\u00e9 de l\u2019Afrique de l\u2019Ouest. Le pays est tomb\u00e9 \u00e0 la 58e place du classement Reporters Sans Fronti\u00e8res de la libert\u00e9 de la presse. Dans ce contexte, Studio Yafa veut \u00eatre au c\u0153ur du quotidien de son public cible&nbsp;: les jeunes, les femmes et les personnes vuln\u00e9rables. <br><br><a href=\"https:\/\/www.hirondelle.org\/fr\/que-faisons-nous\/operations\/geographiques\/afrique\/burkina-faso\">Voir le projet<\/a><br><br><br><\/p>\n\n\n\n<h3 class=\"wp-block-heading\">Documents de r\u00e9f\u00e9rence<\/h3>\n\n\n\n<p>La Fondation Hirondelle \u00e9change r\u00e9guli\u00e8rement avec ses partenaires sur le r\u00f4le que peuvent jouer les m\u00e9dias dans les crises humanitaires. Elle a con\u00e7u pour le CICR le <a href=\"\/fr\/guides\/591-notre-guide-de-communication-radio-en-contexte-humanitaire-avec-le-cicr\" target=\"_blank\" rel=\"noreferrer noopener\">guide \u00ab&nbsp;la radio comme outil de communication en contexte humanitaire&nbsp;\u00bb<\/a> et produit un <a href=\"\/fr\/nos-expertises\/crise-humanitaire\" target=\"_blank\" rel=\"noreferrer noopener\">document de r\u00e9f\u00e9rence \u00ab&nbsp;Crises humanitaires&nbsp;: comment les m\u00e9dias peuvent aider&nbsp;\u00bb<\/a><\/p>\n\n\n\n<p>Retrouvez notre M\u00e9diation de juin 2020 : <a href=\"\/fr\/newsletter\/1182-mediation-5\" target=\"_blank\" rel=\"noreferrer noopener\">\u00ab\u00a0Le r\u00f4le vital du journalisme en temps de crise\u00a0\u00bb<\/a><\/p>\n\n\n\n<p>Le 8 octobre 2025, la Fondation Hirondelle et VOICE ont organis\u00e9 un atelier de haut niveau au minist\u00e8re belge des Affaires \u00e9trang\u00e8res afin d&rsquo;examiner comment la d\u00e9sinformation et les fausses informations remod\u00e8lent l&rsquo;action humanitaire. Une trentaine d&rsquo;experts issus d&rsquo;organisations humanitaires, d&rsquo;institutions europ\u00e9ennes, d&rsquo;\u00c9tats membres et d&rsquo;acteurs du soutien aux m\u00e9dias se sont r\u00e9unis dans le cadre de la r\u00e8gle de Chatham House pour une discussion ouverte et franche sur un d\u00e9fi qui \u00e9rode rapidement l&rsquo;espace humanitaire. Retrouvez <a href=\"https:\/\/www.hirondelle.org\/wp-content\/uploads\/2025\/11\/Disinformation-in-Humanitarian-contexts.-Workshop-report-2.pdf\">le compte-rendu de l&rsquo;atelier \u00ab\u00a0Disinformation in humanitarian contexts : lessons learnt and ways forward\u00a0\u00bb<\/a>.<br><br><br><\/p>\n\n\n\n<div class=\"wp-block-group p-3 backgroundedBlock--gray h-100 has-global-padding is-layout-constrained wp-block-group-is-layout-constrained\">\n<h4 class=\"wp-block-heading has-text-align-center\">D\u00e9couvrez nos recherches sur ces th\u00e9matiques <a href=\"\/fr\/que-faisons-nous\/partage-des-savoirs\/recherche-et-apprentissage#openDetail=criseshumanitaires\" target=\"_blank\" rel=\"noreferrer noopener\"><span style=\"text-decoration: underline;\">en cliquant ici<\/span><\/a><\/h4>\n<\/div>\n\n\n\n<h3 class=\"wp-block-heading\"><br>Articles associ\u00e9s<\/h3>\n\n\n<div data-truc=\"list69e344837ebeb\" class=\"\"><div class=\"row list\"><div class=\"col-md-3 post d-flex align-items-stretch\"><article id=\"post-24046\" class=\"articleList-item post-24046  post\">\r\n\t<a class=\"post-thumb\" href=\"https:\/\/www.hirondelle.org\/fr\/la-fondation-hirondelle-contribue-au-rapport-2026-sur-les-catastrophes-dans-le-monde-de-la-ficr\" title=\"La Fondation Hirondelle contribue au Rapport 2026 sur les catastrophes dans le monde de la FICR\">\r\n\t\t<img loading=\"lazy\" decoding=\"async\" width=\"500\" height=\"250\" src=\"https:\/\/www.hirondelle.org\/wp-content\/uploads\/2026\/03\/3-scaled-e1773134749656-500x250.png\" class=\"d-block w-100 h-auto wp-post-image\" alt=\"\" \/>\t<\/a>\r\n\t\t<a class=\"post-title\" href=\"https:\/\/www.hirondelle.org\/fr\/la-fondation-hirondelle-contribue-au-rapport-2026-sur-les-catastrophes-dans-le-monde-de-la-ficr\" title=\"La Fondation Hirondelle contribue au Rapport 2026 sur les catastrophes dans le monde de la FICR\" rel=\"bookmark\">\r\n\t\tLa Fondation Hirondelle contribue au Rapport 2026 sur les catastrophes dans le monde de la FICR\t<\/a>\r\n\t<\/article><\/div><div class=\"col-md-3 post d-flex align-items-stretch\"><article id=\"post-23847\" class=\"articleList-item post-23847  post\">\r\n\t<a class=\"post-thumb\" href=\"https:\/\/www.hirondelle.org\/fr\/international-cooperation-ic-forum-a-geneve\" title=\"International Cooperation (IC) forum \u00e0 Gen\u00e8ve\">\r\n\t\t<img loading=\"lazy\" decoding=\"async\" width=\"500\" height=\"250\" src=\"https:\/\/www.hirondelle.org\/wp-content\/uploads\/2026\/03\/55119065095_f30dc40092_k-500x250.jpg\" class=\"d-block w-100 h-auto wp-post-image\" alt=\"\" \/>\t<\/a>\r\n\t\t<a class=\"post-title\" href=\"https:\/\/www.hirondelle.org\/fr\/international-cooperation-ic-forum-a-geneve\" title=\"International Cooperation (IC) forum \u00e0 Gen\u00e8ve\" rel=\"bookmark\">\r\n\t\tInternational Cooperation (IC) forum \u00e0 Gen\u00e8ve\t<\/a>\r\n\t<\/article><\/div><div class=\"col-md-3 post d-flex align-items-stretch\"><article id=\"post-21956\" class=\"articleList-item post-21956  post\">\r\n\t<a class=\"post-thumb\" href=\"https:\/\/www.hirondelle.org\/fr\/la-fondation-hirondelle-co-organisatrice-du-symposium-annuel-du-forum-media-and-development-et-du-forum-public-du-cdac-network\" title=\"La Fondation Hirondelle, co-organisatrice du Symposium annuel du Forum Media and Development et du Forum public du CDAC Network\">\r\n\t\t<img loading=\"lazy\" decoding=\"async\" width=\"375\" height=\"250\" src=\"https:\/\/www.hirondelle.org\/wp-content\/uploads\/2025\/12\/DW-FOME-09122025-01.jpg\" class=\"d-block w-100 h-auto wp-post-image\" alt=\"\" \/>\t<\/a>\r\n\t\t<a class=\"post-title\" href=\"https:\/\/www.hirondelle.org\/fr\/la-fondation-hirondelle-co-organisatrice-du-symposium-annuel-du-forum-media-and-development-et-du-forum-public-du-cdac-network\" title=\"La Fondation Hirondelle, co-organisatrice du Symposium annuel du Forum Media and Development et du Forum public du CDAC Network\" rel=\"bookmark\">\r\n\t\tLa Fondation Hirondelle, co-organisatrice du Symposium annuel du Forum Media and Development et du Forum public du CDAC Network\t<\/a>\r\n\t<\/article><\/div><div class=\"col-md-3 post d-flex align-items-stretch\"><article id=\"post-21867\" class=\"articleList-item post-21867  post\">\r\n\t<a class=\"post-thumb\" href=\"https:\/\/www.hirondelle.org\/fr\/linformation-un-service-essentiel-dans-les-contextes-fermes-nouvel-article-de-la-fondation-hirondelle-dans-le-magazine-a-propos\" title=\"L\u2019information \u2013 Un service essentiel dans les contextes ferm\u00e9s &#8211; Nouvel article de la Fondation Hirondelle dans le magazine \u00ab\u00a0A Propos\u00a0\u00bb\">\r\n\t\t<img loading=\"lazy\" decoding=\"async\" width=\"389\" height=\"129\" src=\"https:\/\/www.hirondelle.org\/wp-content\/uploads\/2025\/01\/logo-koff.png\" class=\"d-block w-100 h-auto wp-post-image\" alt=\"\" srcset=\"https:\/\/www.hirondelle.org\/wp-content\/uploads\/2025\/01\/logo-koff.png 389w, https:\/\/www.hirondelle.org\/wp-content\/uploads\/2025\/01\/logo-koff-300x99.png 300w\" sizes=\"auto, (max-width: 389px) 100vw, 389px\" \/>\t<\/a>\r\n\t\t<a class=\"post-title\" href=\"https:\/\/www.hirondelle.org\/fr\/linformation-un-service-essentiel-dans-les-contextes-fermes-nouvel-article-de-la-fondation-hirondelle-dans-le-magazine-a-propos\" title=\"L\u2019information \u2013 Un service essentiel dans les contextes ferm\u00e9s &#8211; Nouvel article de la Fondation Hirondelle dans le magazine \u00ab\u00a0A Propos\u00a0\u00bb\" rel=\"bookmark\">\r\n\t\tL\u2019information \u2013 Un service essentiel dans les contextes ferm\u00e9s &#8211; Nouvel article de la Fondation Hirondelle dans le magazine \u00ab\u00a0A Propos\u00a0\u00bb\t<\/a>\r\n\t<\/article><\/div><\/div><\/div>\t<div class=\"text-center\">\r\n\t\t<a class=\"btn btn-fh-green\" href=\"https:\/\/www.hirondelle.org\/fr\/tag\/expertise-crises-humanitaires\">Voir plus d&rsquo;articles<\/a>\r\n\t<\/div>\r\n\t","protected":false},"excerpt":{"rendered":"<p>Dans les contextes de crises humanitaires, l\u2019information est en soi un bien de premi\u00e8re n\u00e9cessit\u00e9. Des m\u00e9dias professionnels traitent des incidents de s\u00e9curit\u00e9 majeurs et fournissent un travail de fact checking pour d\u00e9samorcer les rumeurs. La Fondation Hirondelle a plus de 30 ans d\u2019exp\u00e9rience m\u00e9diatique dans des contextes de crises humanitaires tels qu\u2019actuellement la R\u00e9publique [&hellip;]<\/p>\n","protected":false},"author":9,"featured_media":0,"parent":276,"menu_order":2,"comment_status":"closed","ping_status":"closed","template":"page-without-column.php","meta":{"_acf_changed":false,"footnotes":""},"class_list":["post-10970","page","type-page","status-publish","hentry"],"acf":[],"publishpress_future_action":{"enabled":false,"date":"2026-04-25 10:44:51","action":"change-status","newStatus":"draft","terms":[],"taxonomy":"translation_priority","extraData":[]},"publishpress_future_workflow_manual_trigger":{"enabledWorkflows":[]},"_links":{"self":[{"href":"https:\/\/www.hirondelle.org\/fr\/wp-json\/wp\/v2\/pages\/10970","targetHints":{"allow":["GET"]}}],"collection":[{"href":"https:\/\/www.hirondelle.org\/fr\/wp-json\/wp\/v2\/pages"}],"about":[{"href":"https:\/\/www.hirondelle.org\/fr\/wp-json\/wp\/v2\/types\/page"}],"author":[{"embeddable":true,"href":"https:\/\/www.hirondelle.org\/fr\/wp-json\/wp\/v2\/users\/9"}],"replies":[{"embeddable":true,"href":"https:\/\/www.hirondelle.org\/fr\/wp-json\/wp\/v2\/comments?post=10970"}],"version-history":[{"count":47,"href":"https:\/\/www.hirondelle.org\/fr\/wp-json\/wp\/v2\/pages\/10970\/revisions"}],"predecessor-version":[{"id":22203,"href":"https:\/\/www.hirondelle.org\/fr\/wp-json\/wp\/v2\/pages\/10970\/revisions\/22203"}],"up":[{"embeddable":true,"href":"https:\/\/www.hirondelle.org\/fr\/wp-json\/wp\/v2\/pages\/276"}],"wp:attachment":[{"href":"https:\/\/www.hirondelle.org\/fr\/wp-json\/wp\/v2\/media?parent=10970"}],"curies":[{"name":"wp","href":"https:\/\/api.w.org\/{rel}","templated":true}]}}