{"id":11554,"date":"2024-09-17T10:30:09","date_gmt":"2024-09-17T08:30:09","guid":{"rendered":"https:\/\/www.hirondelle.org\/?page_id=11554"},"modified":"2026-02-06T14:34:11","modified_gmt":"2026-02-06T13:34:11","slug":"inclusion-et-participation","status":"publish","type":"page","link":"https:\/\/www.hirondelle.org\/fr\/nos-expertises\/inclusion-et-participation","title":{"rendered":"Inclusion et participation"},"content":{"rendered":"\n<div class=\"wp-block-columns is-layout-flex wp-container-core-columns-is-layout-9d6595d7 wp-block-columns-is-layout-flex\">\n<div class=\"wp-block-column is-layout-flow wp-block-column-is-layout-flow\" style=\"flex-basis:33.33%\">\n<figure class=\"wp-block-pullquote\"><blockquote><p>L\u2019inclusion dans le d\u00e9bat public encourage la participation. <br><br>Les m\u00e9dias d\u2019int\u00e9r\u00eat public se doivent non seulement de r\u00e9aliser un journalisme utile, mais aussi assurer une production de programmes de dialogue et de d\u00e9bat inclusifs.<\/p><\/blockquote><\/figure>\n<\/div>\n\n\n\n<div class=\"wp-block-column is-layout-flow wp-block-column-is-layout-flow\" style=\"flex-basis:66.66%\">\n<p>La Fondation Hirondelle d\u00e9veloppe et soutient des m\u00e9dias qui favorisent l\u2019inclusion de toutes les composantes politiques et sociales des soci\u00e9t\u00e9s. Nos programmes favorisent la participation des populations au d\u00e9bat public, cr\u00e9ent des espaces qui permettent \u00e0 chacune et chacun de s\u2019exprimer, et de chercher ensemble des solutions consensuelles aux probl\u00e8mes.<\/p>\n\n\n\n<figure class=\"wp-block-image alignright size-large is-resized\"><img loading=\"lazy\" decoding=\"async\" width=\"1024\" height=\"682\" src=\"https:\/\/www.hirondelle.org\/wp-content\/uploads\/2024\/09\/banner-inclusion-participation-1024x682.jpg\" alt=\"\u00a9Gwenn Dubourthoumieu \/ Fondation Hirondelle - Des femmes r\u00e9pondent \u00e0 une \u00e9tude d\u2019audience organis\u00e9e lors d\u2019un Focus Group par la radio Ndekeluka, le 22 mars 2021 \u00e0 Bangui, R\u00e9publique Centrafricaine\" class=\"wp-image-11889\" style=\"width:356px;height:auto\" srcset=\"https:\/\/www.hirondelle.org\/wp-content\/uploads\/2024\/09\/banner-inclusion-participation-1024x682.jpg 1024w, https:\/\/www.hirondelle.org\/wp-content\/uploads\/2024\/09\/banner-inclusion-participation-300x200.jpg 300w, https:\/\/www.hirondelle.org\/wp-content\/uploads\/2024\/09\/banner-inclusion-participation-768x512.jpg 768w, https:\/\/www.hirondelle.org\/wp-content\/uploads\/2024\/09\/banner-inclusion-participation-1536x1024.jpg 1536w, https:\/\/www.hirondelle.org\/wp-content\/uploads\/2024\/09\/banner-inclusion-participation-1000x667.jpg 1000w, https:\/\/www.hirondelle.org\/wp-content\/uploads\/2024\/09\/banner-inclusion-participation.jpg 2000w\" sizes=\"auto, (max-width: 1024px) 100vw, 1024px\" \/><figcaption class=\"wp-element-caption\">\u00a9Gwenn Dubourthoumieu \/ Fondation Hirondelle &#8211; Des femmes r\u00e9pondent \u00e0 une \u00e9tude d\u2019audience organis\u00e9e lors d\u2019un Focus Group par la radio Ndekeluka, le 22 mars 2021 \u00e0 Bangui, R\u00e9publique Centrafricaine<\/figcaption><\/figure>\n\n\n\n<p>La Fondation Hirondelle utilise les m\u00e9dias, les comp\u00e9tences en journalisme et la technologie pour r\u00e9duire les&nbsp;obstacles&nbsp;\u00e0 la prise en compte des voix des femmes et des jeunes notamment dans les discussions politiques, les processus de paix, comme dans les d\u00e9bats sur toutes les autres questions publiques et de vie quotidienne. Les populations souvent exclues des m\u00e9dias du fait de leur statut social, la langue qu\u2019elles parlent, leur ruralit\u00e9 ou encore leur vuln\u00e9rabilit\u00e9 ont la parole dans nos programmes. &nbsp;Sur la question du genre, il&nbsp;ne s\u2019agit pas seulement de s\u2019adresser \u00e0 un public f\u00e9minin, mais d\u2019impliquer l\u2019ensemble de la population pour l\u2019\u00e9volution des probl\u00e9matiques li\u00e9es au genre. Nous sommes attentifs \u00e0 une&nbsp;repr\u00e9sentation&nbsp;\u00e9quilibr\u00e9e des femmes dans nos \u00e9missions.<\/p>\n\n\n\n<p>La programmation de la Fondation Hirondelle prend en compte les&nbsp;besoins&nbsp;et les&nbsp;int\u00e9r\u00eats&nbsp;des&nbsp;jeunes&nbsp;publics. Les m\u00e9dias de la Fondation Hirondelle produisent des \u00e9missions&nbsp;interactives&nbsp;pour les jeunes. Nous cr\u00e9ons des espaces pour que les jeunes puissent \u00eatre entendus et participer \u00e0 la&nbsp;vie publique. Des d\u00e9bats publics pour les jeunes sur des questions telles que les \u00e9lections leur donnent l&rsquo;opportunit\u00e9 d&rsquo;interagir&nbsp;avec des personnalit\u00e9s, de poser des questions et de s&rsquo;impliquer. Dans le but d&rsquo;attirer de nouveaux publics, nous proposons de nouveaux formats, tels que des explications sur les&nbsp;\u00e9lections&nbsp;en&nbsp;R\u00e9publique d\u00e9mocratique du Congo&nbsp;sur&nbsp;<a href=\"https:\/\/www.tiktok.com\/@hirondellerdc\/video\/7303861274264243462\" target=\"_blank\" rel=\"noreferrer noopener\">TikTok<\/a>.<\/p>\n<\/div>\n<\/div>\n\n\n\n<h3 class=\"wp-block-heading\"><br>Exemples d\u2019op\u00e9rations m\u00e9diatiques<br><\/h3>\n\n\n\n<div class=\"wp-block-group has-global-padding is-layout-constrained wp-block-group-is-layout-constrained\">\n<figure class=\"wp-block-image alignright size-full is-resized\"><img loading=\"lazy\" decoding=\"async\" width=\"989\" height=\"659\" src=\"https:\/\/www.hirondelle.org\/wp-content\/uploads\/2024\/09\/box-burkina-2.jpg\" alt=\"\" class=\"wp-image-11874\" style=\"width:357px;height:auto\" srcset=\"https:\/\/www.hirondelle.org\/wp-content\/uploads\/2024\/09\/box-burkina-2.jpg 989w, https:\/\/www.hirondelle.org\/wp-content\/uploads\/2024\/09\/box-burkina-2-300x200.jpg 300w, https:\/\/www.hirondelle.org\/wp-content\/uploads\/2024\/09\/box-burkina-2-768x512.jpg 768w\" sizes=\"auto, (max-width: 989px) 100vw, 989px\" \/><\/figure>\n\n\n\n<h4 class=\"wp-block-heading\"><strong>Burkina Faso<\/strong>&nbsp;<\/h4>\n\n\n\n<p>Depuis 2018, Studio Yafa fournit des informations ind\u00e9pendantes et professionnelles ainsi que des espaces de dialogue sur la vie sociale et politique du pays, \u00e0 travers la production de programmes multim\u00e9dia d\u00e9di\u00e9s aux jeunes, aux femmes et aux personnes vuln\u00e9rables. Le Studio veut \u00eatre au c\u0153ur du quotidien des jeunes, des femmes et des personnes vuln\u00e9rables avec des s\u00e9ries de programmes tels que \u00ab Yafa c\u00e9l\u00e8bre la femme \u00bb, \u00ab Yafa \u00e0 l\u2019\u00e9cole \u00bb, \u00ab Yafa au champ \u00bb et des rubriques telles que \u00ab Piq\u00fbre de rappel sur la Dengue et la Rougeole \u00bb. Les magazines et d\u00e9bats sont produits en cinq langues (moor\u00e9, dioula, fulfuld\u00e9, gulmancema et fran\u00e7ais).<\/p>\n\n\n\n<p><a href=\"\/fr\/que-faisons-nous\/operations\/geographiques\/afrique\/burkina-faso\">Voir le projet<\/a><\/p>\n<\/div>\n\n\n\n<p><\/p>\n\n\n\n<div class=\"wp-block-group has-global-padding is-layout-constrained wp-block-group-is-layout-constrained\">\n<figure class=\"wp-block-image alignleft size-full is-resized\"><img loading=\"lazy\" decoding=\"async\" width=\"988\" height=\"659\" src=\"https:\/\/www.hirondelle.org\/wp-content\/uploads\/2024\/09\/box-madagascar-2.jpg\" alt=\"\" class=\"wp-image-11878\" style=\"width:368px;height:auto\" srcset=\"https:\/\/www.hirondelle.org\/wp-content\/uploads\/2024\/09\/box-madagascar-2.jpg 988w, https:\/\/www.hirondelle.org\/wp-content\/uploads\/2024\/09\/box-madagascar-2-300x200.jpg 300w, https:\/\/www.hirondelle.org\/wp-content\/uploads\/2024\/09\/box-madagascar-2-768x512.jpg 768w\" sizes=\"auto, (max-width: 988px) 100vw, 988px\" \/><\/figure>\n\n\n\n<h4 class=\"wp-block-heading\">Madagascar<\/h4>\n\n\n\n<p>Cr\u00e9\u00e9 en 2019, Studio Sifaka est un studio de production de contenus radiophoniques et web r\u00e9alis\u00e9s par et pour des jeunes Malgaches. Il produit chaque jour deux heures de programmes : journal d\u2019information national et r\u00e9gional, \u00e9missions proposant des conseils (sant\u00e9, emploi, environnement), du dialogue, de la musique et de la culture malgache. Ces programmes sont diffus\u00e9s par un r\u00e9seau national de 50 radios partenaires \u00e0 travers le pays. Studio Sifaka porte la voix de la jeunesse pour une soci\u00e9t\u00e9 inclusive et d\u00e9mocratique.<br><br><a href=\"\/fr\/que-faisons-nous\/operations\/geographiques\/afrique\/madagascar\">Voir le projet<\/a><br><br><br><\/p>\n<\/div>\n\n\n\n<p><\/p>\n\n\n\n<div class=\"wp-block-group has-global-padding is-layout-constrained wp-block-group-is-layout-constrained\">\n<figure class=\"wp-block-image alignright size-full is-resized\"><img loading=\"lazy\" decoding=\"async\" width=\"989\" height=\"659\" src=\"https:\/\/www.hirondelle.org\/wp-content\/uploads\/2024\/09\/box-femmes-niger-2.jpg\" alt=\"\" class=\"wp-image-11881\" style=\"width:357px;height:auto\" srcset=\"https:\/\/www.hirondelle.org\/wp-content\/uploads\/2024\/09\/box-femmes-niger-2.jpg 989w, https:\/\/www.hirondelle.org\/wp-content\/uploads\/2024\/09\/box-femmes-niger-2-300x200.jpg 300w, https:\/\/www.hirondelle.org\/wp-content\/uploads\/2024\/09\/box-femmes-niger-2-768x512.jpg 768w\" sizes=\"auto, (max-width: 989px) 100vw, 989px\" \/><\/figure>\n\n\n\n<h4 class=\"wp-block-heading\"><strong>Niger<\/strong>&nbsp;<\/h4>\n\n\n\n<p>Chaque semaine, Studio Kalangou au Niger diffuse une \u00e9mission de 45 minutes produite exclusivement par des femmes, qui donne la parole aux femmes et partage des conseils utiles au quotidien. Encadr\u00e9e par des professionnels, l\u2019\u00e9mission \u00ab Espace femmes \u00bb est disponible en haoussa et en fran\u00e7ais.<\/p>\n\n\n\n<p><a id=\"_msocom_1\"><\/a><\/p>\n\n\n\n<p><a href=\"https:\/\/www.studiokalangou.org\/grands-dialogues\/espace-femmes\" target=\"_blank\" rel=\"noreferrer noopener\">Les Grands Dialogues de Studio Kalangou<\/a><br><\/p>\n<\/div>\n\n\n\n<div class=\"wp-block-group is-nowrap is-layout-flex wp-container-core-group-is-layout-ad2f72ca wp-block-group-is-layout-flex\">\n<figure class=\"wp-block-gallery alignleft has-nested-images columns-default is-cropped wp-block-gallery-1 is-layout-flex wp-block-gallery-is-layout-flex\">\n<figure class=\"wp-block-image alignleft size-full\"><img loading=\"lazy\" decoding=\"async\" width=\"1321\" height=\"806\" data-id=\"18791\" src=\"https:\/\/www.hirondelle.org\/wp-content\/uploads\/2025\/05\/benin-image-vote.png\" alt=\"\" class=\"wp-image-18791\" style=\"aspect-ratio:1.3333333333333333;object-fit:cover\" srcset=\"https:\/\/www.hirondelle.org\/wp-content\/uploads\/2025\/05\/benin-image-vote.png 1321w, https:\/\/www.hirondelle.org\/wp-content\/uploads\/2025\/05\/benin-image-vote-300x183.png 300w, https:\/\/www.hirondelle.org\/wp-content\/uploads\/2025\/05\/benin-image-vote-1024x625.png 1024w, https:\/\/www.hirondelle.org\/wp-content\/uploads\/2025\/05\/benin-image-vote-768x469.png 768w, https:\/\/www.hirondelle.org\/wp-content\/uploads\/2025\/05\/benin-image-vote-1000x610.png 1000w\" sizes=\"auto, (max-width: 1321px) 100vw, 1321px\" \/><\/figure>\n<\/figure>\n\n\n\n<div class=\"wp-block-group has-global-padding is-layout-constrained wp-block-group-is-layout-constrained\">\n<h4 class=\"wp-block-heading\">B\u00e9nin<\/h4>\n\n\n\n<p>Le programme de la Fondation Hirondelle au B\u00e9nin vise \u00e0 soutenir les capacit\u00e9s de plaidoyer de la soci\u00e9t\u00e9 civile b\u00e9n\u00e9noise. En plus du renforcement des m\u00e9dias locaux, des tables rondes, des magazines et des \u00e9missions publiques sont produits, r\u00e9unissant diverses parties prenantes du d\u00e9bat public (OSC, expert\u00b7e\u00b7s, autorit\u00e9s, etc.), et donnant la parole aux citoyen\u00b7ne\u00b7s b\u00e9ninois\u00b7es. Des formations plus sp\u00e9cifiques sont aussi donn\u00e9es, en fonction des besoins, aux femmes du r\u00e9seau des femmes de la FeRCAB et aux OSC, notamment en usages du num\u00e9rique, en plaidoyer, en techniques de communication, en d\u00e9veloppement local et en genre.<\/p>\n\n\n\n<p><\/p>\n\n\n\n<p><a href=\"https:\/\/www.hirondelle.org\/fr\/que-faisons-nous\/operations\/geographiques\/afrique\/benin\">Voir le projet<\/a><br><br><\/p>\n<\/div>\n<\/div>\n\n\n\n<h3 class=\"wp-block-heading\">Documents de r\u00e9f\u00e9rence&nbsp;<\/h3>\n\n\n\n<p><strong>Genre&nbsp;:<\/strong><\/p>\n\n\n\n<p><a href=\"\/fr\/etude\/1829-radio-as-an-empowering-environment-how-does-radio-broadcasting-in-mali-represent-women-s-web-of-relations\" target=\"_blank\" rel=\"noreferrer noopener\">La radio comme environnement d&rsquo;autonomisation : comment la radiodiffusion au Mali repr\u00e9sente-t-elle le \u00ab\u00a0r\u00e9seau de relations\u00a0\u00bb des femmes ?<\/a><\/p>\n\n\n\n<p><a href=\"\/fr\/etude\/1007-etude-sur-l-impact-de-studio-kalangou-sur-les-droits-des-femmes-et-leur-emancipation-au-niger\" target=\"_blank\" rel=\"noreferrer noopener\">\u00c9tude sur l&rsquo;impact de Studio Kalangou sur les droits des femmes et leur \u00e9mancipation au Niger<\/a><\/p>\n\n\n\n<p><br><strong>Populations d\u00e9plac\u00e9es&nbsp;:<\/strong><\/p>\n\n\n\n<p><a href=\"\/wp-content\/uploads\/2024\/09\/1820_1819_2022_Burkina_Heywood_Ivey_Meuter_reachingZhardZtoZreachZaudiencesZusingZwhatsapp.pdf\" target=\"_blank\" rel=\"noreferrer noopener\">Reaching hard to reach communities using WhatsApp<\/a><\/p>\n\n\n\n<p><br><\/p>\n\n\n\n<div class=\"wp-block-group p-3 backgroundedBlock--gray h-100 has-global-padding is-layout-constrained wp-block-group-is-layout-constrained\">\n<h4 class=\"wp-block-heading has-text-align-left\">D\u00e9couvrez nos recherches sur ces th\u00e9matiques :<\/h4>\n\n\n\n<ul class=\"wp-block-list\">\n<li>Genre : <a href=\"https:\/\/www.hirondelle.org\/fr\/que-faisons-nous\/partage-des-savoirs\/recherche-et-apprentissage#openDetail=genre\" target=\"_blank\" rel=\"noreferrer noopener\"><span style=\"text-decoration: underline;\">en cliquant ici<\/span><\/a><\/li>\n\n\n\n<li><a href=\"\/wp-content\/uploads\/2024\/11\/Comprendre-les-besoins-d-information-des-personnes-deplacees-internes-Burkina-Faso-2020-2021.pdf\" target=\"_blank\" rel=\"noreferrer noopener\">Comprendre les besoins d\u2019information des personnes d\u00e9plac\u00e9es internes (Burkina Faso, 2020 \u2013 2021)<\/a><\/li>\n\n\n\n<li><a href=\"\/wp-content\/uploads\/2024\/11\/Emissions-de-dialogue-et-engagement-citoyen-des-jeunes-madagascar-2020-2022.pdf\" target=\"_blank\" rel=\"noreferrer noopener\">\u00c9missions de dialogue et engagement citoyen des jeunes (Madagascar, 2020-2022)<\/a><\/li>\n<\/ul>\n<\/div>\n\n\n\n<h3 class=\"wp-block-heading\"><br>Articles associ\u00e9s<\/h3>\n\n\n<div data-truc=\"list69dd1b5f13422\" class=\"\"><div class=\"row list\"><div class=\"col-md-3 post d-flex align-items-stretch\"><article id=\"post-21812\" class=\"articleList-item post-21812  post\">\r\n\t<a class=\"post-thumb\" href=\"https:\/\/www.hirondelle.org\/fr\/le-pouvoir-dinfluencer-lopinion-doit-etre-regule\" title=\"Le pouvoir d&rsquo;influencer l&rsquo;opinion doit \u00eatre r\u00e9gul\u00e9\">\r\n\t\t<img loading=\"lazy\" decoding=\"async\" width=\"500\" height=\"250\" src=\"https:\/\/www.hirondelle.org\/wp-content\/uploads\/2025\/12\/Design-sans-titre-2-e1765967305150-500x250.png\" class=\"d-block w-100 h-auto wp-post-image\" alt=\"\" srcset=\"https:\/\/www.hirondelle.org\/wp-content\/uploads\/2025\/12\/Design-sans-titre-2-e1765967305150-500x250.png 500w, https:\/\/www.hirondelle.org\/wp-content\/uploads\/2025\/12\/Design-sans-titre-2-e1765967305150-300x149.png 300w\" sizes=\"auto, (max-width: 500px) 100vw, 500px\" \/>\t<\/a>\r\n\t\t<a class=\"post-title\" href=\"https:\/\/www.hirondelle.org\/fr\/le-pouvoir-dinfluencer-lopinion-doit-etre-regule\" title=\"Le pouvoir d&rsquo;influencer l&rsquo;opinion doit \u00eatre r\u00e9gul\u00e9\" rel=\"bookmark\">\r\n\t\tLe pouvoir d&rsquo;influencer l&rsquo;opinion doit \u00eatre r\u00e9gul\u00e9\t<\/a>\r\n\t<\/article><\/div><div class=\"col-md-3 post d-flex align-items-stretch\"><article id=\"post-21672\" class=\"articleList-item post-21672  post\">\r\n\t<a class=\"post-thumb\" href=\"https:\/\/www.hirondelle.org\/fr\/conference-african-women-in-media-renforcer-la-protection-et-la-visibilite-des-femmes-journalistes-en-afrique\" title=\"Conf\u00e9rence African Women in Media : renforcer la protection et la visibilit\u00e9 des femmes journalistes en Afrique\">\r\n\t\t<img loading=\"lazy\" decoding=\"async\" width=\"500\" height=\"250\" src=\"https:\/\/www.hirondelle.org\/wp-content\/uploads\/2025\/12\/WhatsApp-Image-2025-12-05-at-10.00.06-e1765289327100-500x250.jpeg\" class=\"d-block w-100 h-auto wp-post-image\" alt=\"\" \/>\t<\/a>\r\n\t\t<a class=\"post-title\" href=\"https:\/\/www.hirondelle.org\/fr\/conference-african-women-in-media-renforcer-la-protection-et-la-visibilite-des-femmes-journalistes-en-afrique\" title=\"Conf\u00e9rence African Women in Media : renforcer la protection et la visibilit\u00e9 des femmes journalistes en Afrique\" rel=\"bookmark\">\r\n\t\tConf\u00e9rence African Women in Media : renforcer la protection et la visibilit\u00e9 des femmes journalistes en Afrique\t<\/a>\r\n\t<\/article><\/div><div class=\"col-md-3 post d-flex align-items-stretch\"><article id=\"post-20145\" class=\"articleList-item post-20145  post\">\r\n\t<a class=\"post-thumb\" href=\"https:\/\/www.hirondelle.org\/fr\/euro-feminin-2025-immersion-en-suisse-pour-sept-journalistes-saheliens-sur-les-enjeux-du-sport-et-des-droits-humains\" title=\"Euro f\u00e9minin 2025\u202f: immersion en Suisse pour sept journalistes sah\u00e9liens sur les enjeux du sport et des droits humains\">\r\n\t\t<img loading=\"lazy\" decoding=\"async\" width=\"500\" height=\"250\" src=\"https:\/\/www.hirondelle.org\/wp-content\/uploads\/2025\/07\/WhatsApp-Image-2025-07-25-at-16.13.42-Copie-500x250.jpeg\" class=\"d-block w-100 h-auto wp-post-image\" alt=\"\" \/>\t<\/a>\r\n\t\t<a class=\"post-title\" href=\"https:\/\/www.hirondelle.org\/fr\/euro-feminin-2025-immersion-en-suisse-pour-sept-journalistes-saheliens-sur-les-enjeux-du-sport-et-des-droits-humains\" title=\"Euro f\u00e9minin 2025\u202f: immersion en Suisse pour sept journalistes sah\u00e9liens sur les enjeux du sport et des droits humains\" rel=\"bookmark\">\r\n\t\tEuro f\u00e9minin 2025\u202f: immersion en Suisse pour sept journalistes sah\u00e9liens sur les enjeux du sport et des droits humains\t<\/a>\r\n\t<\/article><\/div><div class=\"col-md-3 post d-flex align-items-stretch\"><article id=\"post-1951\" class=\"articleList-item post-1951  post\">\r\n\t<a class=\"post-thumb\" href=\"https:\/\/www.hirondelle.org\/fr\/notre-rapport-annuel-2022\" title=\"Rapport annuel 2022\">\r\n\t\t<img loading=\"lazy\" decoding=\"async\" width=\"500\" height=\"250\" src=\"https:\/\/www.hirondelle.org\/wp-content\/uploads\/from-joomla\/8c36b6b6d4eac8bb8839812d08c9c39c-500x250.jpg\" class=\"d-block w-100 h-auto wp-post-image\" alt=\"\" \/>\t<\/a>\r\n\t\t<a class=\"post-title\" href=\"https:\/\/www.hirondelle.org\/fr\/notre-rapport-annuel-2022\" title=\"Rapport annuel 2022\" rel=\"bookmark\">\r\n\t\tRapport annuel 2022\t<\/a>\r\n\t<\/article><\/div><\/div><\/div>\t<div class=\"text-center\">\r\n\t\t<a class=\"btn btn-fh-green\" href=\"https:\/\/www.hirondelle.org\/fr\/tag\/expertise-inclusion-et-participation\">Voir plus d&rsquo;articles<\/a>\r\n\t<\/div>\r\n\t","protected":false},"excerpt":{"rendered":"<p>L\u2019inclusion dans le d\u00e9bat public encourage la participation. Les m\u00e9dias d\u2019int\u00e9r\u00eat public se doivent non seulement de r\u00e9aliser un journalisme utile, mais aussi assurer une production de programmes de dialogue et de d\u00e9bat inclusifs. La Fondation Hirondelle d\u00e9veloppe et soutient des m\u00e9dias qui favorisent l\u2019inclusion de toutes les composantes politiques et sociales des soci\u00e9t\u00e9s. Nos [&hellip;]<\/p>\n","protected":false},"author":9,"featured_media":0,"parent":276,"menu_order":7,"comment_status":"closed","ping_status":"closed","template":"page-without-column.php","meta":{"_acf_changed":false,"footnotes":""},"class_list":["post-11554","page","type-page","status-publish","hentry"],"acf":[],"publishpress_future_action":{"enabled":false,"date":"2026-04-20 18:35:43","action":"change-status","newStatus":"draft","terms":[],"taxonomy":"translation_priority","extraData":[]},"publishpress_future_workflow_manual_trigger":{"enabledWorkflows":[]},"_links":{"self":[{"href":"https:\/\/www.hirondelle.org\/fr\/wp-json\/wp\/v2\/pages\/11554","targetHints":{"allow":["GET"]}}],"collection":[{"href":"https:\/\/www.hirondelle.org\/fr\/wp-json\/wp\/v2\/pages"}],"about":[{"href":"https:\/\/www.hirondelle.org\/fr\/wp-json\/wp\/v2\/types\/page"}],"author":[{"embeddable":true,"href":"https:\/\/www.hirondelle.org\/fr\/wp-json\/wp\/v2\/users\/9"}],"replies":[{"embeddable":true,"href":"https:\/\/www.hirondelle.org\/fr\/wp-json\/wp\/v2\/comments?post=11554"}],"version-history":[{"count":39,"href":"https:\/\/www.hirondelle.org\/fr\/wp-json\/wp\/v2\/pages\/11554\/revisions"}],"predecessor-version":[{"id":22698,"href":"https:\/\/www.hirondelle.org\/fr\/wp-json\/wp\/v2\/pages\/11554\/revisions\/22698"}],"up":[{"embeddable":true,"href":"https:\/\/www.hirondelle.org\/fr\/wp-json\/wp\/v2\/pages\/276"}],"wp:attachment":[{"href":"https:\/\/www.hirondelle.org\/fr\/wp-json\/wp\/v2\/media?parent=11554"}],"curies":[{"name":"wp","href":"https:\/\/api.w.org\/{rel}","templated":true}]}}