{"id":11587,"date":"2024-09-17T11:22:35","date_gmt":"2024-09-17T09:22:35","guid":{"rendered":"https:\/\/www.hirondelle.org\/?page_id=11587"},"modified":"2026-02-25T15:09:15","modified_gmt":"2026-02-25T14:09:15","slug":"environnement-et-changement-climatique","status":"publish","type":"page","link":"https:\/\/www.hirondelle.org\/fr\/nos-expertises\/environnement-et-changement-climatique","title":{"rendered":"Environnement et changement climatique"},"content":{"rendered":"\n<div class=\"wp-block-columns is-layout-flex wp-container-core-columns-is-layout-9d6595d7 wp-block-columns-is-layout-flex\">\n<div class=\"wp-block-column is-layout-flow wp-block-column-is-layout-flow\" style=\"flex-basis:33.33%\">\n<figure class=\"wp-block-pullquote\"><blockquote><p>Face aux d\u00e9fis pressants du changement climatique, le journalisme permet de rendre visible l&rsquo;impact de la crise \u00e9cologique, tout en donnant une voix aux communaut\u00e9s les plus touch\u00e9es, et de partager des solutions \u00e9mergentes pour favoriser l\u2019adaptation des populations.<\/p><\/blockquote><\/figure>\n<\/div>\n\n\n\n<div class=\"wp-block-column is-layout-flow wp-block-column-is-layout-flow\" style=\"flex-basis:66.66%\">\n<figure class=\"wp-block-image alignright size-large is-resized\"><img loading=\"lazy\" decoding=\"async\" width=\"1024\" height=\"682\" src=\"https:\/\/www.hirondelle.org\/wp-content\/uploads\/2024\/09\/banner-environnement-1024x682.jpg\" alt=\"\u00a9Studio Yafa \/ Fondation Hirondelle - Un journaliste questionne un riverain du barrage de Mogtedo, sur le lac de retenue \u00e0 sec\" class=\"wp-image-11856\" style=\"width:409px;height:auto\" srcset=\"https:\/\/www.hirondelle.org\/wp-content\/uploads\/2024\/09\/banner-environnement-1024x682.jpg 1024w, https:\/\/www.hirondelle.org\/wp-content\/uploads\/2024\/09\/banner-environnement-300x200.jpg 300w, https:\/\/www.hirondelle.org\/wp-content\/uploads\/2024\/09\/banner-environnement-768x512.jpg 768w, https:\/\/www.hirondelle.org\/wp-content\/uploads\/2024\/09\/banner-environnement-1536x1024.jpg 1536w, https:\/\/www.hirondelle.org\/wp-content\/uploads\/2024\/09\/banner-environnement-1000x667.jpg 1000w, https:\/\/www.hirondelle.org\/wp-content\/uploads\/2024\/09\/banner-environnement.jpg 2000w\" sizes=\"auto, (max-width: 1024px) 100vw, 1024px\" \/><figcaption class=\"wp-element-caption\">\u00a9Studio Yafa \/ Fondation Hirondelle &#8211; Un journaliste questionne un riverain du barrage de Mogtedo, sur le lac de retenue \u00e0 sec<\/figcaption><\/figure>\n\n\n\n<p>La Fondation Hirondelle r\u00e9pond aux d\u00e9fis environnementaux en initiant et soutenant une approche \u00e0 la fois globale et locale de couverture m\u00e9diatique sur ces enjeux cruciaux. Dans les contextes fragiles o\u00f9 elle op\u00e8re, la Fondation met en place des programmes vari\u00e9s incluant journaux d\u2019information, d\u00e9bats interactifs, grands reportages et campagnes de sensibilisation, qui int\u00e8grent l\u2019environnement comme l\u2019une des th\u00e9matiques centrales. Nous permettons ainsi que les probl\u00e9matiques li\u00e9es au changement climatique soient trait\u00e9es r\u00e9guli\u00e8rement par les m\u00e9dias que nous d\u00e9veloppons et soutenons. Nous renfor\u00e7ons pour cela les capacit\u00e9s des journalistes locaux qui produisent ces contenus, au travers de formations anim\u00e9es par des journalistes sp\u00e9cialis\u00e9s, et de coaching \u00e0 distance. Les contenus produits sont diffus\u00e9s au travers d\u2019\u00e9missions audio, d\u2019articles en ligne et de capsules vid\u00e9o diffus\u00e9es sur les r\u00e9seaux sociaux, mettant en lumi\u00e8re l\u2019impact du changement climatique sur les populations vuln\u00e9rables, et les solutions d\u2019adaptation \u00e9mergentes. En donnant la parole aux citoyens, aux experts et aux responsables locaux, nous ancrons les enjeux environnementaux dans la vie quotidienne, rendant le public non seulement inform\u00e9, mais aussi acteur de la r\u00e9ponse au changement climatique.<\/p>\n\n\n\n<p>Nous d\u00e9veloppons des programmes r\u00e9gionaux, au Sahel et en Afrique centrale, visant \u00e0 sensibiliser aux enjeux du r\u00e9chauffement climatique tout en promouvant des solutions concr\u00e8tes pour des \u00e9conomies et des soci\u00e9t\u00e9s durables et r\u00e9silientes. La Fondation Hirondelle soutient les r\u00e9dactions dans la production et la coproduction de programmes d\u00e9di\u00e9es \u00e0 ces enjeux et donnant lieux \u00e0 des \u00e9missions radio ou au format num\u00e9rique.<\/p>\n\n\n\n<p>Enfin, la Fondation Hirondelle travaille \u00e0 adapter les locaux de ses r\u00e9dactions au changement climatique pour renforcer leur r\u00e9silience et r\u00e9duire leur d\u00e9pendance aux \u00e9nergies fossiles, par l\u2019installation de panneaux solaires en RCA, au Niger et au Mali. Plusieurs m\u00e9dias partenaires ont \u00e9galement \u00e9t\u00e9 \u00e9quip\u00e9s de panneaux solaires et batteries au Burkina Faso et en RDC.<\/p>\n<\/div>\n<\/div>\n\n\n\n<h3 class=\"wp-block-heading\"><br>Exemples d\u2019op\u00e9rations m\u00e9diatiques<br><\/h3>\n\n\n\n<div class=\"wp-block-group has-global-padding is-layout-constrained wp-block-group-is-layout-constrained\">\n<figure class=\"wp-block-image alignright size-full is-resized\"><img loading=\"lazy\" decoding=\"async\" width=\"919\" height=\"659\" src=\"https:\/\/www.hirondelle.org\/wp-content\/uploads\/2024\/09\/box-burkina.jpg\" alt=\"\" class=\"wp-image-11567\" style=\"width:357px;height:auto\" srcset=\"https:\/\/www.hirondelle.org\/wp-content\/uploads\/2024\/09\/box-burkina.jpg 919w, https:\/\/www.hirondelle.org\/wp-content\/uploads\/2024\/09\/box-burkina-300x215.jpg 300w, https:\/\/www.hirondelle.org\/wp-content\/uploads\/2024\/09\/box-burkina-768x551.jpg 768w\" sizes=\"auto, (max-width: 919px) 100vw, 919px\" \/><\/figure>\n\n\n\n<h4 class=\"wp-block-heading\">Coproductions au <strong>Sahel<\/strong>&nbsp;<\/h4>\n\n\n\n<p>Au Sahel, la Fondation Hirondelle s\u2019appuie sur ses programmes nationaux au Mali, au Niger et au Burkina Faso pour co-produire des s\u00e9ries d\u2019\u00e9missions th\u00e9matiques sur des enjeux communs tels que le changement climatique. En collaborant \u00e9troitement, ces m\u00e9dias abordent les questions vitales li\u00e9es \u00e0 l&rsquo;adaptation environnementale, en utilisant divers formats comme des d\u00e9bats, des reportages et des enqu\u00eates. Cette approche commune permet de diffuser des contenus en 12 langues \u00e0 plus de 7 millions de personnes \u00e0 travers plus de 200 radios et t\u00e9l\u00e9visions partenaires. Les journalistes se retrouvent r\u00e9guli\u00e8rement lors de rencontres r\u00e9gionales pour coordonner leurs efforts et garantir une couverture approfondie et locale des probl\u00e9matiques environnementales.<\/p>\n\n\n\n<p><a href=\"\/fr\/s-informer-et-s-adapter-face-au-changement-climatique-au-sahel-nos-nouvelles-co-productions-mali-niger-burkina\">Voir l&rsquo;article<\/a><\/p>\n<\/div>\n\n\n\n<p><\/p>\n\n\n\n<div class=\"wp-block-group has-global-padding is-layout-constrained wp-block-group-is-layout-constrained\">\n<figure class=\"wp-block-image alignleft size-full is-resized\"><img loading=\"lazy\" decoding=\"async\" width=\"1177\" height=\"919\" src=\"https:\/\/www.hirondelle.org\/wp-content\/uploads\/2024\/09\/box-rdc-2.jpg\" alt=\"\" class=\"wp-image-11852\" style=\"width:368px;height:auto\" srcset=\"https:\/\/www.hirondelle.org\/wp-content\/uploads\/2024\/09\/box-rdc-2.jpg 1177w, https:\/\/www.hirondelle.org\/wp-content\/uploads\/2024\/09\/box-rdc-2-300x234.jpg 300w, https:\/\/www.hirondelle.org\/wp-content\/uploads\/2024\/09\/box-rdc-2-1024x800.jpg 1024w, https:\/\/www.hirondelle.org\/wp-content\/uploads\/2024\/09\/box-rdc-2-768x600.jpg 768w, https:\/\/www.hirondelle.org\/wp-content\/uploads\/2024\/09\/box-rdc-2-1000x781.jpg 1000w\" sizes=\"auto, (max-width: 1177px) 100vw, 1177px\" \/><\/figure>\n\n\n\n<h4 class=\"wp-block-heading\">R\u00e9publique D\u00e9mocratique du Congo<\/h4>\n\n\n\n<p>Le Studio Hirondelle RDC, programme de la Fondation Hirondelle en R\u00e9publique D\u00e9mocratique du Congo, couvre r\u00e9guli\u00e8rement les probl\u00e9matiques environnementales et climatiques du pays. Bas\u00e9 \u00e0 Kinshasa, il s\u2019appuie sur un r\u00e9seau de correspondants locaux et sur un r\u00e9seau de 124 radios et 23 t\u00e9l\u00e9visions partenaires dans toutes les provinces pour fournir une information pr\u00e9cise et pertinente sur les d\u00e9fis \u00e9cologiques majeurs dans ce pays-continent. Gr\u00e2ce \u00e0 une approche collaborative, le Studio Hirondelle RDC produit des contenus vari\u00e9s, allant des reportages en profondeur aux d\u00e9bats publics, pour sensibiliser et mobiliser les communaut\u00e9s sur des questions telles que la d\u00e9forestation, la gestion des ressources naturelles et les impacts du changement climatique. Cette couverture \u00e9tendue permet d&rsquo;atteindre un large public \u00e0 travers le pays, en veillant \u00e0 ce que les probl\u00e9matiques environnementales soient trait\u00e9es avec la rigueur et la proximit\u00e9 n\u00e9cessaires pour engendrer des actions locales et r\u00e9gionales efficaces. <a href=\"\/fr\/que-faisons-nous\/operations\/geographiques\/afrique\/republique-democratique-du-congo\">Voir le projet<\/a><br><br><br><\/p>\n<\/div>\n\n\n\n<div class=\"wp-block-group has-global-padding is-layout-constrained wp-block-group-is-layout-constrained\">\n<figure class=\"wp-block-image alignright size-full is-resized\"><img loading=\"lazy\" decoding=\"async\" width=\"919\" height=\"659\" src=\"https:\/\/www.hirondelle.org\/wp-content\/uploads\/2024\/09\/box-madagascar.jpg\" alt=\"\" class=\"wp-image-11572\" style=\"width:357px;height:auto\" srcset=\"https:\/\/www.hirondelle.org\/wp-content\/uploads\/2024\/09\/box-madagascar.jpg 919w, https:\/\/www.hirondelle.org\/wp-content\/uploads\/2024\/09\/box-madagascar-300x215.jpg 300w, https:\/\/www.hirondelle.org\/wp-content\/uploads\/2024\/09\/box-madagascar-768x551.jpg 768w\" sizes=\"auto, (max-width: 919px) 100vw, 919px\" \/><\/figure>\n\n\n\n<h4 class=\"wp-block-heading\">Madagascar<\/h4>\n\n\n\n<p>Le Studio Sifaka, programme radio soutenu par la Fondation Hirondelle \u00e0 Madagascar consacre une partie de ses productions \u00e0 la couverture des probl\u00e9matiques environnementales, avec un accent particulier vers le public jeune. En ciblant les jeunes auditeurs, le studio produit des \u00e9missions dynamiques et \u00e9ducatives qui traitent des enjeux \u00e9cologiques tels que la protection des esp\u00e8ces end\u00e9miques et les impacts du changement climatique sur les \u00e9cosyst\u00e8mes locaux. Gr\u00e2ce \u00e0 une approche innovante et interactive, le Studio Sifaka sensibilise et engage la jeunesse malgache dans la discussion environnementale, en utilisant des formats adapt\u00e9s qui captivent et motivent les jeunes \u00e0 devenir des acteurs du changement.<\/p>\n\n\n\n<p><a href=\"\/fr\/que-faisons-nous\/operations\/geographiques\/afrique\/madagascar\">Voir le projet<\/a><\/p>\n\n\n\n<p><\/p>\n<\/div>\n\n\n\n<div class=\"wp-block-media-text is-stacked-on-mobile\" style=\"grid-template-columns:32% auto\"><figure class=\"wp-block-media-text__media\"><img loading=\"lazy\" decoding=\"async\" width=\"1024\" height=\"683\" src=\"https:\/\/www.hirondelle.org\/wp-content\/uploads\/2026\/02\/FONDATION-HIRONDELLE-58-1-1024x683.jpg\" alt=\"\" class=\"wp-image-22625 size-full\" srcset=\"https:\/\/www.hirondelle.org\/wp-content\/uploads\/2026\/02\/FONDATION-HIRONDELLE-58-1-1024x683.jpg 1024w, https:\/\/www.hirondelle.org\/wp-content\/uploads\/2026\/02\/FONDATION-HIRONDELLE-58-1-300x200.jpg 300w, https:\/\/www.hirondelle.org\/wp-content\/uploads\/2026\/02\/FONDATION-HIRONDELLE-58-1-768x512.jpg 768w, https:\/\/www.hirondelle.org\/wp-content\/uploads\/2026\/02\/FONDATION-HIRONDELLE-58-1-1536x1024.jpg 1536w, https:\/\/www.hirondelle.org\/wp-content\/uploads\/2026\/02\/FONDATION-HIRONDELLE-58-1-2048x1366.jpg 2048w, https:\/\/www.hirondelle.org\/wp-content\/uploads\/2026\/02\/FONDATION-HIRONDELLE-58-1-1000x667.jpg 1000w\" sizes=\"auto, (max-width: 1024px) 100vw, 1024px\" \/><\/figure><div class=\"wp-block-media-text__content\">\n<h4 class=\"wp-block-heading\">Burkina Faso<\/h4>\n\n\n\n<p>Depuis mars 2025, <a href=\"https:\/\/www.studioyafa.bf\/\">Studio Yafa<\/a>, studio de production de la Fondation Hirondelle au Burkina Faso, diffuse chaque semaine<a href=\"https:\/\/www.hirondelle.org\/fr\/allo-la-terre-une-rubrique-de-studio-yafa-pour-mieux-comprendre-les-enjeux-climatiques\"> l\u2019\u00e9mission \u00ab\u00a0All\u00f4 la Terre\u00a0\u00bb, une production hebdomadaire cr\u00e9\u00e9e pour informer sur les enjeux environnementaux et climatiques.<\/a> Elle met en avant des initiatives citoyennes et vise \u00e0 sensibiliser le public \u00e0 l\u2019urgence des enjeux climatiques et environnementaux et les modalit\u00e9s par lesquelles ils affectent un ensemble de secteurs dans la soci\u00e9t\u00e9. Cette \u00e9mission a \u00e9galement pour objectif d\u2019inspirer les audiences \u00e0 travers la valorisation d\u2019initiatives et de solutions endog\u00e8nes et de susciter l\u2019engagement des citoyen.nes burkinab\u00e8.<\/p>\n\n\n\n<p><a href=\"https:\/\/www.hirondelle.org\/fr\/que-faisons-nous\/operations\/geographiques\/afrique\/burkina-faso\">Voir le projet<\/a><\/p>\n<\/div><\/div>\n\n\n\n<h3 class=\"wp-block-heading\"><br>Documents de r\u00e9f\u00e9rence<\/h3>\n\n\n\n<p>Retrouvez notre M\u00e9diation de janvier 2023 : <a href=\"\/fr\/newsletter\/1879-informer-sur-l-urgence-ecologique-mediation-n-10-janvier-2023\" target=\"_blank\" rel=\"noreferrer noopener\">\u00ab\u00a0Informer sur l\u2019urgence \u00e9cologique<\/a>\u00ab\u00a0<\/p>\n\n\n\n<p><a href=\"https:\/\/www.hirondelle.org\/wp-content\/uploads\/2026\/02\/Sinformer-et-sadapter-face-au-Changement-climatique-Fondation-Hirondelle.pdf\">S&rsquo;informer et s&rsquo;adapter face au changement climatique<\/a><\/p>\n\n\n\n<h3 class=\"wp-block-heading\"><br><br>Articles associ\u00e9s<\/h3>\n\n\n<div data-truc=\"list69dd1b7acf9fd\" class=\"\"><div class=\"row list\"><div class=\"col-md-3 post d-flex align-items-stretch\"><article id=\"post-21763\" class=\"articleList-item post-21763  post\">\r\n\t<a class=\"post-thumb\" href=\"https:\/\/www.hirondelle.org\/fr\/ousmane-mamoudou-redacteur-en-chef-adjoint-de-studio-kalangou-au-niger-dans-tout-un-monde-sur-la-rts\" title=\"Ousmane Mamoudou, r\u00e9dacteur en chef adjoint de Studio Kalangou au Niger, dans \u00ab\u00a0Tout un monde\u00a0\u00bb sur la RTS\">\r\n\t\t<img loading=\"lazy\" decoding=\"async\" width=\"500\" height=\"250\" src=\"https:\/\/www.hirondelle.org\/wp-content\/uploads\/2025\/08\/Radio_Television_Suisse_2011_logo.svg_-500x250.png\" class=\"d-block w-100 h-auto wp-post-image\" alt=\"\" \/>\t<\/a>\r\n\t\t<a class=\"post-title\" href=\"https:\/\/www.hirondelle.org\/fr\/ousmane-mamoudou-redacteur-en-chef-adjoint-de-studio-kalangou-au-niger-dans-tout-un-monde-sur-la-rts\" title=\"Ousmane Mamoudou, r\u00e9dacteur en chef adjoint de Studio Kalangou au Niger, dans \u00ab\u00a0Tout un monde\u00a0\u00bb sur la RTS\" rel=\"bookmark\">\r\n\t\tOusmane Mamoudou, r\u00e9dacteur en chef adjoint de Studio Kalangou au Niger, dans \u00ab\u00a0Tout un monde\u00a0\u00bb sur la RTS\t<\/a>\r\n\t<\/article><\/div><div class=\"col-md-3 post d-flex align-items-stretch\"><article id=\"post-11208\" class=\"articleList-item post-11208  post\">\r\n\t<a class=\"post-thumb\" href=\"https:\/\/www.hirondelle.org\/fr\/un-article-de-studio-kalangou-repris-par-le-courrier-international\" title=\"Un article de Studio Kalangou repris par le Courrier International\">\r\n\t\t<img loading=\"lazy\" decoding=\"async\" width=\"500\" height=\"250\" src=\"https:\/\/www.hirondelle.org\/wp-content\/uploads\/from-joomla\/aee6b7eabcfbb7f95c4f7ee66e00ef27-500x250.jpg\" class=\"d-block w-100 h-auto wp-post-image\" alt=\"\" \/>\t<\/a>\r\n\t\t<a class=\"post-title\" href=\"https:\/\/www.hirondelle.org\/fr\/un-article-de-studio-kalangou-repris-par-le-courrier-international\" title=\"Un article de Studio Kalangou repris par le Courrier International\" rel=\"bookmark\">\r\n\t\tUn article de Studio Kalangou repris par le Courrier International\t<\/a>\r\n\t<\/article><\/div><div class=\"col-md-3 post d-flex align-items-stretch\"><article id=\"post-2094\" class=\"articleList-item post-2094  post\">\r\n\t<a class=\"post-thumb\" href=\"https:\/\/www.hirondelle.org\/fr\/journalisme-solutions-resilience-communautes-impacts-changement-climatique\" title=\"Journalisme de solutions : Accro\u00eetre la r\u00e9silience des communaut\u00e9s face aux impacts du changement climatique\">\r\n\t\t<img loading=\"lazy\" decoding=\"async\" width=\"500\" height=\"250\" src=\"https:\/\/www.hirondelle.org\/wp-content\/uploads\/from-joomla\/ad178b2914f200f2125e1e10c5f607c1-500x250.jpg\" class=\"d-block w-100 h-auto wp-post-image\" alt=\"\" \/>\t<\/a>\r\n\t\t<a class=\"post-title\" href=\"https:\/\/www.hirondelle.org\/fr\/journalisme-solutions-resilience-communautes-impacts-changement-climatique\" title=\"Journalisme de solutions : Accro\u00eetre la r\u00e9silience des communaut\u00e9s face aux impacts du changement climatique\" rel=\"bookmark\">\r\n\t\tJournalisme de solutions : Accro\u00eetre la r\u00e9silience des communaut\u00e9s face aux impacts du changement climatique\t<\/a>\r\n\t<\/article><\/div><div class=\"col-md-3 post d-flex align-items-stretch\"><article id=\"post-2056\" class=\"articleList-item post-2056  post\">\r\n\t<a class=\"post-thumb\" href=\"https:\/\/www.hirondelle.org\/fr\/couverture-de-la-cop28-par-l-envoye-special-de-la-fondation-hirondelle-a-dubai\" title=\"Couverture de la COP28 par l\u2019envoy\u00e9 sp\u00e9cial de la Fondation Hirondelle \u00e0 Duba\u00ef\">\r\n\t\t<img loading=\"lazy\" decoding=\"async\" width=\"500\" height=\"250\" src=\"https:\/\/www.hirondelle.org\/wp-content\/uploads\/from-joomla\/0a929a0acf9e8cab5ca6ee8f8f645908-500x250.jpg\" class=\"d-block w-100 h-auto wp-post-image\" alt=\"\" \/>\t<\/a>\r\n\t\t<a class=\"post-title\" href=\"https:\/\/www.hirondelle.org\/fr\/couverture-de-la-cop28-par-l-envoye-special-de-la-fondation-hirondelle-a-dubai\" title=\"Couverture de la COP28 par l\u2019envoy\u00e9 sp\u00e9cial de la Fondation Hirondelle \u00e0 Duba\u00ef\" rel=\"bookmark\">\r\n\t\tCouverture de la COP28 par l\u2019envoy\u00e9 sp\u00e9cial de la Fondation Hirondelle \u00e0 Duba\u00ef\t<\/a>\r\n\t<\/article><\/div><\/div><\/div>\t<div class=\"text-center\">\r\n\t\t<a class=\"btn btn-fh-green\" href=\"https:\/\/www.hirondelle.org\/fr\/tag\/expertise-environnement-et-changement-climatique\">Voir plus d&rsquo;articles<\/a>\r\n\t<\/div>\r\n\t","protected":false},"excerpt":{"rendered":"<p>Face aux d\u00e9fis pressants du changement climatique, le journalisme permet de rendre visible l&rsquo;impact de la crise \u00e9cologique, tout en donnant une voix aux communaut\u00e9s les plus touch\u00e9es, et de partager des solutions \u00e9mergentes pour favoriser l\u2019adaptation des populations. La Fondation Hirondelle r\u00e9pond aux d\u00e9fis environnementaux en initiant et soutenant une approche \u00e0 la fois [&hellip;]<\/p>\n","protected":false},"author":9,"featured_media":0,"parent":276,"menu_order":5,"comment_status":"closed","ping_status":"closed","template":"page-without-column.php","meta":{"_acf_changed":false,"footnotes":""},"class_list":["post-11587","page","type-page","status-publish","hentry"],"acf":[],"publishpress_future_action":{"enabled":false,"date":"2026-04-20 18:36:10","action":"change-status","newStatus":"draft","terms":[],"taxonomy":"translation_priority","extraData":[]},"publishpress_future_workflow_manual_trigger":{"enabledWorkflows":[]},"_links":{"self":[{"href":"https:\/\/www.hirondelle.org\/fr\/wp-json\/wp\/v2\/pages\/11587","targetHints":{"allow":["GET"]}}],"collection":[{"href":"https:\/\/www.hirondelle.org\/fr\/wp-json\/wp\/v2\/pages"}],"about":[{"href":"https:\/\/www.hirondelle.org\/fr\/wp-json\/wp\/v2\/types\/page"}],"author":[{"embeddable":true,"href":"https:\/\/www.hirondelle.org\/fr\/wp-json\/wp\/v2\/users\/9"}],"replies":[{"embeddable":true,"href":"https:\/\/www.hirondelle.org\/fr\/wp-json\/wp\/v2\/comments?post=11587"}],"version-history":[{"count":40,"href":"https:\/\/www.hirondelle.org\/fr\/wp-json\/wp\/v2\/pages\/11587\/revisions"}],"predecessor-version":[{"id":23655,"href":"https:\/\/www.hirondelle.org\/fr\/wp-json\/wp\/v2\/pages\/11587\/revisions\/23655"}],"up":[{"embeddable":true,"href":"https:\/\/www.hirondelle.org\/fr\/wp-json\/wp\/v2\/pages\/276"}],"wp:attachment":[{"href":"https:\/\/www.hirondelle.org\/fr\/wp-json\/wp\/v2\/media?parent=11587"}],"curies":[{"name":"wp","href":"https:\/\/api.w.org\/{rel}","templated":true}]}}