{"id":11664,"date":"2024-09-17T18:53:44","date_gmt":"2024-09-17T16:53:44","guid":{"rendered":"https:\/\/www.hirondelle.org\/?page_id=11664"},"modified":"2026-02-25T16:44:38","modified_gmt":"2026-02-25T15:44:38","slug":"me-desinformation","status":"publish","type":"page","link":"https:\/\/www.hirondelle.org\/fr\/nos-expertises\/me-desinformation","title":{"rendered":"M\u00e9-D\u00e9sinformation"},"content":{"rendered":"\n<div class=\"wp-block-columns is-layout-flex wp-container-core-columns-is-layout-9d6595d7 wp-block-columns-is-layout-flex\">\n<div class=\"wp-block-column is-layout-flow wp-block-column-is-layout-flow\" style=\"flex-basis:33.33%\">\n<figure class=\"wp-block-pullquote\"><blockquote><p>Des m\u00e9dias fiables et ind\u00e9pendants sont essentiels pour fournir des faits v\u00e9rifi\u00e9s, contrer les rumeurs et garantir un d\u00e9bat public \u00e9clair\u00e9. <br><br>Le journalisme permet de savoir distinguer un fait d\u2019un mensonge, en particulier dans des contextes fragiles, o\u00f9 la d\u00e9sinformation est souvent la premi\u00e8re arme \u00e0 \u00eatre d\u00e9ploy\u00e9e.<br><\/p><\/blockquote><\/figure>\n<\/div>\n\n\n\n<div class=\"wp-block-column is-layout-flow wp-block-column-is-layout-flow\" style=\"flex-basis:66.66%\">\n<figure class=\"wp-block-embed alignright is-type-video is-provider-youtube wp-block-embed-youtube wp-embed-aspect-16-9 wp-has-aspect-ratio\"><div class=\"wp-block-embed__wrapper\">\n<iframe loading=\"lazy\" title=\"Vunja Uongo &quot;Briser le mensonge&quot; : le travail du Studio Hirondelle en RDC\" width=\"500\" height=\"281\" src=\"https:\/\/www.youtube.com\/embed\/2BtBk1VPYEg?feature=oembed\" frameborder=\"0\" allow=\"accelerometer; autoplay; clipboard-write; encrypted-media; gyroscope; picture-in-picture; web-share\" referrerpolicy=\"strict-origin-when-cross-origin\" allowfullscreen><\/iframe>\n<\/div><\/figure>\n\n\n\n<p>La Fondation Hirondelle s\u2019engage \u00e0 d\u00e9fendre l\u2019int\u00e9grit\u00e9 de l\u2019information en mettant en \u0153uvre des principes fondamentaux du journalisme. Nous nous appuyons sur une double approche : s\u2019en tenir aux faits et cr\u00e9er de la confiance. Pour garantir des informations fiables, nous assurons au sein de nos programmes m\u00e9diatiques une ind\u00e9pendance \u00e9ditoriale stricte, une v\u00e9rification rigoureuse des sources des informations, et une r\u00e9activit\u00e9 optimale afin de traiter l\u2019information sur le terrain, en \u00e9vitant que les rumeurs ne comblent les lacunes. Nous veillons \u00e0 une pr\u00e9sentation claire et proportionn\u00e9e des faits pour \u00e9viter la confusion entre information et opinion, tout en fournissant des formations ad\u00e9quates aux journalistes (sur les principes et techniques de base du journalisme, et sur les nouveaux outils du \u00ab&nbsp;debunking&nbsp;\u00bb et du \u00ab&nbsp;fact-checking&nbsp;\u00bb) pour qu\u2019ils puissent faire face aux d\u00e9fis de la d\u00e9sinformation.<\/p>\n\n\n\n<p>En parall\u00e8le, nous nous concentrons sur la construction de la confiance avec nos publics et b\u00e9n\u00e9ficiaires de nos programmes en adoptant une approche de proximit\u00e9 et d\u2019inclusivit\u00e9. Nos programmes m\u00e9diatiques et m\u00e9dias partenaires s\u2019efforcent de parler aux gens dans leurs langues, de traiter des sujets pertinents pour eux, et de maintenir une transparence totale sur leurs pratiques et financements. Nous mettons en place des programmes de dialogue inclusifs et des outils de monitoring pour identifier et contrer les vecteurs de d\u00e9sinformation. En outre, nous nous engageons dans l\u2019\u00e9ducation aux m\u00e9dias pour permettre aux citoyens, y compris dans les contextes les plus difficiles et fragiles, de d\u00e9velopper un esprit critique face aux informations qu\u2019ils consomment. Gr\u00e2ce \u00e0 ces efforts, nous visons \u00e0 renforcer la r\u00e9silience des communaut\u00e9s face \u00e0 la d\u00e9sinformation et \u00e0 promouvoir un d\u00e9bat public bas\u00e9 sur des faits v\u00e9rifi\u00e9s et fiables.<\/p>\n<\/div>\n<\/div>\n\n\n\n<h3 class=\"wp-block-heading\"><br>Exemples d\u2019op\u00e9rations m\u00e9diatiques<br><\/h3>\n\n\n\n<div class=\"wp-block-group has-global-padding is-layout-constrained wp-block-group-is-layout-constrained\">\n<h4 class=\"wp-block-heading\">Mali&nbsp;<\/h4>\n\n\n\n<figure class=\"wp-block-image alignright size-full is-resized\"><img loading=\"lazy\" decoding=\"async\" width=\"988\" height=\"659\" src=\"https:\/\/www.hirondelle.org\/wp-content\/uploads\/2024\/09\/box-mali-2-1.jpg\" alt=\"\" class=\"wp-image-11912\" style=\"width:357px;height:auto\" srcset=\"https:\/\/www.hirondelle.org\/wp-content\/uploads\/2024\/09\/box-mali-2-1.jpg 988w, https:\/\/www.hirondelle.org\/wp-content\/uploads\/2024\/09\/box-mali-2-1-300x200.jpg 300w, https:\/\/www.hirondelle.org\/wp-content\/uploads\/2024\/09\/box-mali-2-1-768x512.jpg 768w\" sizes=\"auto, (max-width: 988px) 100vw, 988px\" \/><\/figure>\n\n\n\n<p>Au Mali, le programme Studio Tamani cr\u00e9\u00e9 et mis en \u0153uvre par la Fondation Hirondelle est devenu un acteur cl\u00e9 dans la lutte contre la d\u00e9sinformation dans le pays. Gr\u00e2ce \u00e0 son \u00e9quipe de journalistes maliens et \u00e0 son r\u00e9seau de correspondants unique \u00e0 travers le pays, Studio Tamani fournit chaque jour \u00e0 plus de 3 millions de personnes une information v\u00e9rifi\u00e9e au c\u0153ur d\u2019un contexte sah\u00e9lien o\u00f9 la d\u00e9sinformation peut s&rsquo;av\u00e9rer particuli\u00e8rement d\u00e9stabilisante. Le programme d\u00e9ploie une gamme de formats m\u00e9diatiques, allant des reportages approfondis aux d\u00e9bats publics, pour contrer les rumeurs et promouvoir une compr\u00e9hension claire des enjeux actuels. En parall\u00e8le, Studio Tamani forme les journalistes locaux pour am\u00e9liorer leur capacit\u00e9 \u00e0 traiter l&rsquo;information de mani\u00e8re rigoureuse et objective. Gr\u00e2ce \u00e0 cet effort combin\u00e9, Studio Tamani joue un r\u00f4le crucial dans le maintien d&rsquo;un d\u00e9bat public \u00e9clair\u00e9 et la promotion d&rsquo;une information fiable au Mali. <a href=\"\/fr\/que-faisons-nous\/operations\/geographiques\/afrique\/mali\">Voir le projet<\/a><\/p>\n\n\n\n<p><\/p>\n<\/div>\n\n\n\n<p><br><\/p>\n\n\n\n<div class=\"wp-block-group has-global-padding is-layout-constrained wp-block-group-is-layout-constrained\">\n<figure class=\"wp-block-image alignleft size-full is-resized\"><img loading=\"lazy\" decoding=\"async\" width=\"989\" height=\"659\" src=\"https:\/\/www.hirondelle.org\/wp-content\/uploads\/2024\/09\/box-rca-3.jpg\" alt=\"\" class=\"wp-image-11916\" style=\"width:368px;height:auto\" srcset=\"https:\/\/www.hirondelle.org\/wp-content\/uploads\/2024\/09\/box-rca-3.jpg 989w, https:\/\/www.hirondelle.org\/wp-content\/uploads\/2024\/09\/box-rca-3-300x200.jpg 300w, https:\/\/www.hirondelle.org\/wp-content\/uploads\/2024\/09\/box-rca-3-768x512.jpg 768w\" sizes=\"auto, (max-width: 989px) 100vw, 989px\" \/><\/figure>\n\n\n\n<h4 class=\"wp-block-heading\">R\u00e9publique Centrafricaine<\/h4>\n\n\n\n<p>En R\u00e9publique centrafricaine, Radio Ndeke Luka, le premier m\u00e9dia du pays en audience, cr\u00e9\u00e9 et soutenu par la Fondation Hirondelle joue un r\u00f4le central dans la lutte contre la m\u00e9-d\u00e9sinformation qui menace la coh\u00e9sion sociale et la stabilit\u00e9 du pays. En diffusant des informations fiables, accessibles et v\u00e9rifi\u00e9es, Radio Ndeke Luka offre une alternative essentielle aux rumeurs et manipulations diffus\u00e9es par diverses sources internes et externes au pays. Le programme met \u00e9galement l&rsquo;accent sur l&rsquo;\u00e9ducation aux m\u00e9dias, en aidant le public \u00e0 mieux comprendre et d\u00e9crypter l&rsquo;information qu&rsquo;ils consomment. Des programmes de sensibilisation communautaire sont organis\u00e9s par les \u00e9quipes de Radio Ndeke Luka sur le terrain, dans les villes et villages, en s\u2019appuyant sur les programmes diffus\u00e9s par la radio. Radio Ndeke Luka contribue ainsi \u00e0 renforcer la r\u00e9silience des communaut\u00e9s face \u00e0 la d\u00e9sinformation, tout en favorisant un d\u00e9bat public bas\u00e9 sur les faits. <a href=\"\/fr\/que-faisons-nous\/operations\/geographiques\/afrique\/republique-centrafricaine\">Voir le projet<\/a><br><br><br><\/p>\n<\/div>\n\n\n\n<div class=\"wp-block-group has-global-padding is-layout-constrained wp-block-group-is-layout-constrained\">\n<h4 class=\"wp-block-heading\">Niger<\/h4>\n\n\n\n<figure class=\"wp-block-image alignright size-full is-resized\"><img loading=\"lazy\" decoding=\"async\" width=\"5568\" height=\"3712\" src=\"https:\/\/www.hirondelle.org\/wp-content\/uploads\/2026\/02\/Salamatou-Kadri-journaliste-du-media-Kalangou-realise-linterview-dun-commercant-du-quartier-Harobanda-sur-la-question-de-la-cherte-de-la-citrouille.-.jpg\" alt=\"\" class=\"wp-image-23716\" style=\"aspect-ratio:1.500066024032748;width:456px;height:auto\"\/><\/figure>\n\n\n\n<p>Le Studio de la Fondation Hirondelle au Niger, <a href=\"https:\/\/www.studiokalangou.org\/\">Studio Kalangou<\/a>, s\u2019engage pour renforcer l\u2019int\u00e9grit\u00e9 de l\u2019information. Sur le plan \u00e9ditorial, le studio produit des programmes de <em>debunking<\/em> de sujets viraux et publie des articles de v\u00e9rification des faits <a href=\"https:\/\/www.studiokalangou.org\/\">sur son site internet<\/a>. Chaque jeudi, le studio diffuse \u00e9galement une chronique radio consacr\u00e9e \u00e0 l\u2019\u00e9ducation aux m\u00e9dias et \u00e0 l\u2019information (EMI). <\/p>\n\n\n\n<p>Studio Kalangou organise des sessions de sensibilisation \u00e0 destination des \u00e9tudiants et des \u00e9l\u00e8ves, un dispositif appel\u00e9 \u00e0 s\u2019\u00e9largir gr\u00e2ce \u00e0 la mise en place d\u2019un pool de journalistes-formateurs \u00e0 l\u2019int\u00e9rieur du pays, afin de toucher des publics plus larges et diversifi\u00e9s. Studio Kalangou s\u2019engage enfin contre la d\u00e9sinformation \u00e0 travers la formation des journalistes \u00e0 ces enjeux. Il applique et s\u2019assure du respect de la Charte Editoriale et du code d\u00e9ontologique de l\u2019espace num\u00e9rique&nbsp;; contribue au d\u00e9veloppement des comp\u00e9tences digitales de l\u2019\u00e9quipe par la formation et l\u2019accompagnement quotidiens&nbsp;; sensibilise l\u2019\u00e9quipe aux enjeux \u00e9thiques du journalisme en ligne (protection des sources, donn\u00e9es personnelles, cybers\u00e9curit\u00e9)&nbsp;; et accompagne les journalistes dans le traitement de sujets sensibles en ligne (d\u00e9sinformation, discours de haine, manipulation).<\/p>\n\n\n\n<p><a href=\"https:\/\/www.hirondelle.org\/fr\/que-faisons-nous\/operations\/geographiques\/afrique\/studio-kalangou-niger\">Voir le projet<\/a><\/p>\n\n\n\n<p><\/p>\n\n\n\n<div style=\"height:20px\" aria-hidden=\"true\" class=\"wp-block-spacer\"><\/div>\n\n\n\n<figure class=\"wp-block-gallery alignleft has-nested-images columns-default is-cropped wp-block-gallery-1 is-layout-flex wp-block-gallery-is-layout-flex\">\n<figure class=\"wp-block-image alignleft size-full\"><img loading=\"lazy\" decoding=\"async\" width=\"2560\" height=\"1821\" data-id=\"17993\" src=\"https:\/\/www.hirondelle.org\/wp-content\/uploads\/2025\/04\/Fondation-Hirondelle_Boali_correspondant_18.12.2023-4-scaled.jpg\" alt=\"\" class=\"wp-image-17993\" style=\"aspect-ratio:1.3333333333333333;object-fit:cover\" srcset=\"https:\/\/www.hirondelle.org\/wp-content\/uploads\/2025\/04\/Fondation-Hirondelle_Boali_correspondant_18.12.2023-4-scaled.jpg 2560w, https:\/\/www.hirondelle.org\/wp-content\/uploads\/2025\/04\/Fondation-Hirondelle_Boali_correspondant_18.12.2023-4-300x213.jpg 300w, https:\/\/www.hirondelle.org\/wp-content\/uploads\/2025\/04\/Fondation-Hirondelle_Boali_correspondant_18.12.2023-4-768x546.jpg 768w, https:\/\/www.hirondelle.org\/wp-content\/uploads\/2025\/04\/Fondation-Hirondelle_Boali_correspondant_18.12.2023-4-1536x1093.jpg 1536w, https:\/\/www.hirondelle.org\/wp-content\/uploads\/2025\/04\/Fondation-Hirondelle_Boali_correspondant_18.12.2023-4-2048x1457.jpg 2048w\" sizes=\"auto, (max-width: 2560px) 100vw, 2560px\" \/><\/figure>\n<\/figure>\n\n\n\n<div class=\"wp-block-group has-global-padding is-layout-constrained wp-block-group-is-layout-constrained\">\n<h4 class=\"wp-block-heading\">R\u00e9publique d\u00e9mocratique du Congo<\/h4>\n\n\n\n<p>En R\u00e9publique d\u00e9mocratique du Congo, Studio Hirondelle-RDC s&rsquo;engage contre la d\u00e9sinformation. Sa cellule de journalisme de v\u00e9rification et d&rsquo;analyse de la d\u00e9sinformation produit l&rsquo;\u00e9mission <em>Vunja Uongo<\/em> (<em>briser le mensonge<\/em>&nbsp;en swahili), qui d\u00e9crypte les principales rumeurs circulant au sein de la population, et d\u00e9ment les fausses informations. Les fact-check sont \u00e9galement diffus\u00e9s sous des formats num\u00e9riques, notamment sur&nbsp;<a href=\"https:\/\/www.tiktok.com\/@hirondellerdc\" target=\"_blank\" rel=\"noreferrer noopener\">Tik Tok<\/a>&nbsp;ou&nbsp;<a href=\"https:\/\/www.instagram.com\/hirondellerdc\/\" target=\"_blank\" rel=\"noreferrer noopener\">Instagram<\/a>. De plus, un projet pilote soutenu par le FPI utilisant l\u2019IA pour lutter contre la d\u00e9sinformation et les discours de haine est actuellement d\u00e9velopp\u00e9 \u00e0 l\u2019est de la RDC. Gr\u00e2ce au traitement du langage naturel (NLP \u2013 outil d\u2019IA), des radios communautaires \u00e0 l\u2019Est du pays sont monitor\u00e9es et les propos violents y sont d\u00e9tect\u00e9s. En r\u00e9ponse \u00e0 ces discours de haine et ces fausses informations, des contenus radiophoniques adapt\u00e9s sont diffus\u00e9s.<a href=\"https:\/\/www.studiohirondellerdc.org\/%f0%9f%8e%a7-aucun-element-factuel-ni-communication-officielle-ne-confirme-la-presence-de-joseph-kabila-a-goma-le-18-avril\"><\/a><\/p>\n\n\n\n<p><a href=\"https:\/\/www.hirondelle.org\/fr\/que-faisons-nous\/operations\/geographiques\/afrique\/republique-democratique-du-congo\">Voir le projet<\/a><br><br><\/p>\n<\/div>\n<\/div>\n\n\n\n<h3 class=\"wp-block-heading\">Documents de R\u00e9f\u00e9rence<\/h3>\n\n\n\n<p>La Fondation Hirondelle anime une r\u00e9flexion et des \u00e9changes r\u00e9guliers avec ses \u00e9quipes de journalistes et m\u00e9dias partenaires sur le terrain, et avec des acteurs de la recherche et du monitoring de la d\u00e9sinformation. Elle a con\u00e7u une note de cadrage r\u00e9sumant son approche, et ses recommandations pour les acteurs concern\u00e9s.<\/p>\n\n\n\n<p>Retrouvez nos notes de cadrage \/ policy paper : <\/p>\n\n\n\n<p><a href=\"https:\/\/www.hirondelle.org\/wp-content\/uploads\/2025\/06\/Note-Desinformation-FH-2025.pdf\">\u00ab Renforcer l\u2019int\u00e9grit\u00e9 de l\u2019information : vers une approche pr\u00e9ventive et inclusive face \u00e0 la d\u00e9sinformation \u00bb<\/a>&nbsp;(2025)<\/p>\n\n\n\n<p><a href=\"\/fr\/s-en-tenir-aux-faits-creer-de-la-confiance-notre-reponse-a-la-desinformation\" target=\"_blank\" rel=\"noreferrer noopener\">\u00ab\u00a0S\u2019en tenir aux faits, cr\u00e9er de la confiance : notre rem\u00e8de \u00e0 la d\u00e9sinformation\u00a0\u00bb<\/a> (2021)<\/p>\n\n\n\n<p>M\u00e9diation&nbsp;: \u00ab&nbsp;<a href=\"\/fr\/newsletter\/233-le-journalisme-a-l-epreuve-des-faits-qdn-51-mars-2017\" target=\"_blank\" rel=\"noreferrer noopener\">Le journalisme \u00e0 l\u2019\u00e9preuve des faits&nbsp;<\/a>\u00bb<\/p>\n\n\n\n<p>M\u00e9diation&nbsp;: \u00ab&nbsp;<a href=\"\/fr\/blog\/1041-informer-malgre-les-reseaux-sociaux-mediation-n-4\" target=\"_blank\" rel=\"noreferrer noopener\">Informer malgr\u00e9 les r\u00e9seaux sociaux&nbsp;<\/a>\u00bb<\/p>\n\n\n\n<p>M\u00e9diation&nbsp;: \u00ab&nbsp;<a href=\"\/fr\/notre-actualite\/1360-les-medias-au-service-de-l-education-mediation-n-6-decembre-2020\" target=\"_blank\" rel=\"noreferrer noopener\">Les m\u00e9dias au service de l\u2019\u00e9ducation&nbsp;<\/a>\u00bb<\/p>\n\n\n\n<p>M\u00e9diation&nbsp;: \u00ab&nbsp;<a href=\"\/fr\/newsletter\/1979-journalisme-et-democratie-mediation-n-11-juillet-2023\" target=\"_blank\" rel=\"noreferrer noopener\">Journalisme et d\u00e9mocratie&nbsp;<\/a>\u00bb<br><br><br><\/p>\n\n\n\n<div class=\"wp-block-group p-3 backgroundedBlock--gray h-100 has-global-padding is-layout-constrained wp-block-group-is-layout-constrained\">\n<h4 class=\"wp-block-heading has-text-align-center\">D\u00e9couvrez nos recherches sur ces th\u00e9matiques <a href=\"\/fr\/que-faisons-nous\/partage-des-savoirs\/recherche-et-apprentissage#openDetail=desinformation\" target=\"_blank\" rel=\"noreferrer noopener\"><span style=\"text-decoration: underline;\">en cliquant ici<\/span><\/a><\/h4>\n<\/div>\n\n\n\n<h3 class=\"wp-block-heading\"><br>Articles associ\u00e9s<\/h3>\n\n\n<div data-truc=\"list69dd066f59d90\" class=\"\"><div class=\"row list\"><div class=\"col-md-3 post d-flex align-items-stretch\"><article id=\"post-21766\" class=\"articleList-item post-21766  post\">\r\n\t<a class=\"post-thumb\" href=\"https:\/\/www.hirondelle.org\/fr\/linformation-face-au-defi-de-lintelligence-artificielle-mediation-n16-decembre-2025\" title=\"L&rsquo;information face au d\u00e9fi de l&rsquo;intelligence artificielle \u2013 M\u00e9diation N\u00b016, D\u00e9cembre 2025\">\r\n\t\t<img loading=\"lazy\" decoding=\"async\" width=\"500\" height=\"250\" src=\"https:\/\/www.hirondelle.org\/wp-content\/uploads\/2025\/12\/000_1AP31T-500x250.jpg\" class=\"d-block w-100 h-auto wp-post-image\" alt=\"\" \/>\t<\/a>\r\n\t\t<a class=\"post-title\" href=\"https:\/\/www.hirondelle.org\/fr\/linformation-face-au-defi-de-lintelligence-artificielle-mediation-n16-decembre-2025\" title=\"L&rsquo;information face au d\u00e9fi de l&rsquo;intelligence artificielle \u2013 M\u00e9diation N\u00b016, D\u00e9cembre 2025\" rel=\"bookmark\">\r\n\t\tL&rsquo;information face au d\u00e9fi de l&rsquo;intelligence artificielle \u2013 M\u00e9diation N\u00b016, D\u00e9cembre 2025\t<\/a>\r\n\t<\/article><\/div><div class=\"col-md-3 post d-flex align-items-stretch\"><article id=\"post-21797\" class=\"articleList-item post-21797  post\">\r\n\t<a class=\"post-thumb\" href=\"https:\/\/www.hirondelle.org\/fr\/linformation-face-au-defi-de-lintelligence-artificielle\" title=\"L\u2019information face au d\u00e9fi de l&rsquo;intelligence artificielle\">\r\n\t\t<img loading=\"lazy\" decoding=\"async\" width=\"500\" height=\"250\" src=\"https:\/\/www.hirondelle.org\/wp-content\/uploads\/2025\/12\/000_1AP31T-500x250.jpg\" class=\"d-block w-100 h-auto wp-post-image\" alt=\"\" \/>\t<\/a>\r\n\t\t<a class=\"post-title\" href=\"https:\/\/www.hirondelle.org\/fr\/linformation-face-au-defi-de-lintelligence-artificielle\" title=\"L\u2019information face au d\u00e9fi de l&rsquo;intelligence artificielle\" rel=\"bookmark\">\r\n\t\tL\u2019information face au d\u00e9fi de l&rsquo;intelligence artificielle\t<\/a>\r\n\t<\/article><\/div><div class=\"col-md-3 post d-flex align-items-stretch\"><article id=\"post-21803\" class=\"articleList-item post-21803  post\">\r\n\t<a class=\"post-thumb\" href=\"https:\/\/www.hirondelle.org\/fr\/ia-et-journalisme-une-approche-centree-sur-la-responsabilite-humaine\" title=\"IA et journalisme : une approche centr\u00e9e sur la responsabilit\u00e9 humaine\">\r\n\t\t<img loading=\"lazy\" decoding=\"async\" width=\"500\" height=\"250\" src=\"https:\/\/www.hirondelle.org\/wp-content\/uploads\/2025\/12\/JournalisteMali-500x250.png\" class=\"d-block w-100 h-auto wp-post-image\" alt=\"\" \/>\t<\/a>\r\n\t\t<a class=\"post-title\" href=\"https:\/\/www.hirondelle.org\/fr\/ia-et-journalisme-une-approche-centree-sur-la-responsabilite-humaine\" title=\"IA et journalisme : une approche centr\u00e9e sur la responsabilit\u00e9 humaine\" rel=\"bookmark\">\r\n\t\tIA et journalisme : une approche centr\u00e9e sur la responsabilit\u00e9 humaine\t<\/a>\r\n\t<\/article><\/div><div class=\"col-md-3 post d-flex align-items-stretch\"><article id=\"post-21780\" class=\"articleList-item post-21780  post\">\r\n\t<a class=\"post-thumb\" href=\"https:\/\/www.hirondelle.org\/fr\/lia-un-changement-radical-dans-lecosysteme-dinformations\" title=\"L\u2019IA, un changement radical dans l&rsquo;\u00e9cosyst\u00e8me d&rsquo;informations\">\r\n\t\t<img loading=\"lazy\" decoding=\"async\" width=\"500\" height=\"250\" src=\"https:\/\/www.hirondelle.org\/wp-content\/uploads\/2025\/12\/Inde-mediation-article-phtoo-500x250.png\" class=\"d-block w-100 h-auto wp-post-image\" alt=\"\" \/>\t<\/a>\r\n\t\t<a class=\"post-title\" href=\"https:\/\/www.hirondelle.org\/fr\/lia-un-changement-radical-dans-lecosysteme-dinformations\" title=\"L\u2019IA, un changement radical dans l&rsquo;\u00e9cosyst\u00e8me d&rsquo;informations\" rel=\"bookmark\">\r\n\t\tL\u2019IA, un changement radical dans l&rsquo;\u00e9cosyst\u00e8me d&rsquo;informations\t<\/a>\r\n\t<\/article><\/div><\/div><\/div>\t<div class=\"text-center\">\r\n\t\t<a class=\"btn btn-fh-green\" href=\"https:\/\/www.hirondelle.org\/fr\/tag\/expertise-me-desinformation\">Voir plus d&rsquo;articles<\/a>\r\n\t<\/div>\r\n\t","protected":false},"excerpt":{"rendered":"<p>Des m\u00e9dias fiables et ind\u00e9pendants sont essentiels pour fournir des faits v\u00e9rifi\u00e9s, contrer les rumeurs et garantir un d\u00e9bat public \u00e9clair\u00e9. Le journalisme permet de savoir distinguer un fait d\u2019un mensonge, en particulier dans des contextes fragiles, o\u00f9 la d\u00e9sinformation est souvent la premi\u00e8re arme \u00e0 \u00eatre d\u00e9ploy\u00e9e. La Fondation Hirondelle s\u2019engage \u00e0 d\u00e9fendre l\u2019int\u00e9grit\u00e9 [&hellip;]<\/p>\n","protected":false},"author":9,"featured_media":0,"parent":276,"menu_order":9,"comment_status":"closed","ping_status":"closed","template":"page-without-column.php","meta":{"_acf_changed":false,"footnotes":""},"class_list":["post-11664","page","type-page","status-publish","hentry"],"acf":[],"publishpress_future_action":{"enabled":false,"date":"2026-04-20 17:06:23","action":"change-status","newStatus":"draft","terms":[],"taxonomy":"translation_priority","extraData":[]},"publishpress_future_workflow_manual_trigger":{"enabledWorkflows":[]},"_links":{"self":[{"href":"https:\/\/www.hirondelle.org\/fr\/wp-json\/wp\/v2\/pages\/11664","targetHints":{"allow":["GET"]}}],"collection":[{"href":"https:\/\/www.hirondelle.org\/fr\/wp-json\/wp\/v2\/pages"}],"about":[{"href":"https:\/\/www.hirondelle.org\/fr\/wp-json\/wp\/v2\/types\/page"}],"author":[{"embeddable":true,"href":"https:\/\/www.hirondelle.org\/fr\/wp-json\/wp\/v2\/users\/9"}],"replies":[{"embeddable":true,"href":"https:\/\/www.hirondelle.org\/fr\/wp-json\/wp\/v2\/comments?post=11664"}],"version-history":[{"count":43,"href":"https:\/\/www.hirondelle.org\/fr\/wp-json\/wp\/v2\/pages\/11664\/revisions"}],"predecessor-version":[{"id":23725,"href":"https:\/\/www.hirondelle.org\/fr\/wp-json\/wp\/v2\/pages\/11664\/revisions\/23725"}],"up":[{"embeddable":true,"href":"https:\/\/www.hirondelle.org\/fr\/wp-json\/wp\/v2\/pages\/276"}],"wp:attachment":[{"href":"https:\/\/www.hirondelle.org\/fr\/wp-json\/wp\/v2\/media?parent=11664"}],"curies":[{"name":"wp","href":"https:\/\/api.w.org\/{rel}","templated":true}]}}