{"id":11691,"date":"2024-09-17T19:23:54","date_gmt":"2024-09-17T17:23:54","guid":{"rendered":"https:\/\/www.hirondelle.org\/?page_id=11691"},"modified":"2026-01-06T17:17:48","modified_gmt":"2026-01-06T16:17:48","slug":"justice-et-reconciliation","status":"publish","type":"page","link":"https:\/\/www.hirondelle.org\/fr\/nos-expertises\/justice-et-reconciliation","title":{"rendered":"Justice et r\u00e9conciliation"},"content":{"rendered":"\n<div class=\"wp-block-columns is-layout-flex wp-container-core-columns-is-layout-9d6595d7 wp-block-columns-is-layout-flex\">\n<div class=\"wp-block-column is-layout-flow wp-block-column-is-layout-flow\" style=\"flex-basis:33.33%\">\n<figure class=\"wp-block-pullquote\"><blockquote><p><em>Pour \u00eatre rendue, la justice doit aussi \u00eatre vue. <\/em><br><br><em>En demandant aux autorit\u00e9s et aux institutions de rendre compte, le journalisme contribue \u00e0 une plus grande confiance dans l\u2019\u00e9quit\u00e9 du syst\u00e8me judiciaire.<\/em><\/p><\/blockquote><\/figure>\n<\/div>\n\n\n\n<div class=\"wp-block-column is-layout-flow wp-block-column-is-layout-flow\" style=\"flex-basis:66.66%\">\n<figure class=\"wp-block-image alignright size-large is-resized\"><img loading=\"lazy\" decoding=\"async\" width=\"1024\" height=\"764\" src=\"https:\/\/www.hirondelle.org\/wp-content\/uploads\/2024\/09\/banner-justice-reconciliation-1024x764.jpg\" alt=\"\u00a9Florent Vergnes - Lecture de jugement dans une salle de la cour de justice d\u2019un quartier de Kyiv \" class=\"wp-image-11901\" style=\"width:356px;height:auto\" srcset=\"https:\/\/www.hirondelle.org\/wp-content\/uploads\/2024\/09\/banner-justice-reconciliation-1024x764.jpg 1024w, https:\/\/www.hirondelle.org\/wp-content\/uploads\/2024\/09\/banner-justice-reconciliation-300x224.jpg 300w, https:\/\/www.hirondelle.org\/wp-content\/uploads\/2024\/09\/banner-justice-reconciliation-768x573.jpg 768w, https:\/\/www.hirondelle.org\/wp-content\/uploads\/2024\/09\/banner-justice-reconciliation-1536x1146.jpg 1536w, https:\/\/www.hirondelle.org\/wp-content\/uploads\/2024\/09\/banner-justice-reconciliation-1000x746.jpg 1000w, https:\/\/www.hirondelle.org\/wp-content\/uploads\/2024\/09\/banner-justice-reconciliation.jpg 1764w\" sizes=\"auto, (max-width: 1024px) 100vw, 1024px\" \/><figcaption class=\"wp-element-caption\">\u00a9Florent Vergnes &#8211; Lecture de jugement dans une salle de la cour de justice d\u2019un quartier de Kyiv <\/figcaption><\/figure>\n\n\n\n<p>Le principe de base est simple : si les m\u00e9dias de la haine peuvent \u00eatre des instruments de crime de masse, d\u2019autres m\u00e9dias, responsables, professionnels et pratiquant un journalisme rigoureux, peuvent contribuer \u00e0 la compr\u00e9hension mutuelle, au dialogue et au processus de r\u00e9conciliation, pour allier droit de savoir et justice. C\u2019est ainsi que la Fondation Hirondelle a cr\u00e9\u00e9 l\u2019Agence de presse Hirondelle en 1997 \u00e0 Arusha (Tanzanie), pour couvrir les proc\u00e8s du Tribunal p\u00e9nal international pour le Rwanda (TPIR).<\/p>\n\n\n\n<p>Dans tous nos projets, nous assurons la&nbsp;couverture&nbsp;des&nbsp;proc\u00e9dures&nbsp;judiciaires nationales en cours. Les populations sont ainsi au fait des d\u00e9cisions qui vont les impacter. L\u2019impartialit\u00e9 est la pierre angulaire de notre approche. M\u00eame lorsque nos journalistes font face aux crimes les plus effroyables, y compris ceux qui touchent leur communaut\u00e9, les journalistes, comme les juges, doivent se concentrer sur les faits.<\/p>\n\n\n\n<p>Dans le cas de la justice internationale et transitionnelle, ce n\u2019est pas une t\u00e2che facile. Il s\u2019agit d\u2019appr\u00e9hender des questions juridiques complexes et de les rendre accessibles au public, parfois en d\u00e9pit de menaces et d\u2019intimidations. Les m\u00e9canismes de la justice sont souvent lents, ce qui rend difficile le maintien de l\u2019int\u00e9r\u00eat du public sur une longue p\u00e9riode. De plus, rendre compte de ces affaires peut impliquer d\u2019\u00eatre t\u00e9moin des suites de certaines des pires atrocit\u00e9s humaines.<\/p>\n<\/div>\n<\/div>\n\n\n\n<h3 class=\"wp-block-heading\"><br>Exemples d\u2019op\u00e9rations m\u00e9diatiques<br><\/h3>\n\n\n\n<div class=\"wp-block-group has-global-padding is-layout-constrained wp-block-group-is-layout-constrained\">\n<h4 class=\"wp-block-heading\">Justice Info&nbsp;<\/h4>\n\n\n\n<figure class=\"wp-block-image alignright size-full is-resized\"><img loading=\"lazy\" decoding=\"async\" width=\"443\" height=\"264\" src=\"https:\/\/www.hirondelle.org\/wp-content\/uploads\/2024\/09\/box-JI.jpg\" alt=\"\" class=\"wp-image-11695\" style=\"width:357px;height:auto\" srcset=\"https:\/\/www.hirondelle.org\/wp-content\/uploads\/2024\/09\/box-JI.jpg 443w, https:\/\/www.hirondelle.org\/wp-content\/uploads\/2024\/09\/box-JI-300x179.jpg 300w\" sizes=\"auto, (max-width: 443px) 100vw, 443px\" \/><\/figure>\n\n\n\n<p>La Fondation Hirondelle h\u00e9berge une \u00e9quipe aguerrie de sp\u00e9cialistes dans ce domaine, \u00e0 travers son m\u00e9dia Justice Info. En plus de couvrir la justice internationale et transitionnelle dans le monde entier, cette \u00e9quipe aide les journalistes locaux \u00e0 acqu\u00e9rir les comp\u00e9tences n\u00e9cessaires pour traiter ces questions \u00e0 destination de leur public, que ce soit en Colombie, en Ukraine ou en R\u00e9publique d\u00e9mocratique du Congo. Justice Info produit des articles en anglais et en fran\u00e7ais, et selon les dossiers, en espagnol, en ukrainien et en russe. <br><br><a href=\"\/fr\/que-faisons-nous\/operations\/thematiques\/justice\/justice-info\">Voir le projet<\/a><\/p>\n\n\n\n<p><\/p>\n<\/div>\n\n\n\n<p><\/p>\n\n\n\n<div class=\"wp-block-group has-global-padding is-layout-constrained wp-block-group-is-layout-constrained\">\n<figure class=\"wp-block-image alignleft size-full is-resized\"><img loading=\"lazy\" decoding=\"async\" width=\"989\" height=\"659\" src=\"https:\/\/www.hirondelle.org\/wp-content\/uploads\/2024\/09\/box-rca-2-1.jpg\" alt=\"\" class=\"wp-image-11896\" style=\"width:368px;height:auto\" srcset=\"https:\/\/www.hirondelle.org\/wp-content\/uploads\/2024\/09\/box-rca-2-1.jpg 989w, https:\/\/www.hirondelle.org\/wp-content\/uploads\/2024\/09\/box-rca-2-1-300x200.jpg 300w, https:\/\/www.hirondelle.org\/wp-content\/uploads\/2024\/09\/box-rca-2-1-768x512.jpg 768w\" sizes=\"auto, (max-width: 989px) 100vw, 989px\" \/><\/figure>\n\n\n\n<h4 class=\"wp-block-heading\"><strong>Un Magazine Justice&nbsp;en Centrafrique<\/strong><\/h4>\n\n\n\n<p>Le Magazine Justice de la Radio Ndeke Luka diffus\u00e9 tous les dimanches en fran\u00e7ais et Sango est d\u00e9di\u00e9 aux questions de justice \u00e0 l\u2019antenne. Le magazine est scind\u00e9 en trois rubriques : un reportage de terrain sur le sujet, un \u00e9change avec un expert ou un sp\u00e9cialiste sur le sujet et le lexique judiciaire. Le Magazine a d\u00e9j\u00e0 trait\u00e9 plusieurs sujets vari\u00e9s \u00e0 l\u2019exemple de la Justice Transitionnelle, le Code p\u00e9nal et Code de proc\u00e9dure p\u00e9nale, la Lutte contre l\u2019Impunit\u00e9, la pratique de la vindicte populaire, l\u2019importance de la Cour P\u00e9nale Sp\u00e9ciale (CPS). La compl\u00e9mentarit\u00e9 entre la CPS et la Cour P\u00e9nale Internationale (CPI), les Violences Bas\u00e9es sur le Genre (VBG), le Fonctionnement des Cours et Tribunaux etc. <br><a href=\"\/fr\/que-faisons-nous\/operations\/geographiques\/afrique\/republique-centrafricaine\">Voir le projet<\/a><br><br><\/p>\n\n\n\n<h3 class=\"wp-block-heading\"><br>Documents de r\u00e9f\u00e9rence<\/h3>\n\n\n\n<p>M\u00e9diation N\u00b012, D\u00e9cembre 2023 \u2013  <a href=\"https:\/\/www.hirondelle.org\/wp-content\/uploads\/from-joomla\/documents\/MEDIATION_N12_FR_Justice_internationale_et_transitionnelle.pdf\">Rendre intelligible la justice internationale et transitionnelle<\/a><\/p>\n\n\n\n<h3 class=\"wp-block-heading\"><br>Articles associ\u00e9s<\/h3>\n<\/div>\n\n\n<div data-truc=\"list69de6bb57ac7d\" class=\"\"><div class=\"row list\"><div class=\"col-md-3 post d-flex align-items-stretch\"><article id=\"post-21475\" class=\"articleList-item post-21475  post\">\r\n\t<a class=\"post-thumb\" href=\"https:\/\/www.hirondelle.org\/fr\/thierry-cruvellier-redacteur-en-chef-de-justice-info-invite-sur-rfi\" title=\"Thierry Cruvellier, r\u00e9dacteur en chef de Justice Info, invit\u00e9 sur RFI\">\r\n\t\t<img loading=\"lazy\" decoding=\"async\" width=\"500\" height=\"250\" src=\"https:\/\/www.hirondelle.org\/wp-content\/uploads\/from-joomla\/df8bdc0787eb68c35292ff74fa60466b-500x250.jpg\" class=\"d-block w-100 h-auto wp-post-image\" alt=\"\" \/>\t<\/a>\r\n\t\t<a class=\"post-title\" href=\"https:\/\/www.hirondelle.org\/fr\/thierry-cruvellier-redacteur-en-chef-de-justice-info-invite-sur-rfi\" title=\"Thierry Cruvellier, r\u00e9dacteur en chef de Justice Info, invit\u00e9 sur RFI\" rel=\"bookmark\">\r\n\t\tThierry Cruvellier, r\u00e9dacteur en chef de Justice Info, invit\u00e9 sur RFI\t<\/a>\r\n\t<\/article><\/div><div class=\"col-md-3 post d-flex align-items-stretch\"><article id=\"post-21248\" class=\"articleList-item post-21248  post\">\r\n\t<a class=\"post-thumb\" href=\"https:\/\/www.hirondelle.org\/fr\/justice-pour-gaza-qui-fait-quoi-une-infographie-de-justice-info\" title=\"Justice pour Gaza\u00a0: qui fait quoi\u00a0? &#8211; Une infographie de Justice Info\">\r\n\t\t<img loading=\"lazy\" decoding=\"async\" width=\"500\" height=\"250\" src=\"https:\/\/www.hirondelle.org\/wp-content\/uploads\/2025\/11\/Gaza_justice-initiatives-carte-monde_@Justice-Info-500x250.jpg\" class=\"d-block w-100 h-auto wp-post-image\" alt=\"\" \/>\t<\/a>\r\n\t\t<a class=\"post-title\" href=\"https:\/\/www.hirondelle.org\/fr\/justice-pour-gaza-qui-fait-quoi-une-infographie-de-justice-info\" title=\"Justice pour Gaza\u00a0: qui fait quoi\u00a0? &#8211; Une infographie de Justice Info\" rel=\"bookmark\">\r\n\t\tJustice pour Gaza\u00a0: qui fait quoi\u00a0? &#8211; Une infographie de Justice Info\t<\/a>\r\n\t<\/article><\/div><div class=\"col-md-3 post d-flex align-items-stretch\"><article id=\"post-20010\" class=\"articleList-item post-20010  post\">\r\n\t<a class=\"post-thumb\" href=\"https:\/\/www.hirondelle.org\/fr\/lagonie-de-la-justice-transitionnelle-en-tunisie-un-article-de-justice-info-repris-dans-le-courrier\" title=\"\u00ab\u00a0L\u2019agonie de la justice transitionnelle en Tunisie\u00a0\u00bb \u2013 un article de Justice Info repris dans Le Courrier\">\r\n\t\t<img loading=\"lazy\" decoding=\"async\" width=\"500\" height=\"250\" src=\"https:\/\/www.hirondelle.org\/wp-content\/uploads\/from-joomla\/b9def02b6d20f4f0adb6e889f99af491-500x250.jpg\" class=\"d-block w-100 h-auto wp-post-image\" alt=\"\" \/>\t<\/a>\r\n\t\t<a class=\"post-title\" href=\"https:\/\/www.hirondelle.org\/fr\/lagonie-de-la-justice-transitionnelle-en-tunisie-un-article-de-justice-info-repris-dans-le-courrier\" title=\"\u00ab\u00a0L\u2019agonie de la justice transitionnelle en Tunisie\u00a0\u00bb \u2013 un article de Justice Info repris dans Le Courrier\" rel=\"bookmark\">\r\n\t\t\u00ab\u00a0L\u2019agonie de la justice transitionnelle en Tunisie\u00a0\u00bb \u2013 un article de Justice Info repris dans Le Courrier\t<\/a>\r\n\t<\/article><\/div><div class=\"col-md-3 post d-flex align-items-stretch\"><article id=\"post-11404\" class=\"articleList-item post-11404  post\">\r\n\t<a class=\"post-thumb\" href=\"https:\/\/www.hirondelle.org\/fr\/rapport-annuel-2023-2\" title=\"Rapport annuel 2023\">\r\n\t\t<img loading=\"lazy\" decoding=\"async\" width=\"500\" height=\"250\" src=\"https:\/\/www.hirondelle.org\/wp-content\/uploads\/from-joomla\/42433d914d50be2debde725181e28d45-500x250.jpg\" class=\"d-block w-100 h-auto wp-post-image\" alt=\"\" \/>\t<\/a>\r\n\t\t<a class=\"post-title\" href=\"https:\/\/www.hirondelle.org\/fr\/rapport-annuel-2023-2\" title=\"Rapport annuel 2023\" rel=\"bookmark\">\r\n\t\tRapport annuel 2023\t<\/a>\r\n\t<\/article><\/div><\/div><\/div>\t<div class=\"text-center\">\r\n\t\t<a class=\"btn btn-fh-green\" href=\"https:\/\/www.hirondelle.org\/fr\/tag\/expertise-justice-et-reconciliation\">Voir plus d&rsquo;articles<\/a>\r\n\t<\/div>\r\n\t","protected":false},"excerpt":{"rendered":"<p>Pour \u00eatre rendue, la justice doit aussi \u00eatre vue. En demandant aux autorit\u00e9s et aux institutions de rendre compte, le journalisme contribue \u00e0 une plus grande confiance dans l\u2019\u00e9quit\u00e9 du syst\u00e8me judiciaire. Le principe de base est simple : si les m\u00e9dias de la haine peuvent \u00eatre des instruments de crime de masse, d\u2019autres m\u00e9dias, [&hellip;]<\/p>\n","protected":false},"author":9,"featured_media":0,"parent":276,"menu_order":8,"comment_status":"closed","ping_status":"closed","template":"page-without-column.php","meta":{"_acf_changed":false,"footnotes":""},"class_list":["post-11691","page","type-page","status-publish","hentry"],"acf":[],"publishpress_future_action":{"enabled":false,"date":"2026-04-21 18:30:45","action":"change-status","newStatus":"draft","terms":[],"taxonomy":"translation_priority","extraData":[]},"publishpress_future_workflow_manual_trigger":{"enabledWorkflows":[]},"_links":{"self":[{"href":"https:\/\/www.hirondelle.org\/fr\/wp-json\/wp\/v2\/pages\/11691","targetHints":{"allow":["GET"]}}],"collection":[{"href":"https:\/\/www.hirondelle.org\/fr\/wp-json\/wp\/v2\/pages"}],"about":[{"href":"https:\/\/www.hirondelle.org\/fr\/wp-json\/wp\/v2\/types\/page"}],"author":[{"embeddable":true,"href":"https:\/\/www.hirondelle.org\/fr\/wp-json\/wp\/v2\/users\/9"}],"replies":[{"embeddable":true,"href":"https:\/\/www.hirondelle.org\/fr\/wp-json\/wp\/v2\/comments?post=11691"}],"version-history":[{"count":34,"href":"https:\/\/www.hirondelle.org\/fr\/wp-json\/wp\/v2\/pages\/11691\/revisions"}],"predecessor-version":[{"id":22171,"href":"https:\/\/www.hirondelle.org\/fr\/wp-json\/wp\/v2\/pages\/11691\/revisions\/22171"}],"up":[{"embeddable":true,"href":"https:\/\/www.hirondelle.org\/fr\/wp-json\/wp\/v2\/pages\/276"}],"wp:attachment":[{"href":"https:\/\/www.hirondelle.org\/fr\/wp-json\/wp\/v2\/media?parent=11691"}],"curies":[{"name":"wp","href":"https:\/\/api.w.org\/{rel}","templated":true}]}}