{"id":11708,"date":"2024-09-17T19:58:17","date_gmt":"2024-09-17T17:58:17","guid":{"rendered":"https:\/\/www.hirondelle.org\/?page_id=11708"},"modified":"2026-02-25T17:08:03","modified_gmt":"2026-02-25T16:08:03","slug":"viabilite-financiere-des-medias","status":"publish","type":"page","link":"https:\/\/www.hirondelle.org\/fr\/nos-expertises\/viabilite-financiere-des-medias","title":{"rendered":"Viabilit\u00e9 financi\u00e8re des m\u00e9dias"},"content":{"rendered":"\n<div class=\"wp-block-columns is-layout-flex wp-container-core-columns-is-layout-9d6595d7 wp-block-columns-is-layout-flex\">\n<div class=\"wp-block-column is-layout-flow wp-block-column-is-layout-flow\" style=\"flex-basis:33.33%\">\n<figure class=\"wp-block-pullquote\"><blockquote><p>Renforcer la viabilit\u00e9 des m\u00e9dias ind\u00e9pendants est un enjeu d\u00e9mocratique global. Il ne peut y avoir de m\u00e9dias sans financement. <br><br>Pour autant, une trop grande d\u00e9pendance financi\u00e8re peut porter atteinte \u00e0 l\u2019ind\u00e9pendance \u00e9ditoriale. <\/p><\/blockquote><\/figure>\n<\/div>\n\n\n\n<div class=\"wp-block-column is-layout-flow wp-block-column-is-layout-flow\" style=\"flex-basis:66.66%\">\n<figure class=\"wp-block-image alignright size-large is-resized\"><img loading=\"lazy\" decoding=\"async\" width=\"1024\" height=\"683\" src=\"https:\/\/www.hirondelle.org\/wp-content\/uploads\/2025\/01\/Fondation-Hirondelle_Obo_emetteur_30.11.2023-1-1024x683.jpg\" alt=\"\" class=\"wp-image-15602\" style=\"width:372px;height:auto\" srcset=\"https:\/\/www.hirondelle.org\/wp-content\/uploads\/2025\/01\/Fondation-Hirondelle_Obo_emetteur_30.11.2023-1-1024x683.jpg 1024w, https:\/\/www.hirondelle.org\/wp-content\/uploads\/2025\/01\/Fondation-Hirondelle_Obo_emetteur_30.11.2023-1-300x200.jpg 300w, https:\/\/www.hirondelle.org\/wp-content\/uploads\/2025\/01\/Fondation-Hirondelle_Obo_emetteur_30.11.2023-1-768x512.jpg 768w, https:\/\/www.hirondelle.org\/wp-content\/uploads\/2025\/01\/Fondation-Hirondelle_Obo_emetteur_30.11.2023-1-1536x1024.jpg 1536w, https:\/\/www.hirondelle.org\/wp-content\/uploads\/2025\/01\/Fondation-Hirondelle_Obo_emetteur_30.11.2023-1-1000x667.jpg 1000w, https:\/\/www.hirondelle.org\/wp-content\/uploads\/2025\/01\/Fondation-Hirondelle_Obo_emetteur_30.11.2023-1.jpg 1620w\" sizes=\"auto, (max-width: 1024px) 100vw, 1024px\" \/><figcaption class=\"wp-element-caption\">\u00a9<em>Gwenn Dubourthoumieu \/ Fondation Hirondelle \/ Emetteur \u00e0 Obo en RCA \/ 2022<\/em><\/figcaption><\/figure>\n\n\n\n<p>Dans les pays o\u00f9 nous intervenons, la p\u00e9rennit\u00e9 des m\u00e9dias repose principalement sur leur viabilit\u00e9 financi\u00e8re mais pas uniquement. Nous avons identifi\u00e9 4 domaines de viabilit\u00e9 et travaillons sur les 4, de fa\u00e7on interd\u00e9pendante de mani\u00e8re \u00e0 ce que les m\u00e9dias soient ind\u00e9pendants et puissent servir les publics sur la dur\u00e9e&nbsp;:<\/p>\n\n\n\n<ul class=\"wp-block-list\">\n<li>Viabilit\u00e9 \u00e9conomique&nbsp;: diversification des sources de financements face \u00e0 la crise du mod\u00e8le \u00e9conomique des m\u00e9dias<\/li>\n\n\n\n<li>Viabilit\u00e9 institutionnelle&nbsp;: propri\u00e9t\u00e9, gouvernance et management des m\u00e9dias garantissant l\u2019ind\u00e9pendance \u00e9ditoriale<\/li>\n\n\n\n<li>Viabilit\u00e9 \u00e9ditoriale&nbsp;: formation continue des journalistes et connaissances des besoins des publics pour y r\u00e9pondre au mieux<\/li>\n\n\n\n<li>Viabilit\u00e9 technique&nbsp;: des moyens de production et de diffusion durables<\/li>\n<\/ul>\n\n\n\n<p>S\u2019ajoutent \u00e0 ces d\u00e9fis la question de la volont\u00e9 politique en faveur de la libert\u00e9 et de l&rsquo;ind\u00e9pendance des m\u00e9dias, et l&rsquo;appropriation locale du d\u00e9veloppement des m\u00e9dias. La Fondation Hirondelle soutient depuis pr\u00e8s de trois d\u00e9cennies des m\u00e9dias ind\u00e9pendants et de service au public et contribue \u00e0 leur d\u00e9veloppement durable dans des contextes complexes.<\/p>\n\n\n\n<p><strong>Diversification des sources de financement&nbsp;:<\/strong><\/p>\n\n\n\n<p>Nous ne disposons pas de nos propres capitaux ou fonds pour investir et faire fonctionner les m\u00e9dias que nous cr\u00e9ons ou soutenons. Nous cherchons \u00e0 convaincre nos partenaires \u00e0 nous faire confiance : des \u00c9tats, des agences de coop\u00e9ration, des fondations priv\u00e9es. La Fondation choisit, multiplie et de ce fait limite ses d\u00e9pendances, la ligne rouge \u00e9tant que le soutien financier n\u2019est jamais assorti d\u2019injonction \u00e9ditoriale. Ce mod\u00e8le est celui que nous proposons \u00e0 nos partenaires.<\/p>\n\n\n\n<p>Nous cr\u00e9ons ou soutenons des structures et activit\u00e9s g\u00e9n\u00e9ratrices de revenus dans les pays les plus fragiles, permettant ainsi un mod\u00e8le de financement hybride. Ceci dans le respect de&nbsp;chartes&nbsp;garantissant notamment un strict respect de l&rsquo;ind\u00e9pendance&nbsp;des r\u00e9dactions.<\/p>\n\n\n\n<p>L\u2019\u00e9quilibre \u00e9conomique est chaque ann\u00e9e difficile \u00e0 atteindre. Depuis 30 ans, plusieurs m\u00e9dias que nous avons cr\u00e9\u00e9s ou soutenus ont ferm\u00e9 faute de financement. Mais d\u2019autres ont continu\u00e9 \u00e0 remplir leur mission, contre vents et mar\u00e9es. Chaque exp\u00e9rience a garanti la souverainet\u00e9 \u00e9ditoriale de la conf\u00e9rence de r\u00e9daction, tout en testant un nouveau mod\u00e8le pour continuer \u00e0 apprendre et chercher des solutions.<\/p>\n<\/div>\n<\/div>\n\n\n\n<h3 class=\"wp-block-heading\"><br>Exemples d\u2019op\u00e9rations m\u00e9diatiques<br><\/h3>\n\n\n\n<div class=\"wp-block-group has-global-padding is-layout-constrained wp-block-group-is-layout-constrained\">\n<figure class=\"wp-block-image alignright size-full is-resized\"><img loading=\"lazy\" decoding=\"async\" width=\"989\" height=\"659\" src=\"https:\/\/www.hirondelle.org\/wp-content\/uploads\/2024\/09\/box-rca-4.jpg\" alt=\"\" class=\"wp-image-11934\" style=\"width:357px;height:auto\" srcset=\"https:\/\/www.hirondelle.org\/wp-content\/uploads\/2024\/09\/box-rca-4.jpg 989w, https:\/\/www.hirondelle.org\/wp-content\/uploads\/2024\/09\/box-rca-4-300x200.jpg 300w, https:\/\/www.hirondelle.org\/wp-content\/uploads\/2024\/09\/box-rca-4-768x512.jpg 768w\" sizes=\"auto, (max-width: 989px) 100vw, 989px\" \/><\/figure>\n\n\n\n<h4 class=\"wp-block-heading\"><strong>R\u00e9publique centrafricaine<\/strong>&nbsp;<\/h4>\n\n\n\n<p>Cr\u00e9\u00e9e en 2012, la r\u00e9gie commerciale de Radio Ndeke Luka en R\u00e9publique centrafricaine propose une offre de contenus publicitaires cibl\u00e9e pour les entreprises priv\u00e9es qui souhaitent mieux faire conna\u00eetre leurs activit\u00e9s et leurs produits. Elle contribue ainsi \u00e0 la mise en place d\u2019un syst\u00e8me de ressources propres \u00e0 la Radio Ndeke Luka ainsi qu\u2019au d\u00e9veloppement du tissu \u00e9conomique du pays. Elle propose \u00e9galement aux acteurs institutionnels, gouvernementaux, du d\u00e9veloppement et de l\u2019humanitaire, une offre de service \u00e0 travers la production et la diffusion de programmes radiophoniques de sensibilisation, d\u2019\u00e9ducation et de dialogue autour de th\u00e9matiques diverses et d\u2019int\u00e9r\u00eat g\u00e9n\u00e9ral (sant\u00e9 publique, \u00e9ducation, justice transitionnelle).<\/p>\n\n\n\n<p><a href=\"\/fr\/que-faisons-nous\/operations\/geographiques\/afrique\/republique-centrafricaine\">Voir le projet<\/a><\/p>\n\n\n\n<div class=\"wp-block-media-text is-stacked-on-mobile\" style=\"grid-template-columns:30% auto\"><figure class=\"wp-block-media-text__media\"><img loading=\"lazy\" decoding=\"async\" width=\"7008\" height=\"4672\" src=\"https:\/\/www.hirondelle.org\/wp-content\/uploads\/2026\/02\/DSC03939-1.jpg\" alt=\"\" class=\"wp-image-23730 size-full\"\/><\/figure><div class=\"wp-block-media-text__content\">\n<h4 class=\"wp-block-heading\">BRAVE (B\u00e9nin, Cameroun, Mali)<\/h4>\n\n\n\n<p>Dans le cadre du projet BRAVE, notamment mis en \u0153uvre au B\u00e9nin, <strong>une \u00e9tude de faisabilit\u00e9 a \u00e9t\u00e9 men\u00e9e afin de travailler sur le renforcement de la viabilit\u00e9 des m\u00e9dias au B\u00e9nin<\/strong>. Cette \u00e9tude a explor\u00e9 la possibilit\u00e9 de la cr\u00e9ation d\u2019une coalition d\u2019acteurs du secteur (m\u00e9dias nationaux et locaux, annonceurs, agence de communication et de publicit\u00e9, cabinet d\u2019\u00e9tude d\u2019audience) pour la mise en place de mesures d\u2019audience r\u00e9guli\u00e8res. <strong>L\u2019objectif de l\u2019\u00e9tude \u00e9tait de formuler des recommandations de mod\u00e8les viables, notamment pour en assurer la p\u00e9rennit\u00e9 financi\u00e8re<\/strong> et s\u2019assurer de f\u00e9d\u00e9rer les acteurs autour de ces mesures d\u2019audience, levier commercial ind\u00e9niable pour les annonceurs et boussole d\u2019impact et de pertinence pour les m\u00e9dias.<\/p>\n\n\n\n<p><a href=\"https:\/\/www.hirondelle.org\/fr\/que-faisons-nous\/operations\/thematiques\/gouvernance\/brave-media-defendre-les-medias-independants-benin-cameroun-mali\">Voir le projet<\/a><\/p>\n<\/div><\/div>\n<\/div>\n\n\n\n<p><\/p>\n\n\n\n<div class=\"wp-block-group has-global-padding is-layout-constrained wp-block-group-is-layout-constrained\">\n<div class=\"wp-block-media-text has-media-on-the-right is-stacked-on-mobile\" style=\"grid-template-columns:auto 44%\"><div class=\"wp-block-media-text__content\">\n<h4 class=\"wp-block-heading\">Manifeste sur la viabilit\u00e9 des m\u00e9dias<\/h4>\n\n\n\n<p>En r\u00e9ponse \u00e0 la crise \u00e9conomique qui touche le journalisme \u00e0 travers le monde, la Fondation Hirondelle a particip\u00e9 en 2024 \u00e0 l&rsquo;\u00e9laboration du Manifeste pour la viabilit\u00e9 des m\u00e9dias, en collaboration avec 12 autres organisations de d\u00e9veloppement et de soutien des m\u00e9dias. Le Manifeste pour la viabilit\u00e9 des m\u00e9dias fournit un cadre commun indispensable \u00e0 toute action conjointe visant \u00e0 renforcer les m\u00e9dias ind\u00e9pendants.<\/p>\n\n\n\n<p>Le <a href=\"https:\/\/mediaviabilitymanifesto.org\/\">MVM<\/a> propose :1. une d\u00e9finition commune de la viabilit\u00e9 des m\u00e9dias ; 2. une th\u00e9orie du changement commune pour la viabilit\u00e9 des m\u00e9dias ;  3. une typologie des outils et approches existants en mati\u00e8re de viabilit\u00e9 des m\u00e9dias. Le Manifeste pour la viabilit\u00e9 des m\u00e9dias ouvre ainsi la voie \u00e0 une plus grande clart\u00e9 conceptuelle, un \u00e9change et un apprentissage syst\u00e9matiques ; une collaboration plus strat\u00e9gique et coordonn\u00e9e entre les multiples acteurs ; une mise en \u0153uvre pratique mieux harmonis\u00e9e dans le domaine de la viabilit\u00e9 des m\u00e9dias.<\/p>\n\n\n\n<p><a href=\"https:\/\/www.hirondelle.org\/wp-content\/uploads\/2026\/02\/MV_Manifesto-FR_WEB.pdf\">T\u00e9l\u00e9charger le MVM<\/a><\/p>\n<\/div><figure class=\"wp-block-media-text__media\"><img loading=\"lazy\" decoding=\"async\" width=\"706\" height=\"320\" src=\"https:\/\/www.hirondelle.org\/wp-content\/uploads\/2026\/02\/image-4.png\" alt=\"\" class=\"wp-image-23747 size-full\" srcset=\"https:\/\/www.hirondelle.org\/wp-content\/uploads\/2026\/02\/image-4.png 706w, https:\/\/www.hirondelle.org\/wp-content\/uploads\/2026\/02\/image-4-300x136.png 300w\" sizes=\"auto, (max-width: 706px) 100vw, 706px\" \/><\/figure><\/div>\n<\/div>\n\n\n\n<h3 class=\"wp-block-heading\"><br><br>Documents de r\u00e9f\u00e9rence<\/h3>\n\n\n\n<p><a href=\"\/wp-content\/uploads\/2024\/09\/2020_Leroy_-Etude-de-capitalisation-perennisation-FH.pdf\" target=\"_blank\" rel=\"noreferrer noopener\">\u00c9tude de capitalisation sur les activit\u00e9s de p\u00e9rennisation de la Fondation Hirondelle &#8211; Michel Leroy<\/a><\/p>\n\n\n\n<p>M\u00e9diation&nbsp;: <a href=\"\/fr\/financer-des-medias-independants-un-defi-global\" target=\"_blank\" rel=\"noreferrer noopener\">Financer les m\u00e9dias ind\u00e9pendants : un d\u00e9fi global<\/a><\/p>\n\n\n\n<p><a href=\"https:\/\/www.hirondelle.org\/wp-content\/uploads\/2026\/02\/MV_Manifesto-FR_WEB.pdf\">Manifeste sur la viabilit\u00e9 des m\u00e9dias<\/a><\/p>\n\n\n\n<p><br><br><\/p>\n\n\n\n<div class=\"wp-block-group p-3 backgroundedBlock--gray h-100 has-global-padding is-layout-constrained wp-block-group-is-layout-constrained\">\n<h4 class=\"wp-block-heading has-text-align-center\">D\u00e9couvrez nos recherches sur ces th\u00e9matiques <a href=\"\/fr\/que-faisons-nous\/partage-des-savoirs\/recherche-et-apprentissage#openDetail=viabiliteMedias\" target=\"_blank\" rel=\"noreferrer noopener\"><span style=\"text-decoration: underline;\">en cliquant ici<\/span><\/a><\/h4>\n<\/div>\n\n\n\n<h3 class=\"wp-block-heading\"><br><br>Articles associ\u00e9s<\/h3>\n\n\n<div data-truc=\"list69dd1b79c0b03\" class=\"\"><div class=\"row list\"><div class=\"col-md-3 post d-flex align-items-stretch\"><article id=\"post-21676\" class=\"articleList-item post-21676  post\">\r\n\t<a class=\"post-thumb\" href=\"https:\/\/www.hirondelle.org\/fr\/au-dela-de-la-communication-et-du-dementi-des-fausses-informations-lintegrite-de-linformation-commence-avec-le-journalisme-local\" title=\"Au-del\u00e0 de la communication et du d\u00e9menti des fausses informations, l\u2019int\u00e9grit\u00e9 de l\u2019information commence avec le journalisme local\">\r\n\t\t<img loading=\"lazy\" decoding=\"async\" width=\"500\" height=\"250\" src=\"https:\/\/www.hirondelle.org\/wp-content\/uploads\/2025\/12\/Fondation-Hirondelle_Bangui_radio-Ndekeluka_12.12.2023-9-e1767800441813-500x250.jpg\" class=\"d-block w-100 h-auto wp-post-image\" alt=\"\" \/>\t<\/a>\r\n\t\t<a class=\"post-title\" href=\"https:\/\/www.hirondelle.org\/fr\/au-dela-de-la-communication-et-du-dementi-des-fausses-informations-lintegrite-de-linformation-commence-avec-le-journalisme-local\" title=\"Au-del\u00e0 de la communication et du d\u00e9menti des fausses informations, l\u2019int\u00e9grit\u00e9 de l\u2019information commence avec le journalisme local\" rel=\"bookmark\">\r\n\t\tAu-del\u00e0 de la communication et du d\u00e9menti des fausses informations, l\u2019int\u00e9grit\u00e9 de l\u2019information commence avec le journalisme local\t<\/a>\r\n\t<\/article><\/div><\/div><\/div>\t<div class=\"text-center\">\r\n\t\t<a class=\"btn btn-fh-green\" href=\"https:\/\/www.hirondelle.org\/fr\/tag\/expertise-viabilite-financiere-des-medias\">Voir plus d&rsquo;articles<\/a>\r\n\t<\/div>\r\n\t","protected":false},"excerpt":{"rendered":"<p>Renforcer la viabilit\u00e9 des m\u00e9dias ind\u00e9pendants est un enjeu d\u00e9mocratique global. Il ne peut y avoir de m\u00e9dias sans financement. Pour autant, une trop grande d\u00e9pendance financi\u00e8re peut porter atteinte \u00e0 l\u2019ind\u00e9pendance \u00e9ditoriale. Dans les pays o\u00f9 nous intervenons, la p\u00e9rennit\u00e9 des m\u00e9dias repose principalement sur leur viabilit\u00e9 financi\u00e8re mais pas uniquement. Nous avons identifi\u00e9 [&hellip;]<\/p>\n","protected":false},"author":9,"featured_media":0,"parent":276,"menu_order":10,"comment_status":"closed","ping_status":"closed","template":"page-without-column.php","meta":{"_acf_changed":false,"footnotes":""},"class_list":["post-11708","page","type-page","status-publish","hentry"],"acf":[],"publishpress_future_action":{"enabled":false,"date":"2026-04-20 18:36:09","action":"change-status","newStatus":"draft","terms":[],"taxonomy":"translation_priority","extraData":[]},"publishpress_future_workflow_manual_trigger":{"enabledWorkflows":[]},"_links":{"self":[{"href":"https:\/\/www.hirondelle.org\/fr\/wp-json\/wp\/v2\/pages\/11708","targetHints":{"allow":["GET"]}}],"collection":[{"href":"https:\/\/www.hirondelle.org\/fr\/wp-json\/wp\/v2\/pages"}],"about":[{"href":"https:\/\/www.hirondelle.org\/fr\/wp-json\/wp\/v2\/types\/page"}],"author":[{"embeddable":true,"href":"https:\/\/www.hirondelle.org\/fr\/wp-json\/wp\/v2\/users\/9"}],"replies":[{"embeddable":true,"href":"https:\/\/www.hirondelle.org\/fr\/wp-json\/wp\/v2\/comments?post=11708"}],"version-history":[{"count":35,"href":"https:\/\/www.hirondelle.org\/fr\/wp-json\/wp\/v2\/pages\/11708\/revisions"}],"predecessor-version":[{"id":23763,"href":"https:\/\/www.hirondelle.org\/fr\/wp-json\/wp\/v2\/pages\/11708\/revisions\/23763"}],"up":[{"embeddable":true,"href":"https:\/\/www.hirondelle.org\/fr\/wp-json\/wp\/v2\/pages\/276"}],"wp:attachment":[{"href":"https:\/\/www.hirondelle.org\/fr\/wp-json\/wp\/v2\/media?parent=11708"}],"curies":[{"name":"wp","href":"https:\/\/api.w.org\/{rel}","templated":true}]}}