{"id":11723,"date":"2024-09-17T20:10:11","date_gmt":"2024-09-17T18:10:11","guid":{"rendered":"https:\/\/www.hirondelle.org\/?page_id=11723"},"modified":"2026-02-25T16:24:06","modified_gmt":"2026-02-25T15:24:06","slug":"ecosystemes-mediatiques","status":"publish","type":"page","link":"https:\/\/www.hirondelle.org\/fr\/nos-expertises\/ecosystemes-mediatiques","title":{"rendered":"\u00c9cosyst\u00e8mes m\u00e9diatiques"},"content":{"rendered":"\n<div class=\"wp-block-columns is-layout-flex wp-container-core-columns-is-layout-9d6595d7 wp-block-columns-is-layout-flex\">\n<div class=\"wp-block-column is-layout-flow wp-block-column-is-layout-flow\" style=\"flex-basis:33.33%\">\n<figure class=\"wp-block-pullquote\"><blockquote><p><em>Les acteurs internationaux de la solidarit\u00e9 internationale cherchent \u00e0 mieux comprendre les \u00e9cosyst\u00e8mes m\u00e9diatiques pour garantir une aide locale, efficace et p\u00e9renne. <\/em><br><br><em>La Fondation Hirondelle suit l\u2019\u00e9volution des paysages m\u00e9diatiques depuis 30 ans<\/em>.<\/p><\/blockquote><\/figure>\n<\/div>\n\n\n\n<div class=\"wp-block-column is-layout-flow wp-block-column-is-layout-flow\" style=\"flex-basis:66.66%\">\n<figure class=\"wp-block-image alignright size-large is-resized\"><img loading=\"lazy\" decoding=\"async\" width=\"1024\" height=\"682\" src=\"https:\/\/www.hirondelle.org\/wp-content\/uploads\/2024\/09\/banner-ecosystemes-mediatiques-1024x682.jpg\" alt=\"\u00a9Apsatou Bagaya  Fondation Hirondelle - Une journaliste du Studio Kalangou en reportage dans la rue pour scripter le quotidien des nig\u00e9riennes face \u00e0 la chert\u00e9 de la vie, Niamey, Niger, le 27 F\u00e9vrier 2023\" class=\"wp-image-11867\" style=\"width:401px;height:auto\" srcset=\"https:\/\/www.hirondelle.org\/wp-content\/uploads\/2024\/09\/banner-ecosystemes-mediatiques-1024x682.jpg 1024w, https:\/\/www.hirondelle.org\/wp-content\/uploads\/2024\/09\/banner-ecosystemes-mediatiques-300x200.jpg 300w, https:\/\/www.hirondelle.org\/wp-content\/uploads\/2024\/09\/banner-ecosystemes-mediatiques-768x512.jpg 768w, https:\/\/www.hirondelle.org\/wp-content\/uploads\/2024\/09\/banner-ecosystemes-mediatiques-1536x1024.jpg 1536w, https:\/\/www.hirondelle.org\/wp-content\/uploads\/2024\/09\/banner-ecosystemes-mediatiques-1000x667.jpg 1000w, https:\/\/www.hirondelle.org\/wp-content\/uploads\/2024\/09\/banner-ecosystemes-mediatiques.jpg 2000w\" sizes=\"auto, (max-width: 1024px) 100vw, 1024px\" \/><figcaption class=\"wp-element-caption\">\u00a9Apsatou Bagaya  Fondation Hirondelle &#8211; Une journaliste du Studio Kalangou en reportage dans la rue pour scripter le quotidien des nig\u00e9riennes face \u00e0 la chert\u00e9 de la vie, Niamey, Niger, le 27 F\u00e9vrier 2023<\/figcaption><\/figure>\n\n\n\n<p>La Fondation Hirondelle collecte et analyse des donn\u00e9es sur les m\u00e9dias et le secteur m\u00e9diatique en mettant l\u2019accent sur la production et la diffusion d\u2019information. \u00catre en capacit\u00e9 de produire et diffuser des informations factuelles, non partisanes, ind\u00e9pendantes et fiables reste un d\u00e9fi quotidien pour de nombreux m\u00e9dias dans beaucoup de pays, notamment dans les r\u00e9gions les plus fragiles. Or, l\u2019on constate dans les zones confront\u00e9es \u00e0 des crises multiples une augmentation importante des acteurs non m\u00e9diatiques qui produisent et diffusent des contenus. Ces nouvelles souvent manipul\u00e9es ou non v\u00e9rifi\u00e9es alimentent la m\u00e9- et d\u00e9sinformation. <\/p>\n\n\n\n<p>Il y a \u00e9videmment d\u2019autres facteurs inh\u00e9rents au secteur des m\u00e9dias qui sont pris en compte. Une des questions majeures est celle de la propri\u00e9t\u00e9 et la gouvernance des m\u00e9dias&nbsp;: qui sont les propri\u00e9taires des m\u00e9dias&nbsp;? L\u2019ind\u00e9pendance des r\u00e9dactions est-elle prot\u00e9g\u00e9e face \u00e0 ceux qui apportent les capitaux pour leur fonctionnement&nbsp;? Cet enjeu est li\u00e9 au d\u00e9fi du financement. Le mod\u00e8le \u00e9conomique des m\u00e9dias est en crise. Comment les m\u00e9dias se financent-ils&nbsp;? Gr\u00e2ce \u00e0 l\u2019abonnement et \u00e0 la publicit\u00e9, ou un mod\u00e8le hybride avec des appuis et subventions&nbsp;? La digitalisation, le d\u00e9veloppement de nouveaux formats multi-canaux et leurs cons\u00e9quences sur la production de l\u2019information mais aussi sur sa consommation par les populations est un \u00e9l\u00e9ment central, qui a des cons\u00e9quences sur le travail de journalistes. Il y a aussi, enfin, le domaine de la s\u00e9curit\u00e9. Nous travaillons dans des contextes fragiles o\u00f9 la s\u00e9curit\u00e9 des personnes, des biens et des sources est un enjeu.<\/p>\n<\/div>\n<\/div>\n\n\n\n<p><br><\/p>\n\n\n\n<div class=\"wp-block-group has-global-padding is-layout-constrained wp-block-group-is-layout-constrained\">\n<figure class=\"wp-block-image alignright size-full is-resized\"><img loading=\"lazy\" decoding=\"async\" width=\"550\" height=\"164\" src=\"https:\/\/www.hirondelle.org\/wp-content\/uploads\/2024\/09\/box-jti-1.jpg\" alt=\"\" class=\"wp-image-11737\" style=\"width:357px;height:auto\" srcset=\"https:\/\/www.hirondelle.org\/wp-content\/uploads\/2024\/09\/box-jti-1.jpg 550w, https:\/\/www.hirondelle.org\/wp-content\/uploads\/2024\/09\/box-jti-1-300x89.jpg 300w\" sizes=\"auto, (max-width: 550px) 100vw, 550px\" \/><\/figure>\n\n\n\n<h4 class=\"wp-block-heading\"><strong>Journalism Trust Initiative<\/strong>&nbsp;<\/h4>\n\n\n\n<p>Pour contrer la propagation rapide de la m\u00e9- et d\u00e9sinformation et la baisse inqui\u00e9tante de la confiance du public \u00e0 l\u2019\u00e9gard des m\u00e9dias traditionnels, plus de 150 organisations de m\u00e9diatiques ont adopt\u00e9 sous l\u2019impulsion de Reporters Sans Fronti\u00e8re fin 2019 la \u00ab\u00a0Journalism Trust Initiative\u00a0\u00bb (JTI). Ce dispositif fournit un cadre normatif et certifie les m\u00e9dias qui pratiquent un journalisme professionnel et \u00e9thique dans le cadre d\u2019un processus de certification. La Fondation Hirondelle, pr\u00e9sente dans des contextes fragiles, s\u2019inscrit en droite ligne avec les valeurs de transparence et de professionnalisme des processus \u00e9ditoriaux, d\u00e9fendues par JTI. La Fondation Hirondelle a donc \u00e9t\u00e9 activement impliqu\u00e9e dans cette initiative d\u00e8s ses d\u00e9buts, dont l\u2019\u00e9laboration de la norme JTI. Studio Kalangou, m\u00e9dia de la Fondation au Niger, a d\u2019ailleurs \u00e9t\u00e9 certifi\u00e9 avec succ\u00e8s en 2022.<\/p>\n<\/div>\n\n\n\n<div class=\"wp-block-group has-global-padding is-layout-constrained wp-block-group-is-layout-constrained\">\n<h4 class=\"wp-block-heading has-text-align-right\"><strong>Team Europe Democracy Network (TEDN)<\/strong><\/h4>\n\n\n\n<div class=\"wp-block-media-text is-stacked-on-mobile\" style=\"grid-template-columns:24% auto\"><figure class=\"wp-block-media-text__media\"><img loading=\"lazy\" decoding=\"async\" width=\"259\" height=\"78\" src=\"https:\/\/www.hirondelle.org\/wp-content\/uploads\/2026\/02\/image.png\" alt=\"\" class=\"wp-image-23687 size-full\"\/><\/figure><div class=\"wp-block-media-text__content\">\n<p>La Fondation Hirondelle fait partie du groupe de travail du <a href=\"file:\/\/fh.local\/corporate\/DATA\/Transversaux\/Communication\/Com%20externe\/Ecosyst\u00e8me%20digital\/Team%20Europe%20Democracy%20Network%20(TEDN),\">Team Europe Democracy Network (TEDN)<\/a>, un des canaux d\u2019\u00e9changes avec l\u2019Union europ\u00e9enne, ses \u00c9tats membres et le reste des parties prenantes (dont les ONG du secteur du <em>Media Development<\/em>) qui travaillent activement pour soutenir la d\u00e9mocratie dans le monde. La Fondation Hirondelle contribue aux r\u00e9flexions dans le cadre des r\u00e9unions annuelles et participe au groupe de travail en partageant ses apprentissages et recommandations.<\/p>\n<\/div><\/div>\n<\/div>\n\n\n\n<div class=\"wp-block-group has-global-padding is-layout-constrained wp-block-group-is-layout-constrained\">\n<div class=\"wp-block-group has-global-padding is-layout-constrained wp-block-group-is-layout-constrained\">\n<h4 class=\"wp-block-heading\"><strong>Human Rights Democracy Network (HRDN)<\/strong><\/h4>\n\n\n\n<div class=\"wp-block-media-text has-media-on-the-right is-stacked-on-mobile\" style=\"grid-template-columns:auto 15%\"><div class=\"wp-block-media-text__content\">\n<p>La Fondation Hirondelle participe au <a href=\"https:\/\/www.hrdn.eu\/\">Human Rights Democracy Network (HRDN),<\/a> un r\u00e9seau d\u2019ONG de droits de l\u2019homme. Elle contribue r\u00e9guli\u00e8rement au groupe de travail sur les financements li\u00e9s aux droits de l\u2019homme, en particulier dans le contexte des n\u00e9gociations pour le budget long terme de l\u2019Union europ\u00e9enne, le Multiannual Financial Framework (MFF).<\/p>\n<\/div><figure class=\"wp-block-media-text__media\"><img loading=\"lazy\" decoding=\"async\" width=\"1000\" height=\"1000\" src=\"https:\/\/www.hirondelle.org\/wp-content\/uploads\/2026\/02\/HRDN-logo_RGB.webp\" alt=\"\" class=\"wp-image-23696 size-full\" srcset=\"https:\/\/www.hirondelle.org\/wp-content\/uploads\/2026\/02\/HRDN-logo_RGB.webp 1000w, https:\/\/www.hirondelle.org\/wp-content\/uploads\/2026\/02\/HRDN-logo_RGB-300x300.webp 300w, https:\/\/www.hirondelle.org\/wp-content\/uploads\/2026\/02\/HRDN-logo_RGB-150x150.webp 150w, https:\/\/www.hirondelle.org\/wp-content\/uploads\/2026\/02\/HRDN-logo_RGB-768x768.webp 768w\" sizes=\"auto, (max-width: 1000px) 100vw, 1000px\" \/><\/figure><\/div>\n<\/div>\n<\/div>\n\n\n\n<h3 class=\"wp-block-heading\"><br>Documents de r\u00e9f\u00e9rence<\/h3>\n\n\n\n<p>Guide de la DDC pour l\u2019appui aux m\u00e9dias produit par la Fondation Hirondelle : <a href=\"https:\/\/backend.sdc-pge.ch\/fileservice\/sdweb-docs-prod-sdcpgech-files\/files\/2024\/01\/17\/00ef60f0-74e2-45cc-84c3-4da3f3cbb844.pdf\" target=\"_blank\" rel=\"noreferrer noopener\">Guide pratique<\/a><\/p>\n\n\n\n<p>OCDE,<a href=\"https:\/\/www.hirondelle.org\/wp-content\/uploads\/2026\/01\/OCDE-principes-pour-un-soutien-pertinent-et-efficace-aux-medias-2024.pdf\"> Principes pour un soutien pertinent et efficace aux m\u00e9dias et \u00e0 l&rsquo;espace de l&rsquo;information dans le cadre de la coop\u00e9ration pour le d\u00e9veloppement<\/a>, 2024<\/p>\n\n\n\n<p>M\u00e9diation N\u00b016, D\u00e9cembre 2025 &#8211; <a href=\"https:\/\/www.hirondelle.org\/wp-content\/uploads\/2025\/12\/FH_MEDIATION_N%C2%B016_FRA_V4_web_PP.pdf\">L\u2019information face au d\u00e9fi de l\u2019intelligence artificielle<\/a><\/p>\n\n\n\n<p>M\u00e9diation N\u00b015, Juillet 2025 &#8211; <a href=\"https:\/\/www.hirondelle.org\/wp-content\/uploads\/2025\/07\/FH_MEDIATION_N%C2%B015_FRA_V3_PP.pdf\">L\u2019information fiable, rem\u00e8de \u00e0 la d\u00e9sinformation<\/a><\/p>\n\n\n\n<p>M\u00e9diation N\u00b014, D\u00e9cembre 2024 &#8211; <a href=\"https:\/\/www.hirondelle.org\/wp-content\/uploads\/2024\/12\/FH_MEDIATION_N%C2%B014_FRA_V3_BD_PP.pdf\">S\u2019adapter \u00e0 l\u2019\u00e9volution des besoins d\u2019information<\/a><\/p>\n\n\n\n<p><br><br><br><\/p>\n\n\n\n<div class=\"wp-block-group p-3 backgroundedBlock--gray h-100 has-global-padding is-layout-constrained wp-block-group-is-layout-constrained\">\n<h4 class=\"wp-block-heading has-text-align-center\">D\u00e9couvrez nos recherches sur ces th\u00e9matiques <a href=\"\/fr\/que-faisons-nous\/partage-des-savoirs\/recherche-et-apprentissage#openDetail=ecosystemesInformationnels\" target=\"_blank\" rel=\"noreferrer noopener\"><span style=\"text-decoration: underline;\">en cliquant ici<\/span><\/a><\/h4>\n<\/div>\n\n\n\n<h3 class=\"wp-block-heading\"><br><br>Articles associ\u00e9s<\/h3>\n\n\n<div data-truc=\"list69d132e35661e\" class=\"\"><div class=\"row list\"><div class=\"col-md-3 post d-flex align-items-stretch\"><article id=\"post-21766\" class=\"articleList-item post-21766  post\">\r\n\t<a class=\"post-thumb\" href=\"https:\/\/www.hirondelle.org\/fr\/linformation-face-au-defi-de-lintelligence-artificielle-mediation-n16-decembre-2025\" title=\"L&rsquo;information face au d\u00e9fi de l&rsquo;intelligence artificielle \u2013 M\u00e9diation N\u00b016, D\u00e9cembre 2025\">\r\n\t\t<img loading=\"lazy\" decoding=\"async\" width=\"500\" height=\"250\" src=\"https:\/\/www.hirondelle.org\/wp-content\/uploads\/2025\/12\/000_1AP31T-500x250.jpg\" class=\"d-block w-100 h-auto wp-post-image\" alt=\"\" \/>\t<\/a>\r\n\t\t<a class=\"post-title\" href=\"https:\/\/www.hirondelle.org\/fr\/linformation-face-au-defi-de-lintelligence-artificielle-mediation-n16-decembre-2025\" title=\"L&rsquo;information face au d\u00e9fi de l&rsquo;intelligence artificielle \u2013 M\u00e9diation N\u00b016, D\u00e9cembre 2025\" rel=\"bookmark\">\r\n\t\tL&rsquo;information face au d\u00e9fi de l&rsquo;intelligence artificielle \u2013 M\u00e9diation N\u00b016, D\u00e9cembre 2025\t<\/a>\r\n\t<\/article><\/div><div class=\"col-md-3 post d-flex align-items-stretch\"><article id=\"post-21797\" class=\"articleList-item post-21797  post\">\r\n\t<a class=\"post-thumb\" href=\"https:\/\/www.hirondelle.org\/fr\/linformation-face-au-defi-de-lintelligence-artificielle\" title=\"L\u2019information face au d\u00e9fi de l&rsquo;intelligence artificielle\">\r\n\t\t<img loading=\"lazy\" decoding=\"async\" width=\"500\" height=\"250\" src=\"https:\/\/www.hirondelle.org\/wp-content\/uploads\/2025\/12\/000_1AP31T-500x250.jpg\" class=\"d-block w-100 h-auto wp-post-image\" alt=\"\" \/>\t<\/a>\r\n\t\t<a class=\"post-title\" href=\"https:\/\/www.hirondelle.org\/fr\/linformation-face-au-defi-de-lintelligence-artificielle\" title=\"L\u2019information face au d\u00e9fi de l&rsquo;intelligence artificielle\" rel=\"bookmark\">\r\n\t\tL\u2019information face au d\u00e9fi de l&rsquo;intelligence artificielle\t<\/a>\r\n\t<\/article><\/div><div class=\"col-md-3 post d-flex align-items-stretch\"><article id=\"post-21803\" class=\"articleList-item post-21803  post\">\r\n\t<a class=\"post-thumb\" href=\"https:\/\/www.hirondelle.org\/fr\/ia-et-journalisme-une-approche-centree-sur-la-responsabilite-humaine\" title=\"IA et journalisme : une approche centr\u00e9e sur la responsabilit\u00e9 humaine\">\r\n\t\t<img loading=\"lazy\" decoding=\"async\" width=\"500\" height=\"250\" src=\"https:\/\/www.hirondelle.org\/wp-content\/uploads\/2025\/12\/JournalisteMali-500x250.png\" class=\"d-block w-100 h-auto wp-post-image\" alt=\"\" \/>\t<\/a>\r\n\t\t<a class=\"post-title\" href=\"https:\/\/www.hirondelle.org\/fr\/ia-et-journalisme-une-approche-centree-sur-la-responsabilite-humaine\" title=\"IA et journalisme : une approche centr\u00e9e sur la responsabilit\u00e9 humaine\" rel=\"bookmark\">\r\n\t\tIA et journalisme : une approche centr\u00e9e sur la responsabilit\u00e9 humaine\t<\/a>\r\n\t<\/article><\/div><div class=\"col-md-3 post d-flex align-items-stretch\"><article id=\"post-21780\" class=\"articleList-item post-21780  post\">\r\n\t<a class=\"post-thumb\" href=\"https:\/\/www.hirondelle.org\/fr\/lia-un-changement-radical-dans-lecosysteme-dinformations\" title=\"L\u2019IA, un changement radical dans l&rsquo;\u00e9cosyst\u00e8me d&rsquo;informations\">\r\n\t\t<img loading=\"lazy\" decoding=\"async\" width=\"500\" height=\"250\" src=\"https:\/\/www.hirondelle.org\/wp-content\/uploads\/2025\/12\/Inde-mediation-article-phtoo-500x250.png\" class=\"d-block w-100 h-auto wp-post-image\" alt=\"\" \/>\t<\/a>\r\n\t\t<a class=\"post-title\" href=\"https:\/\/www.hirondelle.org\/fr\/lia-un-changement-radical-dans-lecosysteme-dinformations\" title=\"L\u2019IA, un changement radical dans l&rsquo;\u00e9cosyst\u00e8me d&rsquo;informations\" rel=\"bookmark\">\r\n\t\tL\u2019IA, un changement radical dans l&rsquo;\u00e9cosyst\u00e8me d&rsquo;informations\t<\/a>\r\n\t<\/article><\/div><\/div><\/div>","protected":false},"excerpt":{"rendered":"<p>Les acteurs internationaux de la solidarit\u00e9 internationale cherchent \u00e0 mieux comprendre les \u00e9cosyst\u00e8mes m\u00e9diatiques pour garantir une aide locale, efficace et p\u00e9renne. La Fondation Hirondelle suit l\u2019\u00e9volution des paysages m\u00e9diatiques depuis 30 ans. La Fondation Hirondelle collecte et analyse des donn\u00e9es sur les m\u00e9dias et le secteur m\u00e9diatique en mettant l\u2019accent sur la production et [&hellip;]<\/p>\n","protected":false},"author":9,"featured_media":0,"parent":276,"menu_order":3,"comment_status":"closed","ping_status":"closed","template":"page-without-column.php","meta":{"_acf_changed":false,"footnotes":""},"class_list":["post-11723","page","type-page","status-publish","hentry"],"acf":[],"publishpress_future_action":{"enabled":false,"date":"2026-04-11 17:48:51","action":"change-status","newStatus":"draft","terms":[],"taxonomy":"translation_priority","extraData":[]},"publishpress_future_workflow_manual_trigger":{"enabledWorkflows":[]},"_links":{"self":[{"href":"https:\/\/www.hirondelle.org\/fr\/wp-json\/wp\/v2\/pages\/11723","targetHints":{"allow":["GET"]}}],"collection":[{"href":"https:\/\/www.hirondelle.org\/fr\/wp-json\/wp\/v2\/pages"}],"about":[{"href":"https:\/\/www.hirondelle.org\/fr\/wp-json\/wp\/v2\/types\/page"}],"author":[{"embeddable":true,"href":"https:\/\/www.hirondelle.org\/fr\/wp-json\/wp\/v2\/users\/9"}],"replies":[{"embeddable":true,"href":"https:\/\/www.hirondelle.org\/fr\/wp-json\/wp\/v2\/comments?post=11723"}],"version-history":[{"count":31,"href":"https:\/\/www.hirondelle.org\/fr\/wp-json\/wp\/v2\/pages\/11723\/revisions"}],"predecessor-version":[{"id":23699,"href":"https:\/\/www.hirondelle.org\/fr\/wp-json\/wp\/v2\/pages\/11723\/revisions\/23699"}],"up":[{"embeddable":true,"href":"https:\/\/www.hirondelle.org\/fr\/wp-json\/wp\/v2\/pages\/276"}],"wp:attachment":[{"href":"https:\/\/www.hirondelle.org\/fr\/wp-json\/wp\/v2\/media?parent=11723"}],"curies":[{"name":"wp","href":"https:\/\/api.w.org\/{rel}","templated":true}]}}