{"id":11760,"date":"2024-09-18T12:52:30","date_gmt":"2024-09-18T10:52:30","guid":{"rendered":"https:\/\/www.hirondelle.org\/?page_id=11760"},"modified":"2026-02-25T16:33:31","modified_gmt":"2026-02-25T15:33:31","slug":"education-aux-medias","status":"publish","type":"page","link":"https:\/\/www.hirondelle.org\/fr\/nos-expertises\/education-aux-medias","title":{"rendered":"\u00c9ducation aux m\u00e9dias"},"content":{"rendered":"\n<div class=\"wp-block-columns is-layout-flex wp-container-core-columns-is-layout-9d6595d7 wp-block-columns-is-layout-flex\">\n<div class=\"wp-block-column is-layout-flow wp-block-column-is-layout-flow\" style=\"flex-basis:33.33%\">\n<figure class=\"wp-block-pullquote\"><blockquote><p>Une consommation \u00ab&nbsp;saine&nbsp;\u00bb de contenus m\u00e9diatiques, d\u2019informations fiables, v\u00e9rifi\u00e9es et sourc\u00e9es, est essentielle pour la construction des opinions et le bon fonctionnement des d\u00e9mocraties. <br><br>L\u2019\u00e9ducation aux m\u00e9dias permet de comprendre le journalisme et donne des outils critiques face \u00e0 la d\u00e9sinformation.<\/p><\/blockquote><\/figure>\n<\/div>\n\n\n\n<div class=\"wp-block-column is-layout-flow wp-block-column-is-layout-flow\" style=\"flex-basis:66.66%\">\n<figure class=\"wp-block-image alignright size-large is-resized\"><img loading=\"lazy\" decoding=\"async\" width=\"1024\" height=\"682\" src=\"https:\/\/www.hirondelle.org\/wp-content\/uploads\/2024\/09\/banner-education-medias-1024x682.jpg\" alt=\"\u00a9Gwenn Dubourthoumieu \/ Fondation Hirondelle - Formation en R\u00e9publique Centrafricaine\" class=\"wp-image-11841\" style=\"width:365px;height:auto\" srcset=\"https:\/\/www.hirondelle.org\/wp-content\/uploads\/2024\/09\/banner-education-medias-1024x682.jpg 1024w, https:\/\/www.hirondelle.org\/wp-content\/uploads\/2024\/09\/banner-education-medias-300x200.jpg 300w, https:\/\/www.hirondelle.org\/wp-content\/uploads\/2024\/09\/banner-education-medias-768x512.jpg 768w, https:\/\/www.hirondelle.org\/wp-content\/uploads\/2024\/09\/banner-education-medias-1536x1024.jpg 1536w, https:\/\/www.hirondelle.org\/wp-content\/uploads\/2024\/09\/banner-education-medias-1000x667.jpg 1000w, https:\/\/www.hirondelle.org\/wp-content\/uploads\/2024\/09\/banner-education-medias.jpg 2000w\" sizes=\"auto, (max-width: 1024px) 100vw, 1024px\" \/><figcaption class=\"wp-element-caption\">\u00a9Gwenn Dubourthoumieu \/ Fondation Hirondelle &#8211; Formation en R\u00e9publique Centrafricaine<\/figcaption><\/figure>\n\n\n\n<p>La Fondation Hirondelle depuis sa cr\u00e9ation apporte faits et t\u00e9moignages contre les rumeurs et le manque d\u2019information. Elle s\u2019engage \u00e0 cr\u00e9er du lien et de la confiance avec ses publics de par sa proximit\u00e9 et son approche centr\u00e9e sur le journalisme. Mais dans des paysages m\u00e9diatiques de plus en plus riches et complexes, informer ne suffit plus. Il faut aussi expliquer comment travaille un media d\u2019int\u00e9r\u00eat g\u00e9n\u00e9ral et r\u00e9pondre aux questions des utilisateurs.<\/p>\n\n\n\n<p>Cette transparence renforce l\u2019esprit critique des populations qui peuvent par elles-m\u00eames comparer les m\u00e9dias pr\u00e9sents dans leur environnement et choisir celui ou ceux qui leur sont le plus utiles.<\/p>\n\n\n\n<p>L\u2019\u00e9ducation aux m\u00e9dias se d\u00e9cline en trois types d\u2019activit\u00e9s&nbsp;:<\/p>\n\n\n\n<ul class=\"wp-block-list\">\n<li>Des \u00e9missions et contenus d\u00e9di\u00e9s sur nos antennes et en ligne, con\u00e7ues sur la base de questions des auditrices et auditeurs, expliquant les techniques journalistiques et la fabrique de l\u2019information.<\/li>\n\n\n\n<li>Des interventions dans des \u00e9coles et les universit\u00e9s pour parler du travail de l\u2019information et de la n\u00e9cessit\u00e9 d\u2019un esprit critique face \u00e0 la d\u00e9sinformation.<\/li>\n\n\n\n<li>Des rencontres avec le public rassemblant plusieurs centaines de personnes, et permettant aux journalistes de la radio de rencontrer le public et de r\u00e9pondre \u00e0 ses questions.<\/li>\n<\/ul>\n<\/div>\n<\/div>\n\n\n\n<h3 class=\"wp-block-heading\"><br>Exemples d\u2019activit\u00e9s d\u2019\u00e9ducation aux m\u00e9dias<br><\/h3>\n\n\n\n<div class=\"wp-block-media-text is-stacked-on-mobile\" style=\"grid-template-columns:34% auto\"><figure class=\"wp-block-media-text__media\"><img loading=\"lazy\" decoding=\"async\" width=\"6665\" height=\"4443\" src=\"https:\/\/www.hirondelle.org\/wp-content\/uploads\/2026\/02\/Atelier_jeune_public_1D9A7716_\u00a9Gabrielle-Lechevallier-Copie.jpg\" alt=\"\" class=\"wp-image-23709 size-full\"\/><\/figure><div class=\"wp-block-media-text__content\">\n<h4 class=\"wp-block-heading\"><strong>Ateliers d\u2019\u00e9ducation aux m\u00e9dias en Suisse<\/strong><\/h4>\n\n\n\n<p>Bas\u00e9e en Suisse, la Fondation Hirondelle participe \u00e0 des \u00e9v\u00e8nements et des ateliers d\u00e9di\u00e9s \u00e0 l\u2019\u00e9ducation aux m\u00e9dias et \u00e0 l\u2019information (EMI). \u00a0Depuis 2021, elle a anim\u00e9 plusieurs ateliers (y.c. intervention dans des \u00e9coles primaires et des gymnases dans le cadre des semaines de la citoyennet\u00e9 et l\u2019\u00e9ducation aux m\u00e9dias, de l\u2019atelier aux Disputes de Rumine de Lausanne) pour sensibiliser les jeunes au travail journalistique et \u00e9veiller leur esprit critique quant \u00e0 leur consommation des m\u00e9dias et usage des r\u00e9seaux sociaux. En 2025, elle est intervenue aux rencontres de l\u2019\u00e9ducation aux m\u00e9dias et \u00e0 l\u2019information \u00e0 l\u2019Ecole Sup\u00e9rieur de Journalisme de Lille. Pour les ann\u00e9es \u00e0 venir, la Fondation Hirondelle souhaite renforcer son offre en termes d\u2019EMI en Suisse et dans les pays d\u2019intervention, en s\u2019appuyant sur l\u2019expertise des journalistes et studios de la Fondation Hirondelle, travaillant au sein de contextes vari\u00e9s.<\/p>\n<\/div><\/div>\n\n\n\n<p><\/p>\n\n\n\n<div class=\"wp-block-group has-global-padding is-layout-constrained wp-block-group-is-layout-constrained\">\n<figure class=\"wp-block-image alignright size-full is-resized\"><img loading=\"lazy\" decoding=\"async\" width=\"495\" height=\"421\" src=\"https:\/\/www.hirondelle.org\/wp-content\/uploads\/2024\/09\/box-masterclasses.jpg\" alt=\"\" class=\"wp-image-11776\" style=\"width:357px;height:auto\" srcset=\"https:\/\/www.hirondelle.org\/wp-content\/uploads\/2024\/09\/box-masterclasses.jpg 495w, https:\/\/www.hirondelle.org\/wp-content\/uploads\/2024\/09\/box-masterclasses-300x255.jpg 300w\" sizes=\"auto, (max-width: 495px) 100vw, 495px\" \/><\/figure>\n\n\n\n<h4 class=\"wp-block-heading\"><strong>MasterClasses sur le journalisme<\/strong>&nbsp;<\/h4>\n\n\n\n<p>A travers 300 questions&nbsp;r\u00e9parties en&nbsp;30 capsules de 12 \u00e0 18 minutes chacune&nbsp;&#8211; soit plus de 6 heures d\u2019interviews film\u00e9es et sous-titr\u00e9es (ENG\/FR) \u00e0 disposition des journalistes en formation mais aussi de toute personne int\u00e9ress\u00e9e par les enjeux du fonctionnement des m\u00e9dias, la Fondation Hirondelle couvre&nbsp;une trentaine de th\u00e8mes avec autant de sp\u00e9cialistes&nbsp;dans leurs domaines : le reportage, la fabrique de l\u2019information, l\u2019\u00e9conomie des m\u00e9dias, les \u00ab fake-news \u00bb et comment les d\u00e9jouer, le travail des sources, les droits et devoirs du journaliste, l\u2019avenir de la presse, etc.<\/p>\n\n\n\n<p><a href=\"\/fr\/masterclasses\">Voir le projet<\/a><\/p>\n<\/div>\n\n\n\n<div class=\"wp-block-group has-global-padding is-layout-constrained wp-block-group-is-layout-constrained\">\n<figure class=\"wp-block-image alignleft size-full is-resized\"><img loading=\"lazy\" decoding=\"async\" width=\"919\" height=\"740\" src=\"https:\/\/www.hirondelle.org\/wp-content\/uploads\/2024\/09\/box-rca.jpg\" alt=\"\" class=\"wp-image-10678\" style=\"width:368px;height:auto\" srcset=\"https:\/\/www.hirondelle.org\/wp-content\/uploads\/2024\/09\/box-rca.jpg 919w, https:\/\/www.hirondelle.org\/wp-content\/uploads\/2024\/09\/box-rca-300x242.jpg 300w, https:\/\/www.hirondelle.org\/wp-content\/uploads\/2024\/09\/box-rca-768x618.jpg 768w\" sizes=\"auto, (max-width: 919px) 100vw, 919px\" \/><\/figure>\n\n\n\n<h4 class=\"wp-block-heading\">R\u00e9publique Centrafricaine<\/h4>\n\n\n\n<p>Des programmes de sensibilisation communautaire sont organis\u00e9s par les \u00e9quipes de Radio Ndeke Luka sur le terrain, dans les villes et villages, en s\u2019appuyant sur les programmes diffus\u00e9s par la radio. Radio Ndeke Luka contribue ainsi \u00e0 renforcer l\u2019esprit critique des communaut\u00e9s face \u00e0 la d\u00e9sinformation, leur r\u00e9silience et une consommation saine des m\u00e9dias, tout en favorisant un d\u00e9bat public bas\u00e9 sur les faits.<br><br><a href=\"\/fr\/que-faisons-nous\/operations\/geographiques\/afrique\/republique-centrafricaine\">Voir le projet<\/a><br><br><br><\/p>\n<\/div>\n\n\n\n<p><\/p>\n\n\n\n<div class=\"wp-block-group has-global-padding is-layout-constrained wp-block-group-is-layout-constrained\">\n<figure class=\"wp-block-image alignright size-full is-resized\"><img loading=\"lazy\" decoding=\"async\" width=\"641\" height=\"448\" src=\"https:\/\/www.hirondelle.org\/wp-content\/uploads\/2024\/09\/box-manuel-fake-3.jpg\" alt=\"\" class=\"wp-image-11794\" style=\"width:355px;height:auto\" srcset=\"https:\/\/www.hirondelle.org\/wp-content\/uploads\/2024\/09\/box-manuel-fake-3.jpg 641w, https:\/\/www.hirondelle.org\/wp-content\/uploads\/2024\/09\/box-manuel-fake-3-300x210.jpg 300w\" sizes=\"auto, (max-width: 641px) 100vw, 641px\" \/><\/figure>\n\n\n\n<h4 class=\"wp-block-heading\"><strong>Manuel de formation<\/strong><\/h4>\n\n\n\n<p>La Fondation Hirondelle a co-produit avec l\u2019UNESCO la version fran\u00e7aise du manuel \u00e0 destination des journalistes et du grand public pour apprendre \u00e0 reconnaitre et lutter contre la d\u00e9sinformation. Distribu\u00e9 dans les \u00e9coles de journalisme et les r\u00e9dactions dans les pays o\u00f9 nous travaillons, ce guide est une ressource pratique faisant \u00e9galement rappel des fondamentaux th\u00e9oriques.<\/p>\n\n\n\n<p><a href=\"\/fr\/guides\/1087-journalisme-desinformation-un-manuel-de-l-unesco-avec-la-fondation-hirondelle\" target=\"_blank\" rel=\"noreferrer noopener\">Voir le Manuel<\/a><br><br><\/p>\n<\/div>\n\n\n\n<div class=\"wp-block-group is-nowrap is-layout-flex wp-container-core-group-is-layout-ad2f72ca wp-block-group-is-layout-flex\">\n<figure class=\"wp-block-gallery alignleft has-nested-images columns-default is-cropped wp-block-gallery-1 is-layout-flex wp-block-gallery-is-layout-flex\">\n<figure class=\"wp-block-image alignleft size-full\"><img loading=\"lazy\" decoding=\"async\" width=\"1321\" height=\"806\" data-id=\"18791\" src=\"https:\/\/www.hirondelle.org\/wp-content\/uploads\/2025\/05\/benin-image-vote.png\" alt=\"\" class=\"wp-image-18791\" style=\"aspect-ratio:1.3333333333333333;object-fit:cover\" srcset=\"https:\/\/www.hirondelle.org\/wp-content\/uploads\/2025\/05\/benin-image-vote.png 1321w, https:\/\/www.hirondelle.org\/wp-content\/uploads\/2025\/05\/benin-image-vote-300x183.png 300w, https:\/\/www.hirondelle.org\/wp-content\/uploads\/2025\/05\/benin-image-vote-1024x625.png 1024w, https:\/\/www.hirondelle.org\/wp-content\/uploads\/2025\/05\/benin-image-vote-768x469.png 768w, https:\/\/www.hirondelle.org\/wp-content\/uploads\/2025\/05\/benin-image-vote-1000x610.png 1000w\" sizes=\"auto, (max-width: 1321px) 100vw, 1321px\" \/><\/figure>\n<\/figure>\n\n\n\n<div class=\"wp-block-group has-global-padding is-layout-constrained wp-block-group-is-layout-constrained\">\n<h4 class=\"wp-block-heading\">B\u00e9nin<\/h4>\n\n\n\n<p>Au B\u00e9nin, la Fondation Hirondelle, en \u00e9troite collaboration avec ses partenaires FeRCAB (F\u00e9d\u00e9ration des Radios Communautaires et Assimil\u00e9es du B\u00e9nin) et Ek\u00f4lab (laboratoire pour un journalisme de qualit\u00e9 en Afrique de l\u2019Ouest) conduit de nombreuses formations d&rsquo;\u00e9ducation aux m\u00e9dias. Plusieurs formations et coaching sont d\u00e9livr\u00e9s aux radios de la FeRCAB sur les techniques journalistiques. Des formations plus sp\u00e9cifiques sont aussi donn\u00e9es, en fonction des besoins, aux femmes du r\u00e9seau des femmes de la FeRCAB et aux OSC, notamment en usages du num\u00e9rique, en plaidoyer, en techniques de communication, en d\u00e9veloppement local et en genre.<\/p>\n\n\n\n<p><\/p>\n\n\n\n<p><a href=\"https:\/\/www.hirondelle.org\/fr\/que-faisons-nous\/operations\/geographiques\/afrique\/benin\">Voir le projet<\/a><br><br><\/p>\n<\/div>\n<\/div>\n\n\n\n<h3 class=\"wp-block-heading\"><br>Articles associ\u00e9s<\/h3>\n\n\n\t<div class=\"text-center\">\r\n\t\t<a class=\"btn btn-fh-green\" href=\"https:\/\/www.hirondelle.org\/fr\/tag\/expertise-education-aux-medias\">Voir plus d&rsquo;articles<\/a>\r\n\t<\/div>\r\n\t","protected":false},"excerpt":{"rendered":"<p>Une consommation \u00ab&nbsp;saine&nbsp;\u00bb de contenus m\u00e9diatiques, d\u2019informations fiables, v\u00e9rifi\u00e9es et sourc\u00e9es, est essentielle pour la construction des opinions et le bon fonctionnement des d\u00e9mocraties. L\u2019\u00e9ducation aux m\u00e9dias permet de comprendre le journalisme et donne des outils critiques face \u00e0 la d\u00e9sinformation. La Fondation Hirondelle depuis sa cr\u00e9ation apporte faits et t\u00e9moignages contre les rumeurs et [&hellip;]<\/p>\n","protected":false},"author":9,"featured_media":0,"parent":276,"menu_order":4,"comment_status":"closed","ping_status":"closed","template":"page-without-column.php","meta":{"_acf_changed":false,"footnotes":""},"class_list":["post-11760","page","type-page","status-publish","hentry"],"acf":[],"publishpress_future_action":{"enabled":false,"date":"2026-04-20 17:07:59","action":"change-status","newStatus":"draft","terms":[],"taxonomy":"translation_priority","extraData":[]},"publishpress_future_workflow_manual_trigger":{"enabledWorkflows":[]},"_links":{"self":[{"href":"https:\/\/www.hirondelle.org\/fr\/wp-json\/wp\/v2\/pages\/11760","targetHints":{"allow":["GET"]}}],"collection":[{"href":"https:\/\/www.hirondelle.org\/fr\/wp-json\/wp\/v2\/pages"}],"about":[{"href":"https:\/\/www.hirondelle.org\/fr\/wp-json\/wp\/v2\/types\/page"}],"author":[{"embeddable":true,"href":"https:\/\/www.hirondelle.org\/fr\/wp-json\/wp\/v2\/users\/9"}],"replies":[{"embeddable":true,"href":"https:\/\/www.hirondelle.org\/fr\/wp-json\/wp\/v2\/comments?post=11760"}],"version-history":[{"count":41,"href":"https:\/\/www.hirondelle.org\/fr\/wp-json\/wp\/v2\/pages\/11760\/revisions"}],"predecessor-version":[{"id":23712,"href":"https:\/\/www.hirondelle.org\/fr\/wp-json\/wp\/v2\/pages\/11760\/revisions\/23712"}],"up":[{"embeddable":true,"href":"https:\/\/www.hirondelle.org\/fr\/wp-json\/wp\/v2\/pages\/276"}],"wp:attachment":[{"href":"https:\/\/www.hirondelle.org\/fr\/wp-json\/wp\/v2\/media?parent=11760"}],"curies":[{"name":"wp","href":"https:\/\/api.w.org\/{rel}","templated":true}]}}