{"id":18653,"date":"2025-05-06T16:16:51","date_gmt":"2025-05-06T14:16:51","guid":{"rendered":"https:\/\/www.hirondelle.org\/?page_id=18653"},"modified":"2026-03-30T15:57:42","modified_gmt":"2026-03-30T13:57:42","slug":"programme-de-participation-active-des-citoyennes-et-citoyens-tunisie","status":"publish","type":"page","link":"https:\/\/www.hirondelle.org\/fr\/que-faisons-nous\/operations\/thematiques\/gouvernance\/programme-de-participation-active-des-citoyennes-et-citoyens-tunisie","title":{"rendered":"Programme de participation active des citoyennes et citoyens &#8211; Tunisie"},"content":{"rendered":"\n<figure class=\"wp-block-image size-large w-100\"><img loading=\"lazy\" decoding=\"async\" width=\"1024\" height=\"429\" src=\"https:\/\/www.hirondelle.org\/wp-content\/uploads\/2024\/09\/banner-tunisie-1024x429.jpg\" alt=\"\" class=\"wp-image-10409\" srcset=\"https:\/\/www.hirondelle.org\/wp-content\/uploads\/2024\/09\/banner-tunisie-1024x429.jpg 1024w, https:\/\/www.hirondelle.org\/wp-content\/uploads\/2024\/09\/banner-tunisie-300x126.jpg 300w, https:\/\/www.hirondelle.org\/wp-content\/uploads\/2024\/09\/banner-tunisie-768x322.jpg 768w, https:\/\/www.hirondelle.org\/wp-content\/uploads\/2024\/09\/banner-tunisie-1536x644.jpg 1536w, https:\/\/www.hirondelle.org\/wp-content\/uploads\/2024\/09\/banner-tunisie-1000x419.jpg 1000w, https:\/\/www.hirondelle.org\/wp-content\/uploads\/2024\/09\/banner-tunisie.jpg 1620w\" sizes=\"auto, (max-width: 1024px) 100vw, 1024px\" \/><figcaption class=\"wp-element-caption\">Deux journalistes r\u00e9alisent une interview dans les rues du Kef, en Tunisie, en 2023. \u00a9 Lotfi Rahmouni<\/figcaption><\/figure>\n\n\n\n<div class=\"wp-block-media-text has-media-on-the-right is-stacked-on-mobile\" style=\"grid-template-columns:auto 36%\"><div class=\"wp-block-media-text__content\">\n<p>Depuis 2020, la Fondation Hirondelle met en oeuvre le volet m\u00e9dias du programme PACT (Participation Active des Citoyennes et Citoyens Tunisiens), en consortium avec l\u2019organisation danoise NIRAS. Ce projet vise \u00e0 agrandir l\u2019espace civique et \u00e0 favoriser le dialogue entre gouvernants et citoyen\u00b7ne\u00b7s, notamment les plus vuln\u00e9rables, pour une r\u00e9elle co-construction de l\u2019action publique dans la r\u00e9gion des hautes steppes (gouvernorats de Gafsa, Kairouan, Kasserine, Kef, Sidi Bouzid et Siliana).<br><br>La phase 2 du projet a d\u00e9marr\u00e9 en mai 2023. La Fondation Hirondelle poursuit son engagement en continuant \u00e0 soutenir les m\u00e9dias locaux en tant qu\u2019acteurs de la bonne gouvernance et du d\u00e9veloppement durable \u00e0 l\u2019\u00e9chelle locale.<\/p>\n\n\n\n<p>La Fondation Hirondelle poursuit son engagement en apportant son soutien aux m\u00e9dias locaux, acteurs de la bonne gouvernance et du d\u00e9veloppement durable \u00e0 l\u2019\u00e9chelle locale.<\/p>\n<\/div><figure class=\"wp-block-media-text__media\"><img loading=\"lazy\" decoding=\"async\" width=\"840\" height=\"1024\" src=\"https:\/\/www.hirondelle.org\/wp-content\/uploads\/2024\/09\/carte-tunisie-1-840x1024.jpg\" alt=\"\" class=\"wp-image-10417 size-full\" srcset=\"https:\/\/www.hirondelle.org\/wp-content\/uploads\/2024\/09\/carte-tunisie-1-840x1024.jpg 840w, https:\/\/www.hirondelle.org\/wp-content\/uploads\/2024\/09\/carte-tunisie-1-246x300.jpg 246w, https:\/\/www.hirondelle.org\/wp-content\/uploads\/2024\/09\/carte-tunisie-1-768x936.jpg 768w, https:\/\/www.hirondelle.org\/wp-content\/uploads\/2024\/09\/carte-tunisie-1-1000x1219.jpg 1000w, https:\/\/www.hirondelle.org\/wp-content\/uploads\/2024\/09\/carte-tunisie-1.jpg 1256w\" sizes=\"auto, (max-width: 840px) 100vw, 840px\" \/><\/figure><\/div>\n\n\n\n<p><\/p>\n\n\n\n<h3 class=\"wp-block-heading\">Ouvrir l\u2019espace public et favoriser le dialogue<\/h3>\n\n\n\n<p>La Tunisie traverse aujourd\u2019hui une phase de reconfiguration politique et institutionnelle. Quinze ans apr\u00e8s la r\u00e9volution, le paysage m\u00e9diatique s\u2019inscrit dans un contexte de recentrage du pouvoir et de red\u00e9finition des \u00e9quilibres d\u00e9mocratiques. Dans cet environnement de plus en plus contraignant pour l\u2019exercice du journalisme, les professionnel\u00b7les des m\u00e9dias sont confront\u00e9\u00b7es \u00e0 des d\u00e9fis multiples : pressions juridiques, fragilisation \u00e9conomique des m\u00e9dias et circulation accrue de la d\u00e9sinformation, notamment sur les plateformes num\u00e9riques. Dans ce contexte, renforcer les comp\u00e9tences, l\u2019\u00e9thique et la r\u00e9silience des journalistes reste essentiel pour garantir un espace d\u2019information cr\u00e9dible, pluraliste et au service de l\u2019int\u00e9r\u00eat public.<\/p>\n\n\n\n\n\t\t<style type=\"text\/css\">\n\t\t\t#gallery-1 {\n\t\t\t\tmargin: auto;\n\t\t\t}\n\t\t\t#gallery-1 .gallery-item {\n\t\t\t\tfloat: left;\n\t\t\t\tmargin-top: 10px;\n\t\t\t\ttext-align: center;\n\t\t\t\twidth: 33%;\n\t\t\t}\n\t\t\t#gallery-1 img {\n\t\t\t\tborder: 2px solid #cfcfcf;\n\t\t\t}\n\t\t\t#gallery-1 .gallery-caption {\n\t\t\t\tmargin-left: 0;\n\t\t\t}\n\t\t\t\/* see gallery_shortcode() in wp-includes\/media.php *\/\n\t\t<\/style>\n\t\t<div id='gallery-1' class='gallery galleryid-18653 gallery-columns-3 gallery-size-thumbnail'><dl class='gallery-item'>\n\t\t\t<dt class='gallery-icon landscape'>\n\t\t\t\t<a href='https:\/\/www.hirondelle.org\/fr\/que-faisons-nous\/operations\/thematiques\/gouvernance\/programme-de-participation-active-des-citoyennes-et-citoyens-tunisie\/fondation-hirondelle_tunisie_metlaoui_17-06-2015_32'><img loading=\"lazy\" decoding=\"async\" width=\"150\" height=\"100\" src=\"https:\/\/www.hirondelle.org\/wp-content\/uploads\/2025\/05\/Fondation-Hirondelle_Tunisie_Metlaoui_17.06.2015_32.jpg\" class=\"attachment-thumbnail size-thumbnail\" alt=\"\" aria-describedby=\"gallery-1-18655\" \/><\/a>\n\t\t\t<\/dt>\n\t\t\t\t<dd class='wp-caption-text gallery-caption' id='gallery-1-18655'>\n\t\t\t\tRamzi Afdal, correspondant de la radio Gafsa \u00e0 Metlaoui, interview une berg\u00e8re pr\u00e8s de Metlaoui, une ville de Tunisie situ\u00e9e \u00e0 environ 400 km au sud de Tunis, le 17 juin 2015.      &#8211;     Ramzi Afdal,correspondent for radio Gafsa in Metlaoui, is interviewing a shepherdess near Metlaoui, a Tunisian city located about 400 km south of Tunis, on June 17th, 2015.\n\t\t\t\t<\/dd><\/dl><dl class='gallery-item'>\n\t\t\t<dt class='gallery-icon landscape'>\n\t\t\t\t<a href='https:\/\/www.hirondelle.org\/fr\/que-faisons-nous\/operations\/thematiques\/gouvernance\/programme-de-participation-active-des-citoyennes-et-citoyens-tunisie\/fondation-hirondelle_tunisie_gafsa_16-06-2015_17'><img loading=\"lazy\" decoding=\"async\" width=\"150\" height=\"100\" src=\"https:\/\/www.hirondelle.org\/wp-content\/uploads\/2025\/05\/Fondation-Hirondelle_Tunisie_Gafsa_16.06.2015_17.jpg\" class=\"attachment-thumbnail size-thumbnail\" alt=\"\" aria-describedby=\"gallery-1-18661\" \/><\/a>\n\t\t\t<\/dt>\n\t\t\t\t<dd class='wp-caption-text gallery-caption' id='gallery-1-18661'>\n\t\t\t\tLes studios de la radio Gafsa, une ville de Tunisie situ\u00e9e \u00e0 environ 350 km au sud de Tunis, le 16 juin 2015.      &#8211;     The studio of radio Gafsa, a Tunisian city  located about 300 km south of Tunis, on June 16th, 2015.\n\t\t\t\t<\/dd><\/dl><dl class='gallery-item'>\n\t\t\t<dt class='gallery-icon landscape'>\n\t\t\t\t<a href='https:\/\/www.hirondelle.org\/fr\/que-faisons-nous\/operations\/thematiques\/gouvernance\/programme-de-participation-active-des-citoyennes-et-citoyens-tunisie\/fondation-hirondelle_tunisie_gafsa_16-06-2015_07'><img loading=\"lazy\" decoding=\"async\" width=\"150\" height=\"100\" src=\"https:\/\/www.hirondelle.org\/wp-content\/uploads\/2025\/05\/Fondation-Hirondelle_Tunisie_Gafsa_16.06.2015_07.jpg\" class=\"attachment-thumbnail size-thumbnail\" alt=\"\" aria-describedby=\"gallery-1-18658\" \/><\/a>\n\t\t\t<\/dt>\n\t\t\t\t<dd class='wp-caption-text gallery-caption' id='gallery-1-18658'>\n\t\t\t\tHaifa Slogga, correspondante de la radio Gafsa, interview des manifestant r\u00e9clamant leur embauche dans la Compagnie des phosphates de Gafsa, le principal employeur de la r\u00e9gion, \u00e0 Gafsa, une ville de Tunisie situ\u00e9e \u00e0 environ 350 km au sud de Tunis, le 16 juin 2015.      &#8211;     Haifa Slogga,,correspondent for radio Gafsa, is interviewing men demonstrating to claim their hiring in the Gafsa Phosphate Company, the main employer in the region, in Gafsa, a Tunisian city located about 300 km south of Tunis, on June 16th, 2015.\n\t\t\t\t<\/dd><\/dl><br style=\"clear: both\" \/>\n\t\t<\/div>\n\n\n\n\n<div style=\"height:29px\" aria-hidden=\"true\" class=\"wp-block-spacer\"><\/div>\n\n\n\n<p>Face \u00e0 cette r\u00e9alit\u00e9, la Fondation Hirondelle a appuy\u00e9 la cr\u00e9ation d\u2019un r\u00e9seau de 19 journalistes en 2023, comptant pr\u00e8s de 80 % de femmes et une moyenne d\u2019\u00e2ge comprise entre 25 et 35 ans. Ce r\u00e9seau, form\u00e9 et coach\u00e9 sur les enjeux de la gouvernance locale, repr\u00e9sentait 14 m\u00e9dias locaux et r\u00e9gionaux. En 2024, ce r\u00e9seau de journalistes et de m\u00e9dias partenaires est \u00e9largi, avec un objectif de 20 \u00e0 25 nouveaux m\u00e9dias \u00e0 la fin de l\u2019ann\u00e9e, dont des web radios, des journalistes citoyen\u00b7ne\u00b7s et blogueur\u00b7euse\u00b7s.<\/p>\n\n\n\n<p>En 2025, la Fondation Hirondelle a poursuivi son engagement en accompagnant 16 m\u00e9dias partenaires \u00e0 travers un dispositif combinant formation, coaching \u00e9ditorial et appui technique. Au total, 42 journalistes ont \u00e9t\u00e9 form\u00e9\u00b7es, dont 13 journalistes citoyen\u00b7nes, contribuant \u00e0 \u00e9largir la participation m\u00e9diatique et \u00e0 renforcer l\u2019ancrage local de l\u2019information. Les formations ont int\u00e9gr\u00e9 de nouveaux axes r\u00e9pondant aux besoins \u00e9mergents du secteur : diction, intelligence artificielle appliqu\u00e9e au journalisme, d\u00e9ontologie de la presse dans un contexte sensible, communication strat\u00e9gique, ainsi que des formations in-house d\u00e9di\u00e9es \u00e0 la r\u00e9alisation d\u2019\u00e9missions d\u00e9bat et \u00e0 l\u2019assistance technique.<\/p>\n\n\n\n<p>En 2025, 148 contenus m\u00e9diatiques; 123 reportages vid\u00e9o et 25 d\u00e9bats radiophoniques ont \u00e9t\u00e9 produits, totalisant 33 heures de diffusion sur FM et en ligne. Ax\u00e9s sur la gouvernance locale et l\u2019inclusion, ils ont aliment\u00e9 le d\u00e9bat public, dont 6 reportages diffus\u00e9s en langue des signes pour un acc\u00e8s plus inclusif \u00e0 l\u2019information.<\/p>\n\n\n\n<p>Les contenus journalistiques sont diffus\u00e9s par les m\u00e9dias du r\u00e9seau, sur leurs ondes et leurs plateformes en ligne mais aussi sur une page <a href=\"https:\/\/www.facebook.com\/PACT.tunisie\" target=\"_blank\" rel=\"noreferrer noopener\">Facebook<\/a> d\u00e9di\u00e9e qui leur offre une plus grande visibilit\u00e9.<\/p>\n\n\n\n<p>Le programme PACT vise \u00e9galement le renforcement des capacit\u00e9s des communaut\u00e9s, pour am\u00e9liorer leurs aptitudes \u00e0 communiquer sur leurs probl\u00e9matiques, et des m\u00e9dias du r\u00e9seau, en ce qui concerne la conduite de d\u00e9bats, le journalisme mobile et l&rsquo;investigation journalistique. Pour en savoir plus sur l&rsquo;ensemble de nos op\u00e9rations en Tunisie, <a href=\"https:\/\/www.hirondelle.org\/fr\/que-faisons-nous\/operations\/geographiques\/afrique-du-nord-et-moyen-orient\/tunisie\">consultez notre page d\u00e9di\u00e9e.<\/a><\/p>\n\n\n\n<p><br><\/p>\n","protected":false},"excerpt":{"rendered":"<p>Depuis 2020, la Fondation Hirondelle met en oeuvre le volet m\u00e9dias du programme PACT (Participation Active des Citoyennes et Citoyens Tunisiens), en consortium avec l\u2019organisation danoise NIRAS. Ce projet vise \u00e0 agrandir l\u2019espace civique et \u00e0 favoriser le dialogue entre gouvernants et citoyen\u00b7ne\u00b7s, notamment les plus vuln\u00e9rables, pour une r\u00e9elle co-construction de l\u2019action publique dans [&hellip;]<\/p>\n","protected":false},"author":7,"featured_media":0,"parent":10634,"menu_order":3,"comment_status":"closed","ping_status":"closed","template":"","meta":{"_acf_changed":false,"footnotes":""},"class_list":["post-18653","page","type-page","status-publish","hentry"],"acf":[],"publishpress_future_action":{"enabled":false,"date":"2026-04-20 21:43:03","action":"change-status","newStatus":"draft","terms":[],"taxonomy":"translation_priority","extraData":[]},"publishpress_future_workflow_manual_trigger":{"enabledWorkflows":[]},"_links":{"self":[{"href":"https:\/\/www.hirondelle.org\/fr\/wp-json\/wp\/v2\/pages\/18653","targetHints":{"allow":["GET"]}}],"collection":[{"href":"https:\/\/www.hirondelle.org\/fr\/wp-json\/wp\/v2\/pages"}],"about":[{"href":"https:\/\/www.hirondelle.org\/fr\/wp-json\/wp\/v2\/types\/page"}],"author":[{"embeddable":true,"href":"https:\/\/www.hirondelle.org\/fr\/wp-json\/wp\/v2\/users\/7"}],"replies":[{"embeddable":true,"href":"https:\/\/www.hirondelle.org\/fr\/wp-json\/wp\/v2\/comments?post=18653"}],"version-history":[{"count":5,"href":"https:\/\/www.hirondelle.org\/fr\/wp-json\/wp\/v2\/pages\/18653\/revisions"}],"predecessor-version":[{"id":24898,"href":"https:\/\/www.hirondelle.org\/fr\/wp-json\/wp\/v2\/pages\/18653\/revisions\/24898"}],"up":[{"embeddable":true,"href":"https:\/\/www.hirondelle.org\/fr\/wp-json\/wp\/v2\/pages\/10634"}],"wp:attachment":[{"href":"https:\/\/www.hirondelle.org\/fr\/wp-json\/wp\/v2\/media?parent=18653"}],"curies":[{"name":"wp","href":"https:\/\/api.w.org\/{rel}","templated":true}]}}