{"id":18740,"date":"2025-05-07T09:29:56","date_gmt":"2025-05-07T07:29:56","guid":{"rendered":"https:\/\/www.hirondelle.org\/?page_id=18740"},"modified":"2025-05-07T09:31:10","modified_gmt":"2025-05-07T07:31:10","slug":"des-medias-pour-une-societe-civile-renforcee-benin","status":"publish","type":"page","link":"https:\/\/www.hirondelle.org\/fr\/que-faisons-nous\/operations\/thematiques\/gouvernance\/des-medias-pour-une-societe-civile-renforcee-benin","title":{"rendered":"Des m\u00e9dias pour une soci\u00e9t\u00e9 civile renforc\u00e9e &#8211; B\u00e9nin"},"content":{"rendered":"\n<figure class=\"wp-block-image size-full is-resized w-100\"><img loading=\"lazy\" decoding=\"async\" width=\"2000\" height=\"931\" src=\"https:\/\/www.hirondelle.org\/wp-content\/uploads\/2024\/09\/banner-benin.jpg\" alt=\"\u00a9Yanick Folly - Un \u00e9lecteur est assist\u00e9 par des agents \u00e9lectoraux dans un bureau de vote de l'\u00e9cole primaire publique d'Agla Est \u00e0 Cotonou lors des \u00e9lections l\u00e9gislatives au B\u00e9nin le 8 janvier 2023\" class=\"wp-image-12182\" style=\"width:1096px;height:auto\" srcset=\"https:\/\/www.hirondelle.org\/wp-content\/uploads\/2024\/09\/banner-benin.jpg 2000w, https:\/\/www.hirondelle.org\/wp-content\/uploads\/2024\/09\/banner-benin-300x140.jpg 300w, https:\/\/www.hirondelle.org\/wp-content\/uploads\/2024\/09\/banner-benin-1024x477.jpg 1024w, https:\/\/www.hirondelle.org\/wp-content\/uploads\/2024\/09\/banner-benin-768x358.jpg 768w, https:\/\/www.hirondelle.org\/wp-content\/uploads\/2024\/09\/banner-benin-1536x715.jpg 1536w, https:\/\/www.hirondelle.org\/wp-content\/uploads\/2024\/09\/banner-benin-1000x466.jpg 1000w\" sizes=\"auto, (max-width: 2000px) 100vw, 2000px\" \/><figcaption class=\"wp-element-caption\">\u00a9Yanick Folly &#8211; Un \u00e9lecteur est assist\u00e9 par des agents \u00e9lectoraux dans un bureau de vote de l&rsquo;\u00e9cole primaire publique d&rsquo;Agla Est \u00e0 Cotonou lors des \u00e9lections l\u00e9gislatives au B\u00e9nin le 8 janvier 2023<\/figcaption><\/figure>\n\n\n\n<div style=\"height:20px\" aria-hidden=\"true\" class=\"wp-block-spacer\"><\/div>\n\n\n\n<p>Le paysage m\u00e9diatique b\u00e9ninois est dynamique avec de nombreux m\u00e9dias, mais l&rsquo;espace civique se r\u00e9tr\u00e9cit sous la pression des lois restrictives et des ing\u00e9rences politiques. L&rsquo;autor\u00e9gulation est difficile, et les journalistes font face au risque de l&rsquo;auto-censure et \u00e0 de mauvaises conditions de travail, mena\u00e7ant l&rsquo;ind\u00e9pendance des m\u00e9dias.<\/p>\n\n\n\n<p>En septembre 2024, la Fondation Hirondelle a lanc\u00e9 un nouveau projet <strong>visant \u00e0 soutenir les capacit\u00e9s de plaidoyer de la soci\u00e9t\u00e9 civile b\u00e9n\u00e9noise<\/strong>. Ce projet soutenu par l&rsquo;Union europ\u00e9enne <strong>met l&rsquo;accent sur la diffusion d&rsquo;une information ind\u00e9pendante, responsable et inclusive, en pla\u00e7ant les citoyen\u00b7ne\u00b7s b\u00e9ninois\u00b7es au coeur du d\u00e9bat public<\/strong>. Pour cela, la Fondation Hirondelle a d\u00e9velopp\u00e9 des partenariats clefs, notamment avec la FeRCAB (F\u00e9d\u00e9ration des Radios Communautaires et Assimil\u00e9es du B\u00e9nin) d\u00e9j\u00e0 partenaire d&rsquo;un projet multi-pays visant \u00e0 lutter contre la d\u00e9sinformation pendant la pand\u00e9mie de Covid-19 (2020-2021) mais aussi avec Ek\u00f4lab, laboratoire pour un journalisme de qualit\u00e9 en Afrique de l&rsquo;Ouest qui promeut un journalisme rigoureux et informatif.<\/p>\n\n\n\n<p>La Fondation Hirondelle, en \u00e9troite collaboration avec ses partenaires FeRCAB et Ek\u00f4lab, se fixe un double objectif. Le premier est celui d\u2019accompagner les m\u00e9dias locaux \u00e0 collaborer de mani\u00e8re efficace avec des organisations de la soci\u00e9t\u00e9 civile (OSC) et \u00e0 rendre compte des pr\u00e9occupations des citoyens et citoyennes. Le second objectif vise \u00e0 am\u00e9liorer l\u2019acc\u00e8s des population \u00e0 des contenus m\u00e9diatiques de proximit\u00e9 portant sur des questions de d\u00e9veloppement local et leur participation \u00e0 ces programmes. Cela inclut ceux visant \u00e0 promouvoir la culture de l\u2019\u00e9galit\u00e9 de genre, la gouvernance, les effets du changement climatique et environnemental.<\/p>\n\n\n\n<p><\/p>\n\n\n\n<div style=\"height:29px\" aria-hidden=\"true\" class=\"wp-block-spacer\"><\/div>\n\n\n\n<p>Durant la dur\u00e9e du projet, les m\u00e9dias locaux s\u00e9lectionn\u00e9s sont accompagn\u00e9s dans la production de contenus m\u00e9diatiques, \u00e0 la fois en ligne et hors ligne, dans les langues nationales et en fran\u00e7ais. Des tables rondes, des magazines et des \u00e9missions publiques sont produits, r\u00e9unissant diverses parties prenantes du d\u00e9bat public (OSC, expert\u00b7e\u00b7s, autorit\u00e9s, etc.). Ces m\u00e9dias diffusent les contenus m\u00e9diatiques produits sur leurs ondes ainsi que sur leurs plateformes digitales (Facebook, WhatsApp, site internet, etc.). Une fois par an, les radios \u00e9lisent le meilleur contenu de l\u2019ann\u00e9e, qui est ensuite diffus\u00e9 par l\u2019ensemble des radios de la FeRCAB.<\/p>\n\n\n\n<p>Plusieurs formations et coaching sont d\u00e9livr\u00e9s aux radios de la FeRCAB sur les techniques journalistiques. Des formations plus sp\u00e9cifiques sont aussi donn\u00e9es, en fonction des besoins, aux femmes du r\u00e9seau des femmes de la FeRCAB et aux OSC, notamment en usages du num\u00e9rique, en plaidoyer, en techniques de communication, en d\u00e9veloppement local et en genre. Pour en savoir plus sur l&rsquo;ensemble de nos op\u00e9rations au B\u00e9nin, <a href=\"https:\/\/www.hirondelle.org\/fr\/que-faisons-nous\/operations\/geographiques\/afrique\/benin\">consultez notre page d\u00e9di\u00e9e.<\/a><\/p>\n\n\n\n<p><br><\/p>\n","protected":false},"excerpt":{"rendered":"<p>Le paysage m\u00e9diatique b\u00e9ninois est dynamique avec de nombreux m\u00e9dias, mais l&rsquo;espace civique se r\u00e9tr\u00e9cit sous la pression des lois restrictives et des ing\u00e9rences politiques. L&rsquo;autor\u00e9gulation est difficile, et les journalistes font face au risque de l&rsquo;auto-censure et \u00e0 de mauvaises conditions de travail, mena\u00e7ant l&rsquo;ind\u00e9pendance des m\u00e9dias. En septembre 2024, la Fondation Hirondelle a [&hellip;]<\/p>\n","protected":false},"author":7,"featured_media":0,"parent":10634,"menu_order":2,"comment_status":"closed","ping_status":"closed","template":"","meta":{"_acf_changed":false,"footnotes":""},"class_list":["post-18740","page","type-page","status-publish","hentry"],"acf":[],"publishpress_future_action":{"enabled":false,"date":"2026-04-20 21:47:20","action":"change-status","newStatus":"draft","terms":[],"taxonomy":"translation_priority","extraData":[]},"publishpress_future_workflow_manual_trigger":{"enabledWorkflows":[]},"_links":{"self":[{"href":"https:\/\/www.hirondelle.org\/fr\/wp-json\/wp\/v2\/pages\/18740","targetHints":{"allow":["GET"]}}],"collection":[{"href":"https:\/\/www.hirondelle.org\/fr\/wp-json\/wp\/v2\/pages"}],"about":[{"href":"https:\/\/www.hirondelle.org\/fr\/wp-json\/wp\/v2\/types\/page"}],"author":[{"embeddable":true,"href":"https:\/\/www.hirondelle.org\/fr\/wp-json\/wp\/v2\/users\/7"}],"replies":[{"embeddable":true,"href":"https:\/\/www.hirondelle.org\/fr\/wp-json\/wp\/v2\/comments?post=18740"}],"version-history":[{"count":2,"href":"https:\/\/www.hirondelle.org\/fr\/wp-json\/wp\/v2\/pages\/18740\/revisions"}],"predecessor-version":[{"id":18745,"href":"https:\/\/www.hirondelle.org\/fr\/wp-json\/wp\/v2\/pages\/18740\/revisions\/18745"}],"up":[{"embeddable":true,"href":"https:\/\/www.hirondelle.org\/fr\/wp-json\/wp\/v2\/pages\/10634"}],"wp:attachment":[{"href":"https:\/\/www.hirondelle.org\/fr\/wp-json\/wp\/v2\/media?parent=18740"}],"curies":[{"name":"wp","href":"https:\/\/api.w.org\/{rel}","templated":true}]}}