{"id":18750,"date":"2025-05-07T09:59:15","date_gmt":"2025-05-07T07:59:15","guid":{"rendered":"https:\/\/www.hirondelle.org\/?page_id=18750"},"modified":"2025-05-07T10:06:09","modified_gmt":"2025-05-07T08:06:09","slug":"studio-sifaka-porter-la-voix-de-la-jeunesse-madagascar","status":"publish","type":"page","link":"https:\/\/www.hirondelle.org\/fr\/que-faisons-nous\/operations\/thematiques\/jeunes\/studio-sifaka-porter-la-voix-de-la-jeunesse-madagascar","title":{"rendered":"Studio Sifaka : Porter la voix de la jeunesse &#8211; Madagascar"},"content":{"rendered":"\n<figure class=\"wp-block-image size-full\"><img loading=\"lazy\" decoding=\"async\" width=\"2560\" height=\"1707\" src=\"https:\/\/www.hirondelle.org\/wp-content\/uploads\/2025\/05\/20201127_100846_06849-1-scaled.jpg\" alt=\"\" class=\"wp-image-18752\" srcset=\"https:\/\/www.hirondelle.org\/wp-content\/uploads\/2025\/05\/20201127_100846_06849-1-scaled.jpg 2560w, https:\/\/www.hirondelle.org\/wp-content\/uploads\/2025\/05\/20201127_100846_06849-1-300x200.jpg 300w, https:\/\/www.hirondelle.org\/wp-content\/uploads\/2025\/05\/20201127_100846_06849-1-768x512.jpg 768w, https:\/\/www.hirondelle.org\/wp-content\/uploads\/2025\/05\/20201127_100846_06849-1-1536x1024.jpg 1536w, https:\/\/www.hirondelle.org\/wp-content\/uploads\/2025\/05\/20201127_100846_06849-1-2048x1366.jpg 2048w\" sizes=\"auto, (max-width: 2560px) 100vw, 2560px\" \/><figcaption class=\"wp-element-caption\"><br><br>Rindra Rakotofiringa mod\u00e8re un d\u00e9bat dans le studio de Studio Sifaka<\/figcaption><\/figure>\n\n\n\n<p>Madagascar est l\u2019un des pays les plus pauvres au monde avec 75 % de la population vivant avec moins de 2 dollars par jour. Les jeunes Malgaches repr\u00e9sentent la majorit\u00e9 de la population avec 60 % de la population ayant moins de 25 ans. Cependant, 70 % d\u2019analphab\u00e8tes ont entre 15 et 24 ans, venant principalement des milieux ruraux. L\u2019extr\u00eame jeunesse de la population malgache repr\u00e9sente une grande opportunit\u00e9 pour le d\u00e9veloppement du pays, mais \u00e9galement un d\u00e9fi multidimensionnel sur des probl\u00e9matiques d\u2019\u00e9ducation, de formation, d\u2019employabilit\u00e9, de sant\u00e9 et d\u2019engagement dans la vie citoyenne.<\/p>\n\n\n\n<div style=\"height:29px\" aria-hidden=\"true\" class=\"wp-block-spacer\"><\/div>\n\n\n\n<div class=\"wp-block-media-text is-stacked-on-mobile\" style=\"grid-template-columns:15% auto\"><figure class=\"wp-block-media-text__media\"><img loading=\"lazy\" decoding=\"async\" width=\"250\" height=\"282\" src=\"https:\/\/www.hirondelle.org\/wp-content\/uploads\/2024\/10\/Logo-Sifaka-Web-new.jpg\" alt=\"\" class=\"wp-image-12849 size-full\"\/><\/figure><div class=\"wp-block-media-text__content\">\n<p>Studio Sifaka, cr\u00e9\u00e9 en 2019 par la Fondation Hirondelle avec l\u2019appui des Nations unies, est un studio de production de contenus radiophoniques et web destin\u00e9s aux jeunes Malgaches. En juillet 2021, Studio Sifaka est devenu une ONG ind\u00e9pendante qui poursuit son engagement pour contribuer \u00e0 un meilleur acc\u00e8s \u00e0 l\u2019information. La Fondation Hirondelle continue de le soutenir au travers d\u2019un projet d\u2019appui, qui prend en charge notamment du soutien technique, \u00e9ditorial et financier.<\/p>\n<\/div><\/div>\n\n\n\n<div style=\"height:30px\" aria-hidden=\"true\" class=\"wp-block-spacer\"><\/div>\n\n\n\n<p>Studio Sifaka propose une offre quotidienne unique en son genre \u00e0 Madagascar, d\u2019une dur\u00e9e de deux heures et diffus\u00e9e par un r\u00e9seau national de 50 radios partenaires. Elle contient un journal d\u2019information national et r\u00e9gional, ainsi que des magazines et \u00e9missions proposant des conseils (sant\u00e9, emploi, environnement, etc.), du dialogue, de la musique et de la culture malgache. Ces contenus sont produits par un groupe de jeunes journalistes, r\u00e9dacteur\u00b7rice\u00b7s, animateur\u00b7rice\u00b7s et technicien\u00b7ne\u00b7s malgaches. Les productions sont \u00e9galement partag\u00e9es sur le site internet du Studio et ses r\u00e9seaux sociaux.<br><\/p>\n\n\n\n<p>Une \u00e9mission nomm\u00e9e \u00ab Le D\u00e9bat des jeunes \u00bb, produite et diffus\u00e9e trois fois par semaine, se concentre sur les questions de processus d\u00e9mocratiques. Celle-ci s\u2019est av\u00e9r\u00e9e particuli\u00e8rement pertinente en 2023, ann\u00e9e d\u2019\u00e9lection pr\u00e9sidentielle. Elle a permis aux jeunes d\u2019obtenir des informations clefs sur, par exemple, le d\u00e9roulement des \u00e9lections et les programmes des candidats. Pour en savoir plus sur notre projet \u00e0 Madagascar, <a href=\"https:\/\/www.hirondelle.org\/fr\/que-faisons-nous\/operations\/geographiques\/afrique\/madagascar\">consultez notre page d\u00e9di\u00e9e.<\/a><\/p>\n\n\n\n<figure class=\"wp-block-gallery alignwide has-nested-images columns-default is-cropped wp-block-gallery-1 is-layout-flex wp-block-gallery-is-layout-flex\">\n<figure class=\"wp-block-image size-large\"><img loading=\"lazy\" decoding=\"async\" width=\"2560\" height=\"1707\" data-id=\"18059\" src=\"https:\/\/www.hirondelle.org\/wp-content\/uploads\/2025\/04\/20201122_160926_04984-scaled.jpg\" alt=\"\" class=\"wp-image-18059\" srcset=\"https:\/\/www.hirondelle.org\/wp-content\/uploads\/2025\/04\/20201122_160926_04984-scaled.jpg 2560w, https:\/\/www.hirondelle.org\/wp-content\/uploads\/2025\/04\/20201122_160926_04984-300x200.jpg 300w, https:\/\/www.hirondelle.org\/wp-content\/uploads\/2025\/04\/20201122_160926_04984-768x512.jpg 768w, https:\/\/www.hirondelle.org\/wp-content\/uploads\/2025\/04\/20201122_160926_04984-1536x1024.jpg 1536w, https:\/\/www.hirondelle.org\/wp-content\/uploads\/2025\/04\/20201122_160926_04984-2048x1366.jpg 2048w\" sizes=\"auto, (max-width: 2560px) 100vw, 2560px\" \/><\/figure>\n\n\n\n<figure class=\"wp-block-image alignwide size-large\"><img loading=\"lazy\" decoding=\"async\" width=\"919\" height=\"659\" data-id=\"11572\" src=\"https:\/\/www.hirondelle.org\/wp-content\/uploads\/2024\/09\/box-madagascar.jpg\" alt=\"\" class=\"wp-image-11572\" srcset=\"https:\/\/www.hirondelle.org\/wp-content\/uploads\/2024\/09\/box-madagascar.jpg 919w, https:\/\/www.hirondelle.org\/wp-content\/uploads\/2024\/09\/box-madagascar-300x215.jpg 300w, https:\/\/www.hirondelle.org\/wp-content\/uploads\/2024\/09\/box-madagascar-768x551.jpg 768w\" sizes=\"auto, (max-width: 919px) 100vw, 919px\" \/><\/figure>\n\n\n\n<figure class=\"wp-block-image alignwide size-large\"><img loading=\"lazy\" decoding=\"async\" width=\"988\" height=\"659\" data-id=\"11878\" src=\"https:\/\/www.hirondelle.org\/wp-content\/uploads\/2024\/09\/box-madagascar-2.jpg\" alt=\"\" class=\"wp-image-11878\" srcset=\"https:\/\/www.hirondelle.org\/wp-content\/uploads\/2024\/09\/box-madagascar-2.jpg 988w, https:\/\/www.hirondelle.org\/wp-content\/uploads\/2024\/09\/box-madagascar-2-300x200.jpg 300w, https:\/\/www.hirondelle.org\/wp-content\/uploads\/2024\/09\/box-madagascar-2-768x512.jpg 768w\" sizes=\"auto, (max-width: 988px) 100vw, 988px\" \/><\/figure>\n<\/figure>\n\n\n\n<p><\/p>\n","protected":false},"excerpt":{"rendered":"<p>Madagascar est l\u2019un des pays les plus pauvres au monde avec 75 % de la population vivant avec moins de 2 dollars par jour. Les jeunes Malgaches repr\u00e9sentent la majorit\u00e9 de la population avec 60 % de la population ayant moins de 25 ans. Cependant, 70 % d\u2019analphab\u00e8tes ont entre 15 et 24 ans, venant [&hellip;]<\/p>\n","protected":false},"author":7,"featured_media":0,"parent":10640,"menu_order":1,"comment_status":"closed","ping_status":"closed","template":"","meta":{"_acf_changed":false,"footnotes":""},"class_list":["post-18750","page","type-page","status-publish","hentry"],"acf":[],"publishpress_future_action":{"enabled":false,"date":"2026-04-20 21:38:14","action":"change-status","newStatus":"draft","terms":[],"taxonomy":"translation_priority","extraData":[]},"publishpress_future_workflow_manual_trigger":{"enabledWorkflows":[]},"_links":{"self":[{"href":"https:\/\/www.hirondelle.org\/fr\/wp-json\/wp\/v2\/pages\/18750","targetHints":{"allow":["GET"]}}],"collection":[{"href":"https:\/\/www.hirondelle.org\/fr\/wp-json\/wp\/v2\/pages"}],"about":[{"href":"https:\/\/www.hirondelle.org\/fr\/wp-json\/wp\/v2\/types\/page"}],"author":[{"embeddable":true,"href":"https:\/\/www.hirondelle.org\/fr\/wp-json\/wp\/v2\/users\/7"}],"replies":[{"embeddable":true,"href":"https:\/\/www.hirondelle.org\/fr\/wp-json\/wp\/v2\/comments?post=18750"}],"version-history":[{"count":4,"href":"https:\/\/www.hirondelle.org\/fr\/wp-json\/wp\/v2\/pages\/18750\/revisions"}],"predecessor-version":[{"id":18761,"href":"https:\/\/www.hirondelle.org\/fr\/wp-json\/wp\/v2\/pages\/18750\/revisions\/18761"}],"up":[{"embeddable":true,"href":"https:\/\/www.hirondelle.org\/fr\/wp-json\/wp\/v2\/pages\/10640"}],"wp:attachment":[{"href":"https:\/\/www.hirondelle.org\/fr\/wp-json\/wp\/v2\/media?parent=18750"}],"curies":[{"name":"wp","href":"https:\/\/api.w.org\/{rel}","templated":true}]}}