{"id":18993,"date":"2025-06-02T15:32:08","date_gmt":"2025-06-02T13:32:08","guid":{"rendered":"https:\/\/www.hirondelle.org\/?page_id=18993"},"modified":"2026-04-09T16:38:48","modified_gmt":"2026-04-09T14:38:48","slug":"guinee-bissau","status":"publish","type":"page","link":"https:\/\/www.hirondelle.org\/fr\/que-faisons-nous\/operations\/geographiques\/afrique\/guinee-bissau","title":{"rendered":"Guin\u00e9e-Bissau"},"content":{"rendered":"\n<figure class=\"wp-block-gallery has-nested-images columns-default is-cropped wp-block-gallery-1 is-layout-flex wp-block-gallery-is-layout-flex\">\n<figure class=\"wp-block-image size-full w-100 is-style-default\"><img loading=\"lazy\" decoding=\"async\" width=\"2048\" height=\"1535\" data-id=\"19296\" src=\"https:\/\/www.hirondelle.org\/wp-content\/uploads\/2025\/06\/Design-sans-titre-9.png\" alt=\"\" class=\"wp-image-19296\" srcset=\"https:\/\/www.hirondelle.org\/wp-content\/uploads\/2025\/06\/Design-sans-titre-9.png 2048w, https:\/\/www.hirondelle.org\/wp-content\/uploads\/2025\/06\/Design-sans-titre-9-300x225.png 300w, https:\/\/www.hirondelle.org\/wp-content\/uploads\/2025\/06\/Design-sans-titre-9-1024x768.png 1024w, https:\/\/www.hirondelle.org\/wp-content\/uploads\/2025\/06\/Design-sans-titre-9-768x576.png 768w, https:\/\/www.hirondelle.org\/wp-content\/uploads\/2025\/06\/Design-sans-titre-9-1536x1151.png 1536w, https:\/\/www.hirondelle.org\/wp-content\/uploads\/2025\/06\/Design-sans-titre-9-1000x750.png 1000w\" sizes=\"auto, (max-width: 2048px) 100vw, 2048px\" \/><figcaption class=\"wp-element-caption\">Lors du lancement du projet, la Fondation Hirondelle a rendu visite \u00e0 R\u00e1dio Bemba, une jeune initiative de F\u00f3rum di Paz \u00e0 Malafo, pour rencontrer d&rsquo;autres acteur.rice.s engag\u00e9.e.s dans le secteur des m\u00e9dias. @ Fondation Hirondelle<\/figcaption><\/figure>\n<\/figure>\n\n\n\n<div style=\"height:21px\" aria-hidden=\"true\" class=\"wp-block-spacer\"><\/div>\n\n\n\n<p>Depuis le mois de janvier 2025, la Fondation Hirondelle est engag\u00e9e aux c\u00f4t\u00e9s de la <a href=\"https:\/\/mfwa.org\" target=\"_blank\" rel=\"noreferrer noopener\">Media Foundation for West Africa<\/a> (MFWA) et de <a href=\"https:\/\/rsf-ch.ch\" target=\"_blank\" rel=\"noreferrer noopener\">Reporters sans fronti\u00e8res<\/a> (RSF) dans un projet financ\u00e9 par l\u2019Union europ\u00e9enne <strong>visant \u00e0 renforcer l\u2019environnement m\u00e9diatique et la soci\u00e9t\u00e9 civile en Guin\u00e9e-Bissau<\/strong>. Ce projet vise <strong>\u00e0 soutenir la libert\u00e9 d\u2019opinion et d\u2019expression et lutter contre la m\u00e9-d\u00e9sinformation<\/strong>. <\/p>\n\n\n\n<p>Pour ce faire, le projet propose une approche compl\u00e9mentaire \u00e0 trois niveaux : 1. <strong>Au niveau institutionnel<\/strong>, le projet favorise la prise en compte des droits des journalistes par les autorit\u00e9s ; 2. <strong>Au niveau organisationnel<\/strong>, il contribue \u00e0 la labellisation des m\u00e9dias \u00e0 travers la <a href=\"https:\/\/journalismtrustinitiative.org\" target=\"_blank\" rel=\"noreferrer noopener\">Journalism Trust Initiative<\/a> (JTI) ; 3. <strong>Sur le plan journalistique<\/strong>, il appuie la production d\u2019information de qualit\u00e9 et accessible \u00e0 toutes les populations du pays, \u00e0 travers de la formation et du coaching.<\/p>\n\n\n\n<p><\/p>\n\n\n\n<div class=\"wp-block-group is-content-justification-center is-nowrap is-layout-flex wp-container-core-group-is-layout-94bc23d7 wp-block-group-is-layout-flex\">\n<div class=\"wp-block-group h-100 backgroundedBlock backgroundedBlock--green has-fhviolet-background-color has-background has-global-padding is-layout-constrained wp-block-group-is-layout-constrained\">\n<h2 class=\"wp-block-heading has-white-color has-text-color has-link-color wp-elements-34e9012132a4627c67b1d1040611cdb2\">Budget annuel<\/h2>\n\n\n\n<p class=\"has-white-color has-text-color has-link-color wp-elements-a7235e9657d0ca45a1b172e0660129a3\">110&rsquo;000 CHF<\/p>\n\n\n\n<hr class=\"wp-block-separator has-text-color has-white-color has-alpha-channel-opacity has-white-background-color has-background\"\/>\n\n\n\n<h2 class=\"wp-block-heading has-white-color has-text-color has-link-color wp-elements-002cff104350e030d47b8413f5db8f92\">Source des financements<\/h2>\n\n\n\n<p class=\"has-white-color has-text-color has-link-color wp-elements-b2c89a148567d246845a3012095b0389\">Union Europ\u00e9enne<\/p>\n<\/div>\n\n\n\n<div class=\"wp-block-group h-100 backgroundedBlock backgroundedBlock--purple has-fhgreen-background-color has-background has-global-padding is-layout-constrained wp-block-group-is-layout-constrained\">\n<h2 class=\"wp-block-heading has-fhviolet-color has-text-color has-link-color wp-elements-181f68988745da20813f6ffb9e620ed2\">Nos chiffres cl\u00e9s en 2025<\/h2>\n\n\n\n<hr class=\"wp-block-separator has-text-color has-fhviolet-color has-alpha-channel-opacity has-fhviolet-background-color has-background\"\/>\n\n\n\n<ul class=\"wp-block-list\">\n<li class=\"has-fhviolet-color has-text-color has-link-color wp-elements-8419328b460b94d071cc1dba0e716a4a\">24 journalistes form\u00e9\u00b7es<\/li>\n\n\n\n<li class=\"has-fhviolet-color has-text-color has-link-color wp-elements-1b95f37a23306148923cfa95c99982fa\">Des productions en cr\u00e9ole bissau-guin\u00e9en (Kriolo)<\/li>\n\n\n\n<li class=\"has-fhviolet-color has-text-color has-link-color wp-elements-2ea066642469af59089fc0b628acb2f1\">3 heures de programmes audio produits et diffus\u00e9s<\/li>\n<\/ul>\n\n\n\n<p><\/p>\n\n\n\n<div class=\"wp-block-buttons is-content-justification-center is-layout-flex wp-container-core-buttons-is-layout-16018d1d wp-block-buttons-is-layout-flex\">\n<div class=\"wp-block-button\"><a class=\"wp-block-button__link wp-element-button\" href=\"https:\/\/www.hirondelle.org\/wp-content\/uploads\/2026\/03\/Fiche-Projet-2026-Guinee-Bissau-FR.pdf\">T\u00e9l\u00e9chargez notre fiche pays<\/a><\/div>\n<\/div>\n\n\n\n<p><\/p>\n<\/div>\n<\/div>\n\n\n\n<p><\/p>\n\n\n\n<h3 class=\"wp-block-heading\">contexte<\/h3>\n\n\n\n<p>La Guin\u00e9e-Bissau est confront\u00e9e \u00e0 de nombreux d\u00e9fis en mati\u00e8re de d\u00e9veloppement humain et de gouvernance, dans un contexte politique marqu\u00e9 par une instabilit\u00e9 chronique et des \u00e9pisodes r\u00e9currents de tensions institutionnelles, y compris des tentatives de coup d\u2019\u00c9tat. Le dernier coup d&rsquo;\u00c9tat, survenu en novembre 2025, a paralys\u00e9 le pays et accru la pression d\u00e9j\u00e0 exerc\u00e9e sur les m\u00e9dias et les journalistes. <strong>Cette crise a de nouveau fragilis\u00e9 l\u2019\u00c9tat de droit et alimente un climat d\u2019incertitude qui p\u00e8se sur la coh\u00e9sion sociale et le fonctionnement des institutions d\u00e9mocratiques<\/strong>.<\/p>\n\n\n\n<h3 class=\"wp-block-heading\">Soutenir une production m\u00e9diatique de qualit\u00e9<\/h3>\n\n\n\n<p>Dans le cadre de ce projet de 18 mois, la Fondation Hirondelle organise une s\u00e9rie d\u2019activit\u00e9s comprenant des sessions de formation cibl\u00e9es pour les professionnel\u00b7les des m\u00e9dias<strong> autour de la v\u00e9rification des faits, des droits humains et des questions de genre, et de lutte contre les discours de haine<\/strong> ; un programme de coaching \u00e9ditorial dans plusieurs r\u00e9dactions \u00e0 Bissau et dans les r\u00e9gions ; de la dotation en mat\u00e9riel de production.<\/p>\n\n\n\n<div class=\"wp-block-columns is-layout-flex wp-container-core-columns-is-layout-9d6595d7 wp-block-columns-is-layout-flex\">\n<div class=\"wp-block-column is-layout-flow wp-block-column-is-layout-flow\">\n<div class=\"wp-block-group is-nowrap is-layout-flex wp-container-core-group-is-layout-ad2f72ca wp-block-group-is-layout-flex\">\n<p>Apr\u00e8s la finalisation de la s\u00e9lection des participant\u00b7es et de la pr\u00e9paration des formations au cours de l&rsquo;\u00e9t\u00e9 2025,<strong> les premi\u00e8res activit\u00e9s ont \u00e9t\u00e9 lanc\u00e9es en octobre 2025.<\/strong> Elles comprenaient <strong>un atelier de cinq jours sur l&rsquo;\u00e9thique journalistique et la v\u00e9rification des faits, suivi de deux sessions de coaching in situ au sein des r\u00e9dactions de deux m\u00e9dias<\/strong>. Le coaching a contribu\u00e9 \u00e0 soutenir la production d&rsquo;\u00e9missions de radio d&rsquo;int\u00e9r\u00eat public traitant de la d\u00e9sinformation, des discours de haine et\/ou de la transparence dans le journalisme. Un kit de production a \u00e9t\u00e9 remis \u00e0 chacune des radios coach\u00e9es.<\/p>\n<\/div>\n\n\n\n<p>Les activit\u00e9s ont d\u00e9montr\u00e9 un fort engagement de la part des journalistes participant\u00b7es et ont confirm\u00e9 la pertinence de renforcer les normes professionnelles dans le contexte m\u00e9diatique guin\u00e9en. <\/p>\n\n\n\n<p>Cependant, le coup d&rsquo;\u00c9tat survenu fin novembre 2025 a consid\u00e9rablement affect\u00e9 l&rsquo;environnement op\u00e9rationnel des m\u00e9dias ind\u00e9pendants et a entra\u00een\u00e9 la suspension temporaire des activit\u00e9s du projet.<\/p>\n\n\n\n<p>Depuis d\u00e9cembre, <strong>les organes de presse sont confront\u00e9s \u00e0 des restrictions croissantes, \u00e0 des pressions d&rsquo;autocensure et \u00e0 des difficult\u00e9s financi\u00e8res. <\/strong>Un report de certaines activit\u00e9s du projet a \u00e9t\u00e9 d\u00e9cid\u00e9 dans ce contexte par les membres du consortium.<\/p>\n<\/div>\n\n\n\n<div class=\"wp-block-column is-layout-flow wp-block-column-is-layout-flow\">\n<div class=\"wp-block-group backgroundedBlock backgroundedBlock--green has-global-padding is-layout-constrained wp-block-group-is-layout-constrained\">\n<h2 class=\"wp-block-heading\">Priorit\u00e9s<\/h2>\n\n\n\n<hr class=\"wp-block-separator has-alpha-channel-opacity\"\/>\n\n\n\n<ul class=\"wp-block-list\">\n<li>Renforcer l\u2019autor\u00e9gulation et les normes \u00e9thiques dans les m\u00e9dias<\/li>\n\n\n\n<li>Am\u00e9liorer la s\u00e9curit\u00e9 des journalistes<\/li>\n<\/ul>\n\n\n\n<ul class=\"wp-block-list\">\n<li>D\u00e9velopper les capacit\u00e9s des journalistes en mati\u00e8re de v\u00e9rification des faits et de lutte contre les discours de haine<\/li>\n\n\n\n<li>Sensibiliser les jeunes et les femmes aux risques li\u00e9s \u00e0 la d\u00e9sinformation<\/li>\n<\/ul>\n\n\n\n<h2 class=\"wp-block-heading\">Activit\u00e9s<\/h2>\n\n\n\n<hr class=\"wp-block-separator has-alpha-channel-opacity\"\/>\n\n\n\n<ul class=\"wp-block-list\">\n<li>Organiser des formations journalistiques pratiques<\/li>\n\n\n\n<li>Accompagner des r\u00e9dactions sous forme de coaching dans la production de leur contenu m\u00e9diatique<\/li>\n<\/ul>\n<\/div>\n<\/div>\n<\/div>\n\n\n\n<p>La Fondation Hirondelle <strong>assure en 2026 l&rsquo;organisation de deux s\u00e9ries de formations compl\u00e9mentaires \u00e0 la premi\u00e8re,<\/strong> afin de continuer \u00e0 renforcer les connaissances et la pratique des participant\u00b7es. Parall\u00e8lement, <strong>huit initiatives \u00e9ditoriales de m\u00e9dias seront s\u00e9lectionn\u00e9es<\/strong> pour b\u00e9n\u00e9ficier d&rsquo;un accompagnement personnalis\u00e9 par un coach-journaliste sur le terrain. L&rsquo;objectif principal est de <strong>soutenir ces r\u00e9dactions dans la production de contenus m\u00e9diatiques de qualit\u00e9,<\/strong> qu&rsquo;il s&rsquo;agisse de d\u00e9velopper des formats innovants ou d&rsquo;am\u00e9liorer des \u00e9missions existantes.<\/p>\n\n\n\n<p>Pour en savoir plus sur nos programmes d&rsquo;\u00e9ducation aux m\u00e9dias, <a href=\"https:\/\/www.hirondelle.org\/fr\/nos-expertises\/education-aux-medias\">consultez notre page d\u00e9di\u00e9e<\/a>.<\/p>\n\n\n\n<p><\/p>\n\n\n\n<div class=\"wp-block-group is-nowrap is-layout-flex wp-container-core-group-is-layout-ad2f72ca wp-block-group-is-layout-flex\">\n<div class=\"wp-block-group h-100 backgroundedBlock backgroundedBlock--purple has-global-padding is-layout-constrained wp-block-group-is-layout-constrained\">\n<h2 class=\"wp-block-heading\">Notre impact<\/h2>\n\n\n\n<hr class=\"wp-block-separator has-alpha-channel-opacity\"\/>\n\n\n\n<p>75% des participant\u00b7es ont \u00e9valu\u00e9 comme \u00ab\u00a0tr\u00e8s bonne\u00a0\u00bb, l\u2019am\u00e9lioration de leurs connaissances et comp\u00e9tences en mati\u00e8re d&rsquo;\u00e9thique et de d\u00e9ontologie journalistique. Les 25% restants l\u2019ont estim\u00e9 \u00ab\u00a0bonne\u00a0\u00bb. Par ailleurs, <strong>pr\u00e8s de 90% des participant\u00b7es ont indiqu\u00e9 qu&rsquo;ils\/elles \u00e9taient susceptibles d&rsquo;appliquer ces nouvelles comp\u00e9tences dans leur travail quotidien<\/strong>. Enfin, deux longs formats radiophoniques ont \u00e9t\u00e9 produits et diffus\u00e9s par les deux premi\u00e8res radios coach\u00e9es.<\/p>\n<\/div>\n\n\n\n<div class=\"wp-block-group h-100 backgroundedBlock backgroundedBlock--green has-global-padding is-layout-constrained wp-block-group-is-layout-constrained\">\n<h2 class=\"wp-block-heading\">B\u00e9n\u00e9ficiaires<\/h2>\n\n\n\n<hr class=\"wp-block-separator has-alpha-channel-opacity\"\/>\n\n\n\n<p>Les b\u00e9n\u00e9ficiaires du projet comptent des journalistes exp\u00e9riment\u00e9\u00b7es, des r\u00e9dacteur\u00b7rices en chefs et des responsables de m\u00e9dias. In fine, ce sont les audiences de dix m\u00e9dias, s\u00e9lectionn\u00e9s \u00e0 Bissau et dans les r\u00e9gions, qui b\u00e9n\u00e9ficieront du projet.<\/p>\n<\/div>\n<\/div>\n","protected":false},"excerpt":{"rendered":"<p>Depuis le mois de janvier 2025, la Fondation Hirondelle est engag\u00e9e aux c\u00f4t\u00e9s de la Media Foundation for West Africa (MFWA) et de Reporters sans fronti\u00e8res (RSF) dans un projet financ\u00e9 par l\u2019Union europ\u00e9enne visant \u00e0 renforcer l\u2019environnement m\u00e9diatique et la soci\u00e9t\u00e9 civile en Guin\u00e9e-Bissau. Ce projet vise \u00e0 soutenir la libert\u00e9 d\u2019opinion et d\u2019expression [&hellip;]<\/p>\n","protected":false},"author":7,"featured_media":19296,"parent":231,"menu_order":6,"comment_status":"closed","ping_status":"closed","template":"","meta":{"_acf_changed":false,"footnotes":""},"class_list":["post-18993","page","type-page","status-publish","has-post-thumbnail","hentry"],"acf":[],"publishpress_future_action":{"enabled":false,"date":"2026-04-20 20:10:30","action":"change-status","newStatus":"draft","terms":[],"taxonomy":"translation_priority","extraData":[]},"publishpress_future_workflow_manual_trigger":{"enabledWorkflows":[]},"_links":{"self":[{"href":"https:\/\/www.hirondelle.org\/fr\/wp-json\/wp\/v2\/pages\/18993","targetHints":{"allow":["GET"]}}],"collection":[{"href":"https:\/\/www.hirondelle.org\/fr\/wp-json\/wp\/v2\/pages"}],"about":[{"href":"https:\/\/www.hirondelle.org\/fr\/wp-json\/wp\/v2\/types\/page"}],"author":[{"embeddable":true,"href":"https:\/\/www.hirondelle.org\/fr\/wp-json\/wp\/v2\/users\/7"}],"replies":[{"embeddable":true,"href":"https:\/\/www.hirondelle.org\/fr\/wp-json\/wp\/v2\/comments?post=18993"}],"version-history":[{"count":12,"href":"https:\/\/www.hirondelle.org\/fr\/wp-json\/wp\/v2\/pages\/18993\/revisions"}],"predecessor-version":[{"id":25253,"href":"https:\/\/www.hirondelle.org\/fr\/wp-json\/wp\/v2\/pages\/18993\/revisions\/25253"}],"up":[{"embeddable":true,"href":"https:\/\/www.hirondelle.org\/fr\/wp-json\/wp\/v2\/pages\/231"}],"wp:featuredmedia":[{"embeddable":true,"href":"https:\/\/www.hirondelle.org\/fr\/wp-json\/wp\/v2\/media\/19296"}],"wp:attachment":[{"href":"https:\/\/www.hirondelle.org\/fr\/wp-json\/wp\/v2\/media?parent=18993"}],"curies":[{"name":"wp","href":"https:\/\/api.w.org\/{rel}","templated":true}]}}