{"id":19238,"date":"2025-05-30T16:08:07","date_gmt":"2025-05-30T14:08:07","guid":{"rendered":"https:\/\/www.hirondelle.org\/?page_id=19238"},"modified":"2026-04-10T10:11:00","modified_gmt":"2026-04-10T08:11:00","slug":"brave-media-defendre-les-medias-independants-benin-cameroun-mali","status":"publish","type":"page","link":"https:\/\/www.hirondelle.org\/fr\/que-faisons-nous\/operations\/thematiques\/gouvernance\/brave-media-defendre-les-medias-independants-benin-cameroun-mali","title":{"rendered":"Brave Media : d\u00e9fendre les m\u00e9dias ind\u00e9pendants &#8211; B\u00e9nin, Cameroun, Mali"},"content":{"rendered":"\n<figure class=\"wp-block-image size-full w-100\"><img loading=\"lazy\" decoding=\"async\" width=\"6720\" height=\"4480\" src=\"https:\/\/www.hirondelle.org\/wp-content\/uploads\/2025\/05\/GV1A2867-1.jpg\" alt=\"\" class=\"wp-image-19246\" style=\"aspect-ratio:16\/9;object-fit:cover\"\/><figcaption class=\"wp-element-caption\">\u00c0 l\u2019ombre des \u00e9tals du march\u00e9 \u00ab Namassa Danga \u00bb \u00e0 Bamako, Dramane Ma\u00efga, journaliste reporter pour Studio Tamani, interroge les passants dans le cadre d\u2019une capsule vid\u00e9o. Micro \u00e0 la main, il capte les voix des citoyens sur les enjeux qui les concernent au quotidien. &#8211; \u00a9 Harandane Dicko \/ Fondation Hirondelle<\/figcaption><\/figure>\n\n\n\n<div style=\"height:29px\" aria-hidden=\"true\" class=\"wp-block-spacer\"><\/div>\n\n\n\n<p>Le projet <strong>Brave Media<\/strong>, co-financ\u00e9 par la Commission europ\u00e9enne, <strong>est une initiative mondiale visant \u00e0 renforcer la r\u00e9silience des m\u00e9dias ind\u00e9pendants d&rsquo;int\u00e9r\u00eat public dans plus de 20 pays d&rsquo;Afrique, d&rsquo;Am\u00e9rique latine, d&rsquo;Asie et du Moyen-Orient<\/strong>. Dirig\u00e9 par <a href=\"https:\/\/www.bbc.co.uk\/mediaaction\/\">BBC Media Action<\/a>, et mis en \u0153uvre par un <a href=\"https:\/\/www.hirondelle.org\/fr\/qui-sommes-nous\/partenaires-et-reseaux\">consortium<\/a> de huit organisations dont la Fondation Hirondelle, le projet vise <strong>\u00e0 consolider les fondements des m\u00e9dias ind\u00e9pendants<\/strong> afin de garantir le libre acc\u00e8s \u00e0 des informations fiables, de soutenir les valeurs d\u00e9mocratiques et de veiller \u00e0 ce que les journalistes puissent continuer \u00e0 travailler dans l&rsquo;int\u00e9r\u00eat public sans crainte ni ing\u00e9rence.<\/p>\n\n\n\n<div class=\"wp-block-media-text has-media-on-the-right is-stacked-on-mobile\" style=\"grid-template-columns:auto 63%\"><div class=\"wp-block-media-text__content\">\n<p>La Fondation Hirondelle intervient au <strong>Cameroun, au B\u00e9nin et au Mali<\/strong>, aupr\u00e8s de 9 partenaires, dont 3 organisations fa\u00eeti\u00e8res, principalement <strong>\u00e0 travers l\u2019octroi de subventions et un accompagnement sur mesure pour la mise en \u0153uvre de micro-projets<\/strong>.<\/p>\n<\/div><figure class=\"wp-block-media-text__media\"><img loading=\"lazy\" decoding=\"async\" width=\"1024\" height=\"452\" src=\"https:\/\/www.hirondelle.org\/wp-content\/uploads\/2025\/05\/map-bbc-media-brave-1024x452.png\" alt=\"\" class=\"wp-image-19240 size-full\" srcset=\"https:\/\/www.hirondelle.org\/wp-content\/uploads\/2025\/05\/map-bbc-media-brave-1024x452.png 1024w, https:\/\/www.hirondelle.org\/wp-content\/uploads\/2025\/05\/map-bbc-media-brave-300x132.png 300w, https:\/\/www.hirondelle.org\/wp-content\/uploads\/2025\/05\/map-bbc-media-brave-768x339.png 768w, https:\/\/www.hirondelle.org\/wp-content\/uploads\/2025\/05\/map-bbc-media-brave-1000x441.png 1000w, https:\/\/www.hirondelle.org\/wp-content\/uploads\/2025\/05\/map-bbc-media-brave.png 1360w\" sizes=\"auto, (max-width: 1024px) 100vw, 1024px\" \/><\/figure><\/div>\n\n\n\n<p><\/p>\n\n\n\n<div class=\"wp-block-group is-content-justification-center is-nowrap is-layout-flex wp-container-core-group-is-layout-94bc23d7 wp-block-group-is-layout-flex\">\n<div class=\"wp-block-group h-100 backgroundedBlock backgroundedBlock--green has-global-padding is-layout-constrained wp-block-group-is-layout-constrained\">\n<h2 class=\"wp-block-heading\">Budget annuel FH<\/h2>\n\n\n\n<p class=\"has-text-align-left\">225&rsquo;000 CHF<\/p>\n\n\n\n<hr class=\"wp-block-separator has-alpha-channel-opacity\"\/>\n\n\n\n<h2 class=\"wp-block-heading\">Sources des financements<\/h2>\n\n\n\n<ul class=\"wp-block-list\">\n<li>Union europ\u00e9enne<\/li>\n<\/ul>\n\n\n\n<p class=\"has-text-align-center\"><\/p>\n<\/div>\n\n\n\n<div class=\"wp-block-group h-100 backgroundedBlock backgroundedBlock--green has-fhviolet-background-color has-background has-global-padding is-layout-constrained wp-block-group-is-layout-constrained\">\n<h2 class=\"wp-block-heading has-white-color has-text-color has-link-color wp-elements-fa53e7fede0cc68c4c2c1bf04e7dbf89\">Chiffres cl\u00e9s 2025<\/h2>\n\n\n\n<hr class=\"wp-block-separator has-text-color has-white-color has-alpha-channel-opacity has-white-background-color has-background\"\/>\n\n\n\n<p class=\"has-white-color has-text-color has-link-color wp-elements-1321ef40853a7ad655122bc242d9025b\">3 organisations fa\u00eeti\u00e8res s\u00e9lectionn\u00e9es<\/p>\n\n\n\n<p class=\"has-white-color has-text-color has-link-color wp-elements-98c80abbaa5fe1f91b28bca2d17d7846\">6 radios partenaires appuy\u00e9es<\/p>\n\n\n\n<p class=\"has-white-color has-text-color has-link-color wp-elements-aa497e13b85c98722f69ecd550a2cb2e\">9 subventions en cascade attribu\u00e9es<\/p>\n\n\n\n<div class=\"wp-block-buttons is-content-justification-center is-layout-flex wp-container-core-buttons-is-layout-16018d1d wp-block-buttons-is-layout-flex\">\n<div class=\"wp-block-button\"><a class=\"wp-block-button__link wp-element-button\" href=\"https:\/\/www.hirondelle.org\/wp-content\/uploads\/2026\/04\/Fiche-Projet-2026-BRAVE-EN-3.pdf\">T\u00e9l\u00e9chargez notre fiche projet<\/a><\/div>\n<\/div>\n<\/div>\n<\/div>\n\n\n\n<p><\/p>\n\n\n\n<h3 class=\"wp-block-heading\">Contexte<\/h3>\n\n\n\n<p>Au B\u00e9nin, au Mali et au Cameroun, <strong>les m\u00e9dias ind\u00e9pendants \u00e9voluent dans des contextes marqu\u00e9s par des transitions politiques, des tensions s\u00e9curitaires et une forte pression \u00e9conomique.<\/strong> Si le B\u00e9nin conna\u00eet une stabilit\u00e9 relative, l\u2019espace m\u00e9diatique y est \u00e9troitement r\u00e9gul\u00e9 et fragilis\u00e9 financi\u00e8rement. Au Mali et au Cameroun, l\u2019instabilit\u00e9 s\u00e9curitaire et les restrictions de la libert\u00e9 d\u2019expression compliquent le travail des journalistes. Dans ces trois pays, malgr\u00e9 les contraintes, les m\u00e9dias locaux font preuve de r\u00e9silience <strong>et demeurent des acteurs cl\u00e9s du d\u00e9bat public et de la coh\u00e9sion sociale.<\/strong><\/p>\n\n\n\n<h3 class=\"wp-block-heading\">Soutenir des m\u00e9dias r\u00e9silients et viables<\/h3>\n\n\n\n<div class=\"wp-block-columns is-layout-flex wp-container-core-columns-is-layout-9d6595d7 wp-block-columns-is-layout-flex\">\n<div class=\"wp-block-column is-layout-flow wp-block-column-is-layout-flow\">\n<div class=\"wp-block-group is-nowrap is-layout-flex wp-container-core-group-is-layout-ad2f72ca wp-block-group-is-layout-flex\">\n<p><strong>En 2025,<\/strong> la Fondation Hirondelle a lanc\u00e9 et structur\u00e9 le m\u00e9canisme de subventions dans les trois pays d\u2019intervention. Apr\u00e8s une s\u00e9lection, la Fondation Hirondelle, les m\u00e9dias et les organisations fa\u00eeti\u00e8res ont co-construit <strong>des micro-projets sur mesure visant \u00e0 renforcer leurs capacit\u00e9s organisationnelles, promouvoir l\u2019\u00e9galit\u00e9 de genre ou encore accro\u00eetre leur r\u00e9silience face \u00e0 la d\u00e9sinformation. <\/strong>Ainsi, au Cameroun, le micro-projet financ\u00e9 permettra d\u2019accompagner les jeunes journalistes via un syst\u00e8me de mentorat et de renforcer les liens entre m\u00e9dias et soci\u00e9t\u00e9 civile.<\/p>\n<\/div>\n\n\n\n<p>La Fondation Hirondelle a \u00e9galement supervis\u00e9 une initiative pilote innovante au B\u00e9nin pour am\u00e9liorer la viabilit\u00e9 \u00e9conomique des m\u00e9dias ind\u00e9pendants. L\u2019objectif : cr\u00e9er une coalition in\u00e9dite r\u00e9unissant m\u00e9dias, institutions de recherche et agences publicitaires afin de dynamiser le march\u00e9 publicitaire local. <\/p>\n<\/div>\n\n\n\n<div class=\"wp-block-column is-layout-flow wp-block-column-is-layout-flow\">\n<div class=\"wp-block-group backgroundedBlock backgroundedBlock--green has-global-padding is-layout-constrained wp-block-group-is-layout-constrained\">\n<h2 class=\"wp-block-heading\">Priorit\u00e9s<\/h2>\n\n\n\n<hr class=\"wp-block-separator has-alpha-channel-opacity\"\/>\n\n\n\n<ul class=\"wp-block-list\">\n<li>Appuyer la production et la diffusion d\u2019information locale et utile \u00e0 la population<\/li>\n\n\n\n<li>D\u00e9velopper et tester une initiative pilote visant \u00e0 am\u00e9liorer la viabilit\u00e9 des m\u00e9dias au B\u00e9nin<\/li>\n<\/ul>\n\n\n\n<h2 class=\"wp-block-heading\">Activit\u00e9s<\/h2>\n\n\n\n<hr class=\"wp-block-separator has-alpha-channel-opacity\"\/>\n\n\n\n<ul class=\"wp-block-list\">\n<li>Formation et coaching \u00e9ditorial<\/li>\n\n\n\n<li>Etudes d\u2019audience<\/li>\n<\/ul>\n<\/div>\n<\/div>\n<\/div>\n\n\n\n<p>Deux expert\u00b7es <strong>ont \u00e9t\u00e9<\/strong> <strong>mobilis\u00e9\u00b7es pour conduire une \u00e9tude strat\u00e9gique<\/strong> qui ouvrira la voie \u00e0 un mod\u00e8le reproductible dans la sous-r\u00e9gion.<\/p>\n\n\n\n<figure class=\"wp-block-image size-large\"><img loading=\"lazy\" decoding=\"async\" width=\"2000\" height=\"1126\" src=\"https:\/\/www.hirondelle.org\/wp-content\/uploads\/2026\/03\/Photographer-edited.jpg\" alt=\"\" class=\"wp-image-24452\" srcset=\"https:\/\/www.hirondelle.org\/wp-content\/uploads\/2026\/03\/Photographer-edited.jpg 2000w, https:\/\/www.hirondelle.org\/wp-content\/uploads\/2026\/03\/Photographer-edited-300x169.jpg 300w, https:\/\/www.hirondelle.org\/wp-content\/uploads\/2026\/03\/Photographer-edited-1024x577.jpg 1024w, https:\/\/www.hirondelle.org\/wp-content\/uploads\/2026\/03\/Photographer-edited-768x432.jpg 768w, https:\/\/www.hirondelle.org\/wp-content\/uploads\/2026\/03\/Photographer-edited-1536x865.jpg 1536w, https:\/\/www.hirondelle.org\/wp-content\/uploads\/2026\/03\/Photographer-edited-1000x563.jpg 1000w\" sizes=\"auto, (max-width: 2000px) 100vw, 2000px\" \/><figcaption class=\"wp-element-caption\">Une journaliste reporter de Studio Tamani en reportage \u00e0 Bamako Coura recueille le t\u00e9moignage d\u2019un habitant sur les r\u00e9alit\u00e9s de son quotidien. \u00a9 Harandane Dicko<\/figcaption><\/figure>\n\n\n\n<p><strong>En 2026,<\/strong> BRAVE engage une phase de d\u00e9ploiement intensifi\u00e9, <strong>ax\u00e9e sur le renforcement structurel des partenaires et leur mont\u00e9e en puissance, ainsi que sur la consolidation durable des projets<\/strong>. Les micro-projets seront pleinement op\u00e9rationnels dans les trois pays, avec un suivi mensuel rapproch\u00e9 de l\u2019ensemble des m\u00e9dias b\u00e9n\u00e9ficiaires afin de garantir leur qualit\u00e9, impact et redevabilit\u00e9.<\/p>\n\n\n\n<p>Trois cycles de formations progressives seront propos\u00e9s aux radios partenaires, construits \u00e0 partir des besoins identifi\u00e9s sur le terrain et ajust\u00e9s au fil des \u00e9valuations, pour renforcer leurs capacit\u00e9s \u00e9ditoriales, organisationnelles et strat\u00e9giques.<\/p>\n\n\n\n<p>En parall\u00e8le, les organisations fa\u00eeti\u00e8res b\u00e9n\u00e9ficieront du m\u00eame accompagnement structur\u00e9 \u2013 suivi r\u00e9gulier et sessions de formation d\u00e9di\u00e9es \u2013 afin de consolider leur r\u00f4le d\u2019appui et de plaidoyer au service du secteur.<\/p>\n\n\n\n<p>Enfin, des \u00e9tudes d\u2019audience seront men\u00e9es au B\u00e9nin et au Cameroun pour mieux comprendre les attentes des publics. <strong>Leurs r\u00e9sultats feront l\u2019objet d\u2019ateliers de restitution afin d\u2019alimenter concr\u00e8tement les choix \u00e9ditoriaux et les strat\u00e9gies de d\u00e9veloppement des m\u00e9dias partenaires.<\/strong><\/p>\n\n\n\n<div class=\"wp-block-group is-nowrap is-layout-flex wp-container-core-group-is-layout-ad2f72ca wp-block-group-is-layout-flex\">\n<div class=\"wp-block-group h-100 backgroundedBlock backgroundedBlock--purple has-global-padding is-layout-constrained wp-block-group-is-layout-constrained\">\n<p>Au B\u00e9nin, le micro-projet de la F\u00e9d\u00e9ration des Radios Communautaires et Assimil\u00e9es du B\u00e9nin (FeRCAB) <strong>vise \u00e0 soutenir un r\u00e9seau de femmes professionnelles des m\u00e9dias, en promouvant le leadership f\u00e9minin dans les radios communautaires,<\/strong> \u00e0 travers du renforcement de comp\u00e9tences et de la production de contenus sensibles au genre.<\/p>\n<\/div>\n\n\n\n<div class=\"wp-block-group h-100 backgroundedBlock backgroundedBlock--green has-global-padding is-layout-constrained wp-block-group-is-layout-constrained\">\n<h2 class=\"wp-block-heading\">T\u00e9moignage<\/h2>\n\n\n\n<hr class=\"wp-block-separator has-alpha-channel-opacity\"\/>\n\n\n\n<p>\u00ab J\u2019ai compris l\u2019importance de mieux collaborer en tant que journaliste avec les organisations de la soci\u00e9t\u00e9 civile, pour \u00eatre plus proche des r\u00e9alit\u00e9s du terrain. \u00bb<\/p>\n\n\n\n<hr class=\"wp-block-separator has-alpha-channel-opacity\"\/>\n\n\n\n<p class=\"has-text-align-right has-small-font-size\"><em>Journaliste \u00e0 la radio Manjara, Yaound\u00e9, D\u00e9cembre 2025<\/em><\/p>\n<\/div>\n<\/div>\n\n\n\n<ul class=\"wp-block-list\">\n<li>Pour en savoir plus sur l&rsquo;ensemble de nos op\u00e9rations au B\u00e9nin, <a href=\"https:\/\/www.hirondelle.org\/fr\/que-faisons-nous\/operations\/geographiques\/afrique\/benin\">consultez notre page d\u00e9di\u00e9e.<\/a><\/li>\n\n\n\n<li>Pour en savoir plus sur l&rsquo;ensemble de nos op\u00e9rations au Mali, <a href=\"https:\/\/www.hirondelle.org\/fr\/que-faisons-nous\/operations\/geographiques\/afrique\/mali\">consultez notre page d\u00e9di\u00e9e.<\/a><\/li>\n<\/ul>\n\n\n\n<p><br><\/p>\n","protected":false},"excerpt":{"rendered":"<p>Le projet Brave Media, co-financ\u00e9 par la Commission europ\u00e9enne, est une initiative mondiale visant \u00e0 renforcer la r\u00e9silience des m\u00e9dias ind\u00e9pendants d&rsquo;int\u00e9r\u00eat public dans plus de 20 pays d&rsquo;Afrique, d&rsquo;Am\u00e9rique latine, d&rsquo;Asie et du Moyen-Orient. Dirig\u00e9 par BBC Media Action, et mis en \u0153uvre par un consortium de huit organisations dont la Fondation Hirondelle, le [&hellip;]<\/p>\n","protected":false},"author":7,"featured_media":0,"parent":10634,"menu_order":1,"comment_status":"closed","ping_status":"closed","template":"","meta":{"_acf_changed":false,"footnotes":""},"class_list":["post-19238","page","type-page","status-publish","hentry"],"acf":[],"publishpress_future_action":{"enabled":false,"date":"2026-04-20 20:16:29","action":"change-status","newStatus":"draft","terms":[],"taxonomy":"translation_priority","extraData":[]},"publishpress_future_workflow_manual_trigger":{"enabledWorkflows":[]},"_links":{"self":[{"href":"https:\/\/www.hirondelle.org\/fr\/wp-json\/wp\/v2\/pages\/19238","targetHints":{"allow":["GET"]}}],"collection":[{"href":"https:\/\/www.hirondelle.org\/fr\/wp-json\/wp\/v2\/pages"}],"about":[{"href":"https:\/\/www.hirondelle.org\/fr\/wp-json\/wp\/v2\/types\/page"}],"author":[{"embeddable":true,"href":"https:\/\/www.hirondelle.org\/fr\/wp-json\/wp\/v2\/users\/7"}],"replies":[{"embeddable":true,"href":"https:\/\/www.hirondelle.org\/fr\/wp-json\/wp\/v2\/comments?post=19238"}],"version-history":[{"count":10,"href":"https:\/\/www.hirondelle.org\/fr\/wp-json\/wp\/v2\/pages\/19238\/revisions"}],"predecessor-version":[{"id":25287,"href":"https:\/\/www.hirondelle.org\/fr\/wp-json\/wp\/v2\/pages\/19238\/revisions\/25287"}],"up":[{"embeddable":true,"href":"https:\/\/www.hirondelle.org\/fr\/wp-json\/wp\/v2\/pages\/10634"}],"wp:attachment":[{"href":"https:\/\/www.hirondelle.org\/fr\/wp-json\/wp\/v2\/media?parent=19238"}],"curies":[{"name":"wp","href":"https:\/\/api.w.org\/{rel}","templated":true}]}}