{"id":19570,"date":"2025-06-17T16:52:12","date_gmt":"2025-06-17T14:52:12","guid":{"rendered":"https:\/\/www.hirondelle.org\/?page_id=19570"},"modified":"2026-03-19T10:29:09","modified_gmt":"2026-03-19T09:29:09","slug":"tchad","status":"publish","type":"page","link":"https:\/\/www.hirondelle.org\/fr\/que-faisons-nous\/operations\/geographiques\/afrique\/tchad","title":{"rendered":"Tchad"},"content":{"rendered":"\n<figure class=\"wp-block-gallery has-nested-images columns-default is-cropped wp-block-gallery-1 is-layout-flex wp-block-gallery-is-layout-flex\">\n<figure class=\"wp-block-image size-full w-100\"><img loading=\"lazy\" decoding=\"async\" width=\"2048\" height=\"1152\" data-id=\"24316\" src=\"https:\/\/www.hirondelle.org\/wp-content\/uploads\/2026\/03\/TCHAD-1-edited.jpg\" alt=\"\" class=\"wp-image-24316\" srcset=\"https:\/\/www.hirondelle.org\/wp-content\/uploads\/2026\/03\/TCHAD-1-edited.jpg 2048w, https:\/\/www.hirondelle.org\/wp-content\/uploads\/2026\/03\/TCHAD-1-edited-300x169.jpg 300w, https:\/\/www.hirondelle.org\/wp-content\/uploads\/2026\/03\/TCHAD-1-edited-1024x576.jpg 1024w, https:\/\/www.hirondelle.org\/wp-content\/uploads\/2026\/03\/TCHAD-1-edited-768x432.jpg 768w, https:\/\/www.hirondelle.org\/wp-content\/uploads\/2026\/03\/TCHAD-1-edited-1536x864.jpg 1536w, https:\/\/www.hirondelle.org\/wp-content\/uploads\/2026\/03\/TCHAD-1-edited-1000x563.jpg 1000w\" sizes=\"auto, (max-width: 2048px) 100vw, 2048px\" \/><figcaption class=\"wp-element-caption\">D\u00e9bat organis\u00e9 au cours de la coproduction r\u00e9alis\u00e9e au Tchad en novembre 2025. \u00a9Studio HIrondelle Tchad<\/figcaption><\/figure>\n<\/figure>\n\n\n\n<div style=\"height:21px\" aria-hidden=\"true\" class=\"wp-block-spacer\"><\/div>\n\n\n\n<p><\/p>\n\n\n\n<p>Lanc\u00e9 en juillet 2025, Voix de Touma\u00ef est le magazine hebdomadaire multilingue du Studio Hirondelle-Tchad, une cellule de production et de formation cr\u00e9\u00e9e en janvier 2025 \u00e0 N\u2019Djamena dans le cadre du projet r\u00e9gional financ\u00e9 par l\u2019Union europ\u00e9enne \u00ab R\u00e9silience \u00e0 la d\u00e9sinformation pour la coh\u00e9sion sociale au Tchad et dans le Sahel central \u00bb. <\/p>\n\n\n\n<div class=\"wp-block-media-text is-stacked-on-mobile\" style=\"grid-template-columns:21% auto\"><figure class=\"wp-block-media-text__media\"><img loading=\"lazy\" decoding=\"async\" width=\"1024\" height=\"492\" src=\"https:\/\/www.hirondelle.org\/wp-content\/uploads\/2025\/06\/Studio_Hirondelle_Tchad_RVB-1-1024x492.png\" alt=\"\" class=\"wp-image-19584 size-full\" srcset=\"https:\/\/www.hirondelle.org\/wp-content\/uploads\/2025\/06\/Studio_Hirondelle_Tchad_RVB-1-1024x492.png 1024w, https:\/\/www.hirondelle.org\/wp-content\/uploads\/2025\/06\/Studio_Hirondelle_Tchad_RVB-1-300x144.png 300w, https:\/\/www.hirondelle.org\/wp-content\/uploads\/2025\/06\/Studio_Hirondelle_Tchad_RVB-1-768x369.png 768w, https:\/\/www.hirondelle.org\/wp-content\/uploads\/2025\/06\/Studio_Hirondelle_Tchad_RVB-1-1536x738.png 1536w, https:\/\/www.hirondelle.org\/wp-content\/uploads\/2025\/06\/Studio_Hirondelle_Tchad_RVB-1-1000x480.png 1000w, https:\/\/www.hirondelle.org\/wp-content\/uploads\/2025\/06\/Studio_Hirondelle_Tchad_RVB-1.png 1864w\" sizes=\"auto, (max-width: 1024px) 100vw, 1024px\" \/><\/figure><div class=\"wp-block-media-text__content\">\n<p>D\u2019une dur\u00e9e d\u2019une heure et produit en sara, arabe tchadien et fran\u00e7ais, le magazine est diffus\u00e9 par un r\u00e9seau de 14 radios partenaires \u00e0 travers le pays. Structur\u00e9 en cinq rubriques, il explore chaque semaine les r\u00e9alit\u00e9s sociales, culturelles, \u00e9conomiques et citoyennes du Tchad. Il donne la parole \u00e0 celles et ceux qui font bouger le pays, et met en lumi\u00e8re des initiatives locales tout en favorisant une compr\u00e9hension mutuelle dans la diversit\u00e9. Les contenus sont \u00e9galement partag\u00e9s sur les plateformes num\u00e9riques afin d\u2019\u00e9largir l\u2019acc\u00e8s \u00e0 une information ind\u00e9pendante, inclusive et v\u00e9rifi\u00e9e.<\/p>\n\n\n\n<p><\/p>\n<\/div><\/div>\n\n\n\n<figure class=\"wp-block-image aligncenter size-large is-resized\"><img loading=\"lazy\" decoding=\"async\" width=\"1024\" height=\"725\" src=\"https:\/\/www.hirondelle.org\/wp-content\/uploads\/2026\/03\/image-1-1024x725.png\" alt=\"\" class=\"wp-image-24319\" style=\"aspect-ratio:1.4125134558365282;width:796px;height:auto\" srcset=\"https:\/\/www.hirondelle.org\/wp-content\/uploads\/2026\/03\/image-1-1024x725.png 1024w, https:\/\/www.hirondelle.org\/wp-content\/uploads\/2026\/03\/image-1-300x212.png 300w, https:\/\/www.hirondelle.org\/wp-content\/uploads\/2026\/03\/image-1-768x544.png 768w, https:\/\/www.hirondelle.org\/wp-content\/uploads\/2026\/03\/image-1-1000x708.png 1000w, https:\/\/www.hirondelle.org\/wp-content\/uploads\/2026\/03\/image-1.png 1243w\" sizes=\"auto, (max-width: 1024px) 100vw, 1024px\" \/><figcaption class=\"wp-element-caption\">Carte des m\u00e9dias partenaires de Studio Hirondelle Tchad<\/figcaption><\/figure>\n\n\n\n<p><\/p>\n\n\n\n<div style=\"height:14px\" aria-hidden=\"true\" class=\"wp-block-spacer\"><\/div>\n\n\n\n<div class=\"wp-block-columns is-layout-flex wp-container-core-columns-is-layout-9d6595d7 wp-block-columns-is-layout-flex\">\n<div class=\"wp-block-column is-layout-flow wp-block-column-is-layout-flow\" style=\"flex-basis:100%\">\n<div class=\"wp-block-group is-content-justification-center is-nowrap is-layout-flex wp-container-core-group-is-layout-94bc23d7 wp-block-group-is-layout-flex\">\n<div class=\"wp-block-group h-100 backgroundedBlock backgroundedBlock--green has-fhviolet-background-color has-background has-global-padding is-layout-constrained wp-block-group-is-layout-constrained\">\n<h2 class=\"wp-block-heading has-white-color has-text-color has-link-color wp-elements-34e9012132a4627c67b1d1040611cdb2\">Budget annuel<\/h2>\n\n\n\n<p class=\"has-white-color has-text-color has-link-color wp-elements-ca92ed98d1371b56edbbf8ccca2b31f9\">1 300 000 CHF<\/p>\n\n\n\n<hr class=\"wp-block-separator has-text-color has-white-color has-alpha-channel-opacity has-white-background-color has-background\"\/>\n\n\n\n<h2 class=\"wp-block-heading has-white-color has-text-color has-link-color wp-elements-002cff104350e030d47b8413f5db8f92\">Source des financements<\/h2>\n\n\n\n<p class=\"has-white-color has-text-color has-link-color wp-elements-b2c89a148567d246845a3012095b0389\">Union Europ\u00e9enne<\/p>\n<\/div>\n\n\n\n<div class=\"wp-block-group h-100 backgroundedBlock backgroundedBlock--purple has-fhgreen-background-color has-background has-global-padding is-layout-constrained wp-block-group-is-layout-constrained\">\n<h2 class=\"wp-block-heading has-fhviolet-color has-text-color has-link-color wp-elements-181f68988745da20813f6ffb9e620ed2\">Nos chiffres cl\u00e9s en 2025<\/h2>\n\n\n\n<hr class=\"wp-block-separator has-text-color has-fhviolet-color has-alpha-channel-opacity has-fhviolet-background-color has-background\"\/>\n\n\n\n<ul class=\"wp-block-list\">\n<li class=\"has-fhviolet-color has-text-color has-link-color wp-elements-98494d046446df41839cb182ea822da8\">14 radios partenaires de diffusion<\/li>\n\n\n\n<li class=\"has-fhviolet-color has-text-color has-link-color wp-elements-4baaaa582e3c9a75e2f3ed16c0e53987\">98 publications sur le site web<\/li>\n\n\n\n<li class=\"has-fhviolet-color has-text-color has-link-color wp-elements-877e17a107259be1a5afdcf6f991c5ca\">+ 25&rsquo;000 followers sur les r\u00e9seaux sociaux<\/li>\n\n\n\n<li class=\"has-fhviolet-color has-text-color has-link-color wp-elements-910c5ea080048add73c81d1812688175\">3 langues de diffusion (fran\u00e7ais, arabe tchadien, sara)<\/li>\n\n\n\n<li class=\"has-fhviolet-color has-text-color has-link-color wp-elements-5b0acf0f50a91d719b9aec85d923e877\">50 heures de programmes audio et 2 heures de vid\u00e9o (2025)<\/li>\n<\/ul>\n\n\n\n<p><\/p>\n\n\n\n<div class=\"wp-block-buttons is-content-justification-center is-layout-flex wp-container-core-buttons-is-layout-16018d1d wp-block-buttons-is-layout-flex\">\n<div class=\"wp-block-button\"><a class=\"wp-block-button__link wp-element-button\" href=\"https:\/\/www.hirondelle.org\/wp-content\/uploads\/2026\/03\/Fiche-Projet-2026-Tchad-FR-1.pdf\">T\u00e9l\u00e9chargez notre fiche pays<\/a><\/div>\n<\/div>\n\n\n\n<p><\/p>\n<\/div>\n<\/div>\n<\/div>\n<\/div>\n\n\n\n<h3 class=\"wp-block-heading\">Contexte<\/h3>\n\n\n\n<p>En 2025, le Tchad poursuit une transition politique dans un contexte marqu\u00e9 par des d\u00e9fis s\u00e9curitaires et socio-\u00e9conomiques, notamment dans les zones rurales et frontali\u00e8res. La circulation croissante de contenus non v\u00e9rifi\u00e9s sur les r\u00e9seaux sociaux et les messageries fragilise le d\u00e9bat public et complique l\u2019acc\u00e8s \u00e0 une information fiable, en particulier pour les jeunes. Cette intervention s\u2019inscrit dans un contexte o\u00f9 le paysage m\u00e9diatique tchadien repose sur un r\u00e9seau de radios locales, qui demeurent le principal vecteur d\u2019information pour les communaut\u00e9s, mais font face \u00e0 des contraintes techniques, \u00e9conomiques et des d\u00e9fis li\u00e9s \u00e0 la circulation de fausses informations, qui compliquent l\u2019acc\u00e8s \u00e0 une information fiable et v\u00e9rifi\u00e9e.<\/p>\n\n\n\n<div style=\"height:13px\" aria-hidden=\"true\" class=\"wp-block-spacer\"><\/div>\n\n\n\n<h3 class=\"wp-block-heading\">obJEctifs du Projet<\/h3>\n\n\n\n<p>Depuis janvier 2025, la Fondation Hirondelle met en \u0153uvre au Tchad un projet de 24 mois, financ\u00e9 par l\u2019Union europ\u00e9enne, visant \u00e0 renforcer la r\u00e9silience des populations face \u00e0 la d\u00e9sinformation et \u00e0 promouvoir la coh\u00e9sion sociale \u00e0 travers la production et la diffusion d\u2019une information ind\u00e9pendante, inclusive et v\u00e9rifi\u00e9e. Au c\u0153ur de cette initiative, une cellule de production et de formation install\u00e9e \u00e0 N\u2019Djamena contribue \u00e0 renforcer les capacit\u00e9s des m\u00e9dias et \u00e0 favoriser un dialogue apais\u00e9 au sein de la soci\u00e9t\u00e9 tchadienne.<\/p>\n\n\n\n<p>Le projet a pour objectif g\u00e9n\u00e9ral de <strong>favoriser la coh\u00e9sion sociale et la r\u00e9silience face \u00e0 la d\u00e9sinformation<\/strong> au Tchad. Il s\u2019articule autour de <strong>trois objectifs sp\u00e9cifiques :<\/strong><\/p>\n\n\n\n<ul class=\"wp-block-list\">\n<li>Renforcer les m\u00e9dias locaux et leur collaboration avec la soci\u00e9t\u00e9 civile<\/li>\n\n\n\n<li>Lutter contre la d\u00e9sinformation et promouvoir une information inclusive<\/li>\n\n\n\n<li>Sensibiliser la population \u00e0 l\u2019int\u00e9grit\u00e9 de l\u2019information via l\u2019\u00e9ducation aux m\u00e9dias.<\/li>\n<\/ul>\n\n\n\n<div style=\"height:12px\" aria-hidden=\"true\" class=\"wp-block-spacer\"><\/div>\n\n\n\n<h3 class=\"wp-block-heading\">Cr\u00e9er des espaces de dialogue \u00e0 travers le Tchad<\/h3>\n\n\n\n<div class=\"wp-block-columns is-layout-flex wp-container-core-columns-is-layout-9d6595d7 wp-block-columns-is-layout-flex\">\n<div class=\"wp-block-column is-layout-flow wp-block-column-is-layout-flow\">\n<div class=\"wp-block-group is-nowrap is-layout-flex wp-container-core-group-is-layout-ad2f72ca wp-block-group-is-layout-flex\">\n<p>Depuis juillet 2025, le Studio Hirondelle-Tchad a produit 27 \u00e9ditions du magazine hebdomadaire \u201cVoix de Touma\u00ef\u201d, soit 54 heures de programme diffus\u00e9es par 14 radios partenaires \u00e0 travers le pays. Sur le plan num\u00e9rique, 227 publications ont \u00e9t\u00e9 mises en ligne, dont 45 vid\u00e9os (plus de 1,5 million de vues) et 67 audiogrammes (plus de 500 000 \u00e9coutes), renfor\u00e7ant la port\u00e9e des contenus au-del\u00e0 de la radio. Deux groupes WhatsApp pour faire remonter des rumeurs et une cha\u00eene WhatsApp ont \u00e9t\u00e9 cr\u00e9\u00e9s pour lutter contre la d\u00e9sinformation et favoriser l\u2019interaction avec le public.<\/p>\n<\/div>\n\n\n\n<p>En parall\u00e8le, le projet a form\u00e9 38 journalistes aux fondamentaux du journalisme et au fact-checking, ainsi que 12 responsables de radios \u00e0 la gestion et \u00e0 la v\u00e9rification de l\u2019information. Il apporte \u00e9galement un appui mat\u00e9riel \u00e0 12 radios (\u00e9quipements et installations solaires) afin de consolider durablement l\u2019\u00e9cosyst\u00e8me m\u00e9diatique tchadien.<\/p>\n\n\n\n<p>Le Studio a \u00e9galement lanc\u00e9 des coproductions avec des m\u00e9dias tchadiens tels que Tchad Info, N\u2019Djam Post et Sa\u00f4 Check, afin de d\u00e9velopper des contenus num\u00e9riques et renforcer la v\u00e9rification des fausses informations. Par ailleurs, des \u00e9missions et d\u00e9bats publics d\u00e9localis\u00e9s ont \u00e9t\u00e9 organis\u00e9s en r\u00e9gion, notamment \u00e0 Mongo (Gu\u00e9ra) autour de la cohabitation entre agriculteur\u00b7ices et \u00e9leveur\u00b7euses et de l\u2019usage des r\u00e9seaux sociaux par les jeunes, contribuant \u00e0 cr\u00e9er des espaces de dialogue au plus pr\u00e8s des populations.<\/p>\n<\/div>\n\n\n\n<div class=\"wp-block-column is-layout-flow wp-block-column-is-layout-flow\">\n<div class=\"wp-block-group backgroundedBlock backgroundedBlock--green has-global-padding is-layout-constrained wp-block-group-is-layout-constrained\">\n<h2 class=\"wp-block-heading\">Priorit\u00e9s<\/h2>\n\n\n\n<hr class=\"wp-block-separator has-alpha-channel-opacity\"\/>\n\n\n\n<ul class=\"wp-block-list\">\n<li>Consolider l\u2019acc\u00e8s \u00e0 une information fiable et inclusive via Voix de Touma\u00ef et le renforcement du r\u00e9seau de radios partenaires.<\/li>\n\n\n\n<li>D\u00e9velopper le dialogue citoyen et l\u2019\u00e9ducation aux m\u00e9dias.<\/li>\n<\/ul>\n\n\n\n<h2 class=\"wp-block-heading\">Activit\u00e9s<\/h2>\n\n\n\n<hr class=\"wp-block-separator has-alpha-channel-opacity\"\/>\n\n\n\n<ul class=\"wp-block-list\">\n<li>Poursuivre la production multilingue, les coproductions et l\u2019extension vers de nouvelles zones prioritaires, notamment \u00e0 l\u2019Est.<\/li>\n\n\n\n<li>D\u00e9ployer des actions d\u2019\u00e9ducation aux m\u00e9dias et \u00e0 l\u2019information (EMI) hors ligne dans les communaut\u00e9s et former les OSC \u00e0 interagir avec les m\u00e9dias.<\/li>\n<\/ul>\n<\/div>\n<\/div>\n<\/div>\n\n\n\n<div style=\"height:22px\" aria-hidden=\"true\" class=\"wp-block-spacer\"><\/div>\n\n\n\n<p>En 2026, le d\u00e9fi est de consolider l\u2019op\u00e9ration engag\u00e9e dans le cadre du projet \u00ab R\u00e9silience des populations \u00e0 la d\u00e9sinformation \u00bb. Le projet poursuit les activit\u00e9s de production, de diffusion et de renforcement des capacit\u00e9s d\u00e9j\u00e0 mises en place, tout en \u00e9largissant leur port\u00e9e vers les publics les plus vuln\u00e9rables.<\/p>\n\n\n\n<p>Cela implique notamment de d\u00e9velopper les activit\u00e9s d\u2019Education aux m\u00e9dias et \u00e0 l\u2019information hors ligne au sein des communaut\u00e9s (clubs d\u2019\u00e9coute, d\u00e9bats publics, sensibilisations locales) ainsi que de mobiliser et former les organisations de la soci\u00e9t\u00e9 civile afin qu\u2019elles interagissent plus \u00e9troitement avec les m\u00e9dias, contribuant ainsi davantage \u00e0 la production de contenus d\u2019int\u00e9r\u00eat public.<\/p>\n\n\n\n<p>En parall\u00e8le, une extension de l\u2019action vers l\u2019Est du Tchad est envisag\u00e9e, avec la mise en place d\u2019un magazine humanitaire destin\u00e9 aux r\u00e9fugi\u00e9s et communaut\u00e9s h\u00f4tes. Il vise \u00e0 r\u00e9pondre aux besoins d\u2019information dans un contexte marqu\u00e9 par les d\u00e9placements et les tensions sociales. Dans l\u2019optique d\u2019\u00e9tendre, de p\u00e9renniser cette dynamique, de consolider le r\u00e9seau de radios partenaires et de renforcer l\u2019ancrage territorial du Studio Hirondelle-Tchad, de nouveaux financements seront recherch\u00e9s.<\/p>\n\n\n\n<h3 class=\"wp-block-heading\">une approche inclusive et r\u00e9gionale<\/h3>\n\n\n\n<p>Le projet veille \u00e0 une <strong>meilleure repr\u00e9sentation des femmes dans les m\u00e9dias<\/strong>, tant comme sujets que comme actrices de l\u2019information. Il favorise \u00e9galement le <strong>dialogue communautaire<\/strong> \u00e0 travers des d\u00e9bats publics et des productions participatives.<\/p>\n\n\n\n<p>\u00c0 l\u2019\u00e9chelle r\u00e9gionale,<strong> le Tchad rejoint les studios de la Fondation Hirondelle au Mali, au Niger et au Burkina Faso <\/strong>dans un m\u00e9canisme de coproduction \u00e9ditoriale, de formation crois\u00e9e et d\u2019\u00e9change de savoir-faire, pour notamment d\u00e9construire ensemble les r\u00e9cits trompeurs qui circulent dans toute la r\u00e9gion.<br><\/p>\n\n\n\n<div style=\"height:26px\" aria-hidden=\"true\" class=\"wp-block-spacer\"><\/div>\n\n\n\n<div class=\"wp-block-columns is-layout-flex wp-container-core-columns-is-layout-9d6595d7 wp-block-columns-is-layout-flex\">\n<div class=\"wp-block-column is-layout-flow wp-block-column-is-layout-flow\"><\/div>\n\n\n\n<div class=\"wp-block-column is-layout-flow wp-block-column-is-layout-flow\"><\/div>\n<\/div>\n\n\n\n<div class=\"wp-block-group is-nowrap is-layout-flex wp-container-core-group-is-layout-ad2f72ca wp-block-group-is-layout-flex\">\n<div class=\"wp-block-group h-100 backgroundedBlock backgroundedBlock--purple has-global-padding is-layout-constrained wp-block-group-is-layout-constrained\">\n<h2 class=\"wp-block-heading\">Notre impact<\/h2>\n\n\n\n<hr class=\"wp-block-separator has-alpha-channel-opacity\"\/>\n\n\n\n<p>Depuis juillet 2025, Voix de Touma\u00ef touche un public national gr\u00e2ce \u00e0 sa diffusion sur 12 radios partenaires. Sur le num\u00e9rique, le projet totalise d\u00e9j\u00e0 plus de 1,5 million de vues sur Facebook, avec plus de 25&rsquo;000 abonn\u00e9\u00b7es, et une cha\u00eene WhatsApp comptant pr\u00e8s de 900 abonn\u00e9\u00b7es, renfor\u00e7ant l\u2019acc\u00e8s \u00e0 une information fiable et inclusive.<\/p>\n<\/div>\n\n\n\n<div class=\"wp-block-group h-100 backgroundedBlock backgroundedBlock--green has-global-padding is-layout-constrained wp-block-group-is-layout-constrained\">\n<h2 class=\"wp-block-heading\">Highlight<\/h2>\n\n\n\n<hr class=\"wp-block-separator has-alpha-channel-opacity\"\/>\n\n\n\n<p>Les contenus num\u00e9riques du Studio Hirondelle-Tchad suscitent une forte mobilisation : une vid\u00e9o explicative sur la PND a atteint 425000 vues, tandis qu\u2019une autre sur la modification de la Constitution a d\u00e9pass\u00e9 les 100 000 vues, illustrant l\u2019int\u00e9r\u00eat du public pour des contenus p\u00e9dagogiques et v\u00e9rifi\u00e9s sur des enjeux nationaux majeurs.<\/p>\n<\/div>\n<\/div>\n\n\n\n<p><\/p>\n\n\n\n<div class=\"wp-block-group h-100 backgroundedBlock backgroundedBlock--purple is-vertical is-layout-flex wp-container-core-group-is-layout-8cf370e7 wp-block-group-is-layout-flex\">\n<h2 class=\"wp-block-heading\">SUIVRE L\u2019ACTUALIT\u00c9 SUR LE SITE <a href=\"https:\/\/hirondelle-tchad.org\/\">HIRONDELLE-TCHAD.ORG<\/a><\/h2>\n\n\n\n<hr class=\"wp-block-separator has-alpha-channel-opacity\"\/>\n<\/div>\n\n\n\n<p><\/p>\n","protected":false},"excerpt":{"rendered":"<p>Lanc\u00e9 en juillet 2025, Voix de Touma\u00ef est le magazine hebdomadaire multilingue du Studio Hirondelle-Tchad, une cellule de production et de formation cr\u00e9\u00e9e en janvier 2025 \u00e0 N\u2019Djamena dans le cadre du projet r\u00e9gional financ\u00e9 par l\u2019Union europ\u00e9enne \u00ab R\u00e9silience \u00e0 la d\u00e9sinformation pour la coh\u00e9sion sociale au Tchad et dans le Sahel central \u00bb. [&hellip;]<\/p>\n","protected":false},"author":7,"featured_media":0,"parent":231,"menu_order":17,"comment_status":"closed","ping_status":"closed","template":"","meta":{"_acf_changed":false,"footnotes":""},"class_list":["post-19570","page","type-page","status-publish","hentry"],"acf":[],"publishpress_future_action":{"enabled":false,"date":"2026-04-11 11:51:11","action":"change-status","newStatus":"draft","terms":[],"taxonomy":"translation_priority","extraData":[]},"publishpress_future_workflow_manual_trigger":{"enabledWorkflows":[]},"_links":{"self":[{"href":"https:\/\/www.hirondelle.org\/fr\/wp-json\/wp\/v2\/pages\/19570","targetHints":{"allow":["GET"]}}],"collection":[{"href":"https:\/\/www.hirondelle.org\/fr\/wp-json\/wp\/v2\/pages"}],"about":[{"href":"https:\/\/www.hirondelle.org\/fr\/wp-json\/wp\/v2\/types\/page"}],"author":[{"embeddable":true,"href":"https:\/\/www.hirondelle.org\/fr\/wp-json\/wp\/v2\/users\/7"}],"replies":[{"embeddable":true,"href":"https:\/\/www.hirondelle.org\/fr\/wp-json\/wp\/v2\/comments?post=19570"}],"version-history":[{"count":9,"href":"https:\/\/www.hirondelle.org\/fr\/wp-json\/wp\/v2\/pages\/19570\/revisions"}],"predecessor-version":[{"id":24470,"href":"https:\/\/www.hirondelle.org\/fr\/wp-json\/wp\/v2\/pages\/19570\/revisions\/24470"}],"up":[{"embeddable":true,"href":"https:\/\/www.hirondelle.org\/fr\/wp-json\/wp\/v2\/pages\/231"}],"wp:attachment":[{"href":"https:\/\/www.hirondelle.org\/fr\/wp-json\/wp\/v2\/media?parent=19570"}],"curies":[{"name":"wp","href":"https:\/\/api.w.org\/{rel}","templated":true}]}}