{"id":212,"date":"2024-04-05T22:00:47","date_gmt":"2024-04-05T20:00:47","guid":{"rendered":"https:\/\/www.hirondelle.org\/?page_id=212"},"modified":"2026-01-05T15:29:51","modified_gmt":"2026-01-05T14:29:51","slug":"qui-sommes-nous","status":"publish","type":"page","link":"https:\/\/www.hirondelle.org\/fr\/qui-sommes-nous","title":{"rendered":"Qui sommes-nous"},"content":{"rendered":"\n<div class=\"wp-block-group has-global-padding is-layout-constrained wp-block-group-is-layout-constrained\">\n<figure class=\"wp-block-embed is-type-video is-provider-youtube wp-block-embed-youtube wp-embed-aspect-16-9 wp-has-aspect-ratio\"><div class=\"wp-block-embed__wrapper\">\n<iframe loading=\"lazy\" title=\"Que fait la Fondation Hirondelle ?\" width=\"500\" height=\"281\" src=\"https:\/\/www.youtube.com\/embed\/7qwH1tUE-qg?feature=oembed\" frameborder=\"0\" allow=\"accelerometer; autoplay; clipboard-write; encrypted-media; gyroscope; picture-in-picture; web-share\" referrerpolicy=\"strict-origin-when-cross-origin\" allowfullscreen><\/iframe>\n<\/div><\/figure>\n\n\n\n<p>La Fondation Hirondelle est une organisation suisse, \u00e0 but non lucratif qui assure aux populations confront\u00e9es \u00e0 des crises un acc\u00e8s \u00e0 des informations fiables, locales et ind\u00e9pendantes. Depuis plus de 30 ans (1995), elle soutient les m\u00e9dias et les journalistes locaux dans des contextes fragiles. A vocation globale et ancr\u00e9e localement, elle cr\u00e9e des espaces de dialogue pour renforcer les liens et la coh\u00e9sion sociale dans des soci\u00e9t\u00e9s fragment\u00e9es.<\/p>\n\n\n\n<p>Les programmes de la Fondation Hirondelle jouissent d\u2019une grande confiance des publics qui saluent le travail dans les langues locales et la rigueur journalistique. Des \u00e9tudes d\u2019audiences men\u00e9es r\u00e9guli\u00e8rement permettent de quantifier notre impact. En 2024, les \u00e9quipes de la Fondation Hirondelle sont pr\u00e9sentes dans 11 pays sur trois continents. Elles soutiennent plus de 400 m\u00e9dias locaux et forment plus de 2 000 journalistes, techniciens et responsables de m\u00e9dias. Ses programmes dans cinq pays d&rsquo;Afrique de l&rsquo;Ouest et d&rsquo;Afrique Centrale touchent une audience r\u00e9guli\u00e8re de 10 millions de personnes. <br><br>Bas\u00e9e \u00e0 Lausanne en Suisse, la Fondation Hirondelle emploie environ 300 personnes, dont 90% sur les terrains d\u2019op\u00e9rations.<\/p>\n<\/div>\n\n\n\n<p><br><\/p>\n\n\n\n<h3 class=\"wp-block-heading\">Notre vision<\/h3>\n\n\n\n<p>Une information ind\u00e9pendante, cr\u00e9dible, inclusive et non partisane contribue \u00e0 la r\u00e9solution des crises et \u00e0 la construction de soci\u00e9t\u00e9s plus apais\u00e9es. Le journalisme rigoureux et de service au public contribuent ainsi \u00e0 l\u2019atteinte de l\u2019Objectif 16 de l\u2019Agenda 2030 visant \u00ab&nbsp;la paix, la justice et des institutions efficaces&nbsp;\u00bb. L\u2019acc\u00e8s \u00e0 cette information, reconnu comme un droit universel (article 19 de la D\u00e9claration universelle des Droits de l\u2019Homme) permet :<\/p>\n\n\n\n<ul class=\"wp-block-list\">\n<li>A la population de prendre des d\u00e9cisions \u00e9clair\u00e9es par sa compr\u00e9hension des enjeux&nbsp;;<\/li>\n\n\n\n<li>De restaurer la confiance entre les diff\u00e9rentes composantes de la soci\u00e9t\u00e9&nbsp;;<\/li>\n\n\n\n<li>De lutter contre les malentendus et id\u00e9es re\u00e7ues qui favorisent les conflits&nbsp;;<\/li>\n\n\n\n<li>De donner la parole aux minorit\u00e9s et communaut\u00e9s marginalis\u00e9es&nbsp;;<\/li>\n\n\n\n<li>De favoriser les processus de dialogue&nbsp;;<\/li>\n\n\n\n<li>De contribuer au d\u00e9veloppement \u00e9conomique et social des soci\u00e9t\u00e9s.<br><\/li>\n<\/ul>\n\n\n\n<h3 class=\"wp-block-heading\"><br>Notre approche<\/h3>\n\n\n\n<p>La Fondation Hirondelle pratique et d\u00e9fend un journalisme rigoureux et responsable dans des contextes de conflit, post-conflit, de crise humanitaire ou de transition d\u00e9mocratique. Dans ces contextes de poly-crises, les secteurs m\u00e9diatiques locaux sont eux-m\u00eames fragilis\u00e9s par les pressions politiques, des mod\u00e8les \u00e9conomiques non viables, la transition vers le num\u00e9rique et les effets de la d\u00e9sinformation.&nbsp; Nos informations permettent au public de mieux comprendre le contexte dans lequel il vit, et les probl\u00e8mes auxquels il doit faire face. Elles traitent de l\u2019actualit\u00e9 des pays et r\u00e9gions dans lesquelles nous intervenons, mais pas seulement. Nous mettons aussi en \u0153uvre un journalisme d\u2019action, traitant des grands changements qui traversent et connectent nos soci\u00e9t\u00e9s.<\/p>\n\n\n\n<p>Nos programmes de dialogue r\u00e9unissent les diverses composantes politiques et sociales des soci\u00e9t\u00e9s dans lesquelles nous intervenons. Ils favorisent une participation active des populations locales \u00e0 l\u2019\u00e9laboration de solutions partag\u00e9es et locales.<br><br><\/p>\n\n\n\n<h3 class=\"wp-block-heading\">Nos valeurs<\/h3>\n\n\n\n<div class=\"wp-block-columns is-layout-flex wp-container-core-columns-is-layout-9d6595d7 wp-block-columns-is-layout-flex\">\n<div class=\"wp-block-column is-layout-flow wp-block-column-is-layout-flow\">\n<div class=\"contentIconContainer\">\n<svg viewBox=\"0 0 24 24\" fill=\"none\" xmlns=\"http:\/\/www.w3.org\/2000\/svg\"><g id=\"SVGRepo_bgCarrier\" stroke-width=\"0\"><\/g><g id=\"SVGRepo_tracerCarrier\" stroke-linecap=\"round\" stroke-linejoin=\"round\"><\/g><g id=\"SVGRepo_iconCarrier\"> <path d=\"M5.75 1C6.16421 1 6.5 1.33579 6.5 1.75V3.6L8.22067 3.25587C9.8712 2.92576 11.5821 3.08284 13.1449 3.70797L13.3486 3.78943C14.9097 4.41389 16.628 4.53051 18.2592 4.1227C19.0165 3.93339 19.75 4.50613 19.75 5.28669V12.6537C19.75 13.298 19.3115 13.8596 18.6864 14.0159L18.472 14.0695C16.7024 14.5119 14.8385 14.3854 13.1449 13.708C11.5821 13.0828 9.8712 12.9258 8.22067 13.2559L6.5 13.6V21.75C6.5 22.1642 6.16421 22.5 5.75 22.5C5.33579 22.5 5 22.1642 5 21.75V1.75C5 1.33579 5.33579 1 5.75 1Z\" fill=\"#1C274C\"><\/path> <\/g><\/svg>\n<\/div>\n\n\n\n<p class=\"has-text-align-center\"><em>IND\u00c9PENDANCE<\/em><\/p>\n\n\n\n<p>Garantir une impartialit\u00e9 absolue face aux pouvoirs politiques et \u00e9conomiques, pour assurer la cr\u00e9dibilit\u00e9 de nos informations aupr\u00e8s des populations b\u00e9n\u00e9ficiaires.<\/p>\n<\/div>\n\n\n\n<div class=\"wp-block-column is-layout-flow wp-block-column-is-layout-flow\">\n<div class=\"contentIconContainer\">\n<svg fill=\"#000000\" viewBox=\"0 0 36 36\" version=\"1.1\" preserveAspectRatio=\"xMidYMid meet\" xmlns=\"http:\/\/www.w3.org\/2000\/svg\" xmlns:xlink=\"http:\/\/www.w3.org\/1999\/xlink\"><g id=\"SVGRepo_bgCarrier\" stroke-width=\"0\"><\/g><g id=\"SVGRepo_tracerCarrier\" stroke-linecap=\"round\" stroke-linejoin=\"round\"><\/g><g id=\"SVGRepo_iconCarrier\"> <title>talk-bubbles-solid<\/title> <path d=\"M8,19V11H5a3,3,0,0,0-3,3V32a1,1,0,0,0,.56.89,1,1,0,0,0,1-.1L8.71,29H22.15A2.77,2.77,0,0,0,25,26.13V25H14A6,6,0,0,1,8,19Z\" class=\"clr-i-solid clr-i-solid-path-1\"><\/path><path d=\"M31,4H14a3,3,0,0,0-3,3V19a3,3,0,0,0,3,3H27.55l4.78,3.71a1,1,0,0,0,1,.11,1,1,0,0,0,.57-.9V7A3,3,0,0,0,31,4Z\" class=\"clr-i-solid clr-i-solid-path-2\"><\/path> <rect x=\"0\" y=\"0\" width=\"36\" height=\"36\" fill-opacity=\"0\"><\/rect> <\/g><\/svg>\n<\/div>\n\n\n\n<p class=\"has-text-align-center\"><em>DIALOGUE<\/em><em><\/em><\/p>\n\n\n\n<p>Permettre l\u2019expression de tous les points de vue et l\u2019\u00e9mergence de solutions partag\u00e9es. Faire entendre la voix des minorit\u00e9s.<\/p>\n<\/div>\n\n\n\n<div class=\"wp-block-column is-layout-flow wp-block-column-is-layout-flow\">\n<div class=\"contentIconContainer\">\n<svg height=\"200px\" width=\"200px\" version=\"1.1\" id=\"_x32_\" xmlns=\"http:\/\/www.w3.org\/2000\/svg\" xmlns:xlink=\"http:\/\/www.w3.org\/1999\/xlink\" viewBox=\"0 0 512 512\" xml:space=\"preserve\" fill=\"#000000\"><g id=\"SVGRepo_bgCarrier\" stroke-width=\"0\"><\/g><g id=\"SVGRepo_tracerCarrier\" stroke-linecap=\"round\" stroke-linejoin=\"round\"><\/g><g id=\"SVGRepo_iconCarrier\"> <style type=\"text\/css\"> .st0{fill:#000000;} <\/style> <g> <path class=\"st0\" d=\"M511.434,239.204c-4.138-63.963-31.794-121.624-74.418-164.217c-17.682-17.685-37.951-32.809-60.22-44.74 C340.806,10.962,299.67,0,256,0C185.365,0,121.273,28.67,74.984,74.988C28.663,121.273,0,185.361,0,256 c0,70.639,28.663,134.735,74.984,181.013C121.273,483.329,185.365,512,256,512c10.178,0,20.211-0.593,30.092-1.757 c25.423-2.974,49.714-9.666,72.278-19.558c18.337-8.004,35.573-18.099,51.38-29.968c9.642-7.261,18.755-15.194,27.266-23.704 C483.337,390.734,512,326.639,512,256C512,250.347,511.82,244.748,511.434,239.204z M368.22,213.758 c-8.983,3.483-31.286,4.653-36.252,1.343c-4.943-3.272-17.416-7.379-22.444-6.488c-5.032,0.89,1.604,8.416-4.259,9.338 c-5.86,0.898-13.395-3.208-19.294-7.44c-5.856-4.162-15.144-5.794-15.144-5.794c-2.26-0.273-4.529-0.547-6.789-0.804 c-3.365-6.762-1.608-22.096-13.52-18.63c-11.903,3.475-51.197,10.416-59.77,12.11c-8.573,1.726-18.81,15.39-25.63,25.532 c-6.843,10.244-25.481,42.241-28.842,47.215c-3.365,5.059-4.884,36.65-4.79,44.833c0.085,8.339,37.322,42.623,49.022,44.107 c11.759,1.616,43.697-6.66,52.091-8.417c8.429-1.695,13.309,9.557,19.977,9.431c6.699-0.117,14.948,2.983,8.159,12.689 c-6.82,9.634-6.851,14.413-0.328,20.597c6.547,6.247,19.169,29.381,10.506,47.707c-8.604,18.341-2.292,27.008,2.323,34.262 c0.948,1.491,1.932,3.552,2.916,5.988c-6.637,0.594-13.363,0.89-20.152,0.89c-62.51,0-118.985-25.297-159.97-66.25 C55.07,374.986,29.764,318.51,29.764,256c0-62.51,25.306-118.986,66.266-159.978c40.984-40.952,97.459-66.25,159.97-66.25 c7.765,0,15.476,0.382,23.042,1.155c-1.488,1.101-3.127,2.233-5.032,3.365c-12.649,7.558-17.744,10.931-27.058,13.453 c-9.35,2.506-5.895,21.292-2.475,24.713c3.428,3.42,11.076-0.844,17.006-4.225c5.922-3.365,7.648,3.42,7.675,5.973 c0,2.561,3.424,12.806,8.484,11.111c5.095-1.695,13.457-18.7,12.594-21.222c-0.863-2.569-4.263-9.378,1.608-14.437 c5.805-5.028,12.465-9.198,18.278-13.368c1.811,0.406,3.596,0.891,5.352,1.39c-0.508,1.257-1.667,2.802-3.568,4.498 c-6.64,5.871-9.139,10.103-9.139,10.103s-1.581,13.563,2.62,13.563c4.197,0.023,15.897-2.436,21.698-4.107 c5.836-1.67,5.868,3.428,0.058,5.091c-5.832,1.639-10.834,4.169-10.834,4.169c-0.835,2.522-1.636,5.092-2.471,7.613 c-8.366,5.068-11.7,12.719-11.7,12.719s-37.123,0.804-39.739,1.663c-2.53,0.812-1.694-7.675-1.694-7.675s2.498-8.55-1.729-7.714 c-4.197,0.866-4.224,8.347-4.224,8.55c-0.566,3.396-1.132,6.816-1.667,10.236c0,0-16.194,3.396-19.618,6.84 c-3.392,3.428-14.5,13.672-17.053,15.421c-2.565,1.694-11.134,4.286-14.562,6.012c-3.424,1.734,10.271,7.722,10.271,10.275 c0,2.561,0.031,14.554-5.118,15.414c-5.126,0.866-29.143,0.898-29.143,0.898s-7.683,27.414-5.954,29.982 c1.726,2.553,12.856,8.51,19.708,7.652c6.844-0.874,22.233-8.573,22.233-8.573c2.264-5.153,4.556-10.283,6.848-15.421 c4.552-4.856,9.108-9.713,13.664-14.585c0,0.023,10.236,4.255,13.664,0.828c3.388-3.42,10.15-6.855,10.209-6.855 c0.027,0,6.781,12.781,11.017,14.468c4.251,1.709,11.841,8.487,12.676,12.75c0.836,4.255,1.667,11.907,4.197,10.174 c2.534-1.726,6.789-11.93,6.789-11.93s5.891-3.428-0.836-6.817c-6.73-3.365-18.575-15.272-20.273-17.834 c-1.694-2.561-0.832-10.244,5.091-6.847c5.954,3.428,21.94,18.692,21.94,18.692s0.835,7.675,5.001,11.048 c4.197,3.358,8.366,9.284,8.366,12.68c-0.031,3.396-0.031,5.06,5.801,5.028c5.868-0.031,3.424-11.041,3.424-13.57 c0-2.561-0.8-7.652,3.365-7.652c4.166-0.031,10.806,3.303,10.806,3.303s-4.228,16.974,4.044,19.434 c8.339,2.444,33.82-4.575,33.731-0.351C373.342,191.053,377.246,210.284,368.22,213.758z M415.969,415.977 c-6.043,6.028-12.414,11.728-19.11,17.052c-0.597-11.728-0.445-31.677,1.159-39.477c1.995-9.377,19.559-16.459,27.832-29.405 c8.334-13.008,21.257-27.828,18.844-46.863c-14.141,7.034-22.116,10.603-29.827,6.113c-7.71-4.497-15.178-20.394-18.247-26.828 c-2.862-6.16-29.408-56.733-24.587-60.332c5.032-3.31,28.515,39.212,37.565,51.76c9.142,12.742,5.535,28.975,24.618,18.52 c19.047-10.448,42.358-29.178,45.543-37.362c3.276-8.151-8.334-28.842-13.066-23.846c-4.646,5.06-18.576,7.152-18.607,7.152 c-5.954-10.681-11.997-21.495-18.126-32.387c0,0,7.887-0.149,15.538,6.215c7.71,6.403,22.92,14.109,31.942,15.413 c1.218,0.195,2.678,0.219,4.346,0.133c0.296,4.669,0.448,9.401,0.448,14.164C482.236,318.51,456.93,374.986,415.969,415.977z\"><\/path> <path class=\"st0\" d=\"M205.232,89.526c2.569,1.718-1.698,9.432-5.114,15.429c-3.42,5.996-1.706,9.417-1.706,9.417 s16.272-2.577,19.688-4.295c3.416-1.701,5.973-12.844,3.4-15.412c-2.569-2.569-11.138-10.268-11.15-12.837 c0-2.569,0.839-11.977-2.596-14.523c-3.42-2.576-11.119,2.28-11.103,7.684C196.655,78.415,202.66,87.808,205.232,89.526z\"><\/path> <\/g> <\/g><\/svg>\n<\/div>\n\n\n\n<p class=\"has-text-align-center\"><em>PROXIMIT\u00c9<\/em><\/p>\n\n\n\n<p>\u00catre au plus pr\u00e8s des besoins des populations locales et produire dans les langues locales. Collaborer avec des partenaires locaux et leur permettre de renforcer leurs comp\u00e9tences.<\/p>\n<\/div>\n\n\n\n<div class=\"wp-block-column is-layout-flow wp-block-column-is-layout-flow\">\n<div class=\"contentIconContainer\">\n<svg height=\"200px\" width=\"200px\" version=\"1.1\" id=\"Capa_1\" xmlns=\"http:\/\/www.w3.org\/2000\/svg\" xmlns:xlink=\"http:\/\/www.w3.org\/1999\/xlink\" viewBox=\"0 0 476.243 476.243\" xml:space=\"preserve\" fill=\"#000000\"><g id=\"SVGRepo_bgCarrier\" stroke-width=\"0\"><\/g><g id=\"SVGRepo_tracerCarrier\" stroke-linecap=\"round\" stroke-linejoin=\"round\"><\/g><g id=\"SVGRepo_iconCarrier\"> <g> <path style=\"fill:#010002;\" d=\"M69.684,384.436l116.312-116.312c11.096-11.096,14.282-26.938,9.933-40.952l36.01-36.01 c10.762,8.763,21.923,15.769,32.896,20.882c0.837-2.495,2.13-4.788,4.016-6.674l60.306-60.306c1.87-1.87,4.178-3.138,6.706-3.942 c-7.381-15.867-18.696-32.173-33.555-47.032c-15.152-15.152-31.807-26.654-47.975-34.018c-0.845,2.341-2.065,4.511-3.853,6.308 l-60.306,60.306c-1.78,1.78-3.902,3.081-6.267,3.95c5.145,11.266,12.331,22.752,21.338,33.823l-36.01,36.01 c-14.014-4.349-29.856-1.162-40.952,9.933L11.955,326.715c-15.94,15.94-15.94,41.781,0,57.721 C27.895,400.376,53.744,400.376,69.684,384.436z\"><\/path> <path style=\"fill:#010002;\" d=\"M274.589,211.127c-1.122,1.122-1.837,2.544-2.276,4.121c-1.496,5.414,0.91,12.9,6.576,18.566 c4.438,4.43,10.128,7.08,15.233,7.08c2.138,0,5.162-0.48,7.454-2.772l18.647-18.647l23.012-23.012l18.647-18.647 c2.284-2.284,3.211-5.779,2.593-9.836c-0.683-4.519-3.138-9.08-6.901-12.843c-4.438-4.43-10.128-7.08-15.225-7.08 c-0.984,0-2.162,0.13-3.365,0.463c-1.414,0.39-2.861,1.073-4.097,2.317L274.589,211.127z\"><\/path> <path style=\"fill:#010002;\" d=\"M176.949,123.728c1.105,0,2.455-0.146,3.82-0.593c1.26-0.415,2.536-1.081,3.642-2.187l60.306-60.306 c1.008-1.008,1.658-2.284,2.113-3.666c1.772-5.438-0.585-13.185-6.422-19.013c-4.438-4.43-10.128-7.08-15.225-7.08 c-2.138,0-5.162,0.48-7.454,2.772l-20.549,20.549l-19.216,19.208l-20.549,20.549c-4.975,4.983-3.008,15.371,4.308,22.687 C166.162,121.078,171.852,123.728,176.949,123.728z\"><\/path> <path style=\"fill:#010002;\" d=\"M300.438,387.313c9.892-0.975,20.5-1.252,31.579-1.252c4.723,0,9.559,0.033,14.485,0.073 c10.209,0.081,21.004,0.081,31.214,0c4.926-0.041,9.762-0.073,14.485-0.073c11.079,0,21.687,0.276,31.579,1.252v-23.589H300.438 V387.313z\"><\/path> <path style=\"fill:#010002;\" d=\"M392.202,394.19c-4.698,0-9.51,0.033-14.42,0.073c-10.258,0.073-21.086,0.073-31.336,0 c-4.91-0.041-9.722-0.073-14.42-0.073c-11.502,0-22.053,0.228-31.579,1.13c-31.417,2.967-51.129,13.567-52.47,50.04h228.267 c-1.341-36.473-21.053-47.064-52.47-50.039C414.255,394.418,403.695,394.19,392.202,394.19z\"><\/path> <\/g> <\/g><\/svg>\n<\/div>\n\n\n\n<p class=\"has-text-align-center\"><em>REDEVABILIT\u00c9<\/em><\/p>\n\n\n\n<p>Prendre en compte les besoins des populations locales dans la production de programmes d\u2019informations en am\u00e9liorant nos activit\u00e9s \u00e0 la lumi\u00e8re d\u2019informations objectives.<br><br><\/p>\n<\/div>\n<\/div>\n\n\n\n<h3 class=\"wp-block-heading\">La Timeline<\/h3>\n\n\n\n<p><a id=\"_msocom_1\"><\/a><\/p>\n\n\n\n<iframe src='https:\/\/cdn.knightlab.com\/libs\/timeline3\/latest\/embed\/index.html?source=1xxAlXrdryQT98_lXKvpSax8xuk53zBPRyuwb6jSzZkI&#038;font=Default&#038;lang=fr&#038;initial_zoom=4&#038;height=650' width='100%' height='650' webkitallowfullscreen mozallowfullscreen allowfullscreen frameborder='0'><\/iframe>\n","protected":false},"excerpt":{"rendered":"<p>La Fondation Hirondelle est une organisation suisse, \u00e0 but non lucratif qui assure aux populations confront\u00e9es \u00e0 des crises un acc\u00e8s \u00e0 des informations fiables, locales et ind\u00e9pendantes. Depuis plus de 30 ans (1995), elle soutient les m\u00e9dias et les journalistes locaux dans des contextes fragiles. A vocation globale et ancr\u00e9e localement, elle cr\u00e9e des [&hellip;]<\/p>\n","protected":false},"author":9,"featured_media":0,"parent":0,"menu_order":1,"comment_status":"closed","ping_status":"closed","template":"","meta":{"_acf_changed":false,"footnotes":""},"class_list":["post-212","page","type-page","status-publish","hentry"],"acf":[],"publishpress_future_action":{"enabled":false,"date":"2026-04-20 17:07:21","action":"change-status","newStatus":"draft","terms":[],"taxonomy":"translation_priority","extraData":[]},"publishpress_future_workflow_manual_trigger":{"enabledWorkflows":[]},"_links":{"self":[{"href":"https:\/\/www.hirondelle.org\/fr\/wp-json\/wp\/v2\/pages\/212","targetHints":{"allow":["GET"]}}],"collection":[{"href":"https:\/\/www.hirondelle.org\/fr\/wp-json\/wp\/v2\/pages"}],"about":[{"href":"https:\/\/www.hirondelle.org\/fr\/wp-json\/wp\/v2\/types\/page"}],"author":[{"embeddable":true,"href":"https:\/\/www.hirondelle.org\/fr\/wp-json\/wp\/v2\/users\/9"}],"replies":[{"embeddable":true,"href":"https:\/\/www.hirondelle.org\/fr\/wp-json\/wp\/v2\/comments?post=212"}],"version-history":[{"count":72,"href":"https:\/\/www.hirondelle.org\/fr\/wp-json\/wp\/v2\/pages\/212\/revisions"}],"predecessor-version":[{"id":22103,"href":"https:\/\/www.hirondelle.org\/fr\/wp-json\/wp\/v2\/pages\/212\/revisions\/22103"}],"wp:attachment":[{"href":"https:\/\/www.hirondelle.org\/fr\/wp-json\/wp\/v2\/media?parent=212"}],"curies":[{"name":"wp","href":"https:\/\/api.w.org\/{rel}","templated":true}]}}