{"id":223,"date":"2024-04-05T22:05:26","date_gmt":"2024-04-05T20:05:26","guid":{"rendered":"https:\/\/www.hirondelle.org\/?page_id=223"},"modified":"2025-01-13T17:58:22","modified_gmt":"2025-01-13T16:58:22","slug":"strategie","status":"publish","type":"page","link":"https:\/\/www.hirondelle.org\/fr\/que-faisons-nous\/strategie","title":{"rendered":"Strat\u00e9gie"},"content":{"rendered":"\n<figure class=\"wp-block-image size-large\"><img loading=\"lazy\" decoding=\"async\" width=\"1024\" height=\"432\" src=\"https:\/\/www.hirondelle.org\/wp-content\/uploads\/2024\/09\/banner-strategie-good-1-1024x432.jpg\" alt=\"\u00a9Lotfi Rahmouni - Journaliste en reportage en Tunisie\" class=\"wp-image-12306\" srcset=\"https:\/\/www.hirondelle.org\/wp-content\/uploads\/2024\/09\/banner-strategie-good-1-1024x432.jpg 1024w, https:\/\/www.hirondelle.org\/wp-content\/uploads\/2024\/09\/banner-strategie-good-1-300x126.jpg 300w, https:\/\/www.hirondelle.org\/wp-content\/uploads\/2024\/09\/banner-strategie-good-1-768x324.jpg 768w, https:\/\/www.hirondelle.org\/wp-content\/uploads\/2024\/09\/banner-strategie-good-1-1536x647.jpg 1536w, https:\/\/www.hirondelle.org\/wp-content\/uploads\/2024\/09\/banner-strategie-good-1-1000x422.jpg 1000w, https:\/\/www.hirondelle.org\/wp-content\/uploads\/2024\/09\/banner-strategie-good-1.jpg 2000w\" sizes=\"auto, (max-width: 1024px) 100vw, 1024px\" \/><figcaption class=\"wp-element-caption\">\u00a9Lotfi Rahmouni &#8211; Journaliste en reportage en Tunisie<\/figcaption><\/figure>\n\n\n\n<p>Tous les quatre ans, la Fondation Hirondelle d\u00e9finit les axes strat\u00e9giques pour remplir sa mission. La libert\u00e9 de la presse et le respect du droit restent deux piliers pour lesquels la Fondation Hirondelle s&rsquo;engage. Les \u00e9quipes de la Fondation Hirondelle ont travaill\u00e9 en 2023 sur la prochaine strat\u00e9gie institutionnelle pour la p\u00e9riode 2025-2028. L&rsquo;espace de la libert\u00e9 d&rsquo;expression et l&rsquo;espace des m\u00e9dias libres et ind\u00e9pendants se r\u00e9duisent comme peau de chagrin. Se projeter pour d\u00e9velopper des r\u00e9ponses adapt\u00e9es aux d\u00e9fis actuels, nous a amen\u00e9 \u00e0 r\u00e9affirmer nos fondamentaux et imaginer de nouveaux mod\u00e8les d\u2019intervention.<br><br><\/p>\n\n\n\n<div class=\"wp-block-columns is-layout-flex wp-container-core-columns-is-layout-9d6595d7 wp-block-columns-is-layout-flex\">\n<div class=\"wp-block-column is-layout-flow wp-block-column-is-layout-flow\">\n<div class=\"wp-block-buttons is-content-justification-center is-layout-flex wp-container-core-buttons-is-layout-16018d1d wp-block-buttons-is-layout-flex\">\n<div class=\"wp-block-button\"><a class=\"wp-block-button__link wp-element-button\" href=\"\/wp-content\/uploads\/2024\/09\/Fondation-Hirondelle-Strategie-25-28_FR.pdf\" target=\"_blank\" rel=\"noreferrer noopener\">Strat\u00e9gie 2025 &#8211; 2028<\/a><\/div>\n<\/div>\n<\/div>\n\n\n\n<div class=\"wp-block-column is-layout-flow wp-block-column-is-layout-flow\">\n<div class=\"wp-block-buttons is-content-justification-center is-layout-flex wp-container-core-buttons-is-layout-16018d1d wp-block-buttons-is-layout-flex\">\n<div class=\"wp-block-button\"><a class=\"wp-block-button__link wp-element-button\" href=\"\/wp-content\/uploads\/2024\/09\/Strategie_21-24_Hirondelle_FR.pdf\" target=\"_blank\" rel=\"noreferrer noopener\">Strat\u00e9gie 2021 &#8211; 2024<\/a><\/div>\n<\/div>\n<\/div>\n<\/div>\n\n\n\n<p><\/p>\n\n\n\n<p><\/p>\n\n\n\n<p><\/p>\n\n\n\n<p><\/p>\n\n\n\n<p><\/p>\n\n\n\n<p><\/p>\n\n\n\n<p><\/p>\n","protected":false},"excerpt":{"rendered":"<p>Tous les quatre ans, la Fondation Hirondelle d\u00e9finit les axes strat\u00e9giques pour remplir sa mission. La libert\u00e9 de la presse et le respect du droit restent deux piliers pour lesquels la Fondation Hirondelle s&rsquo;engage. Les \u00e9quipes de la Fondation Hirondelle ont travaill\u00e9 en 2023 sur la prochaine strat\u00e9gie institutionnelle pour la p\u00e9riode 2025-2028. L&rsquo;espace de [&hellip;]<\/p>\n","protected":false},"author":9,"featured_media":0,"parent":221,"menu_order":5,"comment_status":"closed","ping_status":"closed","template":"","meta":{"_acf_changed":false,"footnotes":""},"class_list":["post-223","page","type-page","status-publish","hentry"],"acf":[],"publishpress_future_action":{"enabled":false,"date":"2026-04-21 21:45:34","action":"change-status","newStatus":"draft","terms":[],"taxonomy":"translation_priority","extraData":[]},"publishpress_future_workflow_manual_trigger":{"enabledWorkflows":[]},"_links":{"self":[{"href":"https:\/\/www.hirondelle.org\/fr\/wp-json\/wp\/v2\/pages\/223","targetHints":{"allow":["GET"]}}],"collection":[{"href":"https:\/\/www.hirondelle.org\/fr\/wp-json\/wp\/v2\/pages"}],"about":[{"href":"https:\/\/www.hirondelle.org\/fr\/wp-json\/wp\/v2\/types\/page"}],"author":[{"embeddable":true,"href":"https:\/\/www.hirondelle.org\/fr\/wp-json\/wp\/v2\/users\/9"}],"replies":[{"embeddable":true,"href":"https:\/\/www.hirondelle.org\/fr\/wp-json\/wp\/v2\/comments?post=223"}],"version-history":[{"count":17,"href":"https:\/\/www.hirondelle.org\/fr\/wp-json\/wp\/v2\/pages\/223\/revisions"}],"predecessor-version":[{"id":12309,"href":"https:\/\/www.hirondelle.org\/fr\/wp-json\/wp\/v2\/pages\/223\/revisions\/12309"}],"up":[{"embeddable":true,"href":"https:\/\/www.hirondelle.org\/fr\/wp-json\/wp\/v2\/pages\/221"}],"wp:attachment":[{"href":"https:\/\/www.hirondelle.org\/fr\/wp-json\/wp\/v2\/media?parent=223"}],"curies":[{"name":"wp","href":"https:\/\/api.w.org\/{rel}","templated":true}]}}