{"id":225,"date":"2024-04-05T22:06:56","date_gmt":"2024-04-05T20:06:56","guid":{"rendered":"https:\/\/www.hirondelle.org\/?page_id=225"},"modified":"2024-10-29T15:33:01","modified_gmt":"2024-10-29T14:33:01","slug":"operations","status":"publish","type":"page","link":"https:\/\/www.hirondelle.org\/fr\/que-faisons-nous\/operations","title":{"rendered":"Op\u00e9rations"},"content":{"rendered":"\n<figure class=\"wp-block-image size-large\"><img loading=\"lazy\" decoding=\"async\" width=\"1024\" height=\"307\" src=\"https:\/\/www.hirondelle.org\/wp-content\/uploads\/2024\/09\/banner-operations-2-1024x307.jpg\" alt=\"\" class=\"wp-image-12113\" srcset=\"https:\/\/www.hirondelle.org\/wp-content\/uploads\/2024\/09\/banner-operations-2-1024x307.jpg 1024w, https:\/\/www.hirondelle.org\/wp-content\/uploads\/2024\/09\/banner-operations-2-300x90.jpg 300w, https:\/\/www.hirondelle.org\/wp-content\/uploads\/2024\/09\/banner-operations-2-768x230.jpg 768w, https:\/\/www.hirondelle.org\/wp-content\/uploads\/2024\/09\/banner-operations-2-1536x460.jpg 1536w, https:\/\/www.hirondelle.org\/wp-content\/uploads\/2024\/09\/banner-operations-2-1000x300.jpg 1000w, https:\/\/www.hirondelle.org\/wp-content\/uploads\/2024\/09\/banner-operations-2.jpg 1732w\" sizes=\"auto, (max-width: 1024px) 100vw, 1024px\" \/><\/figure>\n\n\n\n<p>Dans un monde de plus en plus autoritaire, la libert\u00e9 d&rsquo;expression est souvent fortement restreinte ou m\u00eame parfois r\u00e9prim\u00e9e. Tous nos projets peuvent s&rsquo;en trouver affaiblis et doivent r\u00e9sister \u00e0 une pression de plus en plus forte. La mission de la Fondation Hirondelle reste plus que jamais n\u00e9cessaire. Dans les contextes fragiles, une\u00a0information fiable\u00a0et cr\u00e9dible est souvent une question de survie.<br><br><\/p>\n\n\n\n<div class=\"wp-block-group p-3 backgroundedBlock--gray h-100 has-global-padding is-layout-constrained wp-block-group-is-layout-constrained\">\n<p class=\"has-text-align-center\">Les projets de la Fondation Hirondelle s&rsquo;articulent autour de priorit\u00e9s g\u00e9ographiques et th\u00e9matiques.<br><br><\/p>\n\n\n\n<div class=\"wp-block-columns is-layout-flex wp-container-core-columns-is-layout-9d6595d7 wp-block-columns-is-layout-flex\">\n<div class=\"wp-block-column is-layout-flow wp-block-column-is-layout-flow\">\n<div class=\"wp-block-buttons is-content-justification-center is-layout-flex wp-container-core-buttons-is-layout-16018d1d wp-block-buttons-is-layout-flex\">\n<div class=\"wp-block-button\"><a class=\"wp-block-button__link wp-element-button\" href=\"\/fr\/que-faisons-nous\/operations\/geographiques\">Op\u00e9rations G\u00e9ographiques<\/a><\/div>\n<\/div>\n<\/div>\n\n\n\n<div class=\"wp-block-column is-layout-flow wp-block-column-is-layout-flow\">\n<div class=\"wp-block-buttons is-content-justification-center is-layout-flex wp-container-core-buttons-is-layout-16018d1d wp-block-buttons-is-layout-flex\">\n<div class=\"wp-block-button\"><a class=\"wp-block-button__link wp-element-button\" href=\"\/fr\/que-faisons-nous\/operations\/thematiques\">Op\u00e9rations Th\u00e9matiques<\/a><\/div>\n<\/div>\n<\/div>\n<\/div>\n<\/div>\n","protected":false},"excerpt":{"rendered":"<p>Dans un monde de plus en plus autoritaire, la libert\u00e9 d&rsquo;expression est souvent fortement restreinte ou m\u00eame parfois r\u00e9prim\u00e9e. Tous nos projets peuvent s&rsquo;en trouver affaiblis et doivent r\u00e9sister \u00e0 une pression de plus en plus forte. La mission de la Fondation Hirondelle reste plus que jamais n\u00e9cessaire. Dans les contextes fragiles, une\u00a0information fiable\u00a0et cr\u00e9dible [&hellip;]<\/p>\n","protected":false},"author":9,"featured_media":0,"parent":221,"menu_order":3,"comment_status":"closed","ping_status":"closed","template":"","meta":{"_acf_changed":false,"footnotes":""},"class_list":["post-225","page","type-page","status-publish","hentry"],"acf":[],"publishpress_future_action":{"enabled":false,"date":"2026-04-20 17:07:36","action":"change-status","newStatus":"draft","terms":[],"taxonomy":"translation_priority","extraData":[]},"publishpress_future_workflow_manual_trigger":{"enabledWorkflows":[]},"_links":{"self":[{"href":"https:\/\/www.hirondelle.org\/fr\/wp-json\/wp\/v2\/pages\/225","targetHints":{"allow":["GET"]}}],"collection":[{"href":"https:\/\/www.hirondelle.org\/fr\/wp-json\/wp\/v2\/pages"}],"about":[{"href":"https:\/\/www.hirondelle.org\/fr\/wp-json\/wp\/v2\/types\/page"}],"author":[{"embeddable":true,"href":"https:\/\/www.hirondelle.org\/fr\/wp-json\/wp\/v2\/users\/9"}],"replies":[{"embeddable":true,"href":"https:\/\/www.hirondelle.org\/fr\/wp-json\/wp\/v2\/comments?post=225"}],"version-history":[{"count":34,"href":"https:\/\/www.hirondelle.org\/fr\/wp-json\/wp\/v2\/pages\/225\/revisions"}],"predecessor-version":[{"id":12958,"href":"https:\/\/www.hirondelle.org\/fr\/wp-json\/wp\/v2\/pages\/225\/revisions\/12958"}],"up":[{"embeddable":true,"href":"https:\/\/www.hirondelle.org\/fr\/wp-json\/wp\/v2\/pages\/221"}],"wp:attachment":[{"href":"https:\/\/www.hirondelle.org\/fr\/wp-json\/wp\/v2\/media?parent=225"}],"curies":[{"name":"wp","href":"https:\/\/api.w.org\/{rel}","templated":true}]}}