{"id":231,"date":"2024-04-05T22:08:32","date_gmt":"2024-04-05T20:08:32","guid":{"rendered":"https:\/\/www.hirondelle.org\/?page_id=231"},"modified":"2026-02-17T17:17:45","modified_gmt":"2026-02-17T16:17:45","slug":"afrique","status":"publish","type":"page","link":"https:\/\/www.hirondelle.org\/fr\/que-faisons-nous\/operations\/geographiques\/afrique","title":{"rendered":"Afrique"},"content":{"rendered":"\n<p>La Fondation Hirondelle agit pour renforcer l\u2019acc\u00e8s \u00e0 une information fiable dans plusieurs pays en Afrique. Elle soutient la cr\u00e9ation de studios de production ind\u00e9pendants, qui s\u2019appuient sur un r\u00e9seau de radios et t\u00e9l\u00e9visions partenaires diffusant leurs programmes \u00e0 l\u2019\u00e9chelle nationale.<\/p>\n\n\n\n<p>Aujourd\u2019hui, la Fondation Hirondelle est pr\u00e9sente au Mali (Studio Tamani), au Burkina Faso (Studio Yafa), au Niger (Studio Kalangou), au Tchad (Studio Hirondelle Tchad) et en R\u00e9publique d\u00e9mocratique du Congo (Studio Hirondelle-RDC). En R\u00e9publique centrafricaine (RCA), la Fondation Hirondelle soutient le travail de Radio Ndeke Luka, une radio qu\u2019elle a cr\u00e9\u00e9e en 2000, qui produit et diffuse des programmes g\u00e9n\u00e9ralistes. Elle fait aujourd\u2019hui partie des radios les plus \u00e9cout\u00e9es du pays. <\/p>\n\n\n\n<p>Enfin, la Fondation Hirondelle d\u00e9veloppe des partenariats avec des m\u00e9dias locaux et des organisations, y compris au sein de consortiums, afin d\u2019appuyer des projets cibl\u00e9s de formation et de financement des m\u00e9dias et des journalistes.<\/p>\n\n\n\n<p><\/p>\n","protected":false},"excerpt":{"rendered":"<p>La Fondation Hirondelle agit pour renforcer l\u2019acc\u00e8s \u00e0 une information fiable dans plusieurs pays en Afrique. Elle soutient la cr\u00e9ation de studios de production ind\u00e9pendants, qui s\u2019appuient sur un r\u00e9seau de radios et t\u00e9l\u00e9visions partenaires diffusant leurs programmes \u00e0 l\u2019\u00e9chelle nationale. Aujourd\u2019hui, la Fondation Hirondelle est pr\u00e9sente au Mali (Studio Tamani), au Burkina Faso (Studio [&hellip;]<\/p>\n","protected":false},"author":9,"featured_media":0,"parent":10610,"menu_order":1,"comment_status":"closed","ping_status":"closed","template":"","meta":{"_acf_changed":false,"footnotes":""},"class_list":["post-231","page","type-page","status-publish","hentry"],"acf":[],"publishpress_future_action":{"enabled":false,"date":"2026-04-28 15:43:02","action":"change-status","newStatus":"draft","terms":[],"taxonomy":"translation_priority","extraData":[]},"publishpress_future_workflow_manual_trigger":{"enabledWorkflows":[]},"_links":{"self":[{"href":"https:\/\/www.hirondelle.org\/fr\/wp-json\/wp\/v2\/pages\/231","targetHints":{"allow":["GET"]}}],"collection":[{"href":"https:\/\/www.hirondelle.org\/fr\/wp-json\/wp\/v2\/pages"}],"about":[{"href":"https:\/\/www.hirondelle.org\/fr\/wp-json\/wp\/v2\/types\/page"}],"author":[{"embeddable":true,"href":"https:\/\/www.hirondelle.org\/fr\/wp-json\/wp\/v2\/users\/9"}],"replies":[{"embeddable":true,"href":"https:\/\/www.hirondelle.org\/fr\/wp-json\/wp\/v2\/comments?post=231"}],"version-history":[{"count":10,"href":"https:\/\/www.hirondelle.org\/fr\/wp-json\/wp\/v2\/pages\/231\/revisions"}],"predecessor-version":[{"id":23446,"href":"https:\/\/www.hirondelle.org\/fr\/wp-json\/wp\/v2\/pages\/231\/revisions\/23446"}],"up":[{"embeddable":true,"href":"https:\/\/www.hirondelle.org\/fr\/wp-json\/wp\/v2\/pages\/10610"}],"wp:attachment":[{"href":"https:\/\/www.hirondelle.org\/fr\/wp-json\/wp\/v2\/media?parent=231"}],"curies":[{"name":"wp","href":"https:\/\/api.w.org\/{rel}","templated":true}]}}