{"id":2320,"date":"2024-05-13T15:30:37","date_gmt":"2024-05-13T13:30:37","guid":{"rendered":"https:\/\/www.hirondelle.org\/?page_id=2320"},"modified":"2024-09-12T15:54:15","modified_gmt":"2024-09-12T13:54:15","slug":"formulaire-de-signalement-abus","status":"publish","type":"page","link":"https:\/\/www.hirondelle.org\/fr\/qui-sommes-nous\/documents-institutionnels\/formulaire-de-signalement-abus","title":{"rendered":"Formulaire de signalement"},"content":{"rendered":"\n<p>La Fondation Hirondelle pratique et d\u00e9fend un journalisme rigoureux et responsable dans des contextes de conflit, post-conflit, de crise humanitaire ou de transition d\u00e9mocratique. Nos contextes d\u2019intervention sur des terrains fragiles impliquent une forte proximit\u00e9 avec des personnes en situation de grande vuln\u00e9rabilit\u00e9. Nous avons le devoir moral de mener nos actions dans le plus grand respect des collaborateurs, des populations et des partenaires avec lesquels nous travaillons.<\/p>\n\n\n\n<p><strong><em>Condamnation de toute forme d\u2019abus et d\u2019exploitations sexuels<\/em><\/strong><\/p>\n\n\n\n<p>Nous voulons instaurer et maintenir un environnement de travail propre \u00e0 pr\u00e9venir les abus et les exploitations sexuels et nous nous engageons \u00e0 maintenir un effort constant de communication et de sensibilisation afin de pr\u00e9venir le d\u00e9veloppement d\u2019une culture de complaisance et d\u2019impunit\u00e9.<\/p>\n\n\n\n<p>Nous appliquons une tol\u00e9rance z\u00e9ro face \u00e0 toute forme d\u2019abus et \/ou d\u2019exploitation sexuels \u2013 que ce soit envers nos employ\u00e9s, les b\u00e9n\u00e9ficiaires, les employ\u00e9s de nos partenaires, les membres des communaut\u00e9s aupr\u00e8s desquelles nous intervenons, ou de toute autre personne en situation de vuln\u00e9rabilit\u00e9 \u2013 perp\u00e9tr\u00e9e par un membre de notre personnel ou tout mandataire agissant en notre nom.<\/p>\n\n\n\n<p>En particulier, nous consid\u00e9rons qu\u2019il est strictement interdit de solliciter des faveurs sexuelles en contre- partie d\u2019une somme d\u2019argent, d\u2019un emploi, de biens, de services ou de tout type d\u2019assistance.<\/p>\n\n\n\n<p><strong><em>Vol, fraude et corruption<\/em><\/strong><\/p>\n\n\n\n<p>Nous nous engageons r\u00e9solument \u00e0 pr\u00e9venir, d\u00e9tecter, investiguer et r\u00e9pondre \u00e0 toutes les formes de vol, de fraude et de corruption (active et passive) et exprime clairement une tol\u00e9rance z\u00e9ro pour l\u2019ensemble de ces actes r\u00e9pr\u00e9hensibles.<\/p>\n\n\n\n<p>La Fondation Hirondelle est engag\u00e9e dans un effort constant pour le respect des principes et la mise en place de processus de fonctionnement conformes aux meilleurs standards de gouvernance. Ces principes ont pour objectif d\u2019assurer la bonne gestion des ressources provenant du public et des bailleurs de fonds et d\u2019assurer l\u2019efficience et l\u2019efficacit\u00e9 de ces actions en faveur des populations touch\u00e9es par son action. La Fondation Hirondelle attend des membres de son personnel, de ses fournisseurs et de ses partenaires de mise en \u0153uvre qu&rsquo;ils adh\u00e8rent aux normes les plus \u00e9lev\u00e9es de conduite morale et \u00e9thique, qu&rsquo;ils respectent les lois locales et qu&rsquo;ils ne s&rsquo;engagent dans aucune forme de corruption, y compris l&rsquo;extorsion, la fraude ou les pots-de-vin.<\/p>\n\n\n\n<p><strong><em>Protection de l\u2019enfance<\/em><\/strong><\/p>\n\n\n\n<p>Nous appliquons une tol\u00e9rance z\u00e9ro vis-\u00e0-vis des abus \u00e0 l\u2019encontre des enfants et mineur.e.s (- de 18ans), consacrons le principe de responsabilit\u00e9 de tous et toutes, ainsi que le devoir de d\u00e9nonciation ou de signalement.<\/p>\n\n\n\n<p>Toute personne travaillant aupr\u00e8s d\u2019enfants doit faire preuve d\u2019une attention particuli\u00e8re \u00e0 leurs \u00e9gards. Il est interdit de porter atteinte aux droits de l\u2019enfant, notamment \u00e0 son int\u00e9grit\u00e9 \u2013 tant physique que psychique \u2013 comme \u00e0 sa s\u00e9curit\u00e9. L\u2019abus, la maltraitance ou l\u2019exploitation d\u2019enfants sont interdits.<\/p>\n\n\n\n<p>La Fondation Hirondelle, son personnel et ses partenaires doivent reconna\u00eetre les risques encourus par les enfants, assumer la responsabilit\u00e9 de les prot\u00e9ger des abus et exploitations et se comporter avec professionnalisme et int\u00e9grit\u00e9 \u00e0 tout moment.<\/p>\n\n\n\n<p>Ici, vous pouvez signaler en toute s\u00e9curit\u00e9 les incidents qui enfreignent les lois applicables ou le code de conduite de la Fondation Hirondelle, ou toute politique ou r\u00e8gle de la Fondation Hirondelle. Il s\u2019agit d\u2019un m\u00e9canisme d\u2019alerte externe. Le signalement sera re\u00e7u et trait\u00e9 en premi\u00e8re instance par un avocat, puis transmis aux personnes comp\u00e9tentes au sein de de la Fondation Hirondelle en toute confidentialit\u00e9.<br><br><\/p>\n\n\n\n<div class=\"wpcf7 no-js\" id=\"wpcf7-f10802-o1\" lang=\"fr-FR\" dir=\"ltr\" data-wpcf7-id=\"10802\">\n<div class=\"screen-reader-response\"><p role=\"status\" aria-live=\"polite\" aria-atomic=\"true\"><\/p> <ul><\/ul><\/div>\n<form action=\"\/fr\/wp-json\/wp\/v2\/pages\/2320#wpcf7-f10802-o1\" method=\"post\" class=\"wpcf7-form init\" aria-label=\"Formulaire de contact\" novalidate=\"novalidate\" data-status=\"init\">\n<fieldset class=\"hidden-fields-container\"><input type=\"hidden\" name=\"_wpcf7\" value=\"10802\" \/><input type=\"hidden\" name=\"_wpcf7_version\" value=\"6.1.4\" \/><input type=\"hidden\" name=\"_wpcf7_locale\" value=\"fr_FR\" \/><input type=\"hidden\" name=\"_wpcf7_unit_tag\" value=\"wpcf7-f10802-o1\" \/><input type=\"hidden\" name=\"_wpcf7_container_post\" value=\"0\" \/><input type=\"hidden\" name=\"_wpcf7_posted_data_hash\" value=\"\" \/><input type=\"hidden\" name=\"_wpcf7_recaptcha_response\" value=\"\" \/>\n<\/fieldset>\n<div class=\"border rounded p-4\">\n\t<div class=\"row\">\n\t\t<div class=\"col-6 mb-3\">\n\t\t\t<p>Nom de la personne qui fait le signalement : *\n\t\t\t<\/p>\n\t\t<\/div>\n\t\t<div class=\"col-6 mb-3\">\n\t\t\t<p><span class=\"wpcf7-form-control-wrap\" data-name=\"your-name\"><input size=\"40\" maxlength=\"400\" class=\"wpcf7-form-control wpcf7-text wpcf7-validates-as-required\" autocomplete=\"name\" aria-required=\"true\" aria-invalid=\"false\" value=\"\" type=\"text\" name=\"your-name\" \/><\/span>\n\t\t\t<\/p>\n\t\t<\/div>\n\t\t<div class=\"col-6 mb-3\">\n\t\t\t<p>Contact de la personne qui fait le signalement (email, t\u00e9l\u00e9phone) : *\n\t\t\t<\/p>\n\t\t<\/div>\n\t\t<div class=\"col-6 mb-3\">\n\t\t\t<p><span class=\"wpcf7-form-control-wrap\" data-name=\"contact-informations\"><textarea cols=\"40\" rows=\"10\" maxlength=\"2000\" class=\"wpcf7-form-control wpcf7-textarea wpcf7-validates-as-required\" aria-required=\"true\" aria-invalid=\"false\" name=\"contact-informations\"><\/textarea><\/span>\n\t\t\t<\/p>\n\t\t<\/div>\n\t\t<div class=\"col-6 mb-3\">\n\t\t\t<p>Type d'abus : *\n\t\t\t<\/p>\n\t\t<\/div>\n\t\t<div class=\"col-6 mb-3\">\n\t\t\t<p><span class=\"wpcf7-form-control-wrap\" data-name=\"checkbox-934\"><span class=\"wpcf7-form-control wpcf7-checkbox wpcf7-validates-as-required\"><span class=\"wpcf7-list-item first\"><label><input type=\"checkbox\" name=\"checkbox-934[]\" value=\"Harc\u00e8lement, exploitation et abus sexuels\" \/><span class=\"wpcf7-list-item-label\">Harc\u00e8lement, exploitation et abus sexuels<\/span><\/label><\/span><span class=\"wpcf7-list-item\"><label><input type=\"checkbox\" name=\"checkbox-934[]\" value=\"Vol, fraude et corruption\" \/><span class=\"wpcf7-list-item-label\">Vol, fraude et corruption<\/span><\/label><\/span><span class=\"wpcf7-list-item\"><label><input type=\"checkbox\" name=\"checkbox-934[]\" value=\"Protection de l\u2019enfance\" \/><span class=\"wpcf7-list-item-label\">Protection de l\u2019enfance<\/span><\/label><\/span><span class=\"wpcf7-list-item last\"><label><input type=\"checkbox\" name=\"checkbox-934[]\" value=\"Autre\" \/><span class=\"wpcf7-list-item-label\">Autre<\/span><\/label><\/span><\/span><\/span>\n\t\t\t<\/p>\n\t\t<\/div>\n\t\t<div class=\"col-6 mb-3\">\n\t\t\t<p>Pays\/projet : *\n\t\t\t<\/p>\n\t\t<\/div>\n\t\t<div class=\"col-6 mb-3\">\n\t\t\t<p><span class=\"wpcf7-form-control-wrap\" data-name=\"country-project\"><input size=\"40\" maxlength=\"400\" class=\"wpcf7-form-control wpcf7-text wpcf7-validates-as-required\" aria-required=\"true\" aria-invalid=\"false\" value=\"\" type=\"text\" name=\"country-project\" \/><\/span>\n\t\t\t<\/p>\n\t\t<\/div>\n\t\t<div class=\"col-6 mb-3\">\n\t\t\t<p>\u00cates-vous victime ou t\u00e9moin ? *\n\t\t\t<\/p>\n\t\t<\/div>\n\t\t<div class=\"col-6 mb-3\">\n\t\t\t<p><span class=\"wpcf7-form-control-wrap\" data-name=\"checkbox-81\"><span class=\"wpcf7-form-control wpcf7-checkbox wpcf7-validates-as-required\"><span class=\"wpcf7-list-item first\"><label><input type=\"checkbox\" name=\"checkbox-81[]\" value=\"Victime\" \/><span class=\"wpcf7-list-item-label\">Victime<\/span><\/label><\/span><span class=\"wpcf7-list-item last\"><label><input type=\"checkbox\" name=\"checkbox-81[]\" value=\"T\u00e9moin\" \/><span class=\"wpcf7-list-item-label\">T\u00e9moin<\/span><\/label><\/span><\/span><\/span>\n\t\t\t<\/p>\n\t\t<\/div>\n\t\t<div class=\"col-6 mb-3\">\n\t\t\t<p>Qui est la personne mise en cause ? *\n\t\t\t<\/p>\n\t\t<\/div>\n\t\t<div class=\"col-6 mb-3\">\n\t\t\t<p><span class=\"wpcf7-form-control-wrap\" data-name=\"person-of-interest\"><input size=\"40\" maxlength=\"400\" class=\"wpcf7-form-control wpcf7-text wpcf7-validates-as-required\" aria-required=\"true\" aria-invalid=\"false\" value=\"\" type=\"text\" name=\"person-of-interest\" \/><\/span>\n\t\t\t<\/p>\n\t\t<\/div>\n\t\t<div class=\"col-6 mb-3\">\n\t\t\t<p>Quand et o\u00f9 l'incident a-t-il eu lieu ? *\n\t\t\t<\/p>\n\t\t<\/div>\n\t\t<div class=\"col-6 mb-3\">\n\t\t\t<p><span class=\"wpcf7-form-control-wrap\" data-name=\"incident-when-where\"><input size=\"40\" maxlength=\"400\" class=\"wpcf7-form-control wpcf7-text wpcf7-validates-as-required\" aria-required=\"true\" aria-invalid=\"false\" value=\"\" type=\"text\" name=\"incident-when-where\" \/><\/span>\n\t\t\t<\/p>\n\t\t<\/div>\n\t\t<div class=\"col-6 mb-3\">\n\t\t\t<p>Veuillez d\u00e9crire ici l'incident avec le plus de d\u00e9tails possible : *<br \/>\n<i>T\u00e9moins<br \/>\nR\u00e9p\u00e9tition des \u00e9v\u00e9nements<\/i>\n\t\t\t<\/p>\n\t\t<\/div>\n\t\t<div class=\"col-6 mb-3\">\n\t\t\t<p><span class=\"wpcf7-form-control-wrap\" data-name=\"incident-text\"><textarea cols=\"40\" rows=\"10\" maxlength=\"2000\" class=\"wpcf7-form-control wpcf7-textarea wpcf7-validates-as-required\" aria-required=\"true\" aria-invalid=\"false\" name=\"incident-text\"><\/textarea><\/span>\n\t\t\t<\/p>\n\t\t<\/div>\n\t<\/div>\n\t<div class=\"text-center\">\n\t\t<p><input class=\"wpcf7-form-control wpcf7-submit has-spinner\" type=\"submit\" value=\"Envoyer\" \/>\n\t\t<\/p>\n\t<\/div>\n<\/div><div class=\"wpcf7-response-output\" aria-hidden=\"true\"><\/div>\n<\/form>\n<\/div>\n\n","protected":false},"excerpt":{"rendered":"<p>La Fondation Hirondelle pratique et d\u00e9fend un journalisme rigoureux et responsable dans des contextes de conflit, post-conflit, de crise humanitaire ou de transition d\u00e9mocratique. Nos contextes d\u2019intervention sur des terrains fragiles impliquent une forte proximit\u00e9 avec des personnes en situation de grande vuln\u00e9rabilit\u00e9. Nous avons le devoir moral de mener nos actions dans le plus [&hellip;]<\/p>\n","protected":false},"author":9,"featured_media":0,"parent":256,"menu_order":4,"comment_status":"closed","ping_status":"closed","template":"","meta":{"_acf_changed":false,"footnotes":""},"class_list":["post-2320","page","type-page","status-publish","hentry"],"acf":[],"publishpress_future_action":{"enabled":false,"date":"2026-04-20 17:07:32","action":"change-status","newStatus":"draft","terms":[],"taxonomy":"translation_priority","extraData":[]},"publishpress_future_workflow_manual_trigger":{"enabledWorkflows":[]},"_links":{"self":[{"href":"https:\/\/www.hirondelle.org\/fr\/wp-json\/wp\/v2\/pages\/2320","targetHints":{"allow":["GET"]}}],"collection":[{"href":"https:\/\/www.hirondelle.org\/fr\/wp-json\/wp\/v2\/pages"}],"about":[{"href":"https:\/\/www.hirondelle.org\/fr\/wp-json\/wp\/v2\/types\/page"}],"author":[{"embeddable":true,"href":"https:\/\/www.hirondelle.org\/fr\/wp-json\/wp\/v2\/users\/9"}],"replies":[{"embeddable":true,"href":"https:\/\/www.hirondelle.org\/fr\/wp-json\/wp\/v2\/comments?post=2320"}],"version-history":[{"count":9,"href":"https:\/\/www.hirondelle.org\/fr\/wp-json\/wp\/v2\/pages\/2320\/revisions"}],"predecessor-version":[{"id":10899,"href":"https:\/\/www.hirondelle.org\/fr\/wp-json\/wp\/v2\/pages\/2320\/revisions\/10899"}],"up":[{"embeddable":true,"href":"https:\/\/www.hirondelle.org\/fr\/wp-json\/wp\/v2\/pages\/256"}],"wp:attachment":[{"href":"https:\/\/www.hirondelle.org\/fr\/wp-json\/wp\/v2\/media?parent=2320"}],"curies":[{"name":"wp","href":"https:\/\/api.w.org\/{rel}","templated":true}]}}