{"id":2326,"date":"2024-05-13T16:23:31","date_gmt":"2024-05-13T14:23:31","guid":{"rendered":"https:\/\/www.hirondelle.org\/?page_id=2326"},"modified":"2026-02-03T16:46:34","modified_gmt":"2026-02-03T15:46:34","slug":"thematiques","status":"publish","type":"page","link":"https:\/\/www.hirondelle.org\/fr\/que-faisons-nous\/operations\/thematiques","title":{"rendered":"Th\u00e9matiques"},"content":{"rendered":"\n<p>En compl\u00e9ment des projets ancr\u00e9s dans un pays, la Fondation Hirondelle d\u00e9veloppe \u00e9galement des r\u00e9ponses \u00e9ditoriales pour traiter de th\u00e9matiques globales aux cons\u00e9quences locales.<\/p>\n\n\n\n<p>Sur le plan th\u00e9matique, la couverture des initiatives de&nbsp;justice&nbsp;dans les pays confront\u00e9s \u00e0 de graves violences occupe la premi\u00e8re place gr\u00e2ce au site d\u2019information multilingue <strong>Justice Info<\/strong>. L\u2019environnement et le changement climatique, la paix et la s\u00e9curit\u00e9, ainsi que la sant\u00e9 et l\u2019\u00e9ducation suivent. C\u2019est ainsi que nous avons d\u00e9velopp\u00e9 la comp\u00e9tence de r\u00e9pondre aux besoins d\u2019informations des populations lors de pand\u00e9mies, comme lors de la crise Ebola en Afrique de l\u2019Ouest ou la crise du Corona virus. La Fondation Hirondelle d\u00e9veloppe et soutient des&nbsp;initiatives m\u00e9diatiques&nbsp;transnationales en encourageant des coproductions r\u00e9gionales, comme celles produites au Sahel sur des sujets communs \u00e0 la r\u00e9gion, comme les migrations.<\/p>\n\n\n\n<p><\/p>\n","protected":false},"excerpt":{"rendered":"<p>En compl\u00e9ment des projets ancr\u00e9s dans un pays, la Fondation Hirondelle d\u00e9veloppe \u00e9galement des r\u00e9ponses \u00e9ditoriales pour traiter de th\u00e9matiques globales aux cons\u00e9quences locales. Sur le plan th\u00e9matique, la couverture des initiatives de&nbsp;justice&nbsp;dans les pays confront\u00e9s \u00e0 de graves violences occupe la premi\u00e8re place gr\u00e2ce au site d\u2019information multilingue Justice Info. L\u2019environnement et le changement [&hellip;]<\/p>\n","protected":false},"author":9,"featured_media":0,"parent":225,"menu_order":2,"comment_status":"closed","ping_status":"closed","template":"","meta":{"_acf_changed":false,"footnotes":""},"class_list":["post-2326","page","type-page","status-publish","hentry"],"acf":[],"publishpress_future_action":{"enabled":false,"date":"2026-04-20 18:36:11","action":"change-status","newStatus":"draft","terms":[],"taxonomy":"translation_priority","extraData":[]},"publishpress_future_workflow_manual_trigger":{"enabledWorkflows":[]},"_links":{"self":[{"href":"https:\/\/www.hirondelle.org\/fr\/wp-json\/wp\/v2\/pages\/2326","targetHints":{"allow":["GET"]}}],"collection":[{"href":"https:\/\/www.hirondelle.org\/fr\/wp-json\/wp\/v2\/pages"}],"about":[{"href":"https:\/\/www.hirondelle.org\/fr\/wp-json\/wp\/v2\/types\/page"}],"author":[{"embeddable":true,"href":"https:\/\/www.hirondelle.org\/fr\/wp-json\/wp\/v2\/users\/9"}],"replies":[{"embeddable":true,"href":"https:\/\/www.hirondelle.org\/fr\/wp-json\/wp\/v2\/comments?post=2326"}],"version-history":[{"count":9,"href":"https:\/\/www.hirondelle.org\/fr\/wp-json\/wp\/v2\/pages\/2326\/revisions"}],"predecessor-version":[{"id":22599,"href":"https:\/\/www.hirondelle.org\/fr\/wp-json\/wp\/v2\/pages\/2326\/revisions\/22599"}],"up":[{"embeddable":true,"href":"https:\/\/www.hirondelle.org\/fr\/wp-json\/wp\/v2\/pages\/225"}],"wp:attachment":[{"href":"https:\/\/www.hirondelle.org\/fr\/wp-json\/wp\/v2\/media?parent=2326"}],"curies":[{"name":"wp","href":"https:\/\/api.w.org\/{rel}","templated":true}]}}